{"id":45317,"date":"2026-05-08T13:49:45","date_gmt":"2026-05-08T13:49:45","guid":{"rendered":"https:\/\/honigbee.com\/?post_type=product&#038;p=45317"},"modified":"2026-05-08T13:55:02","modified_gmt":"2026-05-08T13:55:02","slug":"duftkerze-glas-moonstone-sojawachs-kerze-im-glas-220-ml-sanfter-eleganter-duft-lange-brenndauer","status":"publish","type":"product","link":"https:\/\/honigbee.com\/lv\/products\/duftkerze-glas-moonstone-sojawachs-kerze-im-glas-220-ml-sanfter-eleganter-duft-lange-brenndauer\/","title":{"rendered":"Duftkerze Glas Moonstone \u2013 Sojawachs Kerze im Glas 220 ml, sanfter eleganter Duft, lange Brenndauer"},"content":{"rendered":"<div id=\"ez-toc-container\" class=\"ez-toc-v2_0_83 counter-hierarchy ez-toc-counter ez-toc-grey ez-toc-container-direction\">\n<div class=\"ez-toc-title-container\">\n<p class=\"ez-toc-title\" style=\"cursor:inherit\">Satura r\u0101d\u012bt\u0101js<\/p>\n<span class=\"ez-toc-title-toggle\"><a href=\"#\" class=\"ez-toc-pull-right ez-toc-btn ez-toc-btn-xs ez-toc-btn-default ez-toc-toggle\" aria-label=\"P\u0101rsl\u0113gt satura r\u0101d\u012bt\u0101ju\"><span class=\"ez-toc-js-icon-con\"><span class=\"\"><span class=\"eztoc-hide\" style=\"display:none;\">P\u0101rsl\u0113gt<\/span><span class=\"ez-toc-icon-toggle-span\"><svg style=\"fill: #999;color:#999\" xmlns=\"http:\/\/www.w3.org\/2000\/svg\" class=\"list-377408\" width=\"20px\" height=\"20px\" viewbox=\"0 0 24 24\" fill=\"none\"><path d=\"M6 6H4v2h2V6zm14 0H8v2h12V6zM4 11h2v2H4v-2zm16 0H8v2h12v-2zM4 16h2v2H4v-2zm16 0H8v2h12v-2z\" fill=\"currentColor\"><\/path><\/svg><svg style=\"fill: #999;color:#999\" class=\"arrow-unsorted-368013\" xmlns=\"http:\/\/www.w3.org\/2000\/svg\" width=\"10px\" height=\"10px\" viewbox=\"0 0 24 24\" version=\"1.2\" baseprofile=\"tiny\"><path d=\"M18.2 9.3l-6.2-6.3-6.2 6.3c-.2.2-.3.4-.3.7s.1.5.3.7c.2.2.4.3.7.3h11c.3 0 .5-.1.7-.3.2-.2.3-.5.3-.7s-.1-.5-.3-.7zM5.8 14.7l6.2 6.3 6.2-6.3c.2-.2.3-.5.3-.7s-.1-.5-.3-.7c-.2-.2-.4-.3-.7-.3h-11c-.3 0-.5.1-.7.3-.2.2-.3.5-.3.7s.1.5.3.7z\"\/><\/svg><\/span><\/span><\/span><\/a><\/span><\/div>\n<nav><ul class='ez-toc-list ez-toc-list-level-1' ><li class='ez-toc-page-1 ez-toc-heading-level-4'><a class=\"ez-toc-link ez-toc-heading-1\" href=\"https:\/\/honigbee.com\/lv\/products\/duftkerze-glas-moonstone-sojawachs-kerze-im-glas-220-ml-sanfter-eleganter-duft-lange-brenndauer\/#Duftkerze_Glas_Moonstone_fur_eine_ruhige_und_elegante_Atmosphare\" >Duftkerze Glas Moonstone f\u00fcr eine ruhige und elegante Atmosph\u00e4re<\/a><\/li><li class='ez-toc-page-1 ez-toc-heading-level-4'><a class=\"ez-toc-link ez-toc-heading-2\" href=\"https:\/\/honigbee.com\/lv\/products\/duftkerze-glas-moonstone-sojawachs-kerze-im-glas-220-ml-sanfter-eleganter-duft-lange-brenndauer\/#Naturliches_Sojawachs_fur_sauberes_Abbrennen\" >Nat\u00fcrliches Sojawachs f\u00fcr sauberes Abbrennen<\/a><\/li><li class='ez-toc-page-1 ez-toc-heading-level-4'><a class=\"ez-toc-link ez-toc-heading-3\" href=\"https:\/\/honigbee.com\/lv\/products\/duftkerze-glas-moonstone-sojawachs-kerze-im-glas-220-ml-sanfter-eleganter-duft-lange-brenndauer\/#Zeitloses_Glasdesign_fur_stilvolle_Dekoration\" >Zeitloses Glasdesign f\u00fcr stilvolle Dekoration<\/a><\/li><li class='ez-toc-page-1 ez-toc-heading-level-4'><a class=\"ez-toc-link ez-toc-heading-4\" href=\"https:\/\/honigbee.com\/lv\/products\/duftkerze-glas-moonstone-sojawachs-kerze-im-glas-220-ml-sanfter-eleganter-duft-lange-brenndauer\/#Sanfter_Duft_fur_Entspannung_und_Wohlbefinden\" >Sanfter Duft f\u00fcr Entspannung und Wohlbefinden<\/a><\/li><li class='ez-toc-page-1 ez-toc-heading-level-4'><a class=\"ez-toc-link ez-toc-heading-5\" href=\"https:\/\/honigbee.com\/lv\/products\/duftkerze-glas-moonstone-sojawachs-kerze-im-glas-220-ml-sanfter-eleganter-duft-lange-brenndauer\/#Perfekt_als_Geschenk_oder_fur_den_eigenen_Genuss\" >Perfekt als Geschenk oder f\u00fcr den eigenen Genuss<\/a><\/li><li class='ez-toc-page-1 ez-toc-heading-level-4'><a class=\"ez-toc-link ez-toc-heading-6\" href=\"https:\/\/honigbee.com\/lv\/products\/duftkerze-glas-moonstone-sojawachs-kerze-im-glas-220-ml-sanfter-eleganter-duft-lange-brenndauer\/#Produktdetails\" >Produkta inform\u0101cija<\/a><\/li><li class='ez-toc-page-1 ez-toc-heading-level-4'><a class=\"ez-toc-link ez-toc-heading-7\" href=\"https:\/\/honigbee.com\/lv\/products\/duftkerze-glas-moonstone-sojawachs-kerze-im-glas-220-ml-sanfter-eleganter-duft-lange-brenndauer\/#Weitere_Inspiration_entdecken\" >Weitere Inspiration entdecken<\/a><\/li><\/ul><\/nav><\/div>\n<h4 data-start=\"626\" data-end=\"699\"><span class=\"ez-toc-section\" id=\"Duftkerze_Glas_Moonstone_fur_eine_ruhige_und_elegante_Atmosphare\"><\/span><span role=\"text\"><strong data-start=\"631\" data-end=\"699\">Duftkerze Glas Moonstone f\u00fcr eine ruhige und elegante Atmosph\u00e4re<\/strong><\/span><span class=\"ez-toc-section-end\"><\/span><\/h4>\n<p data-start=\"700\" data-end=\"839\">Die Duftkerze Glas Moonstone verleiht Ihrem Zuhause eine sanfte, beruhigende Duftnote und schafft eine harmonische und entspannte Umgebung.<\/p>\n<hr data-start=\"841\" data-end=\"844\" \/>\n<h4 data-start=\"846\" data-end=\"899\"><span class=\"ez-toc-section\" id=\"Naturliches_Sojawachs_fur_sauberes_Abbrennen\"><\/span><span role=\"text\"><strong data-start=\"851\" data-end=\"899\">Nat\u00fcrliches Sojawachs f\u00fcr sauberes Abbrennen<\/strong><\/span><span class=\"ez-toc-section-end\"><\/span><\/h4>\n<p data-start=\"900\" data-end=\"1034\">Gefertigt aus hochwertigem Sojawachs, sorgt diese Kerze f\u00fcr eine gleichm\u00e4\u00dfige, langanhaltende Brenndauer und eine saubere Verbrennung.<\/p>\n<hr data-start=\"1036\" data-end=\"1039\" \/>\n<h4 data-start=\"1041\" data-end=\"1095\"><span class=\"ez-toc-section\" id=\"Zeitloses_Glasdesign_fur_stilvolle_Dekoration\"><\/span><span role=\"text\"><strong data-start=\"1046\" data-end=\"1095\">Zeitloses Glasdesign f\u00fcr stilvolle Dekoration<\/strong><\/span><span class=\"ez-toc-section-end\"><\/span><\/h4>\n<p data-start=\"1096\" data-end=\"1228\">Das minimalistische Glas passt perfekt zu modernen und klassischen Einrichtungsstilen und kann nach Gebrauch wiederverwendet werden.<\/p>\n<hr data-start=\"1230\" data-end=\"1233\" \/>\n<h4 data-start=\"1235\" data-end=\"1289\"><span class=\"ez-toc-section\" id=\"Sanfter_Duft_fur_Entspannung_und_Wohlbefinden\"><\/span><span role=\"text\"><strong data-start=\"1240\" data-end=\"1289\">Sanfter Duft f\u00fcr Entspannung und Wohlbefinden<\/strong><\/span><span class=\"ez-toc-section-end\"><\/span><\/h4>\n<p data-start=\"1290\" data-end=\"1411\">Die dezente Duftkomposition wirkt beruhigend und eignet sich ideal f\u00fcr ruhige Abende, Schlafzimmer oder Wellness-Momente.<\/p>\n<hr data-start=\"1413\" data-end=\"1416\" \/>\n<h4 data-start=\"1418\" data-end=\"1475\"><span class=\"ez-toc-section\" id=\"Perfekt_als_Geschenk_oder_fur_den_eigenen_Genuss\"><\/span><span role=\"text\"><strong data-start=\"1423\" data-end=\"1475\">Perfekt als Geschenk oder f\u00fcr den eigenen Genuss<\/strong><\/span><span class=\"ez-toc-section-end\"><\/span><\/h4>\n<p data-start=\"1476\" data-end=\"1569\">Diese Duftkerze ist eine elegante Geschenkidee oder eine stilvolle Erg\u00e4nzung f\u00fcr Ihr Zuhause.<\/p>\n<hr data-start=\"1571\" data-end=\"1574\" \/>\n<h4 data-start=\"1576\" data-end=\"1599\"><span class=\"ez-toc-section\" id=\"Produktdetails\"><\/span><span role=\"text\"><strong data-start=\"1581\" data-end=\"1599\">Produkta inform\u0101cija<\/strong><\/span><span class=\"ez-toc-section-end\"><\/span><\/h4>\n<p data-start=\"1600\" data-end=\"1766\">Material: Sojawachs<br data-start=\"1619\" data-end=\"1622\" \/>Beh\u00e4lter: Glas<br data-start=\"1636\" data-end=\"1639\" \/>Duft: Moonstone<br data-start=\"1654\" data-end=\"1657\" \/>F\u00fcllmenge: ca. 220 ml<br data-start=\"1678\" data-end=\"1681\" \/>Brenndauer: ca. 30\u201335 Stunden<br data-start=\"1710\" data-end=\"1713\" \/>Farbe: Wei\u00df<br data-start=\"1724\" data-end=\"1727\" \/>Gewicht: ca. 0.5 kg<br data-start=\"1746\" data-end=\"1749\" \/>Izcelsme: \u0136\u012bna<\/p>\n<hr data-start=\"2147\" data-end=\"2150\" \/>\n<h4 data-start=\"413\" data-end=\"449\"><span class=\"ez-toc-section\" id=\"Weitere_Inspiration_entdecken\"><\/span>Weitere Inspiration entdecken<span class=\"ez-toc-section-end\"><\/span><\/h4>\n<p data-start=\"450\" data-end=\"582\">Suchen Sie weitere besondere Produkte? Entdecken Sie zus\u00e4tzliche Highlights in unserem Sortiment oder besuchen Sie unsere Partnerprojekte:<\/p>\n<ul data-start=\"584\" data-end=\"920\">\n<li><a href=\"https:\/\/matvana.com\/shop\/\" target=\"_blank\" rel=\"noopener\">Stilvolle Wohn- &amp; Geschenkideen bei Matvana entdecken<\/a><\/li>\n<li data-start=\"657\" data-end=\"783\">\n<p data-start=\"659\" data-end=\"783\"><a href=\"https:\/\/honigbee.com\/lv\/shop\/\">Nat\u00fcrliche Produkte bei Honigbee ansehen<br \/>\n<\/a><\/p>\n<\/li>\n<li><a href=\"https:\/\/saphirsmaragd.com\/shop\/\" target=\"_blank\" rel=\"noopener\">Edelsteine &amp; Schmuckst\u00fccke bei Saphir &amp; Smaragd entdecken<\/a><\/li>\n<\/ul>","protected":false},"excerpt":{"rendered":"<p data-start=\"322\" data-end=\"468\"><em>Duftkerze Glas Moonstone aus Sojawachs im stilvollen Glas. Sanfter, eleganter Duft mit langer Brenndauer \u2013 perfekt f\u00fcr entspannte Wohlf\u00fchlmomente.<\/em><\/p>","protected":false},"featured_media":45458,"comment_status":"open","ping_status":"closed","template":"","meta":{"_glsr_average":0,"_glsr_ranking":0,"_glsr_reviews":0},"product_brand":[],"product_cat":[1535],"product_tag":[],"class_list":{"0":"post-45317","1":"product","2":"type-product","3":"status-publish","4":"has-post-thumbnail","6":"product_cat-duftkerzen","8":"first","9":"instock","10":"shipping-taxable","11":"purchasable","12":"product-type-simple","13":"add-to-wishlist-before_image"},"jetpack_sharing_enabled":true,"_links":{"self":[{"href":"https:\/\/honigbee.com\/lv\/wp-json\/wp\/v2\/product\/45317","targetHints":{"allow":["GET"]}}],"collection":[{"href":"https:\/\/honigbee.com\/lv\/wp-json\/wp\/v2\/product"}],"about":[{"href":"https:\/\/honigbee.com\/lv\/wp-json\/wp\/v2\/types\/product"}],"replies":[{"embeddable":true,"href":"https:\/\/honigbee.com\/lv\/wp-json\/wp\/v2\/comments?post=45317"}],"version-history":[{"count":1,"href":"https:\/\/honigbee.com\/lv\/wp-json\/wp\/v2\/product\/45317\/revisions"}],"predecessor-version":[{"id":45459,"href":"https:\/\/honigbee.com\/lv\/wp-json\/wp\/v2\/product\/45317\/revisions\/45459"}],"wp:featuredmedia":[{"embeddable":true,"href":"https:\/\/honigbee.com\/lv\/wp-json\/wp\/v2\/media\/45458"}],"wp:attachment":[{"href":"https:\/\/honigbee.com\/lv\/wp-json\/wp\/v2\/media?parent=45317"}],"wp:term":[{"taxonomy":"product_brand","embeddable":true,"href":"https:\/\/honigbee.com\/lv\/wp-json\/wp\/v2\/product_brand?post=45317"},{"taxonomy":"product_cat","embeddable":true,"href":"https:\/\/honigbee.com\/lv\/wp-json\/wp\/v2\/product_cat?post=45317"},{"taxonomy":"product_tag","embeddable":true,"href":"https:\/\/honigbee.com\/lv\/wp-json\/wp\/v2\/product_tag?post=45317"}],"curies":[{"name":"wp","href":"https:\/\/api.w.org\/{rel}","templated":true}]}}