{"id":13749,"date":"2025-01-05T18:17:20","date_gmt":"2025-01-05T18:17:20","guid":{"rendered":"https:\/\/honigbee.com\/?post_type=product&#038;p=13749"},"modified":"2026-03-10T20:40:31","modified_gmt":"2026-03-10T20:40:31","slug":"120-multivitamin-gummies-fuer-kinder","status":"publish","type":"product","link":"https:\/\/honigbee.com\/nl\/product\/120-multivitamin-gummies-fuer-kinder\/","title":{"rendered":"120 Multivitamin Gummies f\u00fcr Kinder Zuckerfreie Vegane Vitamin Gummies"},"content":{"rendered":"<div id=\"ez-toc-container\" class=\"ez-toc-v2_0_83 counter-hierarchy ez-toc-counter ez-toc-grey ez-toc-container-direction\">\n<div class=\"ez-toc-title-container\">\n<p class=\"ez-toc-title\" style=\"cursor:inherit\">Inhoudsopgave<\/p>\n<span class=\"ez-toc-title-toggle\"><a href=\"#\" class=\"ez-toc-pull-right ez-toc-btn ez-toc-btn-xs ez-toc-btn-default ez-toc-toggle\" aria-label=\"Toggle table met inhoud\"><span class=\"ez-toc-js-icon-con\"><span class=\"\"><span class=\"eztoc-hide\" style=\"display:none;\">Schakelaar<\/span><span class=\"ez-toc-icon-toggle-span\"><svg style=\"fill: #999;color:#999\" xmlns=\"http:\/\/www.w3.org\/2000\/svg\" class=\"list-377408\" width=\"20px\" height=\"20px\" viewbox=\"0 0 24 24\" fill=\"none\"><path d=\"M6 6H4v2h2V6zm14 0H8v2h12V6zM4 11h2v2H4v-2zm16 0H8v2h12v-2zM4 16h2v2H4v-2zm16 0H8v2h12v-2z\" fill=\"currentColor\"><\/path><\/svg><svg style=\"fill: #999;color:#999\" class=\"arrow-unsorted-368013\" xmlns=\"http:\/\/www.w3.org\/2000\/svg\" width=\"10px\" height=\"10px\" viewbox=\"0 0 24 24\" version=\"1.2\" baseprofile=\"tiny\"><path d=\"M18.2 9.3l-6.2-6.3-6.2 6.3c-.2.2-.3.4-.3.7s.1.5.3.7c.2.2.4.3.7.3h11c.3 0 .5-.1.7-.3.2-.2.3-.5.3-.7s-.1-.5-.3-.7zM5.8 14.7l6.2 6.3 6.2-6.3c.2-.2.3-.5.3-.7s-.1-.5-.3-.7c-.2-.2-.4-.3-.7-.3h-11c-.3 0-.5.1-.7.3-.2.2-.3.5-.3.7s.1.5.3.7z\"\/><\/svg><\/span><\/span><\/span><\/a><\/span><\/div>\n<nav><ul class='ez-toc-list ez-toc-list-level-1' ><li class='ez-toc-page-1 ez-toc-heading-level-4'><a class=\"ez-toc-link ez-toc-heading-1\" href=\"https:\/\/honigbee.com\/nl\/product\/120-multivitamin-gummies-fuer-kinder\/#Produktvorteile\" >Productvoordelen<\/a><\/li><li class='ez-toc-page-1 ez-toc-heading-level-4'><a class=\"ez-toc-link ez-toc-heading-2\" href=\"https:\/\/honigbee.com\/nl\/product\/120-multivitamin-gummies-fuer-kinder\/#Enthaltene_Vitamine_und_Mineralstoffe\" >Enthaltene Vitamine und Mineralstoffe<\/a><\/li><li class='ez-toc-page-1 ez-toc-heading-level-4'><a class=\"ez-toc-link ez-toc-heading-3\" href=\"https:\/\/honigbee.com\/nl\/product\/120-multivitamin-gummies-fuer-kinder\/#Anwendung\" >Sollicitatie<\/a><\/li><li class='ez-toc-page-1 ez-toc-heading-level-4'><a class=\"ez-toc-link ez-toc-heading-4\" href=\"https:\/\/honigbee.com\/nl\/product\/120-multivitamin-gummies-fuer-kinder\/#Produktdetails\" >Productdetails<\/a><\/li><li class='ez-toc-page-1 ez-toc-heading-level-4'><a class=\"ez-toc-link ez-toc-heading-5\" href=\"https:\/\/honigbee.com\/nl\/product\/120-multivitamin-gummies-fuer-kinder\/#Lagerung\" >opslag<\/a><\/li><li class='ez-toc-page-1 ez-toc-heading-level-4'><a class=\"ez-toc-link ez-toc-heading-6\" href=\"https:\/\/honigbee.com\/nl\/product\/120-multivitamin-gummies-fuer-kinder\/#Hinweis\" >Kennisgeving<\/a><\/li><li class='ez-toc-page-1 ez-toc-heading-level-4'><a class=\"ez-toc-link ez-toc-heading-7\" href=\"https:\/\/honigbee.com\/nl\/product\/120-multivitamin-gummies-fuer-kinder\/#Weitere_Inspiration_entdecken\" >Weitere Inspiration entdecken<\/a><\/li><\/ul><\/nav><\/div>\n<p data-start=\"666\" data-end=\"862\">De <strong data-start=\"670\" data-end=\"705\">Multivitamin Gummies f\u00fcr Kinder<\/strong> enthalten eine Kombination aus verschiedenen Vitaminen und Jod. Die fruchtigen Gummies sind zur Erg\u00e4nzung einer ausgewogenen Ern\u00e4hrung bei Kindern geeignet.<\/p>\n<p data-start=\"864\" data-end=\"961\">Die Rezeptur enth\u00e4lt wichtige Vitamine wie Vitamin A, mehrere B-Vitamine sowie Vitamin E und Jod.<\/p>\n<hr data-start=\"963\" data-end=\"966\" \/>\n<h4 data-start=\"968\" data-end=\"988\"><span class=\"ez-toc-section\" id=\"Produktvorteile\"><\/span>Productvoordelen<span class=\"ez-toc-section-end\"><\/span><\/h4>\n<p data-start=\"990\" data-end=\"1177\">\u2022 120 Multivitamin Gummies f\u00fcr Kinder<br data-start=\"1027\" data-end=\"1030\" \/>\u2022 Kombination aus Vitaminen und Jod<br data-start=\"1065\" data-end=\"1068\" \/>\u2022 Ohne Zuckerzusatz<br data-start=\"1087\" data-end=\"1090\" \/>\u2022 Vegan und ohne k\u00fcnstliche Zusatzstoffe<br data-start=\"1130\" data-end=\"1133\" \/>\u2022 Fruchtiger Geschmack und leicht zu kauen<\/p>\n<hr data-start=\"1179\" data-end=\"1182\" \/>\n<h4 data-start=\"1184\" data-end=\"1226\"><span class=\"ez-toc-section\" id=\"Enthaltene_Vitamine_und_Mineralstoffe\"><\/span>Enthaltene Vitamine und Mineralstoffe<span class=\"ez-toc-section-end\"><\/span><\/h4>\n<p data-start=\"1228\" data-end=\"1302\">Die enthaltenen Vitamine tragen zu verschiedenen Funktionen im K\u00f6rper bei:<\/p>\n<p data-start=\"1304\" data-end=\"1613\">\u2022 Vitamin A tr\u00e4gt zum Erhalt normaler Sehkraft bei<br data-start=\"1354\" data-end=\"1357\" \/>\u2022 Vitamin B-Vitamine tragen zum normalen Energiestoffwechsel bei<br data-start=\"1421\" data-end=\"1424\" \/>\u2022 Vitamin B12 tr\u00e4gt zur normalen Funktion des Nervensystems bei<br data-start=\"1487\" data-end=\"1490\" \/>\u2022 Vitamin E tr\u00e4gt zum Schutz der Zellen vor oxidativem Stress bei<br data-start=\"1555\" data-end=\"1558\" \/>\u2022 Jod tr\u00e4gt zur normalen Funktion der Schilddr\u00fcse bei<\/p>\n<hr data-start=\"1615\" data-end=\"1618\" \/>\n<h4 data-start=\"1620\" data-end=\"1634\"><span class=\"ez-toc-section\" id=\"Anwendung\"><\/span>Sollicitatie<span class=\"ez-toc-section-end\"><\/span><\/h4>\n<p data-start=\"1636\" data-end=\"1762\">Kinder k\u00f6nnen t\u00e4glich die empfohlene Menge der Gummies kauen.<br data-start=\"1697\" data-end=\"1700\" \/>Die Einnahme erfolgt vorzugsweise zu oder nach einer Mahlzeit.<\/p>\n<p data-start=\"1764\" data-end=\"1824\">Die empfohlene Tagesdosis sollte nicht \u00fcberschritten werden.<\/p>\n<hr data-start=\"1826\" data-end=\"1829\" \/>\n<h4 data-start=\"1831\" data-end=\"1850\"><span class=\"ez-toc-section\" id=\"Produktdetails\"><\/span>Productdetails<span class=\"ez-toc-section-end\"><\/span><\/h4>\n<p data-start=\"1852\" data-end=\"1875\">Inhoud: <strong data-start=\"1860\" data-end=\"1875\">120 Gummies<\/strong><\/p>\n<p data-start=\"1877\" data-end=\"1910\">Form: Fruchtige Vitamin-Gummies<\/p>\n<p data-start=\"1912\" data-end=\"2019\">Enthaltene Vitamine:<br data-start=\"1932\" data-end=\"1935\" \/>Vitamin A, Vitamin B1, Vitamin B3, Vitamin B6, Biotin (B7), Vitamin B12, Vitamin E<\/p>\n<p data-start=\"2021\" data-end=\"2042\">Mineralstoff:<br data-start=\"2034\" data-end=\"2037\" \/>jodium<\/p>\n<p data-start=\"2044\" data-end=\"2084\">Vegan, glutenfrei und ohne Zuckerzusatz.<\/p>\n<hr data-start=\"2086\" data-end=\"2089\" \/>\n<h4 data-start=\"2091\" data-end=\"2104\"><span class=\"ez-toc-section\" id=\"Lagerung\"><\/span>opslag<span class=\"ez-toc-section-end\"><\/span><\/h4>\n<p data-start=\"2106\" data-end=\"2198\">Bewaren op een koele, droge plaats, uit de buurt van licht.<br data-start=\"2146\" data-end=\"2149\" \/>Au\u00dferhalb der Reichweite von Kindern aufbewahren.<\/p>\n<hr data-start=\"2200\" data-end=\"2203\" \/>\n<h4 data-start=\"2205\" data-end=\"2217\"><span class=\"ez-toc-section\" id=\"Hinweis\"><\/span>Kennisgeving<span class=\"ez-toc-section-end\"><\/span><\/h4>\n<p data-start=\"2219\" data-end=\"2371\" data-is-last-node=\"\" data-is-only-node=\"\">Nahrungserg\u00e4nzungsmittel sollten nicht als Ersatz f\u00fcr eine abwechslungsreiche und ausgewogene Ern\u00e4hrung sowie eine gesunde Lebensweise verwendet werden.<\/p>\n<hr data-start=\"2237\" data-end=\"2240\" \/>\n<h4 data-start=\"413\" data-end=\"449\"><span class=\"ez-toc-section\" id=\"Weitere_Inspiration_entdecken\"><\/span>Weitere Inspiration entdecken<span class=\"ez-toc-section-end\"><\/span><\/h4>\n<p data-start=\"450\" data-end=\"582\">Du suchst weitere besondere Produkte? Entdecke zus\u00e4tzliche Highlights in unserem Sortiment oder st\u00f6bere in unseren Partnerprojekten:<\/p>\n<ul data-start=\"584\" data-end=\"920\">\n<li data-start=\"584\" data-end=\"656\"><a href=\"https:\/\/honigbee.com\/nl\/shop\/\">Weitere Naturprodukte bei Honigbee entdecken<\/a><\/li>\n<li data-start=\"657\" data-end=\"783\">\n<p data-start=\"659\" data-end=\"783\"><a href=\"https:\/\/matvana.com\/shop\/\" target=\"_blank\" rel=\"noopener\">Stilvolle Wohnideen bei Matvana ansehen<\/a><\/p>\n<\/li>\n<li data-start=\"784\" data-end=\"920\">\n<p data-start=\"786\" data-end=\"920\"><a href=\"https:\/\/saphirsmaragd.com\/shop\/\" target=\"_blank\" rel=\"noopener\">Edelsteine &amp; Schmuck bei Saphir &amp; Smaragd ansehen<\/a><\/p>\n<\/li>\n<\/ul>\n<hr data-start=\"1931\" data-end=\"1934\" \/>\n<p>Produktbilder dienen der Veranschaulichung. Verpackungsdesign kann abweichen.<\/p>","protected":false},"excerpt":{"rendered":"<p data-start=\"401\" data-end=\"559\"><em>Multivitamin Gummies f\u00fcr Kinder mit wichtigen Vitaminen und Jod. 120 vegane Gummies ohne Zuckerzusatz \u2013 zur Erg\u00e4nzung der t\u00e4glichen Ern\u00e4hrung von Kindern.<\/em><\/p>","protected":false},"featured_media":43622,"comment_status":"open","ping_status":"closed","template":"","meta":{"_glsr_average":0,"_glsr_ranking":0,"_glsr_reviews":0},"product_brand":[],"product_cat":[405],"product_tag":[],"class_list":{"0":"post-13749","1":"product","2":"type-product","3":"status-publish","4":"has-post-thumbnail","6":"product_cat-multivitamine","8":"first","9":"instock","10":"shipping-taxable","11":"purchasable","12":"product-type-simple","13":"add-to-wishlist-before_image"},"jetpack_sharing_enabled":true,"_links":{"self":[{"href":"https:\/\/honigbee.com\/nl\/wp-json\/wp\/v2\/product\/13749","targetHints":{"allow":["GET"]}}],"collection":[{"href":"https:\/\/honigbee.com\/nl\/wp-json\/wp\/v2\/product"}],"about":[{"href":"https:\/\/honigbee.com\/nl\/wp-json\/wp\/v2\/types\/product"}],"replies":[{"embeddable":true,"href":"https:\/\/honigbee.com\/nl\/wp-json\/wp\/v2\/comments?post=13749"}],"version-history":[{"count":3,"href":"https:\/\/honigbee.com\/nl\/wp-json\/wp\/v2\/product\/13749\/revisions"}],"predecessor-version":[{"id":43623,"href":"https:\/\/honigbee.com\/nl\/wp-json\/wp\/v2\/product\/13749\/revisions\/43623"}],"wp:featuredmedia":[{"embeddable":true,"href":"https:\/\/honigbee.com\/nl\/wp-json\/wp\/v2\/media\/43622"}],"wp:attachment":[{"href":"https:\/\/honigbee.com\/nl\/wp-json\/wp\/v2\/media?parent=13749"}],"wp:term":[{"taxonomy":"product_brand","embeddable":true,"href":"https:\/\/honigbee.com\/nl\/wp-json\/wp\/v2\/product_brand?post=13749"},{"taxonomy":"product_cat","embeddable":true,"href":"https:\/\/honigbee.com\/nl\/wp-json\/wp\/v2\/product_cat?post=13749"},{"taxonomy":"product_tag","embeddable":true,"href":"https:\/\/honigbee.com\/nl\/wp-json\/wp\/v2\/product_tag?post=13749"}],"curies":[{"name":"wp","href":"https:\/\/api.w.org\/{rel}","templated":true}]}}