{"id":14207,"date":"2025-01-05T18:30:26","date_gmt":"2025-01-05T18:30:26","guid":{"rendered":"https:\/\/honigbee.com\/?post_type=product&#038;p=14207"},"modified":"2026-03-07T19:13:13","modified_gmt":"2026-03-07T19:13:13","slug":"1-kg-bio-pekannuesse-halbe-kerne","status":"publish","type":"product","link":"https:\/\/honigbee.com\/nl\/product\/1-kg-bio-pekannuesse-halbe-kerne\/","title":{"rendered":"1 kg Bio Pekann\u00fcsse \u2013 Halbe Kerne, gesch\u00e4lt &#038; ungesalzen \u2013 Naturbelassene Qualit\u00e4t"},"content":{"rendered":"<div id=\"ez-toc-container\" class=\"ez-toc-v2_0_83 counter-hierarchy ez-toc-counter ez-toc-grey ez-toc-container-direction\">\n<div class=\"ez-toc-title-container\">\n<p class=\"ez-toc-title\" style=\"cursor:inherit\">Inhoudsopgave<\/p>\n<span class=\"ez-toc-title-toggle\"><a href=\"#\" class=\"ez-toc-pull-right ez-toc-btn ez-toc-btn-xs ez-toc-btn-default ez-toc-toggle\" aria-label=\"Toggle table met inhoud\"><span class=\"ez-toc-js-icon-con\"><span class=\"\"><span class=\"eztoc-hide\" style=\"display:none;\">Schakelaar<\/span><span class=\"ez-toc-icon-toggle-span\"><svg style=\"fill: #999;color:#999\" xmlns=\"http:\/\/www.w3.org\/2000\/svg\" class=\"list-377408\" width=\"20px\" height=\"20px\" viewbox=\"0 0 24 24\" fill=\"none\"><path d=\"M6 6H4v2h2V6zm14 0H8v2h12V6zM4 11h2v2H4v-2zm16 0H8v2h12v-2zM4 16h2v2H4v-2zm16 0H8v2h12v-2z\" fill=\"currentColor\"><\/path><\/svg><svg style=\"fill: #999;color:#999\" class=\"arrow-unsorted-368013\" xmlns=\"http:\/\/www.w3.org\/2000\/svg\" width=\"10px\" height=\"10px\" viewbox=\"0 0 24 24\" version=\"1.2\" baseprofile=\"tiny\"><path d=\"M18.2 9.3l-6.2-6.3-6.2 6.3c-.2.2-.3.4-.3.7s.1.5.3.7c.2.2.4.3.7.3h11c.3 0 .5-.1.7-.3.2-.2.3-.5.3-.7s-.1-.5-.3-.7zM5.8 14.7l6.2 6.3 6.2-6.3c.2-.2.3-.5.3-.7s-.1-.5-.3-.7c-.2-.2-.4-.3-.7-.3h-11c-.3 0-.5.1-.7.3-.2.2-.3.5-.3.7s.1.5.3.7z\"\/><\/svg><\/span><\/span><\/span><\/a><\/span><\/div>\n<nav><ul class='ez-toc-list ez-toc-list-level-1' ><li class='ez-toc-page-1 ez-toc-heading-level-4'><a class=\"ez-toc-link ez-toc-heading-1\" href=\"https:\/\/honigbee.com\/nl\/product\/1-kg-bio-pekannuesse-halbe-kerne\/#1_kg_Bio-Pekannusse_%E2%80%93_Halbe_geschalte_Kerne_in_naturbelassener_Qualitat\" >1 kg Bio-Pekann\u00fcsse \u2013 Halbe, gesch\u00e4lte Kerne in naturbelassener Qualit\u00e4t<\/a><\/li><li class='ez-toc-page-1 ez-toc-heading-level-4'><a class=\"ez-toc-link ez-toc-heading-2\" href=\"https:\/\/honigbee.com\/nl\/product\/1-kg-bio-pekannuesse-halbe-kerne\/#Vorteile_der_Bio-Pekannusse_1_kg\" >Vorteile der Bio-Pekann\u00fcsse 1 kg<\/a><\/li><li class='ez-toc-page-1 ez-toc-heading-level-4'><a class=\"ez-toc-link ez-toc-heading-3\" href=\"https:\/\/honigbee.com\/nl\/product\/1-kg-bio-pekannuesse-halbe-kerne\/#Verwendungsmoglichkeiten\" >Mogelijke toepassingen<\/a><\/li><li class='ez-toc-page-1 ez-toc-heading-level-4'><a class=\"ez-toc-link ez-toc-heading-4\" href=\"https:\/\/honigbee.com\/nl\/product\/1-kg-bio-pekannuesse-halbe-kerne\/#Produktdetails\" >Productdetails<\/a><\/li><li class='ez-toc-page-1 ez-toc-heading-level-4'><a class=\"ez-toc-link ez-toc-heading-5\" href=\"https:\/\/honigbee.com\/nl\/product\/1-kg-bio-pekannuesse-halbe-kerne\/#Weitere_Inspiration_entdecken\" >Weitere Inspiration entdecken<\/a><\/li><\/ul><\/nav><\/div>\n<h4 data-start=\"537\" data-end=\"614\"><span class=\"ez-toc-section\" id=\"1_kg_Bio-Pekannusse_%E2%80%93_Halbe_geschalte_Kerne_in_naturbelassener_Qualitat\"><\/span>1 kg Bio-Pekann\u00fcsse \u2013 Halbe, gesch\u00e4lte Kerne in naturbelassener Qualit\u00e4t<span class=\"ez-toc-section-end\"><\/span><\/h4>\n<p data-start=\"616\" data-end=\"847\">Diese Bio Pekann\u00fcsse bestehen aus halben, gesch\u00e4lten Kernen und \u00fcberzeugen durch ihren mild-nussigen Geschmack sowie ihre zart-buttrige Konsistenz. Sie sind ungesalzen und frei von Zusatzstoffen \u2013 ideal f\u00fcr eine bewusste Ern\u00e4hrung.<\/p>\n<p data-start=\"849\" data-end=\"990\">Die naturbelassenen Pekann\u00fcsse eignen sich sowohl f\u00fcr s\u00fc\u00dfe als auch herzhafte Gerichte und sind vielseitig einsetzbar in der t\u00e4glichen K\u00fcche.<\/p>\n<hr data-start=\"992\" data-end=\"995\" \/>\n<h4 data-start=\"997\" data-end=\"1034\"><span class=\"ez-toc-section\" id=\"Vorteile_der_Bio-Pekannusse_1_kg\"><\/span>Vorteile der Bio-Pekann\u00fcsse 1 kg<span class=\"ez-toc-section-end\"><\/span><\/h4>\n<ul data-start=\"1036\" data-end=\"1294\">\n<li data-start=\"1036\" data-end=\"1089\">\n<p data-start=\"1038\" data-end=\"1089\">Halbe Pekannusskerne \u2013 gesch\u00e4lt und naturbelassen<\/p>\n<\/li>\n<li data-start=\"1090\" data-end=\"1121\">\n<p data-start=\"1092\" data-end=\"1121\">Ungesalzen und ohne Zus\u00e4tze<\/p>\n<\/li>\n<li data-start=\"1122\" data-end=\"1161\">\n<p data-start=\"1124\" data-end=\"1161\">Van gecontroleerde biologische landbouw<\/p>\n<\/li>\n<li data-start=\"1162\" data-end=\"1211\">\n<p data-start=\"1164\" data-end=\"1211\">Mild-aromatischer, leicht s\u00fc\u00dflicher Geschmack<\/p>\n<\/li>\n<li data-start=\"1212\" data-end=\"1249\">\n<p data-start=\"1214\" data-end=\"1249\">Reich an unges\u00e4ttigten Fetts\u00e4uren<\/p>\n<\/li>\n<li data-start=\"1250\" data-end=\"1294\">\n<p data-start=\"1252\" data-end=\"1294\">Ideal f\u00fcr Backwaren, Desserts und Salate<\/p>\n<\/li>\n<\/ul>\n<hr data-start=\"1296\" data-end=\"1299\" \/>\n<h4 data-start=\"1301\" data-end=\"1330\"><span class=\"ez-toc-section\" id=\"Verwendungsmoglichkeiten\"><\/span>Mogelijke toepassingen<span class=\"ez-toc-section-end\"><\/span><\/h4>\n<p data-start=\"1332\" data-end=\"1377\">Die Bio Pekann\u00fcsse eignen sich besonders f\u00fcr:<\/p>\n<ul data-start=\"1379\" data-end=\"1549\">\n<li data-start=\"1379\" data-end=\"1410\">\n<p data-start=\"1381\" data-end=\"1410\">Kuchen, Brownies und Geb\u00e4ck<\/p>\n<\/li>\n<li data-start=\"1411\" data-end=\"1449\">\n<p data-start=\"1413\" data-end=\"1449\">M\u00fcsli, Joghurt und Fr\u00fchst\u00fccksbowls<\/p>\n<\/li>\n<li data-start=\"1450\" data-end=\"1483\">\n<p data-start=\"1452\" data-end=\"1483\">Salate und herzhafte Gerichte<\/p>\n<\/li>\n<li data-start=\"1484\" data-end=\"1517\">\n<p data-start=\"1486\" data-end=\"1517\">Selbstgemachte Nussmischungen<\/p>\n<\/li>\n<li data-start=\"1518\" data-end=\"1549\">\n<p data-start=\"1520\" data-end=\"1549\">Als Snack f\u00fcr zwischendurch<\/p>\n<\/li>\n<\/ul>\n<hr data-start=\"1551\" data-end=\"1554\" \/>\n<h4 data-start=\"1556\" data-end=\"1575\"><span class=\"ez-toc-section\" id=\"Produktdetails\"><\/span>Productdetails<span class=\"ez-toc-section-end\"><\/span><\/h4>\n<p data-start=\"1577\" data-end=\"1724\">Inhoud: 1 kg<br data-start=\"1589\" data-end=\"1592\" \/>Zutaten: 100 % Bio Pekann\u00fcsse<br data-start=\"1621\" data-end=\"1624\" \/>Ungesalzen und ohne Zusatzstoffe<br data-start=\"1656\" data-end=\"1659\" \/>Kann Spuren von anderen Schalenfr\u00fcchten und Erdn\u00fcssen enthalten<\/p>\n<hr data-start=\"1551\" data-end=\"1554\" \/>\n<h4 data-start=\"413\" data-end=\"449\"><span class=\"ez-toc-section\" id=\"Weitere_Inspiration_entdecken\"><\/span>Weitere Inspiration entdecken<span class=\"ez-toc-section-end\"><\/span><\/h4>\n<p data-start=\"450\" data-end=\"582\">Du suchst weitere besondere Produkte? Entdecke zus\u00e4tzliche Highlights in unserem Sortiment oder st\u00f6bere in unseren Partnerprojekten:<\/p>\n<ul data-start=\"584\" data-end=\"920\">\n<li data-start=\"584\" data-end=\"656\"><a href=\"https:\/\/honigbee.com\/nl\/shop\/\">Weitere Naturprodukte bei Honigbee entdecken<\/a><\/li>\n<li data-start=\"657\" data-end=\"783\">\n<p data-start=\"659\" data-end=\"783\"><a href=\"https:\/\/matvana.com\/shop\/\" target=\"_blank\" rel=\"noopener\">Stilvolle Wohnideen bei Matvana ansehen<\/a><\/p>\n<\/li>\n<li data-start=\"784\" data-end=\"920\">\n<p data-start=\"786\" data-end=\"920\"><a href=\"https:\/\/saphirsmaragd.com\/shop\/\" target=\"_blank\" rel=\"noopener\">Edelsteine &amp; Schmuck bei Saphir &amp; Smaragd ansehen<\/a><\/p>\n<\/li>\n<\/ul>","protected":false},"excerpt":{"rendered":"<p data-start=\"369\" data-end=\"504\"><em>1 kg Bio Pekann\u00fcsse in halben, gesch\u00e4lten Kernen. Ungesalzen, naturbelassen und ohne Zus\u00e4tze \u2013 ideal zum Backen, Kochen oder als Snack.<\/em><\/p>","protected":false},"featured_media":42172,"comment_status":"open","ping_status":"closed","template":"","meta":{"_glsr_average":0,"_glsr_ranking":0,"_glsr_reviews":0},"product_brand":[],"product_cat":[636],"product_tag":[],"class_list":{"0":"post-14207","1":"product","2":"type-product","3":"status-publish","4":"has-post-thumbnail","6":"product_cat-pekannuesse","8":"first","9":"instock","10":"shipping-taxable","11":"purchasable","12":"product-type-simple","13":"add-to-wishlist-before_image"},"jetpack_sharing_enabled":true,"_links":{"self":[{"href":"https:\/\/honigbee.com\/nl\/wp-json\/wp\/v2\/product\/14207","targetHints":{"allow":["GET"]}}],"collection":[{"href":"https:\/\/honigbee.com\/nl\/wp-json\/wp\/v2\/product"}],"about":[{"href":"https:\/\/honigbee.com\/nl\/wp-json\/wp\/v2\/types\/product"}],"replies":[{"embeddable":true,"href":"https:\/\/honigbee.com\/nl\/wp-json\/wp\/v2\/comments?post=14207"}],"version-history":[{"count":3,"href":"https:\/\/honigbee.com\/nl\/wp-json\/wp\/v2\/product\/14207\/revisions"}],"predecessor-version":[{"id":42170,"href":"https:\/\/honigbee.com\/nl\/wp-json\/wp\/v2\/product\/14207\/revisions\/42170"}],"wp:featuredmedia":[{"embeddable":true,"href":"https:\/\/honigbee.com\/nl\/wp-json\/wp\/v2\/media\/42172"}],"wp:attachment":[{"href":"https:\/\/honigbee.com\/nl\/wp-json\/wp\/v2\/media?parent=14207"}],"wp:term":[{"taxonomy":"product_brand","embeddable":true,"href":"https:\/\/honigbee.com\/nl\/wp-json\/wp\/v2\/product_brand?post=14207"},{"taxonomy":"product_cat","embeddable":true,"href":"https:\/\/honigbee.com\/nl\/wp-json\/wp\/v2\/product_cat?post=14207"},{"taxonomy":"product_tag","embeddable":true,"href":"https:\/\/honigbee.com\/nl\/wp-json\/wp\/v2\/product_tag?post=14207"}],"curies":[{"name":"wp","href":"https:\/\/api.w.org\/{rel}","templated":true}]}}