{"id":23705,"date":"2025-05-31T12:01:36","date_gmt":"2025-05-31T12:01:36","guid":{"rendered":"https:\/\/honigbee.com\/?post_type=product&#038;p=23705"},"modified":"2026-03-08T18:20:33","modified_gmt":"2026-03-08T18:20:33","slug":"500g-bio-getrocknete-feigen","status":"publish","type":"product","link":"https:\/\/honigbee.com\/nl\/product\/500g-bio-getrocknete-feigen\/","title":{"rendered":"500g Bio Getrocknete Feigen \u2013 Nat\u00fcrlich getrocknete Feigen aus der T\u00fcrkei"},"content":{"rendered":"<div id=\"ez-toc-container\" class=\"ez-toc-v2_0_83 counter-hierarchy ez-toc-counter ez-toc-grey ez-toc-container-direction\">\n<div class=\"ez-toc-title-container\">\n<p class=\"ez-toc-title\" style=\"cursor:inherit\">Inhoudsopgave<\/p>\n<span class=\"ez-toc-title-toggle\"><a href=\"#\" class=\"ez-toc-pull-right ez-toc-btn ez-toc-btn-xs ez-toc-btn-default ez-toc-toggle\" aria-label=\"Toggle table met inhoud\"><span class=\"ez-toc-js-icon-con\"><span class=\"\"><span class=\"eztoc-hide\" style=\"display:none;\">Schakelaar<\/span><span class=\"ez-toc-icon-toggle-span\"><svg style=\"fill: #999;color:#999\" xmlns=\"http:\/\/www.w3.org\/2000\/svg\" class=\"list-377408\" width=\"20px\" height=\"20px\" viewbox=\"0 0 24 24\" fill=\"none\"><path d=\"M6 6H4v2h2V6zm14 0H8v2h12V6zM4 11h2v2H4v-2zm16 0H8v2h12v-2zM4 16h2v2H4v-2zm16 0H8v2h12v-2z\" fill=\"currentColor\"><\/path><\/svg><svg style=\"fill: #999;color:#999\" class=\"arrow-unsorted-368013\" xmlns=\"http:\/\/www.w3.org\/2000\/svg\" width=\"10px\" height=\"10px\" viewbox=\"0 0 24 24\" version=\"1.2\" baseprofile=\"tiny\"><path d=\"M18.2 9.3l-6.2-6.3-6.2 6.3c-.2.2-.3.4-.3.7s.1.5.3.7c.2.2.4.3.7.3h11c.3 0 .5-.1.7-.3.2-.2.3-.5.3-.7s-.1-.5-.3-.7zM5.8 14.7l6.2 6.3 6.2-6.3c.2-.2.3-.5.3-.7s-.1-.5-.3-.7c-.2-.2-.4-.3-.7-.3h-11c-.3 0-.5.1-.7.3-.2.2-.3.5-.3.7s.1.5.3.7z\"\/><\/svg><\/span><\/span><\/span><\/a><\/span><\/div>\n<nav><ul class='ez-toc-list ez-toc-list-level-1' ><li class='ez-toc-page-1 ez-toc-heading-level-4'><a class=\"ez-toc-link ez-toc-heading-1\" href=\"https:\/\/honigbee.com\/nl\/product\/500g-bio-getrocknete-feigen\/#Produktmerkmale\" >Producteigenschappen<\/a><\/li><li class='ez-toc-page-1 ez-toc-heading-level-4'><a class=\"ez-toc-link ez-toc-heading-2\" href=\"https:\/\/honigbee.com\/nl\/product\/500g-bio-getrocknete-feigen\/#Geschmack_Konsistenz\" >Smaak en consistentie<\/a><\/li><li class='ez-toc-page-1 ez-toc-heading-level-4'><a class=\"ez-toc-link ez-toc-heading-3\" href=\"https:\/\/honigbee.com\/nl\/product\/500g-bio-getrocknete-feigen\/#Verwendung\" >gebruik<\/a><\/li><li class='ez-toc-page-1 ez-toc-heading-level-4'><a class=\"ez-toc-link ez-toc-heading-4\" href=\"https:\/\/honigbee.com\/nl\/product\/500g-bio-getrocknete-feigen\/#Nahrwerte_pro_100_g\" >Voedingswaarden (per 100 g)<\/a><\/li><li class='ez-toc-page-1 ez-toc-heading-level-4'><a class=\"ez-toc-link ez-toc-heading-5\" href=\"https:\/\/honigbee.com\/nl\/product\/500g-bio-getrocknete-feigen\/#Produktdetails\" >Productdetails<\/a><\/li><li class='ez-toc-page-1 ez-toc-heading-level-4'><a class=\"ez-toc-link ez-toc-heading-6\" href=\"https:\/\/honigbee.com\/nl\/product\/500g-bio-getrocknete-feigen\/#Lagerung\" >opslag<\/a><\/li><li class='ez-toc-page-1 ez-toc-heading-level-4'><a class=\"ez-toc-link ez-toc-heading-7\" href=\"https:\/\/honigbee.com\/nl\/product\/500g-bio-getrocknete-feigen\/#Weitere_Inspiration_entdecken\" >Weitere Inspiration entdecken<\/a><\/li><\/ul><\/nav><\/div>\n<p data-start=\"773\" data-end=\"928\">De <strong data-start=\"777\" data-end=\"808\">500g Bio Getrocknete Feigen<\/strong> stammen aus \u00f6kologischem Anbau und werden schonend getrocknet. Dadurch bleibt das nat\u00fcrliche Aroma der Feigen erhalten.<\/p>\n<p data-start=\"930\" data-end=\"1012\">Getrocknete Feigen eignen sich als Snack sowie als Zutat f\u00fcr verschiedene Rezepte.<\/p>\n<hr data-start=\"1014\" data-end=\"1017\" \/>\n<h4 data-start=\"1019\" data-end=\"1039\"><span class=\"ez-toc-section\" id=\"Produktmerkmale\"><\/span>Producteigenschappen<span class=\"ez-toc-section-end\"><\/span><\/h4>\n<p data-start=\"1041\" data-end=\"1195\">500g Bio Getrocknete Feigen<br data-start=\"1068\" data-end=\"1071\" \/>Aus \u00f6kologischem Anbau<br data-start=\"1093\" data-end=\"1096\" \/>Nat\u00fcrlich getrocknet<br data-start=\"1116\" data-end=\"1119\" \/>Geen toegevoegde suiker<br data-start=\"1136\" data-end=\"1139\" \/>Veganistisch en glutenvrij<br data-start=\"1159\" data-end=\"1162\" \/>Wiederverschlie\u00dfbare Verpackung<\/p>\n<hr data-start=\"1197\" data-end=\"1200\" \/>\n<h4 data-start=\"1202\" data-end=\"1229\"><span class=\"ez-toc-section\" id=\"Geschmack_Konsistenz\"><\/span>Smaak en consistentie<span class=\"ez-toc-section-end\"><\/span><\/h4>\n<p data-start=\"1231\" data-end=\"1316\">Nat\u00fcrlich s\u00fc\u00dfes Feigenaroma<br data-start=\"1258\" data-end=\"1261\" \/>Weiche, leicht z\u00e4he Textur<br data-start=\"1287\" data-end=\"1290\" \/>Fruchtige Geschmacksnote<\/p>\n<hr data-start=\"1318\" data-end=\"1321\" \/>\n<h4 data-start=\"1323\" data-end=\"1338\"><span class=\"ez-toc-section\" id=\"Verwendung\"><\/span>gebruik<span class=\"ez-toc-section-end\"><\/span><\/h4>\n<p data-start=\"1340\" data-end=\"1392\">De <strong data-start=\"1344\" data-end=\"1375\">500g Bio Getrocknete Feigen<\/strong> zijn geschikt voor:<\/p>\n<p data-start=\"1394\" data-end=\"1506\">\u2022 Snack f\u00fcr unterwegs<br data-start=\"1415\" data-end=\"1418\" \/>\u2022 M\u00fcsli oder Porridge<br data-start=\"1439\" data-end=\"1442\" \/>\u2022 Joghurt<br data-start=\"1451\" data-end=\"1454\" \/>\u2022 Backrezepte<br data-start=\"1467\" data-end=\"1470\" \/>\u2022 Kombination mit K\u00e4se oder N\u00fcssen<\/p>\n<hr data-start=\"1508\" data-end=\"1511\" \/>\n<h4 data-start=\"1513\" data-end=\"1539\"><span class=\"ez-toc-section\" id=\"Nahrwerte_pro_100_g\"><\/span>Voedingswaarden (per 100 g)<span class=\"ez-toc-section-end\"><\/span><\/h4>\n<p data-start=\"1541\" data-end=\"1698\">Energie: 260 kcal \/ 1088 kJ<br data-start=\"1568\" data-end=\"1571\" \/>Fett: 0,93 g<br data-start=\"1583\" data-end=\"1586\" \/>davon ges\u00e4ttigte Fetts\u00e4uren: 0,1 g<br data-start=\"1620\" data-end=\"1623\" \/>Kohlenhydrate: 54,1 g<br data-start=\"1644\" data-end=\"1647\" \/>davon Zucker: 54 g<br data-start=\"1665\" data-end=\"1668\" \/>Eiwit: 3,3 g<br data-start=\"1681\" data-end=\"1684\" \/>Zout: 0,03 g<\/p>\n<hr data-start=\"1700\" data-end=\"1703\" \/>\n<h4 data-start=\"1705\" data-end=\"1724\"><span class=\"ez-toc-section\" id=\"Produktdetails\"><\/span>Productdetails<span class=\"ez-toc-section-end\"><\/span><\/h4>\n<p data-start=\"1726\" data-end=\"1893\">Produktname: 500g Bio Getrocknete Feigen<br data-start=\"1766\" data-end=\"1769\" \/>Inhoud: 500 g<br data-start=\"1782\" data-end=\"1785\" \/>Oorsprong: Turkije<br data-start=\"1801\" data-end=\"1804\" \/>Verarbeitung: Nat\u00fcrlich getrocknet<br data-start=\"1838\" data-end=\"1841\" \/>Zutaten: Getrocknete Feigen aus \u00f6kologischem Anbau<\/p>\n<p data-start=\"1895\" data-end=\"1982\">Kann Spuren von Erdn\u00fcssen, Baumn\u00fcssen, Milch, Soja, Schwefeldioxid und Sesam enthalten.<\/p>\n<hr data-start=\"1984\" data-end=\"1987\" \/>\n<h4 data-start=\"1989\" data-end=\"2002\"><span class=\"ez-toc-section\" id=\"Lagerung\"><\/span>opslag<span class=\"ez-toc-section-end\"><\/span><\/h4>\n<p data-start=\"2004\" data-end=\"2078\" data-is-last-node=\"\" data-is-only-node=\"\">Bewaren op een droge, koele plaats, uit de buurt van licht. Na opening goed hersluiten.<\/p>\n<hr data-start=\"1984\" data-end=\"1987\" \/>\n<h4 data-start=\"413\" data-end=\"449\"><span class=\"ez-toc-section\" id=\"Weitere_Inspiration_entdecken\"><\/span>Weitere Inspiration entdecken<span class=\"ez-toc-section-end\"><\/span><\/h4>\n<p data-start=\"450\" data-end=\"582\">Du suchst weitere besondere Produkte? Entdecke zus\u00e4tzliche Highlights in unserem Sortiment oder st\u00f6bere in unseren Partnerprojekten:<\/p>\n<ul data-start=\"584\" data-end=\"920\">\n<li data-start=\"584\" data-end=\"656\"><a href=\"https:\/\/honigbee.com\/nl\/shop\/\">Weitere Naturprodukte bei Honigbee entdecken<\/a><\/li>\n<li data-start=\"657\" data-end=\"783\">\n<p data-start=\"659\" data-end=\"783\"><a href=\"https:\/\/matvana.com\/shop\/\" target=\"_blank\" rel=\"noopener\">Stilvolle Wohnideen bei Matvana ansehen<\/a><\/p>\n<\/li>\n<li data-start=\"784\" data-end=\"920\">\n<p data-start=\"786\" data-end=\"920\"><a href=\"https:\/\/saphirsmaragd.com\/shop\/\" target=\"_blank\" rel=\"noopener\">Edelsteine &amp; Schmuck bei Saphir &amp; Smaragd ansehen<\/a><\/p>\n<\/li>\n<\/ul>\n<hr data-start=\"1931\" data-end=\"1934\" \/>\n<p>Produktbilder dienen der Veranschaulichung. Verpackungsdesign kann abweichen.<\/p>","protected":false},"excerpt":{"rendered":"<p data-start=\"543\" data-end=\"689\"><em>500g Bio getrocknete Feigen aus der T\u00fcrkei. Nat\u00fcrlich getrocknet, ohne Zuckerzusatz oder Schwefelung. Ideal als Snack, f\u00fcr M\u00fcsli oder Backrezepte.<\/em><\/p>\n<p data-start=\"451\" data-end=\"499\">","protected":false},"featured_media":43412,"comment_status":"open","ping_status":"closed","template":"","meta":{"_glsr_average":0,"_glsr_ranking":0,"_glsr_reviews":0},"product_brand":[],"product_cat":[676],"product_tag":[],"class_list":{"0":"post-23705","1":"product","2":"type-product","3":"status-publish","4":"has-post-thumbnail","6":"product_cat-getrocknete-feigen","8":"first","9":"instock","10":"shipping-taxable","11":"purchasable","12":"product-type-simple","13":"add-to-wishlist-before_image"},"jetpack_sharing_enabled":true,"_links":{"self":[{"href":"https:\/\/honigbee.com\/nl\/wp-json\/wp\/v2\/product\/23705","targetHints":{"allow":["GET"]}}],"collection":[{"href":"https:\/\/honigbee.com\/nl\/wp-json\/wp\/v2\/product"}],"about":[{"href":"https:\/\/honigbee.com\/nl\/wp-json\/wp\/v2\/types\/product"}],"replies":[{"embeddable":true,"href":"https:\/\/honigbee.com\/nl\/wp-json\/wp\/v2\/comments?post=23705"}],"version-history":[{"count":3,"href":"https:\/\/honigbee.com\/nl\/wp-json\/wp\/v2\/product\/23705\/revisions"}],"predecessor-version":[{"id":43414,"href":"https:\/\/honigbee.com\/nl\/wp-json\/wp\/v2\/product\/23705\/revisions\/43414"}],"wp:featuredmedia":[{"embeddable":true,"href":"https:\/\/honigbee.com\/nl\/wp-json\/wp\/v2\/media\/43412"}],"wp:attachment":[{"href":"https:\/\/honigbee.com\/nl\/wp-json\/wp\/v2\/media?parent=23705"}],"wp:term":[{"taxonomy":"product_brand","embeddable":true,"href":"https:\/\/honigbee.com\/nl\/wp-json\/wp\/v2\/product_brand?post=23705"},{"taxonomy":"product_cat","embeddable":true,"href":"https:\/\/honigbee.com\/nl\/wp-json\/wp\/v2\/product_cat?post=23705"},{"taxonomy":"product_tag","embeddable":true,"href":"https:\/\/honigbee.com\/nl\/wp-json\/wp\/v2\/product_tag?post=23705"}],"curies":[{"name":"wp","href":"https:\/\/api.w.org\/{rel}","templated":true}]}}