{"id":27341,"date":"2025-07-05T22:09:07","date_gmt":"2025-07-05T22:09:07","guid":{"rendered":"https:\/\/honigbee.com\/?post_type=product&#038;p=27341"},"modified":"2026-02-28T20:09:28","modified_gmt":"2026-02-28T20:09:28","slug":"750g-pandoro-panettone-pistazie","status":"publish","type":"product","link":"https:\/\/honigbee.com\/nl\/product\/750g-pandoro-panettone-pistazie\/","title":{"rendered":"750g Pandoro Panettone Pistazie \u2013 Italienischer Hefekuchen mit wei\u00dfer Schokolade und Pistazien"},"content":{"rendered":"<div id=\"ez-toc-container\" class=\"ez-toc-v2_0_83 counter-hierarchy ez-toc-counter ez-toc-grey ez-toc-container-direction\">\n<div class=\"ez-toc-title-container\">\n<p class=\"ez-toc-title\" style=\"cursor:inherit\">Inhoudsopgave<\/p>\n<span class=\"ez-toc-title-toggle\"><a href=\"#\" class=\"ez-toc-pull-right ez-toc-btn ez-toc-btn-xs ez-toc-btn-default ez-toc-toggle\" aria-label=\"Toggle table met inhoud\"><span class=\"ez-toc-js-icon-con\"><span class=\"\"><span class=\"eztoc-hide\" style=\"display:none;\">Schakelaar<\/span><span class=\"ez-toc-icon-toggle-span\"><svg style=\"fill: #999;color:#999\" xmlns=\"http:\/\/www.w3.org\/2000\/svg\" class=\"list-377408\" width=\"20px\" height=\"20px\" viewbox=\"0 0 24 24\" fill=\"none\"><path d=\"M6 6H4v2h2V6zm14 0H8v2h12V6zM4 11h2v2H4v-2zm16 0H8v2h12v-2zM4 16h2v2H4v-2zm16 0H8v2h12v-2z\" fill=\"currentColor\"><\/path><\/svg><svg style=\"fill: #999;color:#999\" class=\"arrow-unsorted-368013\" xmlns=\"http:\/\/www.w3.org\/2000\/svg\" width=\"10px\" height=\"10px\" viewbox=\"0 0 24 24\" version=\"1.2\" baseprofile=\"tiny\"><path d=\"M18.2 9.3l-6.2-6.3-6.2 6.3c-.2.2-.3.4-.3.7s.1.5.3.7c.2.2.4.3.7.3h11c.3 0 .5-.1.7-.3.2-.2.3-.5.3-.7s-.1-.5-.3-.7zM5.8 14.7l6.2 6.3 6.2-6.3c.2-.2.3-.5.3-.7s-.1-.5-.3-.7c-.2-.2-.4-.3-.7-.3h-11c-.3 0-.5.1-.7.3-.2.2-.3.5-.3.7s.1.5.3.7z\"\/><\/svg><\/span><\/span><\/span><\/a><\/span><\/div>\n<nav><ul class='ez-toc-list ez-toc-list-level-1' ><li class='ez-toc-page-1 ez-toc-heading-level-4'><a class=\"ez-toc-link ez-toc-heading-1\" href=\"https:\/\/honigbee.com\/nl\/product\/750g-pandoro-panettone-pistazie\/#Produktmerkmale\" >Producteigenschappen<\/a><\/li><li class='ez-toc-page-1 ez-toc-heading-level-4'><a class=\"ez-toc-link ez-toc-heading-2\" href=\"https:\/\/honigbee.com\/nl\/product\/750g-pandoro-panettone-pistazie\/#Geschmack_Konsistenz\" >Smaak en consistentie<\/a><\/li><li class='ez-toc-page-1 ez-toc-heading-level-4'><a class=\"ez-toc-link ez-toc-heading-3\" href=\"https:\/\/honigbee.com\/nl\/product\/750g-pandoro-panettone-pistazie\/#Verwendung\" >gebruik<\/a><\/li><li class='ez-toc-page-1 ez-toc-heading-level-4'><a class=\"ez-toc-link ez-toc-heading-4\" href=\"https:\/\/honigbee.com\/nl\/product\/750g-pandoro-panettone-pistazie\/#Produktdetails\" >Productdetails<\/a><\/li><li class='ez-toc-page-1 ez-toc-heading-level-4'><a class=\"ez-toc-link ez-toc-heading-5\" href=\"https:\/\/honigbee.com\/nl\/product\/750g-pandoro-panettone-pistazie\/#Lagerung\" >opslag<\/a><\/li><li class='ez-toc-page-1 ez-toc-heading-level-4'><a class=\"ez-toc-link ez-toc-heading-6\" href=\"https:\/\/honigbee.com\/nl\/product\/750g-pandoro-panettone-pistazie\/#Weitere_Inspiration_entdecken\" >Weitere Inspiration entdecken<\/a><\/li><\/ul><\/nav><\/div>\n<p data-start=\"862\" data-end=\"1059\">De <strong data-start=\"866\" data-end=\"901\">750g Pandoro Panettone Pistazie<\/strong> ist ein italienisches Hefegeb\u00e4ck mit lockerer, weicher Teigstruktur. Die Oberfl\u00e4che ist mit wei\u00dfer Schokolade \u00fcberzogen und mit Pistazienst\u00fcckchen dekoriert.<\/p>\n<p data-start=\"1061\" data-end=\"1186\">Die Kombination aus mildem Hefeteig, s\u00fc\u00dfer Schokolade und nussiger Pistaziennote sorgt f\u00fcr ein ausgewogenes Geschmacksprofil.<\/p>\n<hr data-start=\"1188\" data-end=\"1191\" \/>\n<h4 data-start=\"1193\" data-end=\"1213\"><span class=\"ez-toc-section\" id=\"Produktmerkmale\"><\/span>Producteigenschappen<span class=\"ez-toc-section-end\"><\/span><\/h4>\n<p data-start=\"1215\" data-end=\"1409\">750g Pandoro Panettone Pistazie<br data-start=\"1246\" data-end=\"1249\" \/>Luftiger Hefeteig<br data-start=\"1266\" data-end=\"1269\" \/>\u00dcberzogen mit wei\u00dfer Schokolade<br data-start=\"1300\" data-end=\"1303\" \/>Mit Pistazienst\u00fcckchen dekoriert<br data-start=\"1335\" data-end=\"1338\" \/>Ohne F\u00fcllung<br data-start=\"1350\" data-end=\"1353\" \/>Italienisches Traditionsgeb\u00e4ck<br data-start=\"1383\" data-end=\"1386\" \/>Dekorative Verpackung<\/p>\n<hr data-start=\"1411\" data-end=\"1414\" \/>\n<h4 data-start=\"1416\" data-end=\"1443\"><span class=\"ez-toc-section\" id=\"Geschmack_Konsistenz\"><\/span>Smaak en consistentie<span class=\"ez-toc-section-end\"><\/span><\/h4>\n<p data-start=\"1445\" data-end=\"1540\">Locker und weich<br data-start=\"1461\" data-end=\"1464\" \/>Milde S\u00fc\u00dfe durch wei\u00dfe Schokolade<br data-start=\"1497\" data-end=\"1500\" \/>Nussige Pistaziennote<br data-start=\"1521\" data-end=\"1524\" \/>Saftige Textur<\/p>\n<hr data-start=\"1542\" data-end=\"1545\" \/>\n<h4 data-start=\"1547\" data-end=\"1562\"><span class=\"ez-toc-section\" id=\"Verwendung\"><\/span>gebruik<span class=\"ez-toc-section-end\"><\/span><\/h4>\n<p data-start=\"1622\" data-end=\"1697\">\u2022 Weihnachtszeit<br data-start=\"1638\" data-end=\"1641\" \/>\u2022 Als Dessert<br data-start=\"1654\" data-end=\"1657\" \/>\u2022 Zum Kaffee oder Tee<br data-start=\"1678\" data-end=\"1681\" \/>\u2022 Als Geschenk<\/p>\n<p data-start=\"1699\" data-end=\"1747\">Servierfertig \u2013 direkt anschneiden und genie\u00dfen.<\/p>\n<hr data-start=\"1749\" data-end=\"1752\" \/>\n<h4 data-start=\"1754\" data-end=\"1773\"><span class=\"ez-toc-section\" id=\"Produktdetails\"><\/span>Productdetails<span class=\"ez-toc-section-end\"><\/span><\/h4>\n<p data-start=\"1775\" data-end=\"1965\">Produktname: 750g Pandoro Panettone Pistazie<br data-start=\"1819\" data-end=\"1822\" \/>Inhalt: 750 g<br data-start=\"1835\" data-end=\"1838\" \/>Geb\u00e4ckart: Hefegeb\u00e4ck<br data-start=\"1859\" data-end=\"1862\" \/>Topping: Wei\u00dfe Schokolade und Pistazienst\u00fcckchen<br data-start=\"1910\" data-end=\"1913\" \/>Oorsprong: Itali\u00eb<br data-start=\"1930\" data-end=\"1933\" \/>Verpackung: Geschenkverpackung<\/p>\n<hr data-start=\"1967\" data-end=\"1970\" \/>\n<h4 data-start=\"1972\" data-end=\"1985\"><span class=\"ez-toc-section\" id=\"Lagerung\"><\/span>opslag<span class=\"ez-toc-section-end\"><\/span><\/h4>\n<p data-start=\"1987\" data-end=\"2089\">Trocken, k\u00fchl und lichtgesch\u00fctzt lagern. Nach dem \u00d6ffnen luftdicht verschlie\u00dfen und zeitnah verzehren.<\/p>\n<hr data-start=\"1683\" data-end=\"1686\" \/>\n<h4 data-start=\"413\" data-end=\"449\"><span class=\"ez-toc-section\" id=\"Weitere_Inspiration_entdecken\"><\/span>Weitere Inspiration entdecken<span class=\"ez-toc-section-end\"><\/span><\/h4>\n<p data-start=\"450\" data-end=\"582\">Du suchst weitere besondere Produkte? Entdecke zus\u00e4tzliche Highlights in unserem Sortiment oder st\u00f6bere in unseren Partnerprojekten:<\/p>\n<ul data-start=\"584\" data-end=\"920\">\n<li data-start=\"584\" data-end=\"656\"><a href=\"https:\/\/honigbee.com\/nl\/shop\/\">Weitere Naturprodukte bei Honigbee entdecken<\/a><\/li>\n<li data-start=\"657\" data-end=\"783\">\n<p data-start=\"659\" data-end=\"783\"><a href=\"https:\/\/matvana.com\/shop\/\" target=\"_blank\" rel=\"noopener\">Stilvolle Wohnideen bei Matvana ansehen<\/a><\/p>\n<\/li>\n<li data-start=\"784\" data-end=\"920\">\n<p data-start=\"786\" data-end=\"920\"><a href=\"https:\/\/saphirsmaragd.com\/shop\/\" target=\"_blank\" rel=\"noopener\">Edelsteine &amp; Schmuck bei Saphir &amp; Smaragd ansehen<\/a><\/p>\n<\/li>\n<\/ul>\n<hr data-start=\"1931\" data-end=\"1934\" \/>\n<p>Produktbilder dienen der Veranschaulichung. Verpackungsdesign kann abweichen.<\/p>","protected":false},"excerpt":{"rendered":"<p data-start=\"612\" data-end=\"757\"><em>750g Pandoro Panettone Pistazie mit wei\u00dfer Schokolade und Pistazienst\u00fcckchen. Italienischer Hefekuchen f\u00fcr Weihnachtszeit oder besondere Anl\u00e4sse.<\/em><\/p>","protected":false},"featured_media":43301,"comment_status":"open","ping_status":"closed","template":"","meta":{"_glsr_average":0,"_glsr_ranking":0,"_glsr_reviews":0},"product_brand":[],"product_cat":[1303],"product_tag":[],"class_list":{"0":"post-27341","1":"product","2":"type-product","3":"status-publish","4":"has-post-thumbnail","6":"product_cat-gebaeck-und-kuchen","8":"first","9":"instock","10":"featured","11":"shipping-taxable","12":"purchasable","13":"product-type-simple","14":"add-to-wishlist-before_image"},"jetpack_sharing_enabled":true,"_links":{"self":[{"href":"https:\/\/honigbee.com\/nl\/wp-json\/wp\/v2\/product\/27341","targetHints":{"allow":["GET"]}}],"collection":[{"href":"https:\/\/honigbee.com\/nl\/wp-json\/wp\/v2\/product"}],"about":[{"href":"https:\/\/honigbee.com\/nl\/wp-json\/wp\/v2\/types\/product"}],"replies":[{"embeddable":true,"href":"https:\/\/honigbee.com\/nl\/wp-json\/wp\/v2\/comments?post=27341"}],"version-history":[{"count":6,"href":"https:\/\/honigbee.com\/nl\/wp-json\/wp\/v2\/product\/27341\/revisions"}],"predecessor-version":[{"id":43303,"href":"https:\/\/honigbee.com\/nl\/wp-json\/wp\/v2\/product\/27341\/revisions\/43303"}],"wp:featuredmedia":[{"embeddable":true,"href":"https:\/\/honigbee.com\/nl\/wp-json\/wp\/v2\/media\/43301"}],"wp:attachment":[{"href":"https:\/\/honigbee.com\/nl\/wp-json\/wp\/v2\/media?parent=27341"}],"wp:term":[{"taxonomy":"product_brand","embeddable":true,"href":"https:\/\/honigbee.com\/nl\/wp-json\/wp\/v2\/product_brand?post=27341"},{"taxonomy":"product_cat","embeddable":true,"href":"https:\/\/honigbee.com\/nl\/wp-json\/wp\/v2\/product_cat?post=27341"},{"taxonomy":"product_tag","embeddable":true,"href":"https:\/\/honigbee.com\/nl\/wp-json\/wp\/v2\/product_tag?post=27341"}],"curies":[{"name":"wp","href":"https:\/\/api.w.org\/{rel}","templated":true}]}}