{"id":27359,"date":"2025-07-06T13:12:38","date_gmt":"2025-07-06T13:12:38","guid":{"rendered":"https:\/\/honigbee.com\/?post_type=product&#038;p=27359"},"modified":"2026-02-28T19:57:54","modified_gmt":"2026-02-28T19:57:54","slug":"panettone-pistazie-schokolade-900g","status":"publish","type":"product","link":"https:\/\/honigbee.com\/nl\/product\/panettone-pistazie-schokolade-900g\/","title":{"rendered":"900g Panettone Pistazie Schokolade \u2013 Italienischer Hefekuchen mit Pistaziencreme und dunkler Schokolade"},"content":{"rendered":"<div id=\"ez-toc-container\" class=\"ez-toc-v2_0_83 counter-hierarchy ez-toc-counter ez-toc-grey ez-toc-container-direction\">\n<div class=\"ez-toc-title-container\">\n<p class=\"ez-toc-title\" style=\"cursor:inherit\">Inhoudsopgave<\/p>\n<span class=\"ez-toc-title-toggle\"><a href=\"#\" class=\"ez-toc-pull-right ez-toc-btn ez-toc-btn-xs ez-toc-btn-default ez-toc-toggle\" aria-label=\"Toggle table met inhoud\"><span class=\"ez-toc-js-icon-con\"><span class=\"\"><span class=\"eztoc-hide\" style=\"display:none;\">Schakelaar<\/span><span class=\"ez-toc-icon-toggle-span\"><svg style=\"fill: #999;color:#999\" xmlns=\"http:\/\/www.w3.org\/2000\/svg\" class=\"list-377408\" width=\"20px\" height=\"20px\" viewbox=\"0 0 24 24\" fill=\"none\"><path d=\"M6 6H4v2h2V6zm14 0H8v2h12V6zM4 11h2v2H4v-2zm16 0H8v2h12v-2zM4 16h2v2H4v-2zm16 0H8v2h12v-2z\" fill=\"currentColor\"><\/path><\/svg><svg style=\"fill: #999;color:#999\" class=\"arrow-unsorted-368013\" xmlns=\"http:\/\/www.w3.org\/2000\/svg\" width=\"10px\" height=\"10px\" viewbox=\"0 0 24 24\" version=\"1.2\" baseprofile=\"tiny\"><path d=\"M18.2 9.3l-6.2-6.3-6.2 6.3c-.2.2-.3.4-.3.7s.1.5.3.7c.2.2.4.3.7.3h11c.3 0 .5-.1.7-.3.2-.2.3-.5.3-.7s-.1-.5-.3-.7zM5.8 14.7l6.2 6.3 6.2-6.3c.2-.2.3-.5.3-.7s-.1-.5-.3-.7c-.2-.2-.4-.3-.7-.3h-11c-.3 0-.5.1-.7.3-.2.2-.3.5-.3.7s.1.5.3.7z\"\/><\/svg><\/span><\/span><\/span><\/a><\/span><\/div>\n<nav><ul class='ez-toc-list ez-toc-list-level-1' ><li class='ez-toc-page-1 ez-toc-heading-level-4'><a class=\"ez-toc-link ez-toc-heading-1\" href=\"https:\/\/honigbee.com\/nl\/product\/panettone-pistazie-schokolade-900g\/#Produktmerkmale\" >Producteigenschappen<\/a><\/li><li class='ez-toc-page-1 ez-toc-heading-level-4'><a class=\"ez-toc-link ez-toc-heading-2\" href=\"https:\/\/honigbee.com\/nl\/product\/panettone-pistazie-schokolade-900g\/#Geschmack_Konsistenz\" >Smaak en consistentie<\/a><\/li><li class='ez-toc-page-1 ez-toc-heading-level-4'><a class=\"ez-toc-link ez-toc-heading-3\" href=\"https:\/\/honigbee.com\/nl\/product\/panettone-pistazie-schokolade-900g\/#Verwendung\" >gebruik<\/a><\/li><li class='ez-toc-page-1 ez-toc-heading-level-4'><a class=\"ez-toc-link ez-toc-heading-4\" href=\"https:\/\/honigbee.com\/nl\/product\/panettone-pistazie-schokolade-900g\/#Produktdetails\" >Productdetails<\/a><\/li><li class='ez-toc-page-1 ez-toc-heading-level-4'><a class=\"ez-toc-link ez-toc-heading-5\" href=\"https:\/\/honigbee.com\/nl\/product\/panettone-pistazie-schokolade-900g\/#Lagerung\" >opslag<\/a><\/li><li class='ez-toc-page-1 ez-toc-heading-level-4'><a class=\"ez-toc-link ez-toc-heading-6\" href=\"https:\/\/honigbee.com\/nl\/product\/panettone-pistazie-schokolade-900g\/#Weitere_Inspiration_entdecken\" >Weitere Inspiration entdecken<\/a><\/li><\/ul><\/nav><\/div>\n<p data-start=\"868\" data-end=\"1108\">De <strong data-start=\"872\" data-end=\"910\">900g Panettone Pistazie Schokolade<\/strong> ist ein italienischer Hefekuchen mit lockerer Teigstruktur. Der Teig ist mit Pistaziencreme gef\u00fcllt und mit dunkler Schokolade (70 %) \u00fcberzogen. Die Oberfl\u00e4che ist mit Pistazienst\u00fcckchen dekoriert.<\/p>\n<p data-start=\"1110\" data-end=\"1234\">Die Kombination aus weichem Hefeteig, nussiger F\u00fcllung und kr\u00e4ftiger Schokolade sorgt f\u00fcr ein ausgewogenes Geschmacksprofil.<\/p>\n<hr data-start=\"1236\" data-end=\"1239\" \/>\n<h4 data-start=\"1241\" data-end=\"1261\"><span class=\"ez-toc-section\" id=\"Produktmerkmale\"><\/span>Producteigenschappen<span class=\"ez-toc-section-end\"><\/span><\/h4>\n<p data-start=\"1263\" data-end=\"1480\">900g Panettone Pistazie Schokolade<br data-start=\"1297\" data-end=\"1300\" \/>Luftiger Hefeteig<br data-start=\"1317\" data-end=\"1320\" \/>Gef\u00fcllt mit Pistaziencreme<br data-start=\"1346\" data-end=\"1349\" \/>\u00dcberzogen mit 70 % dunkler Schokolade<br data-start=\"1386\" data-end=\"1389\" \/>Mit Pistazienst\u00fcckchen dekoriert<br data-start=\"1421\" data-end=\"1424\" \/>Italienisches Traditionsgeb\u00e4ck<br data-start=\"1454\" data-end=\"1457\" \/>Dekorative Verpackung<\/p>\n<hr data-start=\"1482\" data-end=\"1485\" \/>\n<h4 data-start=\"1487\" data-end=\"1514\"><span class=\"ez-toc-section\" id=\"Geschmack_Konsistenz\"><\/span>Smaak en consistentie<span class=\"ez-toc-section-end\"><\/span><\/h4>\n<p data-start=\"1516\" data-end=\"1619\">Locker und weich<br data-start=\"1532\" data-end=\"1535\" \/>Milde Pistaziennote<br data-start=\"1554\" data-end=\"1557\" \/>Kr\u00e4ftige Bitternote durch dunkle Schokolade<br data-start=\"1600\" data-end=\"1603\" \/>Saftige Textur<\/p>\n<hr data-start=\"1621\" data-end=\"1624\" \/>\n<h4 data-start=\"1626\" data-end=\"1641\"><span class=\"ez-toc-section\" id=\"Verwendung\"><\/span>gebruik<span class=\"ez-toc-section-end\"><\/span><\/h4>\n<p data-start=\"1643\" data-end=\"1702\">De <strong data-start=\"1647\" data-end=\"1685\">900g Panettone Pistazie Schokolade<\/strong> eignet sich f\u00fcr:<\/p>\n<p data-start=\"1704\" data-end=\"1784\">\u2022 Weihnachtszeit<br data-start=\"1720\" data-end=\"1723\" \/>\u2022 Als Dessert<br data-start=\"1736\" data-end=\"1739\" \/>\u2022 Zum Kaffee oder Espresso<br data-start=\"1765\" data-end=\"1768\" \/>\u2022 Als Geschenk<\/p>\n<p data-start=\"1786\" data-end=\"1834\">Servierfertig \u2013 direkt anschneiden und genie\u00dfen.<\/p>\n<hr data-start=\"1836\" data-end=\"1839\" \/>\n<h4 data-start=\"1841\" data-end=\"1860\"><span class=\"ez-toc-section\" id=\"Produktdetails\"><\/span>Productdetails<span class=\"ez-toc-section-end\"><\/span><\/h4>\n<p data-start=\"1862\" data-end=\"2065\">Produktname: 900g Panettone Pistazie Schokolade<br data-start=\"1909\" data-end=\"1912\" \/>Inhalt: 900 g<br data-start=\"1925\" data-end=\"1928\" \/>Geb\u00e4ckart: Hefekuchen<br data-start=\"1949\" data-end=\"1952\" \/>F\u00fcllung: Pistaziencreme<br data-start=\"1975\" data-end=\"1978\" \/>Glasur: Dunkle Schokolade (70 %)<br data-start=\"2010\" data-end=\"2013\" \/>Oorsprong: Itali\u00eb<br data-start=\"2030\" data-end=\"2033\" \/>Verpackung: Geschenkverpackung<\/p>\n<hr data-start=\"2067\" data-end=\"2070\" \/>\n<h4 data-start=\"2072\" data-end=\"2085\"><span class=\"ez-toc-section\" id=\"Lagerung\"><\/span>opslag<span class=\"ez-toc-section-end\"><\/span><\/h4>\n<p data-start=\"2087\" data-end=\"2189\">Trocken, k\u00fchl und lichtgesch\u00fctzt lagern. Nach dem \u00d6ffnen luftdicht verschlie\u00dfen und zeitnah verzehren.<\/p>\n<hr data-start=\"1683\" data-end=\"1686\" \/>\n<h4 data-start=\"413\" data-end=\"449\"><span class=\"ez-toc-section\" id=\"Weitere_Inspiration_entdecken\"><\/span>Weitere Inspiration entdecken<span class=\"ez-toc-section-end\"><\/span><\/h4>\n<p data-start=\"450\" data-end=\"582\">Du suchst weitere besondere Produkte? Entdecke zus\u00e4tzliche Highlights in unserem Sortiment oder st\u00f6bere in unseren Partnerprojekten:<\/p>\n<ul data-start=\"584\" data-end=\"920\">\n<li data-start=\"584\" data-end=\"656\"><a href=\"https:\/\/honigbee.com\/nl\/shop\/\">Weitere Naturprodukte bei Honigbee entdecken<\/a><\/li>\n<li data-start=\"657\" data-end=\"783\">\n<p data-start=\"659\" data-end=\"783\"><a href=\"https:\/\/matvana.com\/shop\/\" target=\"_blank\" rel=\"noopener\">Stilvolle Wohnideen bei Matvana ansehen<\/a><\/p>\n<\/li>\n<li data-start=\"784\" data-end=\"920\">\n<p data-start=\"786\" data-end=\"920\"><a href=\"https:\/\/saphirsmaragd.com\/shop\/\" target=\"_blank\" rel=\"noopener\">Edelsteine &amp; Schmuck bei Saphir &amp; Smaragd ansehen<\/a><\/p>\n<\/li>\n<\/ul>\n<hr data-start=\"1931\" data-end=\"1934\" \/>\n<p>Produktbilder dienen der Veranschaulichung. Verpackungsdesign kann abweichen.<\/p>","protected":false},"excerpt":{"rendered":"<p data-start=\"590\" data-end=\"754\"><em>900g Panettone Pistazie Schokolade mit Pistaziencreme-F\u00fcllung und 70 % dunkler Schokoladenglasur. Italienischer Hefekuchen f\u00fcr Weihnachtszeit und besondere Anl\u00e4sse.<\/em><\/p>","protected":false},"featured_media":43278,"comment_status":"open","ping_status":"closed","template":"","meta":{"_glsr_average":0,"_glsr_ranking":0,"_glsr_reviews":0},"product_brand":[],"product_cat":[1303],"product_tag":[],"class_list":{"0":"post-27359","1":"product","2":"type-product","3":"status-publish","4":"has-post-thumbnail","6":"product_cat-gebaeck-und-kuchen","8":"first","9":"instock","10":"featured","11":"shipping-taxable","12":"purchasable","13":"product-type-simple","14":"add-to-wishlist-before_image"},"jetpack_sharing_enabled":true,"_links":{"self":[{"href":"https:\/\/honigbee.com\/nl\/wp-json\/wp\/v2\/product\/27359","targetHints":{"allow":["GET"]}}],"collection":[{"href":"https:\/\/honigbee.com\/nl\/wp-json\/wp\/v2\/product"}],"about":[{"href":"https:\/\/honigbee.com\/nl\/wp-json\/wp\/v2\/types\/product"}],"replies":[{"embeddable":true,"href":"https:\/\/honigbee.com\/nl\/wp-json\/wp\/v2\/comments?post=27359"}],"version-history":[{"count":3,"href":"https:\/\/honigbee.com\/nl\/wp-json\/wp\/v2\/product\/27359\/revisions"}],"predecessor-version":[{"id":43280,"href":"https:\/\/honigbee.com\/nl\/wp-json\/wp\/v2\/product\/27359\/revisions\/43280"}],"wp:featuredmedia":[{"embeddable":true,"href":"https:\/\/honigbee.com\/nl\/wp-json\/wp\/v2\/media\/43278"}],"wp:attachment":[{"href":"https:\/\/honigbee.com\/nl\/wp-json\/wp\/v2\/media?parent=27359"}],"wp:term":[{"taxonomy":"product_brand","embeddable":true,"href":"https:\/\/honigbee.com\/nl\/wp-json\/wp\/v2\/product_brand?post=27359"},{"taxonomy":"product_cat","embeddable":true,"href":"https:\/\/honigbee.com\/nl\/wp-json\/wp\/v2\/product_cat?post=27359"},{"taxonomy":"product_tag","embeddable":true,"href":"https:\/\/honigbee.com\/nl\/wp-json\/wp\/v2\/product_tag?post=27359"}],"curies":[{"name":"wp","href":"https:\/\/api.w.org\/{rel}","templated":true}]}}