{"id":44090,"date":"2026-05-08T13:12:47","date_gmt":"2026-05-08T13:12:47","guid":{"rendered":"https:\/\/honigbee.com\/?post_type=product&#038;p=44090"},"modified":"2026-05-08T13:19:49","modified_gmt":"2026-05-08T13:19:49","slug":"orange-stabkerzen-set-dinner-candle-fuer-tischdeko-ambiente-6-stueck-lange-brenndauer-21x2-cm","status":"publish","type":"product","link":"https:\/\/honigbee.com\/nl\/product\/orange-stabkerzen-set-dinner-candle-fuer-tischdeko-ambiente-6-stueck-lange-brenndauer-21x2-cm\/","title":{"rendered":"Orange Stabkerzen Set Dinner Candle f\u00fcr Tischdeko &#038; Ambiente 6 St\u00fcck lange Brenndauer 21&#215;2 cm"},"content":{"rendered":"<div id=\"ez-toc-container\" class=\"ez-toc-v2_0_83 counter-hierarchy ez-toc-counter ez-toc-grey ez-toc-container-direction\">\n<div class=\"ez-toc-title-container\">\n<p class=\"ez-toc-title\" style=\"cursor:inherit\">Inhoudsopgave<\/p>\n<span class=\"ez-toc-title-toggle\"><a href=\"#\" class=\"ez-toc-pull-right ez-toc-btn ez-toc-btn-xs ez-toc-btn-default ez-toc-toggle\" aria-label=\"Toggle table met inhoud\"><span class=\"ez-toc-js-icon-con\"><span class=\"\"><span class=\"eztoc-hide\" style=\"display:none;\">Schakelaar<\/span><span class=\"ez-toc-icon-toggle-span\"><svg style=\"fill: #999;color:#999\" xmlns=\"http:\/\/www.w3.org\/2000\/svg\" class=\"list-377408\" width=\"20px\" height=\"20px\" viewbox=\"0 0 24 24\" fill=\"none\"><path d=\"M6 6H4v2h2V6zm14 0H8v2h12V6zM4 11h2v2H4v-2zm16 0H8v2h12v-2zM4 16h2v2H4v-2zm16 0H8v2h12v-2z\" fill=\"currentColor\"><\/path><\/svg><svg style=\"fill: #999;color:#999\" class=\"arrow-unsorted-368013\" xmlns=\"http:\/\/www.w3.org\/2000\/svg\" width=\"10px\" height=\"10px\" viewbox=\"0 0 24 24\" version=\"1.2\" baseprofile=\"tiny\"><path d=\"M18.2 9.3l-6.2-6.3-6.2 6.3c-.2.2-.3.4-.3.7s.1.5.3.7c.2.2.4.3.7.3h11c.3 0 .5-.1.7-.3.2-.2.3-.5.3-.7s-.1-.5-.3-.7zM5.8 14.7l6.2 6.3 6.2-6.3c.2-.2.3-.5.3-.7s-.1-.5-.3-.7c-.2-.2-.4-.3-.7-.3h-11c-.3 0-.5.1-.7.3-.2.2-.3.5-.3.7s.1.5.3.7z\"\/><\/svg><\/span><\/span><\/span><\/a><\/span><\/div>\n<nav><ul class='ez-toc-list ez-toc-list-level-1' ><li class='ez-toc-page-1 ez-toc-heading-level-4'><a class=\"ez-toc-link ez-toc-heading-1\" href=\"https:\/\/honigbee.com\/nl\/product\/orange-stabkerzen-set-dinner-candle-fuer-tischdeko-ambiente-6-stueck-lange-brenndauer-21x2-cm\/#Orange_Stabkerzen_Set_fur_stilvolle_Tischdekoration\" >Orange Stabkerzen Set f\u00fcr stilvolle Tischdekoration<\/a><\/li><li class='ez-toc-page-1 ez-toc-heading-level-4'><a class=\"ez-toc-link ez-toc-heading-2\" href=\"https:\/\/honigbee.com\/nl\/product\/orange-stabkerzen-set-dinner-candle-fuer-tischdeko-ambiente-6-stueck-lange-brenndauer-21x2-cm\/#Vielseitig_einsetzbar\" >Veelzijdig<\/a><\/li><li class='ez-toc-page-1 ez-toc-heading-level-4'><a class=\"ez-toc-link ez-toc-heading-3\" href=\"https:\/\/honigbee.com\/nl\/product\/orange-stabkerzen-set-dinner-candle-fuer-tischdeko-ambiente-6-stueck-lange-brenndauer-21x2-cm\/#Klassisches_Design\" >Klassisches Design<\/a><\/li><li class='ez-toc-page-1 ez-toc-heading-level-4'><a class=\"ez-toc-link ez-toc-heading-4\" href=\"https:\/\/honigbee.com\/nl\/product\/orange-stabkerzen-set-dinner-candle-fuer-tischdeko-ambiente-6-stueck-lange-brenndauer-21x2-cm\/#Produktdetails\" >Productdetails<\/a><\/li><li class='ez-toc-page-1 ez-toc-heading-level-4'><a class=\"ez-toc-link ez-toc-heading-5\" href=\"https:\/\/honigbee.com\/nl\/product\/orange-stabkerzen-set-dinner-candle-fuer-tischdeko-ambiente-6-stueck-lange-brenndauer-21x2-cm\/#Weitere_Inspiration_entdecken\" >Weitere Inspiration entdecken<\/a><\/li><\/ul><\/nav><\/div>\n<h4 data-start=\"611\" data-end=\"669\"><span class=\"ez-toc-section\" id=\"Orange_Stabkerzen_Set_fur_stilvolle_Tischdekoration\"><\/span>Orange Stabkerzen Set f\u00fcr stilvolle Tischdekoration<span class=\"ez-toc-section-end\"><\/span><\/h4>\n<p data-start=\"670\" data-end=\"839\">Dieses Orange Stabkerzen Set bringt W\u00e4rme und Eleganz in Ihr Zuhause. Die kr\u00e4ftige Farbe sorgt f\u00fcr eine lebendige Atmosph\u00e4re und setzt stilvolle Akzente auf jedem Tisch.<\/p>\n<hr data-start=\"841\" data-end=\"844\" \/>\n<h4 data-start=\"846\" data-end=\"874\"><span class=\"ez-toc-section\" id=\"Vielseitig_einsetzbar\"><\/span>Veelzijdig<span class=\"ez-toc-section-end\"><\/span><\/h4>\n<p data-start=\"875\" data-end=\"1050\">Ideal f\u00fcr Dinner-Abende, besondere Anl\u00e4sse oder als dekoratives Element im Alltag. Die Kerzen passen perfekt in klassische Kerzenhalter und sorgen f\u00fcr ein gleichm\u00e4\u00dfiges Licht.<\/p>\n<hr data-start=\"1052\" data-end=\"1055\" \/>\n<h4 data-start=\"1057\" data-end=\"1082\"><span class=\"ez-toc-section\" id=\"Klassisches_Design\"><\/span>Klassisches Design<span class=\"ez-toc-section-end\"><\/span><\/h4>\n<p data-start=\"1083\" data-end=\"1214\">Die schlichte Form macht diese Stabkerzen zeitlos und vielseitig kombinierbar \u2013 ob modern, minimalistisch oder klassisch dekoriert.<\/p>\n<hr data-start=\"1216\" data-end=\"1219\" \/>\n<h4 data-start=\"1221\" data-end=\"1242\"><span class=\"ez-toc-section\" id=\"Produktdetails\"><\/span>Productdetails<span class=\"ez-toc-section-end\"><\/span><\/h4>\n<p data-start=\"1243\" data-end=\"1319\">Material: Paraffinwachs<br data-start=\"1266\" data-end=\"1269\" \/>Farbe: Orange<br data-start=\"1282\" data-end=\"1285\" \/>Menge: 6 St\u00fcck<br data-start=\"1299\" data-end=\"1302\" \/>Ma\u00dfe: 21 x 2 cm<\/p>\n<p data-start=\"1321\" data-end=\"1344\">Oorsprong: Duitsland<\/p>\n<hr data-start=\"2312\" data-end=\"2315\" \/>\n<h4 data-start=\"413\" data-end=\"449\"><span class=\"ez-toc-section\" id=\"Weitere_Inspiration_entdecken\"><\/span>Weitere Inspiration entdecken<span class=\"ez-toc-section-end\"><\/span><\/h4>\n<p data-start=\"450\" data-end=\"582\">Suchen Sie weitere besondere Produkte? Entdecken Sie zus\u00e4tzliche Highlights in unserem Sortiment oder besuchen Sie unsere Partnerprojekte:<\/p>\n<ul data-start=\"584\" data-end=\"920\">\n<li><a href=\"https:\/\/matvana.com\/shop\/\" target=\"_blank\" rel=\"noopener\">Stilvolle Wohn- &amp; Geschenkideen bei Matvana entdecken<\/a><\/li>\n<li data-start=\"657\" data-end=\"783\">\n<p data-start=\"659\" data-end=\"783\"><a href=\"https:\/\/honigbee.com\/nl\/shop\/\">Nat\u00fcrliche Produkte bei Honigbee ansehen<br \/>\n<\/a><\/p>\n<\/li>\n<li><a href=\"https:\/\/saphirsmaragd.com\/shop\/\" target=\"_blank\" rel=\"noopener\">Edelsteine &amp; Schmuckst\u00fccke bei Saphir &amp; Smaragd entdecken<\/a><\/li>\n<\/ul>","protected":false},"excerpt":{"rendered":"<p data-start=\"286\" data-end=\"457\"><em>Orange Stabkerzen Set mit 6 eleganten Dinnerkerzen f\u00fcr stilvolle Tischdekoration und warme Atmosph\u00e4re. Perfekt f\u00fcr Dinner, Events und Alltag mit langer Brenndauer 21&#215;2 cm.<\/em><\/p>","protected":false},"featured_media":44303,"comment_status":"open","ping_status":"closed","template":"","meta":{"_glsr_average":0,"_glsr_ranking":0,"_glsr_reviews":0},"product_brand":[],"product_cat":[1539],"product_tag":[],"class_list":{"0":"post-44090","1":"product","2":"type-product","3":"status-publish","4":"has-post-thumbnail","6":"product_cat-teelichter","8":"first","9":"instock","10":"shipping-taxable","11":"purchasable","12":"product-type-simple","13":"add-to-wishlist-before_image"},"jetpack_sharing_enabled":true,"_links":{"self":[{"href":"https:\/\/honigbee.com\/nl\/wp-json\/wp\/v2\/product\/44090","targetHints":{"allow":["GET"]}}],"collection":[{"href":"https:\/\/honigbee.com\/nl\/wp-json\/wp\/v2\/product"}],"about":[{"href":"https:\/\/honigbee.com\/nl\/wp-json\/wp\/v2\/types\/product"}],"replies":[{"embeddable":true,"href":"https:\/\/honigbee.com\/nl\/wp-json\/wp\/v2\/comments?post=44090"}],"version-history":[{"count":1,"href":"https:\/\/honigbee.com\/nl\/wp-json\/wp\/v2\/product\/44090\/revisions"}],"predecessor-version":[{"id":44304,"href":"https:\/\/honigbee.com\/nl\/wp-json\/wp\/v2\/product\/44090\/revisions\/44304"}],"wp:featuredmedia":[{"embeddable":true,"href":"https:\/\/honigbee.com\/nl\/wp-json\/wp\/v2\/media\/44303"}],"wp:attachment":[{"href":"https:\/\/honigbee.com\/nl\/wp-json\/wp\/v2\/media?parent=44090"}],"wp:term":[{"taxonomy":"product_brand","embeddable":true,"href":"https:\/\/honigbee.com\/nl\/wp-json\/wp\/v2\/product_brand?post=44090"},{"taxonomy":"product_cat","embeddable":true,"href":"https:\/\/honigbee.com\/nl\/wp-json\/wp\/v2\/product_cat?post=44090"},{"taxonomy":"product_tag","embeddable":true,"href":"https:\/\/honigbee.com\/nl\/wp-json\/wp\/v2\/product_tag?post=44090"}],"curies":[{"name":"wp","href":"https:\/\/api.w.org\/{rel}","templated":true}]}}