{"id":16079,"date":"2025-02-05T14:15:42","date_gmt":"2025-02-05T14:15:42","guid":{"rendered":"https:\/\/honigbee.com\/?post_type=product&#038;p=16079"},"modified":"2026-03-13T20:21:29","modified_gmt":"2026-03-13T20:21:29","slug":"yemeni-sumar-honig-400g-1kg","status":"publish","type":"product","link":"https:\/\/honigbee.com\/pl\/produkt\/yemeni-sumar-honig-400g-1kg\/","title":{"rendered":"Yemeni Sumar Honig 400g &#038; 1kg \u2013 100% Rohhonig aus Jemen \u2013 Leberfreundlich, Eisenreich &#038; Nat\u00fcrlich"},"content":{"rendered":"<div id=\"ez-toc-container\" class=\"ez-toc-v2_0_83 counter-hierarchy ez-toc-counter ez-toc-grey ez-toc-container-direction\">\n<div class=\"ez-toc-title-container\">\n<p class=\"ez-toc-title\" style=\"cursor:inherit\">Spis tre\u015bci<\/p>\n<span class=\"ez-toc-title-toggle\"><a href=\"#\" class=\"ez-toc-pull-right ez-toc-btn ez-toc-btn-xs ez-toc-btn-default ez-toc-toggle\" aria-label=\"Prze\u0142\u0105cznik Spisu Tre\u015bci\"><span class=\"ez-toc-js-icon-con\"><span class=\"\"><span class=\"eztoc-hide\" style=\"display:none;\">D\u017awignia kolankowa<\/span><span class=\"ez-toc-icon-toggle-span\"><svg style=\"fill: #999;color:#999\" xmlns=\"http:\/\/www.w3.org\/2000\/svg\" class=\"list-377408\" width=\"20px\" height=\"20px\" viewbox=\"0 0 24 24\" fill=\"none\"><path d=\"M6 6H4v2h2V6zm14 0H8v2h12V6zM4 11h2v2H4v-2zm16 0H8v2h12v-2zM4 16h2v2H4v-2zm16 0H8v2h12v-2z\" fill=\"currentColor\"><\/path><\/svg><svg style=\"fill: #999;color:#999\" class=\"arrow-unsorted-368013\" xmlns=\"http:\/\/www.w3.org\/2000\/svg\" width=\"10px\" height=\"10px\" viewbox=\"0 0 24 24\" version=\"1.2\" baseprofile=\"tiny\"><path d=\"M18.2 9.3l-6.2-6.3-6.2 6.3c-.2.2-.3.4-.3.7s.1.5.3.7c.2.2.4.3.7.3h11c.3 0 .5-.1.7-.3.2-.2.3-.5.3-.7s-.1-.5-.3-.7zM5.8 14.7l6.2 6.3 6.2-6.3c.2-.2.3-.5.3-.7s-.1-.5-.3-.7c-.2-.2-.4-.3-.7-.3h-11c-.3 0-.5.1-.7.3-.2.2-.3.5-.3.7s.1.5.3.7z\"\/><\/svg><\/span><\/span><\/span><\/a><\/span><\/div>\n<nav><ul class='ez-toc-list ez-toc-list-level-1' ><li class='ez-toc-page-1 ez-toc-heading-level-4'><a class=\"ez-toc-link ez-toc-heading-1\" href=\"https:\/\/honigbee.com\/pl\/produkt\/yemeni-sumar-honig-400g-1kg\/#Yemeni_Sumar_Honig_%E2%80%93_Rohhonig_aus_den_Gebirgsregionen_Jemens\" >Yemeni Sumar Honig \u2013 Rohhonig aus den Gebirgsregionen Jemens<\/a><\/li><li class='ez-toc-page-1 ez-toc-heading-level-4'><a class=\"ez-toc-link ez-toc-heading-2\" href=\"https:\/\/honigbee.com\/pl\/produkt\/yemeni-sumar-honig-400g-1kg\/#Merkmale_Herkunft\" >Charakterystyka i pochodzenie<\/a><\/li><li class='ez-toc-page-1 ez-toc-heading-level-4'><a class=\"ez-toc-link ez-toc-heading-3\" href=\"https:\/\/honigbee.com\/pl\/produkt\/yemeni-sumar-honig-400g-1kg\/#Besonderheiten\" >Cechy szczeg\u00f3lne<\/a><\/li><li class='ez-toc-page-1 ez-toc-heading-level-4'><a class=\"ez-toc-link ez-toc-heading-4\" href=\"https:\/\/honigbee.com\/pl\/produkt\/yemeni-sumar-honig-400g-1kg\/#Verwendungsmoglichkeiten\" >Mo\u017cliwe zastosowania<\/a><\/li><li class='ez-toc-page-1 ez-toc-heading-level-4'><a class=\"ez-toc-link ez-toc-heading-5\" href=\"https:\/\/honigbee.com\/pl\/produkt\/yemeni-sumar-honig-400g-1kg\/#Weitere_Inspiration_entdecken\" >Weitere Inspiration entdecken<\/a><\/li><\/ul><\/nav><\/div>\n<h4 data-start=\"216\" data-end=\"289\"><span class=\"ez-toc-section\" id=\"Yemeni_Sumar_Honig_%E2%80%93_Rohhonig_aus_den_Gebirgsregionen_Jemens\"><\/span>Yemeni Sumar Honig \u2013 Rohhonig aus den Gebirgsregionen Jemens<span class=\"ez-toc-section-end\"><\/span><\/h4>\n<p data-start=\"291\" data-end=\"676\">Der Yemeni Sumar Honig wird aus dem Nektar des Sumarbaums (Acacia tortilis) gewonnen, der in den trockenen Hochlandregionen Jemens nur einmal j\u00e4hrlich in Bl\u00fcte steht. Die Ernte erfolgt traditionell durch nomadische Imkerfamilien \u2013 ganz ohne industrielle Verarbeitung. Das Ergebnis ist ein seltener, karamellig-w\u00fcrziger Rohhonig mit feinem Rauchton und hohem Mineralstoffgehalt.<\/p>\n<hr data-start=\"678\" data-end=\"681\" \/>\n<h4 data-start=\"683\" data-end=\"707\"><span class=\"ez-toc-section\" id=\"Merkmale_Herkunft\"><\/span>Charakterystyka i pochodzenie<span class=\"ez-toc-section-end\"><\/span><\/h4>\n<p data-start=\"709\" data-end=\"1087\"><strong data-start=\"709\" data-end=\"725\">Nazwa produktu:<\/strong> Yemeni Sumar Honig<br data-start=\"752\" data-end=\"755\" \/><strong data-start=\"755\" data-end=\"766\">Zawarto\u015b\u0107:<\/strong> 400g &amp; 1kg<br data-start=\"772\" data-end=\"775\" \/><strong data-start=\"775\" data-end=\"788\">Pochodzenie:<\/strong> Jemen \u2013 m.in. Hadramaut, Tihama, Abyan<br data-start=\"827\" data-end=\"830\" \/><strong data-start=\"830\" data-end=\"842\">Zak\u0142ad:<\/strong> Drzewo sumatrza\u0144skie (<em data-start=\"854\" data-end=\"871\">Tortilis akacjowy<\/em>)<br data-start=\"872\" data-end=\"875\" \/><strong data-start=\"875\" data-end=\"885\">Kolor:<\/strong> Od ciemnego z\u0142ota do bursztynu<br data-start=\"916\" data-end=\"919\" \/><strong data-start=\"919\" data-end=\"933\">Smak:<\/strong> G\u0142\u0119boki, karmelowy, lekko dymny<br data-start=\"969\" data-end=\"972\" \/><strong data-start=\"972\" data-end=\"987\">Konsystencja:<\/strong> G\u0119sta do kremowej<br data-start=\"1010\" data-end=\"1013\" \/><strong data-start=\"1013\" data-end=\"1030\">Przetwarzanie:<\/strong> Surowe, niepodgrzewane, niefiltrowane<br data-start=\"1066\" data-end=\"1069\" \/><strong data-start=\"1069\" data-end=\"1081\">Stan : schorzenie:<\/strong> Nowy<\/p>\n<hr data-start=\"1089\" data-end=\"1092\" \/>\n<h4 data-start=\"1094\" data-end=\"1113\"><span class=\"ez-toc-section\" id=\"Besonderheiten\"><\/span>Cechy szczeg\u00f3lne<span class=\"ez-toc-section-end\"><\/span><\/h4>\n<ul data-start=\"1115\" data-end=\"1376\">\n<li data-start=\"1115\" data-end=\"1180\">\n<p data-start=\"1117\" data-end=\"1180\">100 % surowe i naturalne \u2013 bez pasteryzacji i dodatk\u00f3w<\/p>\n<\/li>\n<li data-start=\"1181\" data-end=\"1222\">\n<p data-start=\"1183\" data-end=\"1222\">Aromat karmelowy z g\u0142\u0119bok\u0105 nut\u0105<\/p>\n<\/li>\n<li data-start=\"1223\" data-end=\"1275\">\n<p data-start=\"1225\" data-end=\"1275\">Bogate w \u017celazo, minera\u0142y i naturalne enzymy<\/p>\n<\/li>\n<li data-start=\"1276\" data-end=\"1320\">\n<p data-start=\"1278\" data-end=\"1320\">Tradycyjne zbiory poprzez koczownicze pszczelarstwo<\/p>\n<\/li>\n<\/ul>\n<hr data-start=\"1623\" data-end=\"1626\" \/>\n<h4 data-start=\"1628\" data-end=\"1657\"><span class=\"ez-toc-section\" id=\"Verwendungsmoglichkeiten\"><\/span>Mo\u017cliwe zastosowania<span class=\"ez-toc-section-end\"><\/span><\/h4>\n<ul data-start=\"1659\" data-end=\"1930\">\n<li data-start=\"1659\" data-end=\"1699\">\n<p data-start=\"1661\" data-end=\"1699\">Czysty poranek \u2013 dla codziennego wzmocnienia<\/p>\n<\/li>\n<li data-start=\"1700\" data-end=\"1741\">\n<p data-start=\"1702\" data-end=\"1741\">W herbacie, koktajlach, musli lub jogurcie<\/p>\n<\/li>\n<li data-start=\"1742\" data-end=\"1808\">\n<p data-start=\"1744\" data-end=\"1808\">Do gotowania i pieczenia \u2013 do dressing\u00f3w, marynat, naturalnych deser\u00f3w<\/p>\n<\/li>\n<li data-start=\"1809\" data-end=\"1867\">\n<p data-start=\"1811\" data-end=\"1867\">Jako naturalne \u017ar\u00f3d\u0142o energii \u2013 przed lub po \u0107wiczeniach<\/p>\n<\/li>\n<li data-start=\"1868\" data-end=\"1930\">\n<p data-start=\"1870\" data-end=\"1930\">Do piel\u0119gnacji sk\u00f3ry \u2013 zewn\u0119trznie na sk\u00f3r\u0119 such\u0105 i podra\u017cnion\u0105<\/p>\n<\/li>\n<\/ul>\n<hr data-start=\"1932\" data-end=\"1935\" \/>\n<h4 data-start=\"413\" data-end=\"449\"><span class=\"ez-toc-section\" id=\"Weitere_Inspiration_entdecken\"><\/span>Weitere Inspiration entdecken<span class=\"ez-toc-section-end\"><\/span><\/h4>\n<p data-start=\"450\" data-end=\"582\">Du suchst weitere besondere Produkte? Entdecke zus\u00e4tzliche Highlights in unserem Sortiment oder st\u00f6bere in unseren Partnerprojekten:<\/p>\n<ul data-start=\"584\" data-end=\"920\">\n<li data-start=\"584\" data-end=\"656\"><a href=\"https:\/\/honigbee.com\/pl\/shop\/\">Weitere Naturprodukte bei Honigbee entdecken<\/a><\/li>\n<li data-start=\"657\" data-end=\"783\">\n<p data-start=\"659\" data-end=\"783\"><a href=\"https:\/\/matvana.com\/shop\/\" target=\"_blank\" rel=\"noopener\">Stilvolle Wohnideen bei Matvana ansehen<\/a><\/p>\n<\/li>\n<li data-start=\"784\" data-end=\"920\">\n<p data-start=\"786\" data-end=\"920\"><a href=\"https:\/\/saphirsmaragd.com\/shop\/\" target=\"_blank\" rel=\"noopener\">Edelsteine &amp; Schmuck bei Saphir &amp; Smaragd ansehen<\/a><\/p>\n<\/li>\n<\/ul>\n<hr data-start=\"1931\" data-end=\"1934\" \/>\n<p>Produktbilder dienen der Veranschaulichung. Verpackungsdesign kann abweichen.<\/p>","protected":false},"excerpt":{"rendered":"<p class=\"\" data-start=\"4964\" data-end=\"5378\"><em>Yemeni Sumar Honig \u2013 100\u202f% Rohhonig aus den Bl\u00fcten des Sumarbaums. Unterst\u00fctzt Leber &amp; Immunsystem, reich an Eisen, nachhaltig geerntet. Jetzt in 400g oder 1kg erh\u00e4ltlich.<\/em><\/p>","protected":false},"featured_media":43741,"comment_status":"open","ping_status":"closed","template":"","meta":{"_glsr_average":0,"_glsr_ranking":0,"_glsr_reviews":0},"product_brand":[],"product_cat":[627],"product_tag":[],"class_list":{"0":"post-16079","1":"product","2":"type-product","3":"status-publish","4":"has-post-thumbnail","6":"product_cat-mono-floral-honig","8":"first","9":"instock","10":"shipping-taxable","11":"purchasable","12":"product-type-variable","13":"add-to-wishlist-before_image"},"jetpack_sharing_enabled":true,"_links":{"self":[{"href":"https:\/\/honigbee.com\/pl\/wp-json\/wp\/v2\/product\/16079","targetHints":{"allow":["GET"]}}],"collection":[{"href":"https:\/\/honigbee.com\/pl\/wp-json\/wp\/v2\/product"}],"about":[{"href":"https:\/\/honigbee.com\/pl\/wp-json\/wp\/v2\/types\/product"}],"replies":[{"embeddable":true,"href":"https:\/\/honigbee.com\/pl\/wp-json\/wp\/v2\/comments?post=16079"}],"version-history":[{"count":6,"href":"https:\/\/honigbee.com\/pl\/wp-json\/wp\/v2\/product\/16079\/revisions"}],"predecessor-version":[{"id":41824,"href":"https:\/\/honigbee.com\/pl\/wp-json\/wp\/v2\/product\/16079\/revisions\/41824"}],"wp:featuredmedia":[{"embeddable":true,"href":"https:\/\/honigbee.com\/pl\/wp-json\/wp\/v2\/media\/43741"}],"wp:attachment":[{"href":"https:\/\/honigbee.com\/pl\/wp-json\/wp\/v2\/media?parent=16079"}],"wp:term":[{"taxonomy":"product_brand","embeddable":true,"href":"https:\/\/honigbee.com\/pl\/wp-json\/wp\/v2\/product_brand?post=16079"},{"taxonomy":"product_cat","embeddable":true,"href":"https:\/\/honigbee.com\/pl\/wp-json\/wp\/v2\/product_cat?post=16079"},{"taxonomy":"product_tag","embeddable":true,"href":"https:\/\/honigbee.com\/pl\/wp-json\/wp\/v2\/product_tag?post=16079"}],"curies":[{"name":"wp","href":"https:\/\/api.w.org\/{rel}","templated":true}]}}