{"id":16080,"date":"2025-02-05T14:15:42","date_gmt":"2025-02-05T14:15:42","guid":{"rendered":"https:\/\/honigbee.com\/?post_type=product&#038;p=16080"},"modified":"2026-03-13T20:23:46","modified_gmt":"2026-03-13T20:23:46","slug":"emirati-sidr-honig-400g-1kg","status":"publish","type":"product","link":"https:\/\/honigbee.com\/pl\/produkt\/emirati-sidr-honig-400g-1kg\/","title":{"rendered":"Emirati Sidr Honig 400g &#038; 1kg \u2013 100% Roh &#038; Naturbelassen \u2013 Aus Ras Al Khaimah"},"content":{"rendered":"<div id=\"ez-toc-container\" class=\"ez-toc-v2_0_83 counter-hierarchy ez-toc-counter ez-toc-grey ez-toc-container-direction\">\n<div class=\"ez-toc-title-container\">\n<p class=\"ez-toc-title\" style=\"cursor:inherit\">Spis tre\u015bci<\/p>\n<span class=\"ez-toc-title-toggle\"><a href=\"#\" class=\"ez-toc-pull-right ez-toc-btn ez-toc-btn-xs ez-toc-btn-default ez-toc-toggle\" aria-label=\"Prze\u0142\u0105cznik Spisu Tre\u015bci\"><span class=\"ez-toc-js-icon-con\"><span class=\"\"><span class=\"eztoc-hide\" style=\"display:none;\">D\u017awignia kolankowa<\/span><span class=\"ez-toc-icon-toggle-span\"><svg style=\"fill: #999;color:#999\" xmlns=\"http:\/\/www.w3.org\/2000\/svg\" class=\"list-377408\" width=\"20px\" height=\"20px\" viewbox=\"0 0 24 24\" fill=\"none\"><path d=\"M6 6H4v2h2V6zm14 0H8v2h12V6zM4 11h2v2H4v-2zm16 0H8v2h12v-2zM4 16h2v2H4v-2zm16 0H8v2h12v-2z\" fill=\"currentColor\"><\/path><\/svg><svg style=\"fill: #999;color:#999\" class=\"arrow-unsorted-368013\" xmlns=\"http:\/\/www.w3.org\/2000\/svg\" width=\"10px\" height=\"10px\" viewbox=\"0 0 24 24\" version=\"1.2\" baseprofile=\"tiny\"><path d=\"M18.2 9.3l-6.2-6.3-6.2 6.3c-.2.2-.3.4-.3.7s.1.5.3.7c.2.2.4.3.7.3h11c.3 0 .5-.1.7-.3.2-.2.3-.5.3-.7s-.1-.5-.3-.7zM5.8 14.7l6.2 6.3 6.2-6.3c.2-.2.3-.5.3-.7s-.1-.5-.3-.7c-.2-.2-.4-.3-.7-.3h-11c-.3 0-.5.1-.7.3-.2.2-.3.5-.3.7s.1.5.3.7z\"\/><\/svg><\/span><\/span><\/span><\/a><\/span><\/div>\n<nav><ul class='ez-toc-list ez-toc-list-level-1' ><li class='ez-toc-page-1 ez-toc-heading-level-4'><a class=\"ez-toc-link ez-toc-heading-1\" href=\"https:\/\/honigbee.com\/pl\/produkt\/emirati-sidr-honig-400g-1kg\/#Emirati_Sidr_Honig_%E2%80%93_Reiner_Wustenhonig_aus_Ras_Al_Khaimah\" >Emirati Sidr Honig \u2013 Reiner W\u00fcstenhonig aus Ras Al Khaimah<\/a><\/li><li class='ez-toc-page-1 ez-toc-heading-level-4'><a class=\"ez-toc-link ez-toc-heading-2\" href=\"https:\/\/honigbee.com\/pl\/produkt\/emirati-sidr-honig-400g-1kg\/#Merkmale_Herkunft\" >Charakterystyka i pochodzenie<\/a><\/li><li class='ez-toc-page-1 ez-toc-heading-level-4'><a class=\"ez-toc-link ez-toc-heading-3\" href=\"https:\/\/honigbee.com\/pl\/produkt\/emirati-sidr-honig-400g-1kg\/#Besonderheiten\" >Cechy szczeg\u00f3lne<\/a><\/li><li class='ez-toc-page-1 ez-toc-heading-level-4'><a class=\"ez-toc-link ez-toc-heading-4\" href=\"https:\/\/honigbee.com\/pl\/produkt\/emirati-sidr-honig-400g-1kg\/#Verwendungsmoglichkeiten\" >Mo\u017cliwe zastosowania<\/a><\/li><li class='ez-toc-page-1 ez-toc-heading-level-4'><a class=\"ez-toc-link ez-toc-heading-5\" href=\"https:\/\/honigbee.com\/pl\/produkt\/emirati-sidr-honig-400g-1kg\/#Weitere_Inspiration_entdecken\" >Weitere Inspiration entdecken<\/a><\/li><\/ul><\/nav><\/div>\n<h4 data-start=\"289\" data-end=\"360\"><span class=\"ez-toc-section\" id=\"Emirati_Sidr_Honig_%E2%80%93_Reiner_Wustenhonig_aus_Ras_Al_Khaimah\"><\/span>Emirati Sidr Honig \u2013 Reiner W\u00fcstenhonig aus Ras Al Khaimah<span class=\"ez-toc-section-end\"><\/span><\/h4>\n<p data-start=\"362\" data-end=\"723\">Dieser seltene Rohhonig stammt aus den trockenen, bl\u00fctenreichen W\u00fcstengebieten von Ras Al Khaimah (Vereinigte Arabische Emirate), wo der Sidr-Baum (<em data-start=\"510\" data-end=\"534\">Ziziphus spina-christi<\/em>) unter extremen Bedingungen gedeiht. Die Bienen sammeln dort den kostbaren Nektar, der zu einem mild-s\u00fc\u00dfen, floralen Honig verarbeitet wird \u2013 roh, ungefiltert und vollkommen naturbelassen.<\/p>\n<hr data-start=\"725\" data-end=\"728\" \/>\n<h4 data-start=\"730\" data-end=\"754\"><span class=\"ez-toc-section\" id=\"Merkmale_Herkunft\"><\/span>Charakterystyka i pochodzenie<span class=\"ez-toc-section-end\"><\/span><\/h4>\n<p data-start=\"756\" data-end=\"1114\"><strong data-start=\"756\" data-end=\"772\">Nazwa produktu:<\/strong> Emirati Sidr Honig<br data-start=\"799\" data-end=\"802\" \/><strong data-start=\"802\" data-end=\"813\">Zawarto\u015b\u0107:<\/strong> 400g &amp; 1kg<br data-start=\"819\" data-end=\"822\" \/><strong data-start=\"822\" data-end=\"835\">Pochodzenie:<\/strong> Ras Al Khaimah, Vereinigte Arabische Emirate<br data-start=\"880\" data-end=\"883\" \/><strong data-start=\"883\" data-end=\"895\">Zak\u0142ad:<\/strong> Drzewo Sidr (<em data-start=\"907\" data-end=\"931\">Ziziphus spina-christi<\/em>)<br data-start=\"932\" data-end=\"935\" \/><strong data-start=\"935\" data-end=\"945\">Kolor:<\/strong> Hellgolden<br data-start=\"956\" data-end=\"959\" \/><strong data-start=\"959\" data-end=\"973\">Smak:<\/strong> Mild, floral, fein s\u00fc\u00df<br data-start=\"996\" data-end=\"999\" \/><strong data-start=\"999\" data-end=\"1014\">Konsystencja:<\/strong> G\u0119sta do kremowej<br data-start=\"1037\" data-end=\"1040\" \/><strong data-start=\"1040\" data-end=\"1057\">Przetwarzanie:<\/strong> Surowe, niepodgrzewane, niefiltrowane<br data-start=\"1093\" data-end=\"1096\" \/><strong data-start=\"1096\" data-end=\"1108\">Stan : schorzenie:<\/strong> Nowy<\/p>\n<hr data-start=\"1116\" data-end=\"1119\" \/>\n<h4 data-start=\"1121\" data-end=\"1140\"><span class=\"ez-toc-section\" id=\"Besonderheiten\"><\/span>Cechy szczeg\u00f3lne<span class=\"ez-toc-section-end\"><\/span><\/h4>\n<ul data-start=\"1142\" data-end=\"1416\">\n<li data-start=\"1142\" data-end=\"1212\">\n<p data-start=\"1144\" data-end=\"1212\">100\u202f% roh &amp; naturbelassen \u2013 ohne Pasteurisierung oder Zusatzstoffe<\/p>\n<\/li>\n<li data-start=\"1213\" data-end=\"1264\">\n<p data-start=\"1215\" data-end=\"1264\">Aus einer der urspr\u00fcnglichsten Regionen der VAE<\/p>\n<\/li>\n<li data-start=\"1265\" data-end=\"1314\">\n<p data-start=\"1267\" data-end=\"1314\">Reich an Antioxidantien &amp; nat\u00fcrlichen Enzymen<\/p>\n<\/li>\n<li data-start=\"1315\" data-end=\"1372\">\n<p data-start=\"1317\" data-end=\"1372\">Nachhaltig geerntet durch traditionelle Imkerfamilien<\/p>\n<\/li>\n<li data-start=\"1373\" data-end=\"1416\">\n<p data-start=\"1375\" data-end=\"1416\">Ideal f\u00fcr Ern\u00e4hrung, Energie &amp; Hautpflege<\/p>\n<\/li>\n<\/ul>\n<hr data-start=\"1654\" data-end=\"1657\" \/>\n<h4 data-start=\"1659\" data-end=\"1688\"><span class=\"ez-toc-section\" id=\"Verwendungsmoglichkeiten\"><\/span>Mo\u017cliwe zastosowania<span class=\"ez-toc-section-end\"><\/span><\/h4>\n<ul data-start=\"1690\" data-end=\"1901\">\n<li data-start=\"1690\" data-end=\"1742\">\n<p data-start=\"1692\" data-end=\"1742\">Morgens pur \u2013 ein Teel\u00f6ffel auf n\u00fcchternem Magen<\/p>\n<\/li>\n<li data-start=\"1743\" data-end=\"1777\">\n<p data-start=\"1745\" data-end=\"1777\">In Tee, Joghurt oder Smoothies<\/p>\n<\/li>\n<li data-start=\"1778\" data-end=\"1815\">\n<p data-start=\"1780\" data-end=\"1815\">F\u00fcr Dressings, Marinaden &amp; Geb\u00e4ck<\/p>\n<\/li>\n<li data-start=\"1816\" data-end=\"1862\">\n<p data-start=\"1818\" data-end=\"1862\">Vor dem Sport als nat\u00fcrliche Energiequelle<\/p>\n<\/li>\n<li data-start=\"1863\" data-end=\"1901\">\n<p data-start=\"1865\" data-end=\"1901\">Zur Hautpflege bei trockenen Stellen<\/p>\n<\/li>\n<\/ul>\n<hr data-start=\"1896\" data-end=\"1899\" \/>\n<h4 data-start=\"413\" data-end=\"449\"><span class=\"ez-toc-section\" id=\"Weitere_Inspiration_entdecken\"><\/span>Weitere Inspiration entdecken<span class=\"ez-toc-section-end\"><\/span><\/h4>\n<p data-start=\"450\" data-end=\"582\">Du suchst weitere besondere Produkte? Entdecke zus\u00e4tzliche Highlights in unserem Sortiment oder st\u00f6bere in unseren Partnerprojekten:<\/p>\n<ul data-start=\"584\" data-end=\"920\">\n<li data-start=\"584\" data-end=\"656\"><a href=\"https:\/\/honigbee.com\/pl\/shop\/\">Weitere Naturprodukte bei Honigbee entdecken<\/a><\/li>\n<li data-start=\"657\" data-end=\"783\">\n<p data-start=\"659\" data-end=\"783\"><a href=\"https:\/\/matvana.com\/shop\/\" target=\"_blank\" rel=\"noopener\">Stilvolle Wohnideen bei Matvana ansehen<\/a><\/p>\n<\/li>\n<li data-start=\"784\" data-end=\"920\">\n<p data-start=\"786\" data-end=\"920\"><a href=\"https:\/\/saphirsmaragd.com\/shop\/\" target=\"_blank\" rel=\"noopener\">Edelsteine &amp; Schmuck bei Saphir &amp; Smaragd ansehen<\/a><\/p>\n<\/li>\n<\/ul>\n<hr data-start=\"1931\" data-end=\"1934\" \/>\n<p>Produktbilder dienen der Veranschaulichung. Verpackungsdesign kann abweichen.<\/p>","protected":false},"excerpt":{"rendered":"<p class=\"\" data-start=\"5084\" data-end=\"5262\"><em>Emirati Sidr Honig \u2013 100% Roh &amp; Naturbelassen. F\u00f6rdert das Immunsystem, liefert Energie &amp; sch\u00fctzt vor freien Radikalen. Jetzt in 400g oder 1kg erh\u00e4ltlich.<\/em><\/p>","protected":false},"featured_media":43743,"comment_status":"open","ping_status":"closed","template":"","meta":{"_glsr_average":0,"_glsr_ranking":0,"_glsr_reviews":0},"product_brand":[],"product_cat":[69],"product_tag":[],"class_list":{"0":"post-16080","1":"product","2":"type-product","3":"status-publish","4":"has-post-thumbnail","6":"product_cat-sidr-honig","8":"first","9":"instock","10":"featured","11":"shipping-taxable","12":"purchasable","13":"product-type-variable","14":"add-to-wishlist-before_image"},"jetpack_sharing_enabled":true,"_links":{"self":[{"href":"https:\/\/honigbee.com\/pl\/wp-json\/wp\/v2\/product\/16080","targetHints":{"allow":["GET"]}}],"collection":[{"href":"https:\/\/honigbee.com\/pl\/wp-json\/wp\/v2\/product"}],"about":[{"href":"https:\/\/honigbee.com\/pl\/wp-json\/wp\/v2\/types\/product"}],"replies":[{"embeddable":true,"href":"https:\/\/honigbee.com\/pl\/wp-json\/wp\/v2\/comments?post=16080"}],"version-history":[{"count":5,"href":"https:\/\/honigbee.com\/pl\/wp-json\/wp\/v2\/product\/16080\/revisions"}],"predecessor-version":[{"id":29283,"href":"https:\/\/honigbee.com\/pl\/wp-json\/wp\/v2\/product\/16080\/revisions\/29283"}],"wp:featuredmedia":[{"embeddable":true,"href":"https:\/\/honigbee.com\/pl\/wp-json\/wp\/v2\/media\/43743"}],"wp:attachment":[{"href":"https:\/\/honigbee.com\/pl\/wp-json\/wp\/v2\/media?parent=16080"}],"wp:term":[{"taxonomy":"product_brand","embeddable":true,"href":"https:\/\/honigbee.com\/pl\/wp-json\/wp\/v2\/product_brand?post=16080"},{"taxonomy":"product_cat","embeddable":true,"href":"https:\/\/honigbee.com\/pl\/wp-json\/wp\/v2\/product_cat?post=16080"},{"taxonomy":"product_tag","embeddable":true,"href":"https:\/\/honigbee.com\/pl\/wp-json\/wp\/v2\/product_tag?post=16080"}],"curies":[{"name":"wp","href":"https:\/\/api.w.org\/{rel}","templated":true}]}}