{"id":2378,"date":"2024-08-19T11:58:10","date_gmt":"2024-08-19T11:58:10","guid":{"rendered":"https:\/\/honigbee.com\/?post_type=product&#038;p=2378"},"modified":"2026-03-12T21:10:49","modified_gmt":"2026-03-12T21:10:49","slug":"400g-griechischer-sidr-honig","status":"publish","type":"product","link":"https:\/\/honigbee.com\/pl\/produkt\/400g-griechischer-sidr-honig\/","title":{"rendered":"400g Griechischer Sidr Honig \u2013 Roher Honig aus Sidr-Bl\u00fcten (Ziziphus)"},"content":{"rendered":"<div id=\"ez-toc-container\" class=\"ez-toc-v2_0_83 counter-hierarchy ez-toc-counter ez-toc-grey ez-toc-container-direction\">\n<div class=\"ez-toc-title-container\">\n<p class=\"ez-toc-title\" style=\"cursor:inherit\">Spis tre\u015bci<\/p>\n<span class=\"ez-toc-title-toggle\"><a href=\"#\" class=\"ez-toc-pull-right ez-toc-btn ez-toc-btn-xs ez-toc-btn-default ez-toc-toggle\" aria-label=\"Prze\u0142\u0105cznik Spisu Tre\u015bci\"><span class=\"ez-toc-js-icon-con\"><span class=\"\"><span class=\"eztoc-hide\" style=\"display:none;\">D\u017awignia kolankowa<\/span><span class=\"ez-toc-icon-toggle-span\"><svg style=\"fill: #999;color:#999\" xmlns=\"http:\/\/www.w3.org\/2000\/svg\" class=\"list-377408\" width=\"20px\" height=\"20px\" viewbox=\"0 0 24 24\" fill=\"none\"><path d=\"M6 6H4v2h2V6zm14 0H8v2h12V6zM4 11h2v2H4v-2zm16 0H8v2h12v-2zM4 16h2v2H4v-2zm16 0H8v2h12v-2z\" fill=\"currentColor\"><\/path><\/svg><svg style=\"fill: #999;color:#999\" class=\"arrow-unsorted-368013\" xmlns=\"http:\/\/www.w3.org\/2000\/svg\" width=\"10px\" height=\"10px\" viewbox=\"0 0 24 24\" version=\"1.2\" baseprofile=\"tiny\"><path d=\"M18.2 9.3l-6.2-6.3-6.2 6.3c-.2.2-.3.4-.3.7s.1.5.3.7c.2.2.4.3.7.3h11c.3 0 .5-.1.7-.3.2-.2.3-.5.3-.7s-.1-.5-.3-.7zM5.8 14.7l6.2 6.3 6.2-6.3c.2-.2.3-.5.3-.7s-.1-.5-.3-.7c-.2-.2-.4-.3-.7-.3h-11c-.3 0-.5.1-.7.3-.2.2-.3.5-.3.7s.1.5.3.7z\"\/><\/svg><\/span><\/span><\/span><\/a><\/span><\/div>\n<nav><ul class='ez-toc-list ez-toc-list-level-1' ><li class='ez-toc-page-1 ez-toc-heading-level-4'><a class=\"ez-toc-link ez-toc-heading-1\" href=\"https:\/\/honigbee.com\/pl\/produkt\/400g-griechischer-sidr-honig\/#Merkmale_Herkunft\" >Charakterystyka i pochodzenie<\/a><\/li><li class='ez-toc-page-1 ez-toc-heading-level-4'><a class=\"ez-toc-link ez-toc-heading-2\" href=\"https:\/\/honigbee.com\/pl\/produkt\/400g-griechischer-sidr-honig\/#Besonderheiten\" >Cechy szczeg\u00f3lne<\/a><\/li><li class='ez-toc-page-1 ez-toc-heading-level-4'><a class=\"ez-toc-link ez-toc-heading-3\" href=\"https:\/\/honigbee.com\/pl\/produkt\/400g-griechischer-sidr-honig\/#Tipp\" >Wskaz\u00f3wka<\/a><\/li><li class='ez-toc-page-1 ez-toc-heading-level-4'><a class=\"ez-toc-link ez-toc-heading-4\" href=\"https:\/\/honigbee.com\/pl\/produkt\/400g-griechischer-sidr-honig\/#Verwendungsmoglichkeiten\" >Mo\u017cliwe zastosowania<\/a><\/li><li class='ez-toc-page-1 ez-toc-heading-level-4'><a class=\"ez-toc-link ez-toc-heading-5\" href=\"https:\/\/honigbee.com\/pl\/produkt\/400g-griechischer-sidr-honig\/#Lagerung\" >sk\u0142adowanie<\/a><\/li><li class='ez-toc-page-1 ez-toc-heading-level-4'><a class=\"ez-toc-link ez-toc-heading-6\" href=\"https:\/\/honigbee.com\/pl\/produkt\/400g-griechischer-sidr-honig\/#Weitere_Inspiration_entdecken\" >Weitere Inspiration entdecken<\/a><\/li><\/ul><\/nav><\/div>\n<p data-start=\"433\" data-end=\"726\">Ten <strong data-start=\"437\" data-end=\"464\">Griechischer Sidr Honig<\/strong> stammt aus abgelegenen Gebirgsregionen Griechenlands, wo Bienen den Nektar wild wachsender Sidr-B\u00e4ume (Ziziphus spina-christi) sammeln. Dieser Honig wird nicht erhitzt, nicht pasteurisiert und nicht gefiltert, wodurch sein nat\u00fcrlicher Charakter erhalten bleibt.<\/p>\n<p data-start=\"728\" data-end=\"881\">Sein ausgewogenes Aroma und die cremige, dickfl\u00fcssige Konsistenz machen ihn zu einer besonderen Honigsorte mit sanfter S\u00fc\u00dfe und leicht karamelliger Note.<\/p>\n<hr data-start=\"883\" data-end=\"886\" \/>\n<h4 data-start=\"888\" data-end=\"912\"><span class=\"ez-toc-section\" id=\"Merkmale_Herkunft\"><\/span>Charakterystyka i pochodzenie<span class=\"ez-toc-section-end\"><\/span><\/h4>\n<p data-start=\"914\" data-end=\"1205\">Sorte: Monofloraler Honig aus Sidr-Bl\u00fcte (Ziziphus)<br data-start=\"965\" data-end=\"968\" \/>Herkunft: Griechenland (wild wachsende Sidr-B\u00e4ume)<br data-start=\"1018\" data-end=\"1021\" \/>Farbe: Bernstein- bis dunkelgolden<br data-start=\"1055\" data-end=\"1058\" \/>Geschmack: Mild, leicht karamellig und ausgewogen<br data-start=\"1107\" data-end=\"1110\" \/>Konsistenz: Dickfl\u00fcssig, cremig und streichf\u00e4hig<br data-start=\"1158\" data-end=\"1161\" \/>Behandlung: Roh, ungefiltert und unbeheizt<\/p>\n<hr data-start=\"1207\" data-end=\"1210\" \/>\n<h4 data-start=\"1212\" data-end=\"1231\"><span class=\"ez-toc-section\" id=\"Besonderheiten\"><\/span>Cechy szczeg\u00f3lne<span class=\"ez-toc-section-end\"><\/span><\/h4>\n<p data-start=\"1233\" data-end=\"1453\">\u2022 100 % naturbelassener Rohhonig<br data-start=\"1265\" data-end=\"1268\" \/>\u2022 Gewonnen aus Sidr-Bl\u00fcten in Griechenland<br data-start=\"1310\" data-end=\"1313\" \/>\u2022 Mildes, harmonisches Geschmacksprofil<br data-start=\"1352\" data-end=\"1355\" \/>\u2022 Ohne Zus\u00e4tze und minimal verarbeitet<br data-start=\"1393\" data-end=\"1396\" \/>\u2022 Mediterrane Honigspezialit\u00e4t aus nat\u00fcrlicher Herkunft<\/p>\n<hr data-start=\"1455\" data-end=\"1458\" \/>\n<h4 data-start=\"1460\" data-end=\"1469\"><span class=\"ez-toc-section\" id=\"Tipp\"><\/span>Wskaz\u00f3wka<span class=\"ez-toc-section-end\"><\/span><\/h4>\n<p data-start=\"1471\" data-end=\"1674\">Dieser Honig eignet sich gut f\u00fcr den Vergleich mit anderen Sidr-Honigsorten aus unterschiedlichen Regionen. Unterschiede in Klima und Pflanzenwelt k\u00f6nnen zu leicht variierenden Geschmacksprofilen f\u00fchren.<\/p>\n<hr data-start=\"1676\" data-end=\"1679\" \/>\n<h4 data-start=\"1681\" data-end=\"1710\"><span class=\"ez-toc-section\" id=\"Verwendungsmoglichkeiten\"><\/span>Mo\u017cliwe zastosowania<span class=\"ez-toc-section-end\"><\/span><\/h4>\n<p data-start=\"1712\" data-end=\"1900\">\u2022 Pur direkt vom L\u00f6ffel genie\u00dfen<br data-start=\"1744\" data-end=\"1747\" \/>\u2022 In Tee, Milch oder Pflanzengetr\u00e4nken (unter 40 \u00b0C)<br data-start=\"1799\" data-end=\"1802\" \/>\u2022 Als Topping f\u00fcr Joghurt, Quark oder Fr\u00fchst\u00fccksbowls<br data-start=\"1855\" data-end=\"1858\" \/>\u2022 F\u00fcr Dressings, Backwaren oder Glasuren<\/p>\n<hr data-start=\"1902\" data-end=\"1905\" \/>\n<h4 data-start=\"1907\" data-end=\"1920\"><span class=\"ez-toc-section\" id=\"Lagerung\"><\/span>sk\u0142adowanie<span class=\"ez-toc-section-end\"><\/span><\/h4>\n<p data-start=\"1922\" data-end=\"1998\">Przechowywa\u0107 w ch\u0142odnym i suchym miejscu, z dala od \u015bwiat\u0142a.<br data-start=\"1962\" data-end=\"1965\" \/>Nach dem \u00d6ffnen gut verschlie\u00dfen.<\/p>\n<hr data-start=\"1896\" data-end=\"1899\" \/>\n<h4 data-start=\"413\" data-end=\"449\"><span class=\"ez-toc-section\" id=\"Weitere_Inspiration_entdecken\"><\/span>Weitere Inspiration entdecken<span class=\"ez-toc-section-end\"><\/span><\/h4>\n<p data-start=\"450\" data-end=\"582\">Du suchst weitere besondere Produkte? Entdecke zus\u00e4tzliche Highlights in unserem Sortiment oder st\u00f6bere in unseren Partnerprojekten:<\/p>\n<ul data-start=\"584\" data-end=\"920\">\n<li data-start=\"584\" data-end=\"656\"><a href=\"https:\/\/honigbee.com\/pl\/shop\/\">Weitere Naturprodukte bei Honigbee entdecken<\/a><\/li>\n<li data-start=\"657\" data-end=\"783\">\n<p data-start=\"659\" data-end=\"783\"><a href=\"https:\/\/matvana.com\/shop\/\" target=\"_blank\" rel=\"noopener\">Stilvolle Wohnideen bei Matvana ansehen<\/a><\/p>\n<\/li>\n<li data-start=\"784\" data-end=\"920\">\n<p data-start=\"786\" data-end=\"920\"><a href=\"https:\/\/saphirsmaragd.com\/shop\/\" target=\"_blank\" rel=\"noopener\">Edelsteine &amp; Schmuck bei Saphir &amp; Smaragd ansehen<\/a><\/p>\n<\/li>\n<\/ul>\n<hr data-start=\"1931\" data-end=\"1934\" \/>\n<p>Produktbilder dienen der Veranschaulichung. Verpackungsdesign kann abweichen.<\/p>","protected":false},"excerpt":{"rendered":"<p data-start=\"151\" data-end=\"309\"><em>400g Griechischer Sidr Honig aus Sidr-Bl\u00fcten (Ziziphus) aus Griechenland. Naturbelassener Rohhonig, nicht erhitzt und ungefiltert, mit mild karamelliger Note.<\/em><\/p>\n<p class=\"\" data-start=\"3578\" data-end=\"3648\">","protected":false},"featured_media":43687,"comment_status":"open","ping_status":"closed","template":"","meta":{"_glsr_average":0,"_glsr_ranking":0,"_glsr_reviews":0},"product_brand":[],"product_cat":[69],"product_tag":[],"class_list":{"0":"post-2378","1":"product","2":"type-product","3":"status-publish","4":"has-post-thumbnail","6":"product_cat-sidr-honig","8":"first","9":"instock","10":"featured","11":"shipping-taxable","12":"purchasable","13":"product-type-simple","14":"add-to-wishlist-before_image"},"jetpack_sharing_enabled":true,"_links":{"self":[{"href":"https:\/\/honigbee.com\/pl\/wp-json\/wp\/v2\/product\/2378","targetHints":{"allow":["GET"]}}],"collection":[{"href":"https:\/\/honigbee.com\/pl\/wp-json\/wp\/v2\/product"}],"about":[{"href":"https:\/\/honigbee.com\/pl\/wp-json\/wp\/v2\/types\/product"}],"replies":[{"embeddable":true,"href":"https:\/\/honigbee.com\/pl\/wp-json\/wp\/v2\/comments?post=2378"}],"version-history":[{"count":5,"href":"https:\/\/honigbee.com\/pl\/wp-json\/wp\/v2\/product\/2378\/revisions"}],"predecessor-version":[{"id":29254,"href":"https:\/\/honigbee.com\/pl\/wp-json\/wp\/v2\/product\/2378\/revisions\/29254"}],"wp:featuredmedia":[{"embeddable":true,"href":"https:\/\/honigbee.com\/pl\/wp-json\/wp\/v2\/media\/43687"}],"wp:attachment":[{"href":"https:\/\/honigbee.com\/pl\/wp-json\/wp\/v2\/media?parent=2378"}],"wp:term":[{"taxonomy":"product_brand","embeddable":true,"href":"https:\/\/honigbee.com\/pl\/wp-json\/wp\/v2\/product_brand?post=2378"},{"taxonomy":"product_cat","embeddable":true,"href":"https:\/\/honigbee.com\/pl\/wp-json\/wp\/v2\/product_cat?post=2378"},{"taxonomy":"product_tag","embeddable":true,"href":"https:\/\/honigbee.com\/pl\/wp-json\/wp\/v2\/product_tag?post=2378"}],"curies":[{"name":"wp","href":"https:\/\/api.w.org\/{rel}","templated":true}]}}