{"id":2382,"date":"2024-08-19T11:58:10","date_gmt":"2024-08-19T11:58:10","guid":{"rendered":"https:\/\/honigbee.com\/?post_type=product&#038;p=2382"},"modified":"2026-05-08T12:57:59","modified_gmt":"2026-05-08T12:57:59","slug":"400g-safran-honig","status":"publish","type":"product","link":"https:\/\/honigbee.com\/pl\/produkt\/400g-safran-honig\/","title":{"rendered":"400g Safran Honig \u2013 Roher Bl\u00fctenhonig mit echtem Safran (Crocus sativus)"},"content":{"rendered":"<div id=\"ez-toc-container\" class=\"ez-toc-v2_0_83 counter-hierarchy ez-toc-counter ez-toc-grey ez-toc-container-direction\">\n<div class=\"ez-toc-title-container\">\n<p class=\"ez-toc-title\" style=\"cursor:inherit\">Spis tre\u015bci<\/p>\n<span class=\"ez-toc-title-toggle\"><a href=\"#\" class=\"ez-toc-pull-right ez-toc-btn ez-toc-btn-xs ez-toc-btn-default ez-toc-toggle\" aria-label=\"Prze\u0142\u0105cznik Spisu Tre\u015bci\"><span class=\"ez-toc-js-icon-con\"><span class=\"\"><span class=\"eztoc-hide\" style=\"display:none;\">D\u017awignia kolankowa<\/span><span class=\"ez-toc-icon-toggle-span\"><svg style=\"fill: #999;color:#999\" xmlns=\"http:\/\/www.w3.org\/2000\/svg\" class=\"list-377408\" width=\"20px\" height=\"20px\" viewbox=\"0 0 24 24\" fill=\"none\"><path d=\"M6 6H4v2h2V6zm14 0H8v2h12V6zM4 11h2v2H4v-2zm16 0H8v2h12v-2zM4 16h2v2H4v-2zm16 0H8v2h12v-2z\" fill=\"currentColor\"><\/path><\/svg><svg style=\"fill: #999;color:#999\" class=\"arrow-unsorted-368013\" xmlns=\"http:\/\/www.w3.org\/2000\/svg\" width=\"10px\" height=\"10px\" viewbox=\"0 0 24 24\" version=\"1.2\" baseprofile=\"tiny\"><path d=\"M18.2 9.3l-6.2-6.3-6.2 6.3c-.2.2-.3.4-.3.7s.1.5.3.7c.2.2.4.3.7.3h11c.3 0 .5-.1.7-.3.2-.2.3-.5.3-.7s-.1-.5-.3-.7zM5.8 14.7l6.2 6.3 6.2-6.3c.2-.2.3-.5.3-.7s-.1-.5-.3-.7c-.2-.2-.4-.3-.7-.3h-11c-.3 0-.5.1-.7.3-.2.2-.3.5-.3.7s.1.5.3.7z\"\/><\/svg><\/span><\/span><\/span><\/a><\/span><\/div>\n<nav><ul class='ez-toc-list ez-toc-list-level-1' ><li class='ez-toc-page-1 ez-toc-heading-level-4'><a class=\"ez-toc-link ez-toc-heading-1\" href=\"https:\/\/honigbee.com\/pl\/produkt\/400g-safran-honig\/#Merkmale_Herkunft\" >Charakterystyka i pochodzenie<\/a><\/li><li class='ez-toc-page-1 ez-toc-heading-level-4'><a class=\"ez-toc-link ez-toc-heading-2\" href=\"https:\/\/honigbee.com\/pl\/produkt\/400g-safran-honig\/#Besonderheiten\" >Cechy szczeg\u00f3lne<\/a><\/li><li class='ez-toc-page-1 ez-toc-heading-level-4'><a class=\"ez-toc-link ez-toc-heading-3\" href=\"https:\/\/honigbee.com\/pl\/produkt\/400g-safran-honig\/#Tipp\" >Wskaz\u00f3wka<\/a><\/li><li class='ez-toc-page-1 ez-toc-heading-level-4'><a class=\"ez-toc-link ez-toc-heading-4\" href=\"https:\/\/honigbee.com\/pl\/produkt\/400g-safran-honig\/#Verwendungsmoglichkeiten\" >Mo\u017cliwe zastosowania<\/a><\/li><li class='ez-toc-page-1 ez-toc-heading-level-4'><a class=\"ez-toc-link ez-toc-heading-5\" href=\"https:\/\/honigbee.com\/pl\/produkt\/400g-safran-honig\/#Lagerung\" >sk\u0142adowanie<\/a><\/li><li class='ez-toc-page-1 ez-toc-heading-level-4'><a class=\"ez-toc-link ez-toc-heading-6\" href=\"https:\/\/honigbee.com\/pl\/produkt\/400g-safran-honig\/#Weitere_Inspiration_entdecken\" >Weitere Inspiration entdecken<\/a><\/li><\/ul><\/nav><\/div>\n<p data-start=\"409\" data-end=\"604\">Ten <strong data-start=\"413\" data-end=\"429\">Safran Honig<\/strong> kombiniert rohen Bl\u00fctenhonig mit hochwertigem Fadensafran (Crocus sativus). Diese besondere Honig-Fusion vereint nat\u00fcrliche S\u00fc\u00dfe mit einer feinw\u00fcrzigen, leicht floralen Note.<\/p>\n<p data-start=\"606\" data-end=\"736\">Die goldene Farbe und die cremige Konsistenz machen diese Mischung zu einer besonderen Delikatesse f\u00fcr verschiedene Genussmomente.<\/p>\n<hr data-start=\"738\" data-end=\"741\" \/>\n<h4 data-start=\"743\" data-end=\"767\"><span class=\"ez-toc-section\" id=\"Merkmale_Herkunft\"><\/span>Charakterystyka i pochodzenie<span class=\"ez-toc-section-end\"><\/span><\/h4>\n<p data-start=\"769\" data-end=\"1117\">Zutaten: Roher Bl\u00fctenhonig, echter Safran (Crocus sativus)<br data-start=\"827\" data-end=\"830\" \/>Herkunft Honig: Spanien oder Griechenland (chargenabh\u00e4ngig)<br data-start=\"889\" data-end=\"892\" \/>Herkunft Safran: Zertifizierter Fadensafran<br data-start=\"935\" data-end=\"938\" \/>Farbe: Goldgelb mit sichtbaren Safranf\u00e4den<br data-start=\"980\" data-end=\"983\" \/>Geschmack: Florale S\u00fc\u00dfe mit feinw\u00fcrziger Tiefe<br data-start=\"1029\" data-end=\"1032\" \/>Konsistenz: Cremig und dickfl\u00fcssig<br data-start=\"1066\" data-end=\"1069\" \/>Behandlung: Roh, ungefiltert und nicht erhitzt<\/p>\n<hr data-start=\"1119\" data-end=\"1122\" \/>\n<h4 data-start=\"1124\" data-end=\"1143\"><span class=\"ez-toc-section\" id=\"Besonderheiten\"><\/span>Cechy szczeg\u00f3lne<span class=\"ez-toc-section-end\"><\/span><\/h4>\n<p data-start=\"1145\" data-end=\"1338\">\u2022 Kombination aus rohem Bl\u00fctenhonig und echtem Safran<br data-start=\"1198\" data-end=\"1201\" \/>\u2022 Naturbelassen und ohne Zusatzstoffe<br data-start=\"1238\" data-end=\"1241\" \/>\u2022 Aromatisches Geschmacksprofil mit floraler Note<br data-start=\"1290\" data-end=\"1293\" \/>\u2022 Cremige Textur f\u00fcr vielseitige Verwendung<\/p>\n<hr data-start=\"1340\" data-end=\"1343\" \/>\n<h4 data-start=\"1345\" data-end=\"1354\"><span class=\"ez-toc-section\" id=\"Tipp\"><\/span>Wskaz\u00f3wka<span class=\"ez-toc-section-end\"><\/span><\/h4>\n<p data-start=\"1356\" data-end=\"1524\">Diese Honig-Fusion kann gut mit anderen naturbelassenen Honigsorten kombiniert werden. Unterschiedliche Honigarten erg\u00e4nzen die feinen Safranaromen auf besondere Weise.<\/p>\n<hr data-start=\"1526\" data-end=\"1529\" \/>\n<h4 data-start=\"1531\" data-end=\"1560\"><span class=\"ez-toc-section\" id=\"Verwendungsmoglichkeiten\"><\/span>Mo\u017cliwe zastosowania<span class=\"ez-toc-section-end\"><\/span><\/h4>\n<p data-start=\"1562\" data-end=\"1731\">\u2022 Pur direkt vom L\u00f6ffel genie\u00dfen<br data-start=\"1594\" data-end=\"1597\" \/>\u2022 In Tee oder warmer Milch (unter 40 \u00b0C)<br data-start=\"1637\" data-end=\"1640\" \/>\u2022 Als Topping f\u00fcr Joghurt, Desserts oder Geb\u00e4ck<br data-start=\"1687\" data-end=\"1690\" \/>\u2022 F\u00fcr s\u00fc\u00dfe Speisen und kreative Rezepte<\/p>\n<hr data-start=\"1733\" data-end=\"1736\" \/>\n<h4 data-start=\"1738\" data-end=\"1751\"><span class=\"ez-toc-section\" id=\"Lagerung\"><\/span>sk\u0142adowanie<span class=\"ez-toc-section-end\"><\/span><\/h4>\n<p data-start=\"1753\" data-end=\"1829\">Przechowywa\u0107 w ch\u0142odnym i suchym miejscu, z dala od \u015bwiat\u0142a.<br data-start=\"1793\" data-end=\"1796\" \/>Nach dem \u00d6ffnen gut verschlie\u00dfen.<\/p>\n<hr data-start=\"1896\" data-end=\"1899\" \/>\n<h4 data-start=\"413\" data-end=\"449\"><span class=\"ez-toc-section\" id=\"Weitere_Inspiration_entdecken\"><\/span>Weitere Inspiration entdecken<span class=\"ez-toc-section-end\"><\/span><\/h4>\n<p data-start=\"450\" data-end=\"582\">Du suchst weitere besondere Produkte? Entdecke zus\u00e4tzliche Highlights in unserem Sortiment oder st\u00f6bere in unseren Partnerprojekten:<\/p>\n<ul data-start=\"584\" data-end=\"920\">\n<li data-start=\"584\" data-end=\"656\"><a href=\"https:\/\/honigbee.com\/pl\/shop\/\">Weitere Naturprodukte bei Honigbee entdecken<\/a><\/li>\n<li data-start=\"657\" data-end=\"783\">\n<p data-start=\"659\" data-end=\"783\"><a href=\"https:\/\/matvana.com\/shop\/\" target=\"_blank\" rel=\"noopener\">Stilvolle Wohnideen bei Matvana ansehen<\/a><\/p>\n<\/li>\n<li data-start=\"784\" data-end=\"920\">\n<p data-start=\"786\" data-end=\"920\"><a href=\"https:\/\/saphirsmaragd.com\/shop\/\" target=\"_blank\" rel=\"noopener\">Edelsteine &amp; Schmuck bei Saphir &amp; Smaragd ansehen<\/a><\/p>\n<\/li>\n<\/ul>\n<hr data-start=\"1931\" data-end=\"1934\" \/>\n<p>Produktbilder dienen der Veranschaulichung. Verpackungsdesign kann abweichen.<\/p>","protected":false},"excerpt":{"rendered":"<p data-start=\"143\" data-end=\"284\"><em>400g Safran Honig aus rohem Bl\u00fctenhonig mit echtem Safran (Crocus sativus). Aromatische Honig-Fusion mit floraler S\u00fc\u00dfe und feinw\u00fcrziger Note.<\/em><\/p>\n<p class=\"\" data-start=\"3447\" data-end=\"3509\">","protected":false},"featured_media":43945,"comment_status":"open","ping_status":"closed","template":"","meta":{"_glsr_average":0,"_glsr_ranking":0,"_glsr_reviews":0},"product_brand":[],"product_cat":[306],"product_tag":[],"class_list":{"0":"post-2382","1":"product","2":"type-product","3":"status-publish","4":"has-post-thumbnail","6":"product_cat-aromatisierter-honig","8":"first","9":"instock","10":"shipping-taxable","11":"purchasable","12":"product-type-simple","13":"add-to-wishlist-before_image"},"jetpack_sharing_enabled":true,"_links":{"self":[{"href":"https:\/\/honigbee.com\/pl\/wp-json\/wp\/v2\/product\/2382","targetHints":{"allow":["GET"]}}],"collection":[{"href":"https:\/\/honigbee.com\/pl\/wp-json\/wp\/v2\/product"}],"about":[{"href":"https:\/\/honigbee.com\/pl\/wp-json\/wp\/v2\/types\/product"}],"replies":[{"embeddable":true,"href":"https:\/\/honigbee.com\/pl\/wp-json\/wp\/v2\/comments?post=2382"}],"version-history":[{"count":5,"href":"https:\/\/honigbee.com\/pl\/wp-json\/wp\/v2\/product\/2382\/revisions"}],"predecessor-version":[{"id":29249,"href":"https:\/\/honigbee.com\/pl\/wp-json\/wp\/v2\/product\/2382\/revisions\/29249"}],"wp:featuredmedia":[{"embeddable":true,"href":"https:\/\/honigbee.com\/pl\/wp-json\/wp\/v2\/media\/43945"}],"wp:attachment":[{"href":"https:\/\/honigbee.com\/pl\/wp-json\/wp\/v2\/media?parent=2382"}],"wp:term":[{"taxonomy":"product_brand","embeddable":true,"href":"https:\/\/honigbee.com\/pl\/wp-json\/wp\/v2\/product_brand?post=2382"},{"taxonomy":"product_cat","embeddable":true,"href":"https:\/\/honigbee.com\/pl\/wp-json\/wp\/v2\/product_cat?post=2382"},{"taxonomy":"product_tag","embeddable":true,"href":"https:\/\/honigbee.com\/pl\/wp-json\/wp\/v2\/product_tag?post=2382"}],"curies":[{"name":"wp","href":"https:\/\/api.w.org\/{rel}","templated":true}]}}