{"id":29308,"date":"2025-08-01T10:58:50","date_gmt":"2025-08-01T10:58:50","guid":{"rendered":"https:\/\/honigbee.com\/?post_type=product&#038;p=29308"},"modified":"2026-03-09T20:05:37","modified_gmt":"2026-03-09T20:05:37","slug":"jarrah-honig-260g","status":"publish","type":"product","link":"https:\/\/honigbee.com\/pl\/produkt\/jarrah-honig-260g\/","title":{"rendered":"260 g Mi\u00f3d Jarrah \u2013 surowy mi\u00f3d z Australii o warto\u015bci aktywno\u015bci TA 35+"},"content":{"rendered":"<div id=\"ez-toc-container\" class=\"ez-toc-v2_0_83 counter-hierarchy ez-toc-counter ez-toc-grey ez-toc-container-direction\">\n<div class=\"ez-toc-title-container\">\n<p class=\"ez-toc-title\" style=\"cursor:inherit\">Spis tre\u015bci<\/p>\n<span class=\"ez-toc-title-toggle\"><a href=\"#\" class=\"ez-toc-pull-right ez-toc-btn ez-toc-btn-xs ez-toc-btn-default ez-toc-toggle\" aria-label=\"Prze\u0142\u0105cznik Spisu Tre\u015bci\"><span class=\"ez-toc-js-icon-con\"><span class=\"\"><span class=\"eztoc-hide\" style=\"display:none;\">D\u017awignia kolankowa<\/span><span class=\"ez-toc-icon-toggle-span\"><svg style=\"fill: #999;color:#999\" xmlns=\"http:\/\/www.w3.org\/2000\/svg\" class=\"list-377408\" width=\"20px\" height=\"20px\" viewbox=\"0 0 24 24\" fill=\"none\"><path d=\"M6 6H4v2h2V6zm14 0H8v2h12V6zM4 11h2v2H4v-2zm16 0H8v2h12v-2zM4 16h2v2H4v-2zm16 0H8v2h12v-2z\" fill=\"currentColor\"><\/path><\/svg><svg style=\"fill: #999;color:#999\" class=\"arrow-unsorted-368013\" xmlns=\"http:\/\/www.w3.org\/2000\/svg\" width=\"10px\" height=\"10px\" viewbox=\"0 0 24 24\" version=\"1.2\" baseprofile=\"tiny\"><path d=\"M18.2 9.3l-6.2-6.3-6.2 6.3c-.2.2-.3.4-.3.7s.1.5.3.7c.2.2.4.3.7.3h11c.3 0 .5-.1.7-.3.2-.2.3-.5.3-.7s-.1-.5-.3-.7zM5.8 14.7l6.2 6.3 6.2-6.3c.2-.2.3-.5.3-.7s-.1-.5-.3-.7c-.2-.2-.4-.3-.7-.3h-11c-.3 0-.5.1-.7.3-.2.2-.3.5-.3.7s.1.5.3.7z\"\/><\/svg><\/span><\/span><\/span><\/a><\/span><\/div>\n<nav><ul class='ez-toc-list ez-toc-list-level-1' ><li class='ez-toc-page-1 ez-toc-heading-level-4'><a class=\"ez-toc-link ez-toc-heading-1\" href=\"https:\/\/honigbee.com\/pl\/produkt\/jarrah-honig-260g\/#Merkmale_Herkunft\" >Charakterystyka i pochodzenie<\/a><\/li><li class='ez-toc-page-1 ez-toc-heading-level-4'><a class=\"ez-toc-link ez-toc-heading-2\" href=\"https:\/\/honigbee.com\/pl\/produkt\/jarrah-honig-260g\/#Geschmack_Aroma\" >Smak i aromat<\/a><\/li><li class='ez-toc-page-1 ez-toc-heading-level-4'><a class=\"ez-toc-link ez-toc-heading-3\" href=\"https:\/\/honigbee.com\/pl\/produkt\/jarrah-honig-260g\/#Verwendung\" >u\u017cywa\u0107<\/a><\/li><li class='ez-toc-page-1 ez-toc-heading-level-4'><a class=\"ez-toc-link ez-toc-heading-4\" href=\"https:\/\/honigbee.com\/pl\/produkt\/jarrah-honig-260g\/#Produktdetails\" >Szczeg\u00f3\u0142y produktu<\/a><\/li><li class='ez-toc-page-1 ez-toc-heading-level-4'><a class=\"ez-toc-link ez-toc-heading-5\" href=\"https:\/\/honigbee.com\/pl\/produkt\/jarrah-honig-260g\/#Lagerung\" >sk\u0142adowanie<\/a><\/li><li class='ez-toc-page-1 ez-toc-heading-level-4'><a class=\"ez-toc-link ez-toc-heading-6\" href=\"https:\/\/honigbee.com\/pl\/produkt\/jarrah-honig-260g\/#Weitere_Inspiration_entdecken\" >Weitere Inspiration entdecken<\/a><\/li><\/ul><\/nav><\/div>\n<p data-start=\"514\" data-end=\"765\">Ten <strong data-start=\"518\" data-end=\"539\">260g Jarrah Honig<\/strong> wird aus dem Nektar des Jarrah-Baumes (Eucalyptus marginata) gewonnen. Dieser Honig stammt aus dem S\u00fcdwesten Australiens und zeichnet sich durch seine dunkle Farbe, seine dickfl\u00fcssige Konsistenz und sein intensives Aroma aus.<\/p>\n<p data-start=\"767\" data-end=\"879\">Jarrah-Honig geh\u00f6rt zu den bekannten Honigsorten aus Australien und wird traditionell naturbelassen verarbeitet.<\/p>\n<hr data-start=\"881\" data-end=\"884\" \/>\n<h4 data-start=\"886\" data-end=\"910\"><span class=\"ez-toc-section\" id=\"Merkmale_Herkunft\"><\/span>Charakterystyka i pochodzenie<span class=\"ez-toc-section-end\"><\/span><\/h4>\n<p data-start=\"912\" data-end=\"1230\">Produktname: Jarrah Honig<br data-start=\"937\" data-end=\"940\" \/>\u0179r\u00f3d\u0142o botaniczne: drzewo jarrah (Eucalyptus marginata)<br data-start=\"993\" data-end=\"996\" \/>Herkunft: Westaustralien<br data-start=\"1020\" data-end=\"1023\" \/>Kolor: Ciemnobr\u0105zowy z lekko rudawym odcieniem<br data-start=\"1066\" data-end=\"1069\" \/>Geschmack: Malzig, nussig, leicht karamellig<br data-start=\"1113\" data-end=\"1116\" \/>Konsistenz: Dickfl\u00fcssig bis cremig<br data-start=\"1150\" data-end=\"1153\" \/>Przetwarzanie: surowe, niefiltrowane, niepodgrzewane<br data-start=\"1198\" data-end=\"1201\" \/>TA-Wert: 35+ (Total Activity)<\/p>\n<hr data-start=\"1232\" data-end=\"1235\" \/>\n<h4 data-start=\"1237\" data-end=\"1259\"><span class=\"ez-toc-section\" id=\"Geschmack_Aroma\"><\/span>Smak i aromat<span class=\"ez-toc-section-end\"><\/span><\/h4>\n<p data-start=\"1261\" data-end=\"1359\">Kr\u00e4ftiges Honigaroma<br data-start=\"1281\" data-end=\"1284\" \/>Malzige und leicht nussige Noten<br data-start=\"1316\" data-end=\"1319\" \/>Deutlich karamellige Geschmacksnuancen<\/p>\n<hr data-start=\"1361\" data-end=\"1364\" \/>\n<h4 data-start=\"1366\" data-end=\"1381\"><span class=\"ez-toc-section\" id=\"Verwendung\"><\/span>u\u017cywa\u0107<span class=\"ez-toc-section-end\"><\/span><\/h4>\n<p data-start=\"1383\" data-end=\"1425\">Ten <strong data-start=\"1387\" data-end=\"1408\">260g Jarrah Honig<\/strong> Nadaje si\u0119 do:<\/p>\n<p data-start=\"1427\" data-end=\"1533\">\u2022 Tee oder warme Getr\u00e4nke<br data-start=\"1452\" data-end=\"1455\" \/>\u2022 Brot oder Fr\u00fchst\u00fcck<br data-start=\"1476\" data-end=\"1479\" \/>\u2022 Joghurt oder Desserts<br data-start=\"1502\" data-end=\"1505\" \/>\u2022 Pur als Honigspezialit\u00e4t<\/p>\n<hr data-start=\"1535\" data-end=\"1538\" \/>\n<h4 data-start=\"1540\" data-end=\"1559\"><span class=\"ez-toc-section\" id=\"Produktdetails\"><\/span>Szczeg\u00f3\u0142y produktu<span class=\"ez-toc-section-end\"><\/span><\/h4>\n<p data-start=\"1561\" data-end=\"1725\">Produktname: Jarrah Honig<br data-start=\"1586\" data-end=\"1589\" \/>Inhalt: 260 g<br data-start=\"1602\" data-end=\"1605\" \/>Herkunft: Westaustralien<br data-start=\"1629\" data-end=\"1632\" \/>\u0179r\u00f3d\u0142o botaniczne: drzewo jarrah (Eucalyptus marginata)<br data-start=\"1685\" data-end=\"1688\" \/>Verarbeitung: Rohhonig, ungefiltert<\/p>\n<p data-start=\"1727\" data-end=\"1749\">Zutaten: 100 % Honig<\/p>\n<hr data-start=\"1751\" data-end=\"1754\" \/>\n<h4 data-start=\"1756\" data-end=\"1769\"><span class=\"ez-toc-section\" id=\"Lagerung\"><\/span>sk\u0142adowanie<span class=\"ez-toc-section-end\"><\/span><\/h4>\n<p data-start=\"1771\" data-end=\"1825\">Trocken, lichtgesch\u00fctzt und bei Raumtemperatur lagern.<\/p>\n<hr data-start=\"1683\" data-end=\"1686\" \/>\n<h4 data-start=\"413\" data-end=\"449\"><span class=\"ez-toc-section\" id=\"Weitere_Inspiration_entdecken\"><\/span>Weitere Inspiration entdecken<span class=\"ez-toc-section-end\"><\/span><\/h4>\n<p data-start=\"450\" data-end=\"582\">Du suchst weitere besondere Produkte? Entdecke zus\u00e4tzliche Highlights in unserem Sortiment oder st\u00f6bere in unseren Partnerprojekten:<\/p>\n<ul data-start=\"584\" data-end=\"920\">\n<li data-start=\"584\" data-end=\"656\"><a href=\"https:\/\/honigbee.com\/pl\/shop\/\">Weitere Naturprodukte bei Honigbee entdecken<\/a><\/li>\n<li data-start=\"657\" data-end=\"783\">\n<p data-start=\"659\" data-end=\"783\"><a href=\"https:\/\/matvana.com\/shop\/\" target=\"_blank\" rel=\"noopener\">Stilvolle Wohnideen bei Matvana ansehen<\/a><\/p>\n<\/li>\n<li data-start=\"784\" data-end=\"920\">\n<p data-start=\"786\" data-end=\"920\"><a href=\"https:\/\/saphirsmaragd.com\/shop\/\" target=\"_blank\" rel=\"noopener\">Edelsteine &amp; Schmuck bei Saphir &amp; Smaragd ansehen<\/a><\/p>\n<\/li>\n<\/ul>\n<hr data-start=\"1931\" data-end=\"1934\" \/>\n<p>Produktbilder dienen der Veranschaulichung. Verpackungsdesign kann abweichen.<\/p>","protected":false},"excerpt":{"rendered":"<p data-start=\"343\" data-end=\"544\"><em>Australijski mi\u00f3d jarrah 260 g \u2013 surowy, ciemny mi\u00f3d o kwasowo\u015bci kalorycznej 35+, pochodz\u0105cy z nektaru drzewa jarrah. Szczeg\u00f3lnie bogaty w przeciwutleniacze i w\u0142a\u015bciwo\u015bci antybakteryjne.<\/em><\/p>","protected":false},"featured_media":43552,"comment_status":"open","ping_status":"closed","template":"","meta":{"_glsr_average":0,"_glsr_ranking":0,"_glsr_reviews":0},"product_brand":[],"product_cat":[774],"product_tag":[],"class_list":{"0":"post-29308","1":"product","2":"type-product","3":"status-publish","4":"has-post-thumbnail","6":"product_cat-baumhonig","8":"first","9":"instock","10":"featured","11":"shipping-taxable","12":"purchasable","13":"product-type-simple","14":"add-to-wishlist-before_image"},"jetpack_sharing_enabled":true,"_links":{"self":[{"href":"https:\/\/honigbee.com\/pl\/wp-json\/wp\/v2\/product\/29308","targetHints":{"allow":["GET"]}}],"collection":[{"href":"https:\/\/honigbee.com\/pl\/wp-json\/wp\/v2\/product"}],"about":[{"href":"https:\/\/honigbee.com\/pl\/wp-json\/wp\/v2\/types\/product"}],"replies":[{"embeddable":true,"href":"https:\/\/honigbee.com\/pl\/wp-json\/wp\/v2\/comments?post=29308"}],"version-history":[{"count":3,"href":"https:\/\/honigbee.com\/pl\/wp-json\/wp\/v2\/product\/29308\/revisions"}],"predecessor-version":[{"id":43553,"href":"https:\/\/honigbee.com\/pl\/wp-json\/wp\/v2\/product\/29308\/revisions\/43553"}],"wp:featuredmedia":[{"embeddable":true,"href":"https:\/\/honigbee.com\/pl\/wp-json\/wp\/v2\/media\/43552"}],"wp:attachment":[{"href":"https:\/\/honigbee.com\/pl\/wp-json\/wp\/v2\/media?parent=29308"}],"wp:term":[{"taxonomy":"product_brand","embeddable":true,"href":"https:\/\/honigbee.com\/pl\/wp-json\/wp\/v2\/product_brand?post=29308"},{"taxonomy":"product_cat","embeddable":true,"href":"https:\/\/honigbee.com\/pl\/wp-json\/wp\/v2\/product_cat?post=29308"},{"taxonomy":"product_tag","embeddable":true,"href":"https:\/\/honigbee.com\/pl\/wp-json\/wp\/v2\/product_tag?post=29308"}],"curies":[{"name":"wp","href":"https:\/\/api.w.org\/{rel}","templated":true}]}}