{"id":30313,"date":"2025-09-05T18:19:35","date_gmt":"2025-09-05T18:19:35","guid":{"rendered":"https:\/\/honigbee.com\/?post_type=product&#038;p=30313"},"modified":"2026-03-16T19:34:15","modified_gmt":"2026-03-16T19:34:15","slug":"euphorbienhonig-aus-jemen-500g","status":"publish","type":"product","link":"https:\/\/honigbee.com\/pl\/produkt\/euphorbienhonig-aus-jemen-500g\/","title":{"rendered":"500 g Mi\u00f3d wilczomlecza z Jemenu \u2013 rzadki mi\u00f3d z wilczomlecza o delikatnym smaku"},"content":{"rendered":"<div id=\"ez-toc-container\" class=\"ez-toc-v2_0_83 counter-hierarchy ez-toc-counter ez-toc-grey ez-toc-container-direction\">\n<div class=\"ez-toc-title-container\">\n<p class=\"ez-toc-title\" style=\"cursor:inherit\">Spis tre\u015bci<\/p>\n<span class=\"ez-toc-title-toggle\"><a href=\"#\" class=\"ez-toc-pull-right ez-toc-btn ez-toc-btn-xs ez-toc-btn-default ez-toc-toggle\" aria-label=\"Prze\u0142\u0105cznik Spisu Tre\u015bci\"><span class=\"ez-toc-js-icon-con\"><span class=\"\"><span class=\"eztoc-hide\" style=\"display:none;\">D\u017awignia kolankowa<\/span><span class=\"ez-toc-icon-toggle-span\"><svg style=\"fill: #999;color:#999\" xmlns=\"http:\/\/www.w3.org\/2000\/svg\" class=\"list-377408\" width=\"20px\" height=\"20px\" viewbox=\"0 0 24 24\" fill=\"none\"><path d=\"M6 6H4v2h2V6zm14 0H8v2h12V6zM4 11h2v2H4v-2zm16 0H8v2h12v-2zM4 16h2v2H4v-2zm16 0H8v2h12v-2z\" fill=\"currentColor\"><\/path><\/svg><svg style=\"fill: #999;color:#999\" class=\"arrow-unsorted-368013\" xmlns=\"http:\/\/www.w3.org\/2000\/svg\" width=\"10px\" height=\"10px\" viewbox=\"0 0 24 24\" version=\"1.2\" baseprofile=\"tiny\"><path d=\"M18.2 9.3l-6.2-6.3-6.2 6.3c-.2.2-.3.4-.3.7s.1.5.3.7c.2.2.4.3.7.3h11c.3 0 .5-.1.7-.3.2-.2.3-.5.3-.7s-.1-.5-.3-.7zM5.8 14.7l6.2 6.3 6.2-6.3c.2-.2.3-.5.3-.7s-.1-.5-.3-.7c-.2-.2-.4-.3-.7-.3h-11c-.3 0-.5.1-.7.3-.2.2-.3.5-.3.7s.1.5.3.7z\"\/><\/svg><\/span><\/span><\/span><\/a><\/span><\/div>\n<nav><ul class='ez-toc-list ez-toc-list-level-1' ><li class='ez-toc-page-1 ez-toc-heading-level-4'><a class=\"ez-toc-link ez-toc-heading-1\" href=\"https:\/\/honigbee.com\/pl\/produkt\/euphorbienhonig-aus-jemen-500g\/#500_g_Euphorbienhonig_aus_Jemen_%E2%80%93_selten_wertvoll_und_einzigartig\" >500 g Euphorbienhonig aus Jemen \u2013 selten, wertvoll und einzigartig<\/a><\/li><li class='ez-toc-page-1 ez-toc-heading-level-4'><a class=\"ez-toc-link ez-toc-heading-2\" href=\"https:\/\/honigbee.com\/pl\/produkt\/euphorbienhonig-aus-jemen-500g\/#Merkmale_Herkunft\" >Charakterystyka i pochodzenie<\/a><\/li><li class='ez-toc-page-1 ez-toc-heading-level-4'><a class=\"ez-toc-link ez-toc-heading-3\" href=\"https:\/\/honigbee.com\/pl\/produkt\/euphorbienhonig-aus-jemen-500g\/#Besonderheiten\" >Cechy szczeg\u00f3lne<\/a><\/li><li class='ez-toc-page-1 ez-toc-heading-level-4'><a class=\"ez-toc-link ez-toc-heading-4\" href=\"https:\/\/honigbee.com\/pl\/produkt\/euphorbienhonig-aus-jemen-500g\/#Weitere_Inspiration_entdecken\" >Weitere Inspiration entdecken<\/a><\/li><\/ul><\/nav><\/div>\n<h4 data-start=\"849\" data-end=\"922\"><span class=\"ez-toc-section\" id=\"500_g_Euphorbienhonig_aus_Jemen_%E2%80%93_selten_wertvoll_und_einzigartig\"><\/span>500 g Euphorbienhonig aus Jemen \u2013 selten, wertvoll und einzigartig<span class=\"ez-toc-section-end\"><\/span><\/h4>\n<p data-start=\"923\" data-end=\"1145\">Dieser au\u00dfergew\u00f6hnliche Honig wird aus der Euphorbia-Pflanze im Jemen gewonnen. Aufgrund seines besonderen Ursprungs ist er selten und gilt als echte Delikatesse. Sein Geschmack ist fein, subtil und dennoch unverkennbar.<\/p>\n<hr data-start=\"1147\" data-end=\"1150\" \/>\n<h4 data-start=\"1152\" data-end=\"1181\"><span class=\"ez-toc-section\" id=\"Merkmale_Herkunft\"><\/span>Charakterystyka i pochodzenie<span class=\"ez-toc-section-end\"><\/span><\/h4>\n<ul data-start=\"1182\" data-end=\"1418\">\n<li data-start=\"1182\" data-end=\"1228\">\n<p data-start=\"1184\" data-end=\"1228\">Produkt: Euphorbienhonig (Wolfsmilchhonig)<\/p>\n<\/li>\n<li data-start=\"1229\" data-end=\"1248\">\n<p data-start=\"1231\" data-end=\"1248\">Herkunft: Jemen<\/p>\n<\/li>\n<li data-start=\"1249\" data-end=\"1284\">\n<p data-start=\"1251\" data-end=\"1284\">Pflanze: Euphorbia (Wolfsmilch)<\/p>\n<\/li>\n<li data-start=\"1285\" data-end=\"1329\">\n<p data-start=\"1287\" data-end=\"1329\">Besonderheit: Selten, subtiler Geschmack<\/p>\n<\/li>\n<li data-start=\"1330\" data-end=\"1373\">\n<p data-start=\"1332\" data-end=\"1373\">Geschmack: Fein, originell, leicht herb<\/p>\n<\/li>\n<li data-start=\"1374\" data-end=\"1401\">\n<p data-start=\"1376\" data-end=\"1401\">Wielko\u015b\u0107 opakowania: 500 g<\/p>\n<\/li>\n<\/ul>\n<hr data-start=\"1420\" data-end=\"1423\" \/>\n<h4 data-start=\"1425\" data-end=\"1449\"><span class=\"ez-toc-section\" id=\"Besonderheiten\"><\/span>Cechy szczeg\u00f3lne<span class=\"ez-toc-section-end\"><\/span><\/h4>\n<p data-start=\"1450\" data-end=\"1750\">Ten <strong data-start=\"1454\" data-end=\"1489\">500 g Euphorbienhonig aus Jemen<\/strong> gilt als einer der seltensten Honige der Welt. Er ist bekannt f\u00fcr seine besondere Wirkung auf die Atemwege und wird traditionell sogar bei Asthma gesch\u00e4tzt. Sein au\u00dfergew\u00f6hnlicher Geschmack macht ihn zu einer Delikatesse f\u00fcr Feinschmecker und Honigliebhaber.<\/p>\n<hr data-start=\"1683\" data-end=\"1686\" \/>\n<h4 data-start=\"413\" data-end=\"449\"><span class=\"ez-toc-section\" id=\"Weitere_Inspiration_entdecken\"><\/span>Weitere Inspiration entdecken<span class=\"ez-toc-section-end\"><\/span><\/h4>\n<p data-start=\"450\" data-end=\"582\">Du suchst weitere besondere Produkte? Entdecke zus\u00e4tzliche Highlights in unserem Sortiment oder st\u00f6bere in unseren Partnerprojekten:<\/p>\n<ul data-start=\"584\" data-end=\"920\">\n<li data-start=\"584\" data-end=\"656\"><a href=\"https:\/\/honigbee.com\/pl\/shop\/\">Weitere Naturprodukte bei Honigbee entdecken<\/a><\/li>\n<li data-start=\"657\" data-end=\"783\">\n<p data-start=\"659\" data-end=\"783\"><a href=\"https:\/\/matvana.com\/shop\/\" target=\"_blank\" rel=\"noopener\">Stilvolle Wohnideen bei Matvana ansehen<\/a><\/p>\n<\/li>\n<li data-start=\"784\" data-end=\"920\">\n<p data-start=\"786\" data-end=\"920\"><a href=\"https:\/\/saphirsmaragd.com\/shop\/\" target=\"_blank\" rel=\"noopener\">Edelsteine &amp; Schmuck bei Saphir &amp; Smaragd ansehen<\/a><\/p>\n<\/li>\n<\/ul>\n<hr data-start=\"1931\" data-end=\"1934\" \/>\n<p>Produktbilder dienen der Veranschaulichung. Verpackungsdesign kann abweichen.<\/p>","protected":false},"excerpt":{"rendered":"<p data-start=\"427\" data-end=\"687\"><em>Der seltene 500 g Euphorbienhonig aus Jemen, auch als Wolfsmilchhonig bekannt, ist ein kostbarer Honig mit feinem, subtilen Geschmack. Einzigartig in seiner Wirkung und ideal f\u00fcr Feinschmecker, die besondere Honige sch\u00e4tzen.<\/em><\/p>\n<p data-start=\"876\" data-end=\"961\">","protected":false},"featured_media":43852,"comment_status":"open","ping_status":"closed","template":"","meta":{"_glsr_average":0,"_glsr_ranking":0,"_glsr_reviews":0},"product_brand":[],"product_cat":[1409],"product_tag":[],"class_list":{"0":"post-30313","1":"product","2":"type-product","3":"status-publish","4":"has-post-thumbnail","6":"product_cat-jemen-honig","8":"first","9":"instock","10":"shipping-taxable","11":"purchasable","12":"product-type-simple","13":"add-to-wishlist-before_image"},"jetpack_sharing_enabled":true,"_links":{"self":[{"href":"https:\/\/honigbee.com\/pl\/wp-json\/wp\/v2\/product\/30313","targetHints":{"allow":["GET"]}}],"collection":[{"href":"https:\/\/honigbee.com\/pl\/wp-json\/wp\/v2\/product"}],"about":[{"href":"https:\/\/honigbee.com\/pl\/wp-json\/wp\/v2\/types\/product"}],"replies":[{"embeddable":true,"href":"https:\/\/honigbee.com\/pl\/wp-json\/wp\/v2\/comments?post=30313"}],"version-history":[{"count":4,"href":"https:\/\/honigbee.com\/pl\/wp-json\/wp\/v2\/product\/30313\/revisions"}],"predecessor-version":[{"id":43853,"href":"https:\/\/honigbee.com\/pl\/wp-json\/wp\/v2\/product\/30313\/revisions\/43853"}],"wp:featuredmedia":[{"embeddable":true,"href":"https:\/\/honigbee.com\/pl\/wp-json\/wp\/v2\/media\/43852"}],"wp:attachment":[{"href":"https:\/\/honigbee.com\/pl\/wp-json\/wp\/v2\/media?parent=30313"}],"wp:term":[{"taxonomy":"product_brand","embeddable":true,"href":"https:\/\/honigbee.com\/pl\/wp-json\/wp\/v2\/product_brand?post=30313"},{"taxonomy":"product_cat","embeddable":true,"href":"https:\/\/honigbee.com\/pl\/wp-json\/wp\/v2\/product_cat?post=30313"},{"taxonomy":"product_tag","embeddable":true,"href":"https:\/\/honigbee.com\/pl\/wp-json\/wp\/v2\/product_tag?post=30313"}],"curies":[{"name":"wp","href":"https:\/\/api.w.org\/{rel}","templated":true}]}}