{"id":30316,"date":"2025-09-05T18:24:23","date_gmt":"2025-09-05T18:24:23","guid":{"rendered":"https:\/\/honigbee.com\/?post_type=product&#038;p=30316"},"modified":"2026-03-16T19:18:48","modified_gmt":"2026-03-16T19:18:48","slug":"500-g-jujubehonig-aus-algerien","status":"publish","type":"product","link":"https:\/\/honigbee.com\/pl\/produkt\/500-g-jujubehonig-aus-algerien\/","title":{"rendered":"500 g Mi\u00f3d z jujuby z Algierii \u2013 delikatny mi\u00f3d o smaku sidr"},"content":{"rendered":"<div id=\"ez-toc-container\" class=\"ez-toc-v2_0_83 counter-hierarchy ez-toc-counter ez-toc-grey ez-toc-container-direction\">\n<div class=\"ez-toc-title-container\">\n<p class=\"ez-toc-title\" style=\"cursor:inherit\">Spis tre\u015bci<\/p>\n<span class=\"ez-toc-title-toggle\"><a href=\"#\" class=\"ez-toc-pull-right ez-toc-btn ez-toc-btn-xs ez-toc-btn-default ez-toc-toggle\" aria-label=\"Prze\u0142\u0105cznik Spisu Tre\u015bci\"><span class=\"ez-toc-js-icon-con\"><span class=\"\"><span class=\"eztoc-hide\" style=\"display:none;\">D\u017awignia kolankowa<\/span><span class=\"ez-toc-icon-toggle-span\"><svg style=\"fill: #999;color:#999\" xmlns=\"http:\/\/www.w3.org\/2000\/svg\" class=\"list-377408\" width=\"20px\" height=\"20px\" viewbox=\"0 0 24 24\" fill=\"none\"><path d=\"M6 6H4v2h2V6zm14 0H8v2h12V6zM4 11h2v2H4v-2zm16 0H8v2h12v-2zM4 16h2v2H4v-2zm16 0H8v2h12v-2z\" fill=\"currentColor\"><\/path><\/svg><svg style=\"fill: #999;color:#999\" class=\"arrow-unsorted-368013\" xmlns=\"http:\/\/www.w3.org\/2000\/svg\" width=\"10px\" height=\"10px\" viewbox=\"0 0 24 24\" version=\"1.2\" baseprofile=\"tiny\"><path d=\"M18.2 9.3l-6.2-6.3-6.2 6.3c-.2.2-.3.4-.3.7s.1.5.3.7c.2.2.4.3.7.3h11c.3 0 .5-.1.7-.3.2-.2.3-.5.3-.7s-.1-.5-.3-.7zM5.8 14.7l6.2 6.3 6.2-6.3c.2-.2.3-.5.3-.7s-.1-.5-.3-.7c-.2-.2-.4-.3-.7-.3h-11c-.3 0-.5.1-.7.3-.2.2-.3.5-.3.7s.1.5.3.7z\"\/><\/svg><\/span><\/span><\/span><\/a><\/span><\/div>\n<nav><ul class='ez-toc-list ez-toc-list-level-1' ><li class='ez-toc-page-1 ez-toc-heading-level-4'><a class=\"ez-toc-link ez-toc-heading-1\" href=\"https:\/\/honigbee.com\/pl\/produkt\/500-g-jujubehonig-aus-algerien\/#500_g_Jujubehonig_aus_Algerien_%E2%80%93_seltene_Delikatesse\" >500 g miodu jujube z Algierii \u2013 rzadki przysmak<\/a><\/li><li class='ez-toc-page-1 ez-toc-heading-level-4'><a class=\"ez-toc-link ez-toc-heading-2\" href=\"https:\/\/honigbee.com\/pl\/produkt\/500-g-jujubehonig-aus-algerien\/#Merkmale_Herkunft\" >Charakterystyka i pochodzenie<\/a><\/li><li class='ez-toc-page-1 ez-toc-heading-level-4'><a class=\"ez-toc-link ez-toc-heading-3\" href=\"https:\/\/honigbee.com\/pl\/produkt\/500-g-jujubehonig-aus-algerien\/#Besonderheiten\" >Cechy szczeg\u00f3lne<\/a><\/li><li class='ez-toc-page-1 ez-toc-heading-level-4'><a class=\"ez-toc-link ez-toc-heading-4\" href=\"https:\/\/honigbee.com\/pl\/produkt\/500-g-jujubehonig-aus-algerien\/#Weitere_Inspiration_entdecken\" >Weitere Inspiration entdecken<\/a><\/li><\/ul><\/nav><\/div>\n<h4 data-start=\"824\" data-end=\"883\"><span class=\"ez-toc-section\" id=\"500_g_Jujubehonig_aus_Algerien_%E2%80%93_seltene_Delikatesse\"><\/span>500 g miodu jujube z Algierii \u2013 rzadki przysmak<span class=\"ez-toc-section-end\"><\/span><\/h4>\n<p data-start=\"884\" data-end=\"1132\">Ten wyj\u0105tkowy mi\u00f3d pozyskiwany jest z nektaru drzewa g\u0142o\u017cynowego w Algierii. Dzi\u0119ki z\u0142ocistemu kolorowi, wykwintnemu smakowi i podobie\u0144stwu do s\u0142ynnego miodu Sidr z Jemenu, jest poszukiwanym rarytasem w\u015br\u00f3d koneser\u00f3w i mi\u0142o\u015bnik\u00f3w miodu.<\/p>\n<hr data-start=\"1134\" data-end=\"1137\" \/>\n<h4 data-start=\"1139\" data-end=\"1168\"><span class=\"ez-toc-section\" id=\"Merkmale_Herkunft\"><\/span>Charakterystyka i pochodzenie<span class=\"ez-toc-section-end\"><\/span><\/h4>\n<ul data-start=\"1169\" data-end=\"1405\">\n<li data-start=\"1169\" data-end=\"1210\">\n<p data-start=\"1171\" data-end=\"1210\">Produkt: Mi\u00f3d z g\u0142o\u017cyny (mi\u00f3d ziziphus)<\/p>\n<\/li>\n<li data-start=\"1211\" data-end=\"1233\">\n<p data-start=\"1213\" data-end=\"1233\">Pochodzenie: Algieria<\/p>\n<\/li>\n<li data-start=\"1234\" data-end=\"1269\">\n<p data-start=\"1236\" data-end=\"1269\">Gatunek drzewa: Jujube (Ziziphus)<\/p>\n<\/li>\n<li data-start=\"1270\" data-end=\"1311\">\n<p data-start=\"1272\" data-end=\"1311\">Cecha szczeg\u00f3lna: Szlachetny smak, rzadko\u015b\u0107<\/p>\n<\/li>\n<li data-start=\"1312\" data-end=\"1360\">\n<p data-start=\"1314\" data-end=\"1360\">Smak: Aromatyczny, \u0142agodny, lekko owocowy<\/p>\n<\/li>\n<li data-start=\"1361\" data-end=\"1388\">\n<p data-start=\"1363\" data-end=\"1388\">Wielko\u015b\u0107 opakowania: 500 g<\/p>\n<\/li>\n<\/ul>\n<hr data-start=\"1407\" data-end=\"1410\" \/>\n<h4 data-start=\"1412\" data-end=\"1436\"><span class=\"ez-toc-section\" id=\"Besonderheiten\"><\/span>Cechy szczeg\u00f3lne<span class=\"ez-toc-section-end\"><\/span><\/h4>\n<p data-start=\"1437\" data-end=\"1713\">Ten <strong data-start=\"1441\" data-end=\"1475\">500 g miodu jujube z Algierii<\/strong> Jest bogaty w cenne sk\u0142adniki od\u017cywcze i od wiek\u00f3w ceniony w tradycyjnych dietach. Jego wyrafinowany, delikatnie owocowy smak przypomina mi\u00f3d sidr, co czyni go wyj\u0105tkowym rarytasem dla smakoszy.<\/p>\n<hr data-start=\"1683\" data-end=\"1686\" \/>\n<h4 data-start=\"413\" data-end=\"449\"><span class=\"ez-toc-section\" id=\"Weitere_Inspiration_entdecken\"><\/span>Weitere Inspiration entdecken<span class=\"ez-toc-section-end\"><\/span><\/h4>\n<p data-start=\"450\" data-end=\"582\">Du suchst weitere besondere Produkte? Entdecke zus\u00e4tzliche Highlights in unserem Sortiment oder st\u00f6bere in unseren Partnerprojekten:<\/p>\n<ul data-start=\"584\" data-end=\"920\">\n<li data-start=\"584\" data-end=\"656\"><a href=\"https:\/\/honigbee.com\/pl\/shop\/\">Weitere Naturprodukte bei Honigbee entdecken<\/a><\/li>\n<li data-start=\"657\" data-end=\"783\">\n<p data-start=\"659\" data-end=\"783\"><a href=\"https:\/\/matvana.com\/shop\/\" target=\"_blank\" rel=\"noopener\">Stilvolle Wohnideen bei Matvana ansehen<\/a><\/p>\n<\/li>\n<li data-start=\"784\" data-end=\"920\">\n<p data-start=\"786\" data-end=\"920\"><a href=\"https:\/\/saphirsmaragd.com\/shop\/\" target=\"_blank\" rel=\"noopener\">Edelsteine &amp; Schmuck bei Saphir &amp; Smaragd ansehen<\/a><\/p>\n<\/li>\n<\/ul>\n<hr data-start=\"1931\" data-end=\"1934\" \/>\n<p>Produktbilder dienen der Veranschaulichung. Verpackungsdesign kann abweichen.<\/p>","protected":false},"excerpt":{"rendered":"<p data-start=\"428\" data-end=\"700\"><em>Ten 500-gramowy mi\u00f3d z jujuby z Algierii pochodzi z kwiat\u00f3w drzewa jujuby i przypomina s\u0142ynny mi\u00f3d Sidr z Jemenu. To rzadki przysmak dla smakoszy i idealny prezent dla mi\u0142o\u015bnik\u00f3w miodu.<\/em><\/p>\n<p data-start=\"876\" data-end=\"961\">","protected":false},"featured_media":43842,"comment_status":"open","ping_status":"closed","template":"","meta":{"_glsr_average":0,"_glsr_ranking":0,"_glsr_reviews":0},"product_brand":[],"product_cat":[1410],"product_tag":[],"class_list":{"0":"post-30316","1":"product","2":"type-product","3":"status-publish","4":"has-post-thumbnail","6":"product_cat-jujubehonig","8":"first","9":"instock","10":"shipping-taxable","11":"purchasable","12":"product-type-simple","13":"add-to-wishlist-before_image"},"jetpack_sharing_enabled":true,"_links":{"self":[{"href":"https:\/\/honigbee.com\/pl\/wp-json\/wp\/v2\/product\/30316","targetHints":{"allow":["GET"]}}],"collection":[{"href":"https:\/\/honigbee.com\/pl\/wp-json\/wp\/v2\/product"}],"about":[{"href":"https:\/\/honigbee.com\/pl\/wp-json\/wp\/v2\/types\/product"}],"replies":[{"embeddable":true,"href":"https:\/\/honigbee.com\/pl\/wp-json\/wp\/v2\/comments?post=30316"}],"version-history":[{"count":4,"href":"https:\/\/honigbee.com\/pl\/wp-json\/wp\/v2\/product\/30316\/revisions"}],"predecessor-version":[{"id":43843,"href":"https:\/\/honigbee.com\/pl\/wp-json\/wp\/v2\/product\/30316\/revisions\/43843"}],"wp:featuredmedia":[{"embeddable":true,"href":"https:\/\/honigbee.com\/pl\/wp-json\/wp\/v2\/media\/43842"}],"wp:attachment":[{"href":"https:\/\/honigbee.com\/pl\/wp-json\/wp\/v2\/media?parent=30316"}],"wp:term":[{"taxonomy":"product_brand","embeddable":true,"href":"https:\/\/honigbee.com\/pl\/wp-json\/wp\/v2\/product_brand?post=30316"},{"taxonomy":"product_cat","embeddable":true,"href":"https:\/\/honigbee.com\/pl\/wp-json\/wp\/v2\/product_cat?post=30316"},{"taxonomy":"product_tag","embeddable":true,"href":"https:\/\/honigbee.com\/pl\/wp-json\/wp\/v2\/product_tag?post=30316"}],"curies":[{"name":"wp","href":"https:\/\/api.w.org\/{rel}","templated":true}]}}