{"id":30333,"date":"2025-09-06T11:51:59","date_gmt":"2025-09-06T11:51:59","guid":{"rendered":"https:\/\/honigbee.com\/?post_type=product&#038;p=30333"},"modified":"2026-03-16T18:52:33","modified_gmt":"2026-03-16T18:52:33","slug":"honig-mit-matcha-fusion","status":"publish","type":"product","link":"https:\/\/honigbee.com\/pl\/produkt\/honig-mit-matcha-fusion\/","title":{"rendered":"Mi\u00f3d z Match\u0105 Fusion \u2013 Zielona dawka energii z najwy\u017cszej jako\u015bci surowym miodem"},"content":{"rendered":"<div id=\"ez-toc-container\" class=\"ez-toc-v2_0_83 counter-hierarchy ez-toc-counter ez-toc-grey ez-toc-container-direction\">\n<div class=\"ez-toc-title-container\">\n<p class=\"ez-toc-title\" style=\"cursor:inherit\">Spis tre\u015bci<\/p>\n<span class=\"ez-toc-title-toggle\"><a href=\"#\" class=\"ez-toc-pull-right ez-toc-btn ez-toc-btn-xs ez-toc-btn-default ez-toc-toggle\" aria-label=\"Prze\u0142\u0105cznik Spisu Tre\u015bci\"><span class=\"ez-toc-js-icon-con\"><span class=\"\"><span class=\"eztoc-hide\" style=\"display:none;\">D\u017awignia kolankowa<\/span><span class=\"ez-toc-icon-toggle-span\"><svg style=\"fill: #999;color:#999\" xmlns=\"http:\/\/www.w3.org\/2000\/svg\" class=\"list-377408\" width=\"20px\" height=\"20px\" viewbox=\"0 0 24 24\" fill=\"none\"><path d=\"M6 6H4v2h2V6zm14 0H8v2h12V6zM4 11h2v2H4v-2zm16 0H8v2h12v-2zM4 16h2v2H4v-2zm16 0H8v2h12v-2z\" fill=\"currentColor\"><\/path><\/svg><svg style=\"fill: #999;color:#999\" class=\"arrow-unsorted-368013\" xmlns=\"http:\/\/www.w3.org\/2000\/svg\" width=\"10px\" height=\"10px\" viewbox=\"0 0 24 24\" version=\"1.2\" baseprofile=\"tiny\"><path d=\"M18.2 9.3l-6.2-6.3-6.2 6.3c-.2.2-.3.4-.3.7s.1.5.3.7c.2.2.4.3.7.3h11c.3 0 .5-.1.7-.3.2-.2.3-.5.3-.7s-.1-.5-.3-.7zM5.8 14.7l6.2 6.3 6.2-6.3c.2-.2.3-.5.3-.7s-.1-.5-.3-.7c-.2-.2-.4-.3-.7-.3h-11c-.3 0-.5.1-.7.3-.2.2-.3.5-.3.7s.1.5.3.7z\"\/><\/svg><\/span><\/span><\/span><\/a><\/span><\/div>\n<nav><ul class='ez-toc-list ez-toc-list-level-1' ><li class='ez-toc-page-1 ez-toc-heading-level-4'><a class=\"ez-toc-link ez-toc-heading-1\" href=\"https:\/\/honigbee.com\/pl\/produkt\/honig-mit-matcha-fusion\/#Honig_mit_Matcha_Fusion_%E2%80%93_naturlich_vitalisierend_und_einzigartig\" >Mi\u00f3d z Match\u0105 Fusion \u2013 naturalny, rewitalizuj\u0105cy i wyj\u0105tkowy<\/a><\/li><li class='ez-toc-page-1 ez-toc-heading-level-4'><a class=\"ez-toc-link ez-toc-heading-2\" href=\"https:\/\/honigbee.com\/pl\/produkt\/honig-mit-matcha-fusion\/#Merkmale_Herkunft\" >Charakterystyka i pochodzenie<\/a><\/li><li class='ez-toc-page-1 ez-toc-heading-level-4'><a class=\"ez-toc-link ez-toc-heading-3\" href=\"https:\/\/honigbee.com\/pl\/produkt\/honig-mit-matcha-fusion\/#Besonderheiten\" >Cechy szczeg\u00f3lne<\/a><\/li><li class='ez-toc-page-1 ez-toc-heading-level-4'><a class=\"ez-toc-link ez-toc-heading-4\" href=\"https:\/\/honigbee.com\/pl\/produkt\/honig-mit-matcha-fusion\/#Weitere_Inspiration_entdecken\" >Weitere Inspiration entdecken<\/a><\/li><\/ul><\/nav><\/div>\n<h4 data-start=\"819\" data-end=\"892\"><span class=\"ez-toc-section\" id=\"Honig_mit_Matcha_Fusion_%E2%80%93_naturlich_vitalisierend_und_einzigartig\"><\/span>Mi\u00f3d z Match\u0105 Fusion \u2013 naturalny, rewitalizuj\u0105cy i wyj\u0105tkowy<span class=\"ez-toc-section-end\"><\/span><\/h4>\n<p data-start=\"893\" data-end=\"1182\">Nasz mi\u00f3d \u0142\u0105czy w sobie wyrazisty smak wysokiej jako\u015bci surowego miodu z delikatn\u0105, lekko gorzkaw\u0105 nut\u0105 japo\u0144skiej matchy. Ten wyj\u0105tkowy produkt dodaje energii, wspomaga koncentracj\u0119 i wzmacnia uk\u0142ad odporno\u015bciowy \u2013 wszystko w naturalny spos\u00f3b.<\/p>\n<hr data-start=\"1184\" data-end=\"1187\" \/>\n<h4 data-start=\"1189\" data-end=\"1218\"><span class=\"ez-toc-section\" id=\"Merkmale_Herkunft\"><\/span>Charakterystyka i pochodzenie<span class=\"ez-toc-section-end\"><\/span><\/h4>\n<ul data-start=\"1219\" data-end=\"1510\">\n<li data-start=\"1219\" data-end=\"1255\">\n<p data-start=\"1221\" data-end=\"1255\">Produkt: Mi\u00f3d z Match\u0105 Fusion<\/p>\n<\/li>\n<li data-start=\"1256\" data-end=\"1330\">\n<p data-start=\"1258\" data-end=\"1330\">Pochodzenie: Mi\u0119dzynarodowe (Matcha z Japonii, mi\u00f3d najwy\u017cszej jako\u015bci)<\/p>\n<\/li>\n<li data-start=\"1331\" data-end=\"1374\">\n<p data-start=\"1333\" data-end=\"1374\">Cecha szczeg\u00f3lna: Po\u0142\u0105czenie miodu i matchy<\/p>\n<\/li>\n<li data-start=\"1375\" data-end=\"1423\">\n<p data-start=\"1377\" data-end=\"1423\">Smak: s\u0142odki, lekko cierpki, zielonkawo-\u015bwie\u017cy<\/p>\n<\/li>\n<li data-start=\"1424\" data-end=\"1493\">\n<p data-start=\"1426\" data-end=\"1493\">Verpackungsgr\u00f6\u00dfe: Variabel (400g &amp; 1kg)<\/p>\n<\/li>\n<\/ul>\n<hr data-start=\"1512\" data-end=\"1515\" \/>\n<h4 data-start=\"1517\" data-end=\"1541\"><span class=\"ez-toc-section\" id=\"Besonderheiten\"><\/span>Cechy szczeg\u00f3lne<span class=\"ez-toc-section-end\"><\/span><\/h4>\n<p data-start=\"1542\" data-end=\"1853\">Ten <strong data-start=\"1546\" data-end=\"1573\">Mi\u00f3d z Match\u0105 Fusion<\/strong> Jest bogata w przeciwutleniacze i oferuje unikalne po\u0142\u0105czenie przyjemno\u015bci i funkcjonalno\u015bci. Mi\u00f3d jest naturalnym \u017ar\u00f3d\u0142em energii, a matcha dostarcza cennych zwi\u0105zk\u00f3w ro\u015blinnych, kt\u00f3re poprawiaj\u0105 koncentracj\u0119 i samopoczucie. Idealny produkt dla os\u00f3b dbaj\u0105cych o zdrowie.<\/p>\n<hr data-start=\"1683\" data-end=\"1686\" \/>\n<h4 data-start=\"413\" data-end=\"449\"><span class=\"ez-toc-section\" id=\"Weitere_Inspiration_entdecken\"><\/span>Weitere Inspiration entdecken<span class=\"ez-toc-section-end\"><\/span><\/h4>\n<p data-start=\"450\" data-end=\"582\">Du suchst weitere besondere Produkte? Entdecke zus\u00e4tzliche Highlights in unserem Sortiment oder st\u00f6bere in unseren Partnerprojekten:<\/p>\n<ul data-start=\"584\" data-end=\"920\">\n<li data-start=\"584\" data-end=\"656\"><a href=\"https:\/\/honigbee.com\/pl\/shop\/\">Weitere Naturprodukte bei Honigbee entdecken<\/a><\/li>\n<li data-start=\"657\" data-end=\"783\">\n<p data-start=\"659\" data-end=\"783\"><a href=\"https:\/\/matvana.com\/shop\/\" target=\"_blank\" rel=\"noopener\">Stilvolle Wohnideen bei Matvana ansehen<\/a><\/p>\n<\/li>\n<li data-start=\"784\" data-end=\"920\">\n<p data-start=\"786\" data-end=\"920\"><a href=\"https:\/\/saphirsmaragd.com\/shop\/\" target=\"_blank\" rel=\"noopener\">Edelsteine &amp; Schmuck bei Saphir &amp; Smaragd ansehen<\/a><\/p>\n<\/li>\n<\/ul>\n<hr data-start=\"1931\" data-end=\"1934\" \/>\n<p>Produktbilder dienen der Veranschaulichung. Verpackungsdesign kann abweichen.<\/p>","protected":false},"excerpt":{"rendered":"<p data-start=\"435\" data-end=\"709\"><em>Odkryj idealn\u0105 harmoni\u0119 smaku i dobrego samopoczucia dzi\u0119ki naszym <strong data-start=\"544\" data-end=\"571\">Mi\u00f3d z Match\u0105 Fusion<\/strong>. Der gr\u00fcn schimmernde Rohhonig ist reich an Antioxidantien und bietet nachhaltige Energie \u2013 ideal f\u00fcr Fokus, Immunsystem und Vitalit\u00e4t. Jetzt in 400g oder 1kg erh\u00e4ltlich.<br \/>\n<\/em><\/p>\n<p data-start=\"711\" data-end=\"785\">","protected":false},"featured_media":43828,"comment_status":"open","ping_status":"closed","template":"","meta":{"_glsr_average":0,"_glsr_ranking":0,"_glsr_reviews":0},"product_brand":[],"product_cat":[1412],"product_tag":[],"class_list":{"0":"post-30333","1":"product","2":"type-product","3":"status-publish","4":"has-post-thumbnail","6":"product_cat-honig-mit-matcha-fusion","8":"first","9":"instock","10":"shipping-taxable","11":"purchasable","12":"product-type-variable","13":"add-to-wishlist-before_image"},"jetpack_sharing_enabled":true,"_links":{"self":[{"href":"https:\/\/honigbee.com\/pl\/wp-json\/wp\/v2\/product\/30333","targetHints":{"allow":["GET"]}}],"collection":[{"href":"https:\/\/honigbee.com\/pl\/wp-json\/wp\/v2\/product"}],"about":[{"href":"https:\/\/honigbee.com\/pl\/wp-json\/wp\/v2\/types\/product"}],"replies":[{"embeddable":true,"href":"https:\/\/honigbee.com\/pl\/wp-json\/wp\/v2\/comments?post=30333"}],"version-history":[{"count":4,"href":"https:\/\/honigbee.com\/pl\/wp-json\/wp\/v2\/product\/30333\/revisions"}],"predecessor-version":[{"id":43554,"href":"https:\/\/honigbee.com\/pl\/wp-json\/wp\/v2\/product\/30333\/revisions\/43554"}],"wp:featuredmedia":[{"embeddable":true,"href":"https:\/\/honigbee.com\/pl\/wp-json\/wp\/v2\/media\/43828"}],"wp:attachment":[{"href":"https:\/\/honigbee.com\/pl\/wp-json\/wp\/v2\/media?parent=30333"}],"wp:term":[{"taxonomy":"product_brand","embeddable":true,"href":"https:\/\/honigbee.com\/pl\/wp-json\/wp\/v2\/product_brand?post=30333"},{"taxonomy":"product_cat","embeddable":true,"href":"https:\/\/honigbee.com\/pl\/wp-json\/wp\/v2\/product_cat?post=30333"},{"taxonomy":"product_tag","embeddable":true,"href":"https:\/\/honigbee.com\/pl\/wp-json\/wp\/v2\/product_tag?post=30333"}],"curies":[{"name":"wp","href":"https:\/\/api.w.org\/{rel}","templated":true}]}}