{"id":36155,"date":"2026-01-21T12:50:56","date_gmt":"2026-01-21T12:50:56","guid":{"rendered":"https:\/\/honigbee.com\/?post_type=product&#038;p=36155"},"modified":"2026-02-28T18:42:29","modified_gmt":"2026-02-28T18:42:29","slug":"1kg-macadamianuesse-haelften","status":"publish","type":"product","link":"https:\/\/honigbee.com\/pl\/produkt\/1kg-macadamianuesse-haelften\/","title":{"rendered":"1 kg Macadamian\u00fcsse H\u00e4lften \u2013 Naturbelassen &#038; Ungesalzen f\u00fcr Backen, Kochen &#038; Snacks"},"content":{"rendered":"<div id=\"ez-toc-container\" class=\"ez-toc-v2_0_83 counter-hierarchy ez-toc-counter ez-toc-grey ez-toc-container-direction\">\n<div class=\"ez-toc-title-container\">\n<p class=\"ez-toc-title\" style=\"cursor:inherit\">Spis tre\u015bci<\/p>\n<span class=\"ez-toc-title-toggle\"><a href=\"#\" class=\"ez-toc-pull-right ez-toc-btn ez-toc-btn-xs ez-toc-btn-default ez-toc-toggle\" aria-label=\"Prze\u0142\u0105cznik Spisu Tre\u015bci\"><span class=\"ez-toc-js-icon-con\"><span class=\"\"><span class=\"eztoc-hide\" style=\"display:none;\">D\u017awignia kolankowa<\/span><span class=\"ez-toc-icon-toggle-span\"><svg style=\"fill: #999;color:#999\" xmlns=\"http:\/\/www.w3.org\/2000\/svg\" class=\"list-377408\" width=\"20px\" height=\"20px\" viewbox=\"0 0 24 24\" fill=\"none\"><path d=\"M6 6H4v2h2V6zm14 0H8v2h12V6zM4 11h2v2H4v-2zm16 0H8v2h12v-2zM4 16h2v2H4v-2zm16 0H8v2h12v-2z\" fill=\"currentColor\"><\/path><\/svg><svg style=\"fill: #999;color:#999\" class=\"arrow-unsorted-368013\" xmlns=\"http:\/\/www.w3.org\/2000\/svg\" width=\"10px\" height=\"10px\" viewbox=\"0 0 24 24\" version=\"1.2\" baseprofile=\"tiny\"><path d=\"M18.2 9.3l-6.2-6.3-6.2 6.3c-.2.2-.3.4-.3.7s.1.5.3.7c.2.2.4.3.7.3h11c.3 0 .5-.1.7-.3.2-.2.3-.5.3-.7s-.1-.5-.3-.7zM5.8 14.7l6.2 6.3 6.2-6.3c.2-.2.3-.5.3-.7s-.1-.5-.3-.7c-.2-.2-.4-.3-.7-.3h-11c-.3 0-.5.1-.7.3-.2.2-.3.5-.3.7s.1.5.3.7z\"\/><\/svg><\/span><\/span><\/span><\/a><\/span><\/div>\n<nav><ul class='ez-toc-list ez-toc-list-level-1' ><li class='ez-toc-page-1 ez-toc-heading-level-4'><a class=\"ez-toc-link ez-toc-heading-1\" href=\"https:\/\/honigbee.com\/pl\/produkt\/1kg-macadamianuesse-haelften\/#Eigenschaften_Qualitat\" >Eigenschaften \/ Qualit\u00e4t<\/a><\/li><li class='ez-toc-page-1 ez-toc-heading-level-4'><a class=\"ez-toc-link ez-toc-heading-2\" href=\"https:\/\/honigbee.com\/pl\/produkt\/1kg-macadamianuesse-haelften\/#Vorteile\" >Zalety<\/a><\/li><li class='ez-toc-page-1 ez-toc-heading-level-4'><a class=\"ez-toc-link ez-toc-heading-3\" href=\"https:\/\/honigbee.com\/pl\/produkt\/1kg-macadamianuesse-haelften\/#Anwendung_Nutzung\" >Anwendung \/ Nutzung<\/a><\/li><li class='ez-toc-page-1 ez-toc-heading-level-4'><a class=\"ez-toc-link ez-toc-heading-4\" href=\"https:\/\/honigbee.com\/pl\/produkt\/1kg-macadamianuesse-haelften\/#Weitere_Informationen\" >Wi\u0119cej informacji<\/a><\/li><li class='ez-toc-page-1 ez-toc-heading-level-4'><a class=\"ez-toc-link ez-toc-heading-5\" href=\"https:\/\/honigbee.com\/pl\/produkt\/1kg-macadamianuesse-haelften\/#Weitere_Inspiration_entdecken\" >Weitere Inspiration entdecken<\/a><\/li><\/ul><\/nav><\/div>\n<p data-start=\"549\" data-end=\"758\"><strong data-start=\"549\" data-end=\"579\">1kg Macadamian\u00fcsse H\u00e4lften<\/strong> sind naturbelassen und ungesalzen. Die rohen N\u00fcsse \u00fcberzeugen durch ihr cremig-feines Aroma und eignen sich ideal als Snack oder zur Verwendung in s\u00fc\u00dfen und herzhaften Gerichten.<\/p>\n<hr data-start=\"760\" data-end=\"763\" \/>\n<h4 data-start=\"765\" data-end=\"796\"><span class=\"ez-toc-section\" id=\"Eigenschaften_Qualitat\"><\/span>Eigenschaften \/ Qualit\u00e4t<span class=\"ez-toc-section-end\"><\/span><\/h4>\n<ul data-start=\"798\" data-end=\"949\">\n<li data-start=\"798\" data-end=\"831\">\n<p data-start=\"800\" data-end=\"831\">Naturbelassen und unbehandelt<\/p>\n<\/li>\n<li data-start=\"832\" data-end=\"846\">\n<p data-start=\"834\" data-end=\"846\">Ungesalzen<\/p>\n<\/li>\n<li data-start=\"847\" data-end=\"862\">\n<p data-start=\"849\" data-end=\"862\">Rohqualit\u00e4t<\/p>\n<\/li>\n<li data-start=\"863\" data-end=\"877\">\n<p data-start=\"865\" data-end=\"877\">Bezglutenowe<\/p>\n<\/li>\n<li data-start=\"878\" data-end=\"887\">\n<p data-start=\"880\" data-end=\"887\">Wega\u0144ski<\/p>\n<\/li>\n<li data-start=\"888\" data-end=\"909\">\n<p data-start=\"890\" data-end=\"909\">Bez dodatk\u00f3w<\/p>\n<\/li>\n<li data-start=\"910\" data-end=\"949\">\n<p data-start=\"912\" data-end=\"949\">Wiederverschlie\u00dfbare 1kg Verpackung<\/p>\n<\/li>\n<\/ul>\n<hr data-start=\"951\" data-end=\"954\" \/>\n<h4 data-start=\"956\" data-end=\"971\"><span class=\"ez-toc-section\" id=\"Vorteile\"><\/span>Zalety<span class=\"ez-toc-section-end\"><\/span><\/h4>\n<ul data-start=\"973\" data-end=\"1190\">\n<li data-start=\"973\" data-end=\"1010\">\n<p data-start=\"975\" data-end=\"1010\">Ideal als Snack f\u00fcr zwischendurch<\/p>\n<\/li>\n<li data-start=\"1011\" data-end=\"1049\">\n<p data-start=\"1013\" data-end=\"1049\">Perfekt f\u00fcr Backwaren und Desserts<\/p>\n<\/li>\n<li data-start=\"1050\" data-end=\"1085\">\n<p data-start=\"1052\" data-end=\"1085\">Geeignet f\u00fcr herzhafte Gerichte<\/p>\n<\/li>\n<li data-start=\"1086\" data-end=\"1134\">\n<p data-start=\"1088\" data-end=\"1134\">Vielseitig kombinierbar in Bowls oder M\u00fcslis<\/p>\n<\/li>\n<li data-start=\"1135\" data-end=\"1190\">\n<p data-start=\"1137\" data-end=\"1190\">Praktische Vorratspackung f\u00fcr regelm\u00e4\u00dfigen Gebrauch<\/p>\n<\/li>\n<\/ul>\n<hr data-start=\"1192\" data-end=\"1195\" \/>\n<h4 data-start=\"1197\" data-end=\"1223\"><span class=\"ez-toc-section\" id=\"Anwendung_Nutzung\"><\/span>Anwendung \/ Nutzung<span class=\"ez-toc-section-end\"><\/span><\/h4>\n<p data-start=\"1225\" data-end=\"1257\">Pur genie\u00dfen oder verwenden f\u00fcr:<\/p>\n<ul data-start=\"1259\" data-end=\"1349\">\n<li data-start=\"1259\" data-end=\"1282\">\n<p data-start=\"1261\" data-end=\"1282\">Backwaren und Kekse<\/p>\n<\/li>\n<li data-start=\"1283\" data-end=\"1306\">\n<p data-start=\"1285\" data-end=\"1306\">Kuchen und Desserts<\/p>\n<\/li>\n<li data-start=\"1307\" data-end=\"1327\">\n<p data-start=\"1309\" data-end=\"1327\">Salate und Bowls<\/p>\n<\/li>\n<li data-start=\"1328\" data-end=\"1349\">\n<p data-start=\"1330\" data-end=\"1349\">Herzhafte Speisen<\/p>\n<\/li>\n<\/ul>\n<p data-start=\"1351\" data-end=\"1417\">K\u00fchl, trocken und lichtgesch\u00fctzt lagern, um das Aroma zu erhalten.<\/p>\n<hr data-start=\"1419\" data-end=\"1422\" \/>\n<h4 data-start=\"1424\" data-end=\"1452\"><span class=\"ez-toc-section\" id=\"Weitere_Informationen\"><\/span>Wi\u0119cej informacji<span class=\"ez-toc-section-end\"><\/span><\/h4>\n<p data-start=\"1454\" data-end=\"1620\">Macadamian\u00fcsse zeichnen sich durch ihren milden, leicht buttrigen Geschmack aus. Als halbe Kerne sind sie besonders praktisch f\u00fcr die Weiterverarbeitung in der K\u00fcche.<\/p>\n<hr data-start=\"1419\" data-end=\"1422\" \/>\n<h4 data-start=\"413\" data-end=\"449\"><span class=\"ez-toc-section\" id=\"Weitere_Inspiration_entdecken\"><\/span>Weitere Inspiration entdecken<span class=\"ez-toc-section-end\"><\/span><\/h4>\n<p data-start=\"450\" data-end=\"582\">Du suchst weitere besondere Produkte? Entdecke zus\u00e4tzliche Highlights in unserem Sortiment oder st\u00f6bere in unseren Partnerprojekten:<\/p>\n<ul data-start=\"584\" data-end=\"920\">\n<li data-start=\"584\" data-end=\"656\"><a href=\"https:\/\/honigbee.com\/pl\/shop\/\">Weitere Naturprodukte bei Honigbee entdecken<\/a><\/li>\n<li data-start=\"657\" data-end=\"783\">\n<p data-start=\"659\" data-end=\"783\"><a href=\"https:\/\/matvana.com\/shop\/\" target=\"_blank\" rel=\"noopener\">Stilvolle Wohnideen bei Matvana ansehen<\/a><\/p>\n<\/li>\n<li data-start=\"784\" data-end=\"920\">\n<p data-start=\"786\" data-end=\"920\"><a href=\"https:\/\/saphirsmaragd.com\/shop\/\" target=\"_blank\" rel=\"noopener\">Edelsteine &amp; Schmuck bei Saphir &amp; Smaragd ansehen<\/a><\/p>\n<\/li>\n<\/ul>\n<hr data-start=\"1931\" data-end=\"1934\" \/>\n<p>Produktbilder dienen der Veranschaulichung. Verpackungsdesign kann abweichen.<\/p>","protected":false},"excerpt":{"rendered":"<p data-start=\"1743\" data-end=\"1874\"><em>1kg Macadamian\u00fcsse H\u00e4lften naturbelassen und ungesalzen \u2013 ideal f\u00fcr Backen, Kochen und als Snack. Roh, vegan und ohne Zusatzstoffe.<\/em><\/p>","protected":false},"featured_media":43203,"comment_status":"open","ping_status":"closed","template":"","meta":{"_glsr_average":0,"_glsr_ranking":0,"_glsr_reviews":0},"product_brand":[],"product_cat":[640],"product_tag":[],"class_list":{"0":"post-36155","1":"product","2":"type-product","3":"status-publish","4":"has-post-thumbnail","6":"product_cat-macadamianuesse","8":"first","9":"instock","10":"shipping-taxable","11":"purchasable","12":"product-type-simple","13":"add-to-wishlist-before_image"},"jetpack_sharing_enabled":true,"_links":{"self":[{"href":"https:\/\/honigbee.com\/pl\/wp-json\/wp\/v2\/product\/36155","targetHints":{"allow":["GET"]}}],"collection":[{"href":"https:\/\/honigbee.com\/pl\/wp-json\/wp\/v2\/product"}],"about":[{"href":"https:\/\/honigbee.com\/pl\/wp-json\/wp\/v2\/types\/product"}],"replies":[{"embeddable":true,"href":"https:\/\/honigbee.com\/pl\/wp-json\/wp\/v2\/comments?post=36155"}],"version-history":[{"count":4,"href":"https:\/\/honigbee.com\/pl\/wp-json\/wp\/v2\/product\/36155\/revisions"}],"predecessor-version":[{"id":43204,"href":"https:\/\/honigbee.com\/pl\/wp-json\/wp\/v2\/product\/36155\/revisions\/43204"}],"wp:featuredmedia":[{"embeddable":true,"href":"https:\/\/honigbee.com\/pl\/wp-json\/wp\/v2\/media\/43203"}],"wp:attachment":[{"href":"https:\/\/honigbee.com\/pl\/wp-json\/wp\/v2\/media?parent=36155"}],"wp:term":[{"taxonomy":"product_brand","embeddable":true,"href":"https:\/\/honigbee.com\/pl\/wp-json\/wp\/v2\/product_brand?post=36155"},{"taxonomy":"product_cat","embeddable":true,"href":"https:\/\/honigbee.com\/pl\/wp-json\/wp\/v2\/product_cat?post=36155"},{"taxonomy":"product_tag","embeddable":true,"href":"https:\/\/honigbee.com\/pl\/wp-json\/wp\/v2\/product_tag?post=36155"}],"curies":[{"name":"wp","href":"https:\/\/api.w.org\/{rel}","templated":true}]}}