{"id":44564,"date":"2026-05-08T13:27:20","date_gmt":"2026-05-08T13:27:20","guid":{"rendered":"https:\/\/honigbee.com\/?post_type=product&#038;p=44564"},"modified":"2026-05-08T13:33:45","modified_gmt":"2026-05-08T13:33:45","slug":"magic-spell-candle-confidence-kerze-fuer-selbstvertrauen-manifestation-duftkerze-mit-edelsteinen-20x5-cm","status":"publish","type":"product","link":"https:\/\/honigbee.com\/pl\/produkt\/magic-spell-candle-confidence-kerze-fuer-selbstvertrauen-manifestation-duftkerze-mit-edelsteinen-20x5-cm\/","title":{"rendered":"Magic Spell Candle Confidence Kerze f\u00fcr Selbstvertrauen &#038; Manifestation \u2013 Duftkerze mit Edelsteinen, 20&#215;5 cm"},"content":{"rendered":"<div id=\"ez-toc-container\" class=\"ez-toc-v2_0_83 counter-hierarchy ez-toc-counter ez-toc-grey ez-toc-container-direction\">\n<div class=\"ez-toc-title-container\">\n<p class=\"ez-toc-title\" style=\"cursor:inherit\">Spis tre\u015bci<\/p>\n<span class=\"ez-toc-title-toggle\"><a href=\"#\" class=\"ez-toc-pull-right ez-toc-btn ez-toc-btn-xs ez-toc-btn-default ez-toc-toggle\" aria-label=\"Prze\u0142\u0105cznik Spisu Tre\u015bci\"><span class=\"ez-toc-js-icon-con\"><span class=\"\"><span class=\"eztoc-hide\" style=\"display:none;\">D\u017awignia kolankowa<\/span><span class=\"ez-toc-icon-toggle-span\"><svg style=\"fill: #999;color:#999\" xmlns=\"http:\/\/www.w3.org\/2000\/svg\" class=\"list-377408\" width=\"20px\" height=\"20px\" viewbox=\"0 0 24 24\" fill=\"none\"><path d=\"M6 6H4v2h2V6zm14 0H8v2h12V6zM4 11h2v2H4v-2zm16 0H8v2h12v-2zM4 16h2v2H4v-2zm16 0H8v2h12v-2z\" fill=\"currentColor\"><\/path><\/svg><svg style=\"fill: #999;color:#999\" class=\"arrow-unsorted-368013\" xmlns=\"http:\/\/www.w3.org\/2000\/svg\" width=\"10px\" height=\"10px\" viewbox=\"0 0 24 24\" version=\"1.2\" baseprofile=\"tiny\"><path d=\"M18.2 9.3l-6.2-6.3-6.2 6.3c-.2.2-.3.4-.3.7s.1.5.3.7c.2.2.4.3.7.3h11c.3 0 .5-.1.7-.3.2-.2.3-.5.3-.7s-.1-.5-.3-.7zM5.8 14.7l6.2 6.3 6.2-6.3c.2-.2.3-.5.3-.7s-.1-.5-.3-.7c-.2-.2-.4-.3-.7-.3h-11c-.3 0-.5.1-.7.3-.2.2-.3.5-.3.7s.1.5.3.7z\"\/><\/svg><\/span><\/span><\/span><\/a><\/span><\/div>\n<nav><ul class='ez-toc-list ez-toc-list-level-1' ><li class='ez-toc-page-1 ez-toc-heading-level-4'><a class=\"ez-toc-link ez-toc-heading-1\" href=\"https:\/\/honigbee.com\/pl\/produkt\/magic-spell-candle-confidence-kerze-fuer-selbstvertrauen-manifestation-duftkerze-mit-edelsteinen-20x5-cm\/#Energie_fur_Selbstvertrauen_und_innere_Starke\" >Energie f\u00fcr Selbstvertrauen und innere St\u00e4rke<\/a><\/li><li class='ez-toc-page-1 ez-toc-heading-level-4'><a class=\"ez-toc-link ez-toc-heading-2\" href=\"https:\/\/honigbee.com\/pl\/produkt\/magic-spell-candle-confidence-kerze-fuer-selbstvertrauen-manifestation-duftkerze-mit-edelsteinen-20x5-cm\/#Spirituelle_Bedeutung_Anwendung\" >Spirituelle Bedeutung &amp; Anwendung<\/a><\/li><li class='ez-toc-page-1 ez-toc-heading-level-4'><a class=\"ez-toc-link ez-toc-heading-3\" href=\"https:\/\/honigbee.com\/pl\/produkt\/magic-spell-candle-confidence-kerze-fuer-selbstvertrauen-manifestation-duftkerze-mit-edelsteinen-20x5-cm\/#Hochwertige_Inhaltsstoffe\" >Hochwertige Inhaltsstoffe<\/a><\/li><li class='ez-toc-page-1 ez-toc-heading-level-4'><a class=\"ez-toc-link ez-toc-heading-4\" href=\"https:\/\/honigbee.com\/pl\/produkt\/magic-spell-candle-confidence-kerze-fuer-selbstvertrauen-manifestation-duftkerze-mit-edelsteinen-20x5-cm\/#Perfekt_fur_Rituale_Entspannung\" >Perfekt f\u00fcr Rituale &amp; Entspannung<\/a><\/li><li class='ez-toc-page-1 ez-toc-heading-level-4'><a class=\"ez-toc-link ez-toc-heading-5\" href=\"https:\/\/honigbee.com\/pl\/produkt\/magic-spell-candle-confidence-kerze-fuer-selbstvertrauen-manifestation-duftkerze-mit-edelsteinen-20x5-cm\/#Produktdetails\" >Szczeg\u00f3\u0142y produktu<\/a><\/li><li class='ez-toc-page-1 ez-toc-heading-level-4'><a class=\"ez-toc-link ez-toc-heading-6\" href=\"https:\/\/honigbee.com\/pl\/produkt\/magic-spell-candle-confidence-kerze-fuer-selbstvertrauen-manifestation-duftkerze-mit-edelsteinen-20x5-cm\/#Weitere_Inspiration_entdecken\" >Weitere Inspiration entdecken<\/a><\/li><\/ul><\/nav><\/div>\n<h4 data-start=\"620\" data-end=\"672\"><span class=\"ez-toc-section\" id=\"Energie_fur_Selbstvertrauen_und_innere_Starke\"><\/span>Energie f\u00fcr Selbstvertrauen und innere St\u00e4rke<span class=\"ez-toc-section-end\"><\/span><\/h4>\n<p data-start=\"673\" data-end=\"906\">Die Magic Spell Candle Confidence wurde entwickelt, um Ihr Selbstvertrauen zu st\u00e4rken und positive Energie in Ihren Alltag zu bringen. Diese besondere Duftkerze unterst\u00fctzt Sie bei Meditation, Manifestation und pers\u00f6nlichen Ritualen.<\/p>\n<hr data-start=\"908\" data-end=\"911\" \/>\n<h4 data-start=\"913\" data-end=\"953\"><span class=\"ez-toc-section\" id=\"Spirituelle_Bedeutung_Anwendung\"><\/span>Spirituelle Bedeutung &amp; Anwendung<span class=\"ez-toc-section-end\"><\/span><\/h4>\n<p data-start=\"954\" data-end=\"1140\">Diese Kerze steht f\u00fcr Transformation und innere Kraft. Beim Anz\u00fcnden entfaltet sie eine beruhigende Atmosph\u00e4re, die Ihnen hilft, sich zu fokussieren und Ihre Ziele klar zu visualisieren.<\/p>\n<hr data-start=\"1142\" data-end=\"1145\" \/>\n<h4 data-start=\"1147\" data-end=\"1179\"><span class=\"ez-toc-section\" id=\"Hochwertige_Inhaltsstoffe\"><\/span>Hochwertige Inhaltsstoffe<span class=\"ez-toc-section-end\"><\/span><\/h4>\n<p data-start=\"1181\" data-end=\"1205\">Die Kerze besteht aus:<\/p>\n<p data-start=\"1207\" data-end=\"1306\">\u2022 nat\u00fcrlichem Sojawachs<br data-start=\"1230\" data-end=\"1233\" \/>\u2022 dekorativen Edelsteinen<br data-start=\"1258\" data-end=\"1261\" \/>\u2022 feinem Duft\u00f6l<br data-start=\"1276\" data-end=\"1279\" \/>\u2022 stilvollem Glasbeh\u00e4lter<\/p>\n<hr data-start=\"1308\" data-end=\"1311\" \/>\n<h4 data-start=\"1313\" data-end=\"1353\"><span class=\"ez-toc-section\" id=\"Perfekt_fur_Rituale_Entspannung\"><\/span>Perfekt f\u00fcr Rituale &amp; Entspannung<span class=\"ez-toc-section-end\"><\/span><\/h4>\n<p data-start=\"1354\" data-end=\"1494\">Ideal f\u00fcr Meditation, Yoga oder als dekoratives Element im Wohnraum. Auch eine besondere Geschenkidee f\u00fcr spirituell interessierte Menschen.<\/p>\n<hr data-start=\"1496\" data-end=\"1499\" \/>\n<h4 data-start=\"1501\" data-end=\"1522\"><span class=\"ez-toc-section\" id=\"Produktdetails\"><\/span>Szczeg\u00f3\u0142y produktu<span class=\"ez-toc-section-end\"><\/span><\/h4>\n<p data-start=\"1524\" data-end=\"1645\">Material: Glas, Sojawachs, Edelsteine<br data-start=\"1561\" data-end=\"1564\" \/>Brenndauer: ca. 50 Stunden<br data-start=\"1590\" data-end=\"1593\" \/>Gewicht: 280 g<br data-start=\"1607\" data-end=\"1610\" \/>Ma\u00dfe: 20 x 5 cm<br data-start=\"1625\" data-end=\"1628\" \/>Pochodzenie: Chiny<\/p>\n<hr data-start=\"2147\" data-end=\"2150\" \/>\n<h4 data-start=\"413\" data-end=\"449\"><span class=\"ez-toc-section\" id=\"Weitere_Inspiration_entdecken\"><\/span>Weitere Inspiration entdecken<span class=\"ez-toc-section-end\"><\/span><\/h4>\n<p data-start=\"450\" data-end=\"582\">Suchen Sie weitere besondere Produkte? Entdecken Sie zus\u00e4tzliche Highlights in unserem Sortiment oder besuchen Sie unsere Partnerprojekte:<\/p>\n<ul data-start=\"584\" data-end=\"920\">\n<li><a href=\"https:\/\/matvana.com\/shop\/\" target=\"_blank\" rel=\"noopener\">Stilvolle Wohn- &amp; Geschenkideen bei Matvana entdecken<\/a><\/li>\n<li data-start=\"657\" data-end=\"783\">\n<p data-start=\"659\" data-end=\"783\"><a href=\"https:\/\/honigbee.com\/pl\/shop\/\">Nat\u00fcrliche Produkte bei Honigbee ansehen<br \/>\n<\/a><\/p>\n<\/li>\n<li><a href=\"https:\/\/saphirsmaragd.com\/shop\/\" target=\"_blank\" rel=\"noopener\">Edelsteine &amp; Schmuckst\u00fccke bei Saphir &amp; Smaragd entdecken<\/a><\/li>\n<\/ul>","protected":false},"excerpt":{"rendered":"<p data-start=\"411\" data-end=\"562\"><em>Magic Spell Candle Confidence Duftkerze f\u00fcr Selbstvertrauen und Manifestation. Hochwertige Kerze mit Edelsteinen und Duft f\u00fcr entspannende Rituale.<\/em><\/p>","protected":false},"featured_media":44795,"comment_status":"open","ping_status":"closed","template":"","meta":{"_glsr_average":0,"_glsr_ranking":0,"_glsr_reviews":0},"product_brand":[],"product_cat":[1535,1538,1537],"product_tag":[],"class_list":{"0":"post-44564","1":"product","2":"type-product","3":"status-publish","4":"has-post-thumbnail","6":"product_cat-duftkerzen","7":"product_cat-geschenkkerzen","8":"product_cat-ritualkerzen","10":"first","11":"instock","12":"shipping-taxable","13":"purchasable","14":"product-type-simple","15":"add-to-wishlist-before_image"},"jetpack_sharing_enabled":true,"_links":{"self":[{"href":"https:\/\/honigbee.com\/pl\/wp-json\/wp\/v2\/product\/44564","targetHints":{"allow":["GET"]}}],"collection":[{"href":"https:\/\/honigbee.com\/pl\/wp-json\/wp\/v2\/product"}],"about":[{"href":"https:\/\/honigbee.com\/pl\/wp-json\/wp\/v2\/types\/product"}],"replies":[{"embeddable":true,"href":"https:\/\/honigbee.com\/pl\/wp-json\/wp\/v2\/comments?post=44564"}],"version-history":[{"count":1,"href":"https:\/\/honigbee.com\/pl\/wp-json\/wp\/v2\/product\/44564\/revisions"}],"predecessor-version":[{"id":44796,"href":"https:\/\/honigbee.com\/pl\/wp-json\/wp\/v2\/product\/44564\/revisions\/44796"}],"wp:featuredmedia":[{"embeddable":true,"href":"https:\/\/honigbee.com\/pl\/wp-json\/wp\/v2\/media\/44795"}],"wp:attachment":[{"href":"https:\/\/honigbee.com\/pl\/wp-json\/wp\/v2\/media?parent=44564"}],"wp:term":[{"taxonomy":"product_brand","embeddable":true,"href":"https:\/\/honigbee.com\/pl\/wp-json\/wp\/v2\/product_brand?post=44564"},{"taxonomy":"product_cat","embeddable":true,"href":"https:\/\/honigbee.com\/pl\/wp-json\/wp\/v2\/product_cat?post=44564"},{"taxonomy":"product_tag","embeddable":true,"href":"https:\/\/honigbee.com\/pl\/wp-json\/wp\/v2\/product_tag?post=44564"}],"curies":[{"name":"wp","href":"https:\/\/api.w.org\/{rel}","templated":true}]}}