{"id":16074,"date":"2025-02-05T14:15:41","date_gmt":"2025-02-05T14:15:41","guid":{"rendered":"https:\/\/honigbee.com\/?post_type=product&#038;p=16074"},"modified":"2026-03-13T20:08:25","modified_gmt":"2026-03-13T20:08:25","slug":"400g-yorkshire-soft-set-honig","status":"publish","type":"product","link":"https:\/\/honigbee.com\/pt\/produto\/400g-yorkshire-soft-set-honig\/","title":{"rendered":"400g Yorkshire Soft Set Honig \u2013 Cremiger Bl\u00fctenhonig aus South Yorkshire"},"content":{"rendered":"<p data-start=\"428\" data-end=\"617\">O <strong data-start=\"432\" data-end=\"460\">Yorkshire Soft Set Honig<\/strong> stammt aus den Landschaften South Yorkshires im Vereinigten K\u00f6nigreich. Dieser naturbelassene Honig wird roh verarbeitet, nicht erhitzt und nicht gefiltert.<\/p>\n<p data-start=\"619\" data-end=\"818\">Durch eine schonende R\u00fchrtechnik erh\u00e4lt der Honig seine besonders cremige und streichzarte Konsistenz. Sein mildes, blumiges Aroma macht ihn zu einer vielseitigen Honigsorte f\u00fcr den t\u00e4glichen Genuss.<\/p>\n<hr data-start=\"820\" data-end=\"823\" \/>\n<div id=\"ez-toc-container\" class=\"ez-toc-v2_0_82_2 counter-flat ez-toc-counter ez-toc-grey ez-toc-container-direction\">\n<div class=\"ez-toc-title-container\">\n<p class=\"ez-toc-title\" style=\"cursor:inherit\">\u00cdndice<\/p>\n<span class=\"ez-toc-title-toggle\"><a href=\"#\" class=\"ez-toc-pull-right ez-toc-btn ez-toc-btn-xs ez-toc-btn-default ez-toc-toggle\" aria-label=\"Alternar \u00edndice\"><span class=\"ez-toc-js-icon-con\"><span class=\"\"><span class=\"eztoc-hide\" style=\"display:none;\">Alternar<\/span><span class=\"ez-toc-icon-toggle-span\"><svg style=\"fill: #999;color:#999\" xmlns=\"http:\/\/www.w3.org\/2000\/svg\" class=\"list-377408\" width=\"20px\" height=\"20px\" viewbox=\"0 0 24 24\" fill=\"none\"><path d=\"M6 6H4v2h2V6zm14 0H8v2h12V6zM4 11h2v2H4v-2zm16 0H8v2h12v-2zM4 16h2v2H4v-2zm16 0H8v2h12v-2z\" fill=\"currentColor\"><\/path><\/svg><svg style=\"fill: #999;color:#999\" class=\"arrow-unsorted-368013\" xmlns=\"http:\/\/www.w3.org\/2000\/svg\" width=\"10px\" height=\"10px\" viewbox=\"0 0 24 24\" version=\"1.2\" baseprofile=\"tiny\"><path d=\"M18.2 9.3l-6.2-6.3-6.2 6.3c-.2.2-.3.4-.3.7s.1.5.3.7c.2.2.4.3.7.3h11c.3 0 .5-.1.7-.3.2-.2.3-.5.3-.7s-.1-.5-.3-.7zM5.8 14.7l6.2 6.3 6.2-6.3c.2-.2.3-.5.3-.7s-.1-.5-.3-.7c-.2-.2-.4-.3-.7-.3h-11c-.3 0-.5.1-.7.3-.2.2-.3.5-.3.7s.1.5.3.7z\"\/><\/svg><\/span><\/span><\/span><\/a><\/span><\/div>\n<nav><ul class='ez-toc-list ez-toc-list-level-1 eztoc-toggle-hide-by-default' ><li class='ez-toc-page-1'><a class=\"ez-toc-link ez-toc-heading-1\" href=\"https:\/\/honigbee.com\/pt\/produto\/400g-yorkshire-soft-set-honig\/#Merkmale_Herkunft\" >Caracter\u00edsticas e Origem<\/a><\/li><li class='ez-toc-page-1'><a class=\"ez-toc-link ez-toc-heading-2\" href=\"https:\/\/honigbee.com\/pt\/produto\/400g-yorkshire-soft-set-honig\/#Besonderheiten\" >Caracter\u00edsticas especiais<\/a><\/li><li class='ez-toc-page-1'><a class=\"ez-toc-link ez-toc-heading-3\" href=\"https:\/\/honigbee.com\/pt\/produto\/400g-yorkshire-soft-set-honig\/#Tipp\" >Dica<\/a><\/li><li class='ez-toc-page-1'><a class=\"ez-toc-link ez-toc-heading-4\" href=\"https:\/\/honigbee.com\/pt\/produto\/400g-yorkshire-soft-set-honig\/#Verwendungsmoglichkeiten\" >Poss\u00edveis usos<\/a><\/li><li class='ez-toc-page-1'><a class=\"ez-toc-link ez-toc-heading-5\" href=\"https:\/\/honigbee.com\/pt\/produto\/400g-yorkshire-soft-set-honig\/#Lagerung\" >armazenar<\/a><\/li><li class='ez-toc-page-1'><a class=\"ez-toc-link ez-toc-heading-6\" href=\"https:\/\/honigbee.com\/pt\/produto\/400g-yorkshire-soft-set-honig\/#Weitere_Inspiration_entdecken\" >Weitere Inspiration entdecken<\/a><\/li><\/ul><\/nav><\/div>\n<h4 data-start=\"825\" data-end=\"849\"><span class=\"ez-toc-section\" id=\"Merkmale_Herkunft\"><\/span>Caracter\u00edsticas e Origem<span class=\"ez-toc-section-end\"><\/span><\/h4>\n<p data-start=\"851\" data-end=\"1151\">Sorte: Bl\u00fctenhonig aus Wildblumen sowie Baum- und Feldbl\u00fcten<br data-start=\"911\" data-end=\"914\" \/>Herkunft: South Yorkshire, Vereinigtes K\u00f6nigreich<br data-start=\"963\" data-end=\"966\" \/>Farbe: Hell bis goldgelb<br data-start=\"990\" data-end=\"993\" \/>Geschmack: Mild, floral und ausgewogen s\u00fc\u00df<br data-start=\"1035\" data-end=\"1038\" \/>Konsistenz: Cremig, weich und streichzart<br data-start=\"1079\" data-end=\"1082\" \/>Behandlung: Roh verarbeitet, traditionell ger\u00fchrt und nicht erhitzt<\/p>\n<hr data-start=\"1153\" data-end=\"1156\" \/>\n<h4 data-start=\"1158\" data-end=\"1177\"><span class=\"ez-toc-section\" id=\"Besonderheiten\"><\/span>Caracter\u00edsticas especiais<span class=\"ez-toc-section-end\"><\/span><\/h4>\n<p data-start=\"1179\" data-end=\"1371\">\u2022 Naturbelassener Bl\u00fctenhonig aus britischer Imkerei<br data-start=\"1231\" data-end=\"1234\" \/>\u2022 Cremige Konsistenz durch schonende R\u00fchrtechnik<br data-start=\"1282\" data-end=\"1285\" \/>\u2022 Mildes und blumiges Geschmacksprofil<br data-start=\"1323\" data-end=\"1326\" \/>\u2022 Ohne Zusatzstoffe und minimal verarbeitet<\/p>\n<hr data-start=\"1373\" data-end=\"1376\" \/>\n<h4 data-start=\"1378\" data-end=\"1387\"><span class=\"ez-toc-section\" id=\"Tipp\"><\/span>Dica<span class=\"ez-toc-section-end\"><\/span><\/h4>\n<p data-start=\"1389\" data-end=\"1580\">Dieser Honig eignet sich besonders f\u00fcr alle, die eine cremige und mild aromatische Honigsorte bevorzugen. Unterschiedliche Bl\u00fctenhonige k\u00f6nnen je nach Region geschmackliche Nuancen aufweisen.<\/p>\n<hr data-start=\"1582\" data-end=\"1585\" \/>\n<h4 data-start=\"1587\" data-end=\"1616\"><span class=\"ez-toc-section\" id=\"Verwendungsmoglichkeiten\"><\/span>Poss\u00edveis usos<span class=\"ez-toc-section-end\"><\/span><\/h4>\n<p data-start=\"1618\" data-end=\"1840\">\u2022 Pur direkt vom L\u00f6ffel genie\u00dfen<br data-start=\"1650\" data-end=\"1653\" \/>\u2022 Als Aufstrich auf Toast, Br\u00f6tchen oder Croissants<br data-start=\"1704\" data-end=\"1707\" \/>\u2022 In Tee, warmer Milch oder Kaffee (unter 40 \u00b0C)<br data-start=\"1755\" data-end=\"1758\" \/>\u2022 F\u00fcr Geb\u00e4ck, Dressings oder Glasuren<br data-start=\"1795\" data-end=\"1798\" \/>\u2022 In Joghurt, M\u00fcsli oder Fr\u00fchst\u00fccksbowls<\/p>\n<hr data-start=\"1842\" data-end=\"1845\" \/>\n<h4 data-start=\"1847\" data-end=\"1860\"><span class=\"ez-toc-section\" id=\"Lagerung\"><\/span>armazenar<span class=\"ez-toc-section-end\"><\/span><\/h4>\n<p data-start=\"1862\" data-end=\"1938\">Armazene em local fresco e seco, longe da luz.<br data-start=\"1902\" data-end=\"1905\" \/>Nach dem \u00d6ffnen gut verschlie\u00dfen.<\/p>\n<hr data-start=\"1896\" data-end=\"1899\" \/>\n<h4 data-start=\"413\" data-end=\"449\"><span class=\"ez-toc-section\" id=\"Weitere_Inspiration_entdecken\"><\/span>Weitere Inspiration entdecken<span class=\"ez-toc-section-end\"><\/span><\/h4>\n<p data-start=\"450\" data-end=\"582\">Du suchst weitere besondere Produkte? Entdecke zus\u00e4tzliche Highlights in unserem Sortiment oder st\u00f6bere in unseren Partnerprojekten:<\/p>\n<ul data-start=\"584\" data-end=\"920\">\n<li data-start=\"584\" data-end=\"656\"><a href=\"https:\/\/honigbee.com\/pt\/shop\/\">Weitere Naturprodukte bei Honigbee entdecken<\/a><\/li>\n<li data-start=\"657\" data-end=\"783\">\n<p data-start=\"659\" data-end=\"783\"><a href=\"https:\/\/matvana.com\/shop\/\" target=\"_blank\" rel=\"noopener\">Stilvolle Wohnideen bei Matvana ansehen<\/a><\/p>\n<\/li>\n<li data-start=\"784\" data-end=\"920\">\n<p data-start=\"786\" data-end=\"920\"><a href=\"https:\/\/saphirsmaragd.com\/shop\/\" target=\"_blank\" rel=\"noopener\">Edelsteine &amp; Schmuck bei Saphir &amp; Smaragd ansehen<\/a><\/p>\n<\/li>\n<\/ul>\n<hr data-start=\"1931\" data-end=\"1934\" \/>\n<p>Produktbilder dienen der Veranschaulichung. Verpackungsdesign kann abweichen.<\/p>","protected":false},"excerpt":{"rendered":"<p class=\"\" data-start=\"5452\" data-end=\"5910\"><em>\u00a0Yorkshire Soft Set Honig 400g \u2013 Cremiger Bl\u00fctenhonig aus South Yorkshire. 100\u202f% roh, naturbelassen &amp; vielseitig einsetzbar. Ideal f\u00fcr Fr\u00fchst\u00fcck, Tee &amp; Gesundheit. Jetzt entdecken!<\/em><\/p>","protected":false},"featured_media":43730,"comment_status":"open","ping_status":"closed","template":"","meta":{"_glsr_average":0,"_glsr_ranking":0,"_glsr_reviews":0},"product_brand":[],"product_cat":[112],"product_tag":[],"class_list":{"0":"post-16074","1":"product","2":"type-product","3":"status-publish","4":"has-post-thumbnail","6":"product_cat-bluetenhonig","8":"first","9":"instock","10":"shipping-taxable","11":"purchasable","12":"product-type-simple","13":"add-to-wishlist-before_image"},"jetpack_sharing_enabled":true,"_links":{"self":[{"href":"https:\/\/honigbee.com\/pt\/wp-json\/wp\/v2\/product\/16074","targetHints":{"allow":["GET"]}}],"collection":[{"href":"https:\/\/honigbee.com\/pt\/wp-json\/wp\/v2\/product"}],"about":[{"href":"https:\/\/honigbee.com\/pt\/wp-json\/wp\/v2\/types\/product"}],"replies":[{"embeddable":true,"href":"https:\/\/honigbee.com\/pt\/wp-json\/wp\/v2\/comments?post=16074"}],"version-history":[{"count":4,"href":"https:\/\/honigbee.com\/pt\/wp-json\/wp\/v2\/product\/16074\/revisions"}],"predecessor-version":[{"id":43731,"href":"https:\/\/honigbee.com\/pt\/wp-json\/wp\/v2\/product\/16074\/revisions\/43731"}],"wp:featuredmedia":[{"embeddable":true,"href":"https:\/\/honigbee.com\/pt\/wp-json\/wp\/v2\/media\/43730"}],"wp:attachment":[{"href":"https:\/\/honigbee.com\/pt\/wp-json\/wp\/v2\/media?parent=16074"}],"wp:term":[{"taxonomy":"product_brand","embeddable":true,"href":"https:\/\/honigbee.com\/pt\/wp-json\/wp\/v2\/product_brand?post=16074"},{"taxonomy":"product_cat","embeddable":true,"href":"https:\/\/honigbee.com\/pt\/wp-json\/wp\/v2\/product_cat?post=16074"},{"taxonomy":"product_tag","embeddable":true,"href":"https:\/\/honigbee.com\/pt\/wp-json\/wp\/v2\/product_tag?post=16074"}],"curies":[{"name":"wp","href":"https:\/\/api.w.org\/{rel}","templated":true}]}}