{"id":23407,"date":"2025-05-29T13:19:01","date_gmt":"2025-05-29T13:19:01","guid":{"rendered":"https:\/\/honigbee.com\/?post_type=product&#038;p=23407"},"modified":"2026-03-09T18:12:12","modified_gmt":"2026-03-09T18:12:12","slug":"rosinen-1-kg","status":"publish","type":"product","link":"https:\/\/honigbee.com\/pt\/produto\/rosinen-1-kg\/","title":{"rendered":"1 kg Rosinen \u2013 Getrocknete s\u00fc\u00dfe Fr\u00fcchte mit hohem Ballaststoffgehalt"},"content":{"rendered":"<div id=\"ez-toc-container\" class=\"ez-toc-v2_0_83 counter-hierarchy ez-toc-counter ez-toc-grey ez-toc-container-direction\">\n<div class=\"ez-toc-title-container\">\n<p class=\"ez-toc-title\" style=\"cursor:inherit\">\u00cdndice<\/p>\n<span class=\"ez-toc-title-toggle\"><a href=\"#\" class=\"ez-toc-pull-right ez-toc-btn ez-toc-btn-xs ez-toc-btn-default ez-toc-toggle\" aria-label=\"Alternar \u00edndice\"><span class=\"ez-toc-js-icon-con\"><span class=\"\"><span class=\"eztoc-hide\" style=\"display:none;\">Alternar<\/span><span class=\"ez-toc-icon-toggle-span\"><svg style=\"fill: #999;color:#999\" xmlns=\"http:\/\/www.w3.org\/2000\/svg\" class=\"list-377408\" width=\"20px\" height=\"20px\" viewbox=\"0 0 24 24\" fill=\"none\"><path d=\"M6 6H4v2h2V6zm14 0H8v2h12V6zM4 11h2v2H4v-2zm16 0H8v2h12v-2zM4 16h2v2H4v-2zm16 0H8v2h12v-2z\" fill=\"currentColor\"><\/path><\/svg><svg style=\"fill: #999;color:#999\" class=\"arrow-unsorted-368013\" xmlns=\"http:\/\/www.w3.org\/2000\/svg\" width=\"10px\" height=\"10px\" viewbox=\"0 0 24 24\" version=\"1.2\" baseprofile=\"tiny\"><path d=\"M18.2 9.3l-6.2-6.3-6.2 6.3c-.2.2-.3.4-.3.7s.1.5.3.7c.2.2.4.3.7.3h11c.3 0 .5-.1.7-.3.2-.2.3-.5.3-.7s-.1-.5-.3-.7zM5.8 14.7l6.2 6.3 6.2-6.3c.2-.2.3-.5.3-.7s-.1-.5-.3-.7c-.2-.2-.4-.3-.7-.3h-11c-.3 0-.5.1-.7.3-.2.2-.3.5-.3.7s.1.5.3.7z\"\/><\/svg><\/span><\/span><\/span><\/a><\/span><\/div>\n<nav><ul class='ez-toc-list ez-toc-list-level-1' ><li class='ez-toc-page-1 ez-toc-heading-level-4'><a class=\"ez-toc-link ez-toc-heading-1\" href=\"https:\/\/honigbee.com\/pt\/produto\/rosinen-1-kg\/#Produktmerkmale\" >Caracter\u00edsticas do produto<\/a><\/li><li class='ez-toc-page-1 ez-toc-heading-level-4'><a class=\"ez-toc-link ez-toc-heading-2\" href=\"https:\/\/honigbee.com\/pt\/produto\/rosinen-1-kg\/#Geschmack_Konsistenz\" >Sabor e Consist\u00eancia<\/a><\/li><li class='ez-toc-page-1 ez-toc-heading-level-4'><a class=\"ez-toc-link ez-toc-heading-3\" href=\"https:\/\/honigbee.com\/pt\/produto\/rosinen-1-kg\/#Verwendung\" >usar<\/a><\/li><li class='ez-toc-page-1 ez-toc-heading-level-4'><a class=\"ez-toc-link ez-toc-heading-4\" href=\"https:\/\/honigbee.com\/pt\/produto\/rosinen-1-kg\/#Nahrwerte_pro_100_g\" >Valores nutricionais (por 100 g)<\/a><\/li><li class='ez-toc-page-1 ez-toc-heading-level-4'><a class=\"ez-toc-link ez-toc-heading-5\" href=\"https:\/\/honigbee.com\/pt\/produto\/rosinen-1-kg\/#Produktdetails\" >Detalhes do produto<\/a><\/li><li class='ez-toc-page-1 ez-toc-heading-level-4'><a class=\"ez-toc-link ez-toc-heading-6\" href=\"https:\/\/honigbee.com\/pt\/produto\/rosinen-1-kg\/#Allergene\" >Al\u00e9rgenos<\/a><\/li><li class='ez-toc-page-1 ez-toc-heading-level-4'><a class=\"ez-toc-link ez-toc-heading-7\" href=\"https:\/\/honigbee.com\/pt\/produto\/rosinen-1-kg\/#Lagerung\" >armazenar<\/a><\/li><li class='ez-toc-page-1 ez-toc-heading-level-4'><a class=\"ez-toc-link ez-toc-heading-8\" href=\"https:\/\/honigbee.com\/pt\/produto\/rosinen-1-kg\/#Weitere_Inspiration_entdecken\" >Weitere Inspiration entdecken<\/a><\/li><\/ul><\/nav><\/div>\n<p data-start=\"487\" data-end=\"649\">O <strong data-start=\"491\" data-end=\"506\">1kg Rosinen<\/strong> bestehen aus getrockneten Trauben, die nach der Ernte schonend verarbeitet werden. Durch die Trocknung entsteht ein nat\u00fcrlich s\u00fc\u00dfer Geschmack.<\/p>\n<hr data-start=\"724\" data-end=\"727\" \/>\n<h4 data-start=\"729\" data-end=\"749\"><span class=\"ez-toc-section\" id=\"Produktmerkmale\"><\/span>Caracter\u00edsticas do produto<span class=\"ez-toc-section-end\"><\/span><\/h4>\n<p data-start=\"751\" data-end=\"882\">1kg Rosinen<br data-start=\"762\" data-end=\"765\" \/>Getrocknete Trauben<br data-start=\"784\" data-end=\"787\" \/>Origem: T\u00fcrkiye<br data-start=\"803\" data-end=\"806\" \/>Vegano e sem gl\u00faten<br data-start=\"826\" data-end=\"829\" \/>Sem adi\u00e7\u00e3o de a\u00e7\u00facar<br data-start=\"846\" data-end=\"849\" \/>Embalagem com fecho herm\u00e9tico<\/p>\n<hr data-start=\"884\" data-end=\"887\" \/>\n<h4 data-start=\"889\" data-end=\"916\"><span class=\"ez-toc-section\" id=\"Geschmack_Konsistenz\"><\/span>Sabor e Consist\u00eancia<span class=\"ez-toc-section-end\"><\/span><\/h4>\n<p data-start=\"918\" data-end=\"1000\">Nat\u00fcrlich s\u00fc\u00dfer Geschmack<br data-start=\"943\" data-end=\"946\" \/>Fruchtiges Traubenaroma<br data-start=\"969\" data-end=\"972\" \/>Weiche, leicht z\u00e4he Textur<\/p>\n<hr data-start=\"1002\" data-end=\"1005\" \/>\n<h4 data-start=\"1007\" data-end=\"1022\"><span class=\"ez-toc-section\" id=\"Verwendung\"><\/span>usar<span class=\"ez-toc-section-end\"><\/span><\/h4>\n<p data-start=\"1062\" data-end=\"1226\">\u2022 Snack f\u00fcr unterwegs<br data-start=\"1083\" data-end=\"1086\" \/>\u2022 M\u00fcsli oder Porridge<br data-start=\"1107\" data-end=\"1110\" \/>\u2022 Backrezepte wie Kuchen oder Kekse<br data-start=\"1145\" data-end=\"1148\" \/>\u2022 Reisgerichte oder Couscous<br data-start=\"1176\" data-end=\"1179\" \/>\u2022 Kombination mit N\u00fcssen oder Trockenfr\u00fcchten<\/p>\n<hr data-start=\"1228\" data-end=\"1231\" \/>\n<h4 data-start=\"1233\" data-end=\"1259\"><span class=\"ez-toc-section\" id=\"Nahrwerte_pro_100_g\"><\/span>Valores nutricionais (por 100 g)<span class=\"ez-toc-section-end\"><\/span><\/h4>\n<p data-start=\"1261\" data-end=\"1432\">Energie: 1252 kJ \/ 299 kcal<br data-start=\"1288\" data-end=\"1291\" \/>Fett: 0,46 g<br data-start=\"1303\" data-end=\"1306\" \/>davon ges\u00e4ttigte Fetts\u00e4uren: 0,06 g<br data-start=\"1341\" data-end=\"1344\" \/>Kohlenhydrate: 79,18 g<br data-start=\"1366\" data-end=\"1369\" \/>davon Zucker: 59,19 g<br data-start=\"1390\" data-end=\"1393\" \/>Eiwei\u00df: 3,07 g<br data-start=\"1407\" data-end=\"1410\" \/>Ballaststoffe: 3,7 g<\/p>\n<hr data-start=\"1434\" data-end=\"1437\" \/>\n<h4 data-start=\"1439\" data-end=\"1458\"><span class=\"ez-toc-section\" id=\"Produktdetails\"><\/span>Detalhes do produto<span class=\"ez-toc-section-end\"><\/span><\/h4>\n<p data-start=\"1460\" data-end=\"1584\">Conte\u00fado: 1000 g<br data-start=\"1501\" data-end=\"1504\" \/>Origem: T\u00fcrkiye<br data-start=\"1520\" data-end=\"1523\" \/>Verarbeitung: Getrocknet<br data-start=\"1547\" data-end=\"1550\" \/>Zutaten: Rosinen, Sonnenblumen\u00f6l<\/p>\n<hr data-start=\"1586\" data-end=\"1589\" \/>\n<h4 data-start=\"1591\" data-end=\"1605\"><span class=\"ez-toc-section\" id=\"Allergene\"><\/span>Al\u00e9rgenos<span class=\"ez-toc-section-end\"><\/span><\/h4>\n<p data-start=\"1607\" data-end=\"1661\">Pode conter vest\u00edgios de amendoim, nozes e s\u00e9samo.<\/p>\n<hr data-start=\"1663\" data-end=\"1666\" \/>\n<h4 data-start=\"1668\" data-end=\"1681\"><span class=\"ez-toc-section\" id=\"Lagerung\"><\/span>armazenar<span class=\"ez-toc-section-end\"><\/span><\/h4>\n<p data-start=\"1683\" data-end=\"1757\" data-is-last-node=\"\" data-is-only-node=\"\">Conservar em local fresco e seco, ao abrigo da luz. Fechar bem ap\u00f3s aberto.<\/p>\n<hr data-start=\"1663\" data-end=\"1666\" \/>\n<h4 data-start=\"413\" data-end=\"449\"><span class=\"ez-toc-section\" id=\"Weitere_Inspiration_entdecken\"><\/span>Weitere Inspiration entdecken<span class=\"ez-toc-section-end\"><\/span><\/h4>\n<p data-start=\"450\" data-end=\"582\">Du suchst weitere besondere Produkte? Entdecke zus\u00e4tzliche Highlights in unserem Sortiment oder st\u00f6bere in unseren Partnerprojekten:<\/p>\n<ul data-start=\"584\" data-end=\"920\">\n<li data-start=\"584\" data-end=\"656\"><a href=\"https:\/\/honigbee.com\/pt\/shop\/\">Weitere Naturprodukte bei Honigbee entdecken<\/a><\/li>\n<li data-start=\"657\" data-end=\"783\">\n<p data-start=\"659\" data-end=\"783\"><a href=\"https:\/\/matvana.com\/shop\/\" target=\"_blank\" rel=\"noopener\">Stilvolle Wohnideen bei Matvana ansehen<\/a><\/p>\n<\/li>\n<li data-start=\"784\" data-end=\"920\">\n<p data-start=\"786\" data-end=\"920\"><a href=\"https:\/\/saphirsmaragd.com\/shop\/\" target=\"_blank\" rel=\"noopener\">Edelsteine &amp; Schmuck bei Saphir &amp; Smaragd ansehen<\/a><\/p>\n<\/li>\n<\/ul>\n<hr data-start=\"1931\" data-end=\"1934\" \/>\n<p>Produktbilder dienen der Veranschaulichung. Verpackungsdesign kann abweichen.<\/p>","protected":false},"excerpt":{"rendered":"<p data-start=\"297\" data-end=\"428\"><em>1kg Rosinen aus der T\u00fcrkei. Nat\u00fcrlich s\u00fc\u00dfe getrocknete Trauben \u2013 ideal als Snack, f\u00fcr M\u00fcsli, Backrezepte und verschiedene Gerichte.<\/em><\/p>","protected":false},"featured_media":43486,"comment_status":"open","ping_status":"closed","template":"","meta":{"_glsr_average":0,"_glsr_ranking":0,"_glsr_reviews":0},"product_brand":[],"product_cat":[679],"product_tag":[],"class_list":{"0":"post-23407","1":"product","2":"type-product","3":"status-publish","4":"has-post-thumbnail","6":"product_cat-getrocknete-rosinen","8":"first","9":"instock","10":"shipping-taxable","11":"purchasable","12":"product-type-simple","13":"add-to-wishlist-before_image"},"jetpack_sharing_enabled":true,"_links":{"self":[{"href":"https:\/\/honigbee.com\/pt\/wp-json\/wp\/v2\/product\/23407","targetHints":{"allow":["GET"]}}],"collection":[{"href":"https:\/\/honigbee.com\/pt\/wp-json\/wp\/v2\/product"}],"about":[{"href":"https:\/\/honigbee.com\/pt\/wp-json\/wp\/v2\/types\/product"}],"replies":[{"embeddable":true,"href":"https:\/\/honigbee.com\/pt\/wp-json\/wp\/v2\/comments?post=23407"}],"version-history":[{"count":3,"href":"https:\/\/honigbee.com\/pt\/wp-json\/wp\/v2\/product\/23407\/revisions"}],"predecessor-version":[{"id":43487,"href":"https:\/\/honigbee.com\/pt\/wp-json\/wp\/v2\/product\/23407\/revisions\/43487"}],"wp:featuredmedia":[{"embeddable":true,"href":"https:\/\/honigbee.com\/pt\/wp-json\/wp\/v2\/media\/43486"}],"wp:attachment":[{"href":"https:\/\/honigbee.com\/pt\/wp-json\/wp\/v2\/media?parent=23407"}],"wp:term":[{"taxonomy":"product_brand","embeddable":true,"href":"https:\/\/honigbee.com\/pt\/wp-json\/wp\/v2\/product_brand?post=23407"},{"taxonomy":"product_cat","embeddable":true,"href":"https:\/\/honigbee.com\/pt\/wp-json\/wp\/v2\/product_cat?post=23407"},{"taxonomy":"product_tag","embeddable":true,"href":"https:\/\/honigbee.com\/pt\/wp-json\/wp\/v2\/product_tag?post=23407"}],"curies":[{"name":"wp","href":"https:\/\/api.w.org\/{rel}","templated":true}]}}