{"id":26601,"date":"2025-06-24T11:26:26","date_gmt":"2025-06-24T11:26:26","guid":{"rendered":"https:\/\/honigbee.com\/?post_type=product&#038;p=26601"},"modified":"2026-03-09T20:58:01","modified_gmt":"2026-03-09T20:58:01","slug":"weihrauch-kapseln-150-hochdosiert","status":"publish","type":"product","link":"https:\/\/honigbee.com\/pt\/produto\/weihrauch-kapseln-150-hochdosiert\/","title":{"rendered":"150 Weihrauch Kapseln Hochdosiert 1176mg Boswellia Vegan"},"content":{"rendered":"<div id=\"ez-toc-container\" class=\"ez-toc-v2_0_83 counter-hierarchy ez-toc-counter ez-toc-grey ez-toc-container-direction\">\n<div class=\"ez-toc-title-container\">\n<p class=\"ez-toc-title\" style=\"cursor:inherit\">\u00cdndice<\/p>\n<span class=\"ez-toc-title-toggle\"><a href=\"#\" class=\"ez-toc-pull-right ez-toc-btn ez-toc-btn-xs ez-toc-btn-default ez-toc-toggle\" aria-label=\"Alternar \u00edndice\"><span class=\"ez-toc-js-icon-con\"><span class=\"\"><span class=\"eztoc-hide\" style=\"display:none;\">Alternar<\/span><span class=\"ez-toc-icon-toggle-span\"><svg style=\"fill: #999;color:#999\" xmlns=\"http:\/\/www.w3.org\/2000\/svg\" class=\"list-377408\" width=\"20px\" height=\"20px\" viewbox=\"0 0 24 24\" fill=\"none\"><path d=\"M6 6H4v2h2V6zm14 0H8v2h12V6zM4 11h2v2H4v-2zm16 0H8v2h12v-2zM4 16h2v2H4v-2zm16 0H8v2h12v-2z\" fill=\"currentColor\"><\/path><\/svg><svg style=\"fill: #999;color:#999\" class=\"arrow-unsorted-368013\" xmlns=\"http:\/\/www.w3.org\/2000\/svg\" width=\"10px\" height=\"10px\" viewbox=\"0 0 24 24\" version=\"1.2\" baseprofile=\"tiny\"><path d=\"M18.2 9.3l-6.2-6.3-6.2 6.3c-.2.2-.3.4-.3.7s.1.5.3.7c.2.2.4.3.7.3h11c.3 0 .5-.1.7-.3.2-.2.3-.5.3-.7s-.1-.5-.3-.7zM5.8 14.7l6.2 6.3 6.2-6.3c.2-.2.3-.5.3-.7s-.1-.5-.3-.7c-.2-.2-.4-.3-.7-.3h-11c-.3 0-.5.1-.7.3-.2.2-.3.5-.3.7s.1.5.3.7z\"\/><\/svg><\/span><\/span><\/span><\/a><\/span><\/div>\n<nav><ul class='ez-toc-list ez-toc-list-level-1' ><li class='ez-toc-page-1 ez-toc-heading-level-4'><a class=\"ez-toc-link ez-toc-heading-1\" href=\"https:\/\/honigbee.com\/pt\/produto\/weihrauch-kapseln-150-hochdosiert\/#Produktvorteile_auf_einen_Blick\" >Vantagens do produto em resumo<\/a><\/li><li class='ez-toc-page-1 ez-toc-heading-level-4'><a class=\"ez-toc-link ez-toc-heading-2\" href=\"https:\/\/honigbee.com\/pt\/produto\/weihrauch-kapseln-150-hochdosiert\/#Einnahme_Anwendung\" >Admiss\u00e3o e Aplica\u00e7\u00e3o<\/a><\/li><li class='ez-toc-page-1 ez-toc-heading-level-4'><a class=\"ez-toc-link ez-toc-heading-3\" href=\"https:\/\/honigbee.com\/pt\/produto\/weihrauch-kapseln-150-hochdosiert\/#Eigenschaften_von_Boswellia_serrata\" >Eigenschaften von Boswellia serrata<\/a><\/li><li class='ez-toc-page-1 ez-toc-heading-level-4'><a class=\"ez-toc-link ez-toc-heading-4\" href=\"https:\/\/honigbee.com\/pt\/produto\/weihrauch-kapseln-150-hochdosiert\/#Produktdetails\" >Detalhes do produto<\/a><\/li><li class='ez-toc-page-1 ez-toc-heading-level-4'><a class=\"ez-toc-link ez-toc-heading-5\" href=\"https:\/\/honigbee.com\/pt\/produto\/weihrauch-kapseln-150-hochdosiert\/#Lagerung\" >armazenar<\/a><\/li><li class='ez-toc-page-1 ez-toc-heading-level-4'><a class=\"ez-toc-link ez-toc-heading-6\" href=\"https:\/\/honigbee.com\/pt\/produto\/weihrauch-kapseln-150-hochdosiert\/#Hinweis\" >Perceber<\/a><\/li><li class='ez-toc-page-1 ez-toc-heading-level-4'><a class=\"ez-toc-link ez-toc-heading-7\" href=\"https:\/\/honigbee.com\/pt\/produto\/weihrauch-kapseln-150-hochdosiert\/#Weitere_Inspiration_entdecken\" >Weitere Inspiration entdecken<\/a><\/li><\/ul><\/nav><\/div>\n<p data-start=\"622\" data-end=\"886\">O <strong data-start=\"626\" data-end=\"647\">Weihrauch Kapseln<\/strong> liefern pro Tagesportion 1176 mg hochwertigen Boswellia-Extrakt aus indischem Weihrauch (<em data-start=\"737\" data-end=\"756\">Boswellia serrata<\/em>). Der Extrakt ist auf 85 % Boswellias\u00e4uren standardisiert und wird h\u00e4ufig als Bestandteil einer ausgewogenen Ern\u00e4hrung verwendet.<\/p>\n<hr data-start=\"888\" data-end=\"891\" \/>\n<h4 data-start=\"893\" data-end=\"929\"><span class=\"ez-toc-section\" id=\"Produktvorteile_auf_einen_Blick\"><\/span>Vantagens do produto em resumo<span class=\"ez-toc-section-end\"><\/span><\/h4>\n<p data-start=\"931\" data-end=\"1142\">\u2022 1176 mg Boswellia-Extrakt pro Tagesdosis<br data-start=\"973\" data-end=\"976\" \/>\u2022 Standardisiert auf 85 % Boswellias\u00e4uren<br data-start=\"1017\" data-end=\"1020\" \/>\u2022 150 vegane Kapseln \u2013 langfristiger Vorrat<br data-start=\"1063\" data-end=\"1066\" \/>\u2022 Ohne Zusatzstoffe oder Trennmittel<br data-start=\"1102\" data-end=\"1105\" \/>\u2022 Glutenfrei, laktosefrei und vegan<\/p>\n<hr data-start=\"1144\" data-end=\"1147\" \/>\n<h4 data-start=\"1149\" data-end=\"1174\"><span class=\"ez-toc-section\" id=\"Einnahme_Anwendung\"><\/span>Admiss\u00e3o e Aplica\u00e7\u00e3o<span class=\"ez-toc-section-end\"><\/span><\/h4>\n<p data-start=\"1176\" data-end=\"1243\"><strong data-start=\"1176\" data-end=\"1190\">Dosagem:<\/strong><br data-start=\"1190\" data-end=\"1193\" \/>1 Kapsel t\u00e4glich mit ausreichend Wasser einnehmen.<\/p>\n<p data-start=\"1245\" data-end=\"1309\"><strong data-start=\"1245\" data-end=\"1262\">Einnahmezeit:<\/strong><br data-start=\"1262\" data-end=\"1265\" \/>Idealerweise morgens oder zu einer Mahlzeit.<\/p>\n<hr data-start=\"1311\" data-end=\"1314\" \/>\n<h4 data-start=\"1316\" data-end=\"1356\"><span class=\"ez-toc-section\" id=\"Eigenschaften_von_Boswellia_serrata\"><\/span>Eigenschaften von Boswellia serrata<span class=\"ez-toc-section-end\"><\/span><\/h4>\n<p data-start=\"1358\" data-end=\"1452\">Boswellia serrata ist eine Pflanze, die traditionell in verschiedenen Kulturen verwendet wird.<\/p>\n<p data-start=\"1454\" data-end=\"1511\">Der Extrakt wird h\u00e4ufig eingesetzt zur Unterst\u00fctzung von:<\/p>\n<p data-start=\"1513\" data-end=\"1605\">\u2022 Beweglichkeit und Gelenkfunktion<br data-start=\"1547\" data-end=\"1550\" \/>\u2022 allgemeinem Wohlbefinden<br data-start=\"1576\" data-end=\"1579\" \/>\u2022 ausgewogener Ern\u00e4hrung<\/p>\n<hr data-start=\"1915\" data-end=\"1918\" \/>\n<h4 data-start=\"1920\" data-end=\"1939\"><span class=\"ez-toc-section\" id=\"Produktdetails\"><\/span>Detalhes do produto<span class=\"ez-toc-section-end\"><\/span><\/h4>\n<p data-start=\"1941\" data-end=\"1978\">Conte\u00fado: 150 c\u00e1psulas<br data-start=\"1960\" data-end=\"1963\" \/>Form: Kapseln<\/p>\n<p data-start=\"1980\" data-end=\"2041\">Zutaten: Boswellia serrata Extrakt, pflanzliche Kapselh\u00fclle<\/p>\n<p data-start=\"2043\" data-end=\"2083\">Vegan, glutenfrei und ohne Zuckerzusatz.<\/p>\n<hr data-start=\"2085\" data-end=\"2088\" \/>\n<h4 data-start=\"2090\" data-end=\"2103\"><span class=\"ez-toc-section\" id=\"Lagerung\"><\/span>armazenar<span class=\"ez-toc-section-end\"><\/span><\/h4>\n<p data-start=\"2105\" data-end=\"2145\">Armazene em local seco e fresco, longe da luz.<\/p>\n<hr data-start=\"2147\" data-end=\"2150\" \/>\n<h4 data-start=\"2152\" data-end=\"2164\"><span class=\"ez-toc-section\" id=\"Hinweis\"><\/span>Perceber<span class=\"ez-toc-section-end\"><\/span><\/h4>\n<p data-start=\"2166\" data-end=\"2318\">Nahrungserg\u00e4nzungsmittel sollten nicht als Ersatz f\u00fcr eine abwechslungsreiche und ausgewogene Ern\u00e4hrung sowie eine gesunde Lebensweise verwendet werden.<\/p>\n<hr data-start=\"1683\" data-end=\"1686\" \/>\n<h4 data-start=\"413\" data-end=\"449\"><span class=\"ez-toc-section\" id=\"Weitere_Inspiration_entdecken\"><\/span>Weitere Inspiration entdecken<span class=\"ez-toc-section-end\"><\/span><\/h4>\n<p data-start=\"450\" data-end=\"582\">Du suchst weitere besondere Produkte? Entdecke zus\u00e4tzliche Highlights in unserem Sortiment oder st\u00f6bere in unseren Partnerprojekten:<\/p>\n<ul data-start=\"584\" data-end=\"920\">\n<li data-start=\"584\" data-end=\"656\"><a href=\"https:\/\/honigbee.com\/pt\/shop\/\">Weitere Naturprodukte bei Honigbee entdecken<\/a><\/li>\n<li data-start=\"657\" data-end=\"783\">\n<p data-start=\"659\" data-end=\"783\"><a href=\"https:\/\/matvana.com\/shop\/\" target=\"_blank\" rel=\"noopener\">Stilvolle Wohnideen bei Matvana ansehen<\/a><\/p>\n<\/li>\n<li data-start=\"784\" data-end=\"920\">\n<p data-start=\"786\" data-end=\"920\"><a href=\"https:\/\/saphirsmaragd.com\/shop\/\" target=\"_blank\" rel=\"noopener\">Edelsteine &amp; Schmuck bei Saphir &amp; Smaragd ansehen<\/a><\/p>\n<\/li>\n<\/ul>\n<hr data-start=\"1931\" data-end=\"1934\" \/>\n<p>Produktbilder dienen der Veranschaulichung. Verpackungsdesign kann abweichen.<\/p>","protected":false},"excerpt":{"rendered":"<p data-start=\"325\" data-end=\"483\"><em>Weihrauch Kapseln hochdosiert mit Boswellia-Extrakt. 150 vegane Kapseln mit 85 % Boswellias\u00e4uren \u2013 ohne Zusatzstoffe, ideal f\u00fcr Gelenke und Beweglichkeit.<\/em><\/p>","protected":false},"featured_media":43570,"comment_status":"open","ping_status":"closed","template":"","meta":{"_glsr_average":0,"_glsr_ranking":0,"_glsr_reviews":0},"product_brand":[],"product_cat":[373],"product_tag":[],"class_list":{"0":"post-26601","1":"product","2":"type-product","3":"status-publish","4":"has-post-thumbnail","6":"product_cat-weihrauchharz","8":"first","9":"instock","10":"shipping-taxable","11":"purchasable","12":"product-type-simple","13":"add-to-wishlist-before_image"},"jetpack_sharing_enabled":true,"_links":{"self":[{"href":"https:\/\/honigbee.com\/pt\/wp-json\/wp\/v2\/product\/26601","targetHints":{"allow":["GET"]}}],"collection":[{"href":"https:\/\/honigbee.com\/pt\/wp-json\/wp\/v2\/product"}],"about":[{"href":"https:\/\/honigbee.com\/pt\/wp-json\/wp\/v2\/types\/product"}],"replies":[{"embeddable":true,"href":"https:\/\/honigbee.com\/pt\/wp-json\/wp\/v2\/comments?post=26601"}],"version-history":[{"count":3,"href":"https:\/\/honigbee.com\/pt\/wp-json\/wp\/v2\/product\/26601\/revisions"}],"predecessor-version":[{"id":43571,"href":"https:\/\/honigbee.com\/pt\/wp-json\/wp\/v2\/product\/26601\/revisions\/43571"}],"wp:featuredmedia":[{"embeddable":true,"href":"https:\/\/honigbee.com\/pt\/wp-json\/wp\/v2\/media\/43570"}],"wp:attachment":[{"href":"https:\/\/honigbee.com\/pt\/wp-json\/wp\/v2\/media?parent=26601"}],"wp:term":[{"taxonomy":"product_brand","embeddable":true,"href":"https:\/\/honigbee.com\/pt\/wp-json\/wp\/v2\/product_brand?post=26601"},{"taxonomy":"product_cat","embeddable":true,"href":"https:\/\/honigbee.com\/pt\/wp-json\/wp\/v2\/product_cat?post=26601"},{"taxonomy":"product_tag","embeddable":true,"href":"https:\/\/honigbee.com\/pt\/wp-json\/wp\/v2\/product_tag?post=26601"}],"curies":[{"name":"wp","href":"https:\/\/api.w.org\/{rel}","templated":true}]}}