{"id":45616,"date":"2026-05-08T15:22:56","date_gmt":"2026-05-08T15:22:56","guid":{"rendered":"https:\/\/honigbee.com\/?post_type=product&#038;p=45616"},"modified":"2026-05-08T15:28:58","modified_gmt":"2026-05-08T15:28:58","slug":"shiitake-pilzextrakt-30ml","status":"publish","type":"product","link":"https:\/\/honigbee.com\/pt\/produto\/shiitake-pilzextrakt-30ml\/","title":{"rendered":"Shiitake Pilzextrakt 30ml \u2013 Hochdosierter Vitalpilz Extrakt mit Beta-Glucanen"},"content":{"rendered":"<div id=\"ez-toc-container\" class=\"ez-toc-v2_0_83 counter-hierarchy ez-toc-counter ez-toc-grey ez-toc-container-direction\">\n<div class=\"ez-toc-title-container\">\n<p class=\"ez-toc-title\" style=\"cursor:inherit\">\u00cdndice<\/p>\n<span class=\"ez-toc-title-toggle\"><a href=\"#\" class=\"ez-toc-pull-right ez-toc-btn ez-toc-btn-xs ez-toc-btn-default ez-toc-toggle\" aria-label=\"Alternar \u00edndice\"><span class=\"ez-toc-js-icon-con\"><span class=\"\"><span class=\"eztoc-hide\" style=\"display:none;\">Alternar<\/span><span class=\"ez-toc-icon-toggle-span\"><svg style=\"fill: #999;color:#999\" xmlns=\"http:\/\/www.w3.org\/2000\/svg\" class=\"list-377408\" width=\"20px\" height=\"20px\" viewbox=\"0 0 24 24\" fill=\"none\"><path d=\"M6 6H4v2h2V6zm14 0H8v2h12V6zM4 11h2v2H4v-2zm16 0H8v2h12v-2zM4 16h2v2H4v-2zm16 0H8v2h12v-2z\" fill=\"currentColor\"><\/path><\/svg><svg style=\"fill: #999;color:#999\" class=\"arrow-unsorted-368013\" xmlns=\"http:\/\/www.w3.org\/2000\/svg\" width=\"10px\" height=\"10px\" viewbox=\"0 0 24 24\" version=\"1.2\" baseprofile=\"tiny\"><path d=\"M18.2 9.3l-6.2-6.3-6.2 6.3c-.2.2-.3.4-.3.7s.1.5.3.7c.2.2.4.3.7.3h11c.3 0 .5-.1.7-.3.2-.2.3-.5.3-.7s-.1-.5-.3-.7zM5.8 14.7l6.2 6.3 6.2-6.3c.2-.2.3-.5.3-.7s-.1-.5-.3-.7c-.2-.2-.4-.3-.7-.3h-11c-.3 0-.5.1-.7.3-.2.2-.3.5-.3.7s.1.5.3.7z\"\/><\/svg><\/span><\/span><\/span><\/a><\/span><\/div>\n<nav><ul class='ez-toc-list ez-toc-list-level-1' ><li class='ez-toc-page-1 ez-toc-heading-level-4'><a class=\"ez-toc-link ez-toc-heading-1\" href=\"https:\/\/honigbee.com\/pt\/produto\/shiitake-pilzextrakt-30ml\/#Shiitake_Pilzextrakt_30ml_fur_naturliche_Vitalitat\" >Shiitake Pilzextrakt 30ml f\u00fcr nat\u00fcrliche Vitalit\u00e4t<\/a><\/li><li class='ez-toc-page-1 ez-toc-heading-level-4'><a class=\"ez-toc-link ez-toc-heading-2\" href=\"https:\/\/honigbee.com\/pt\/produto\/shiitake-pilzextrakt-30ml\/#Hochkonzentrierte_Vitalpilz_Formel\" >Hochkonzentrierte Vitalpilz Formel<\/a><\/li><li class='ez-toc-page-1 ez-toc-heading-level-4'><a class=\"ez-toc-link ez-toc-heading-3\" href=\"https:\/\/honigbee.com\/pt\/produto\/shiitake-pilzextrakt-30ml\/#Premium_Qualitat_Reinheit\" >Premium Qualit\u00e4t &amp; Reinheit<\/a><\/li><li class='ez-toc-page-1 ez-toc-heading-level-4'><a class=\"ez-toc-link ez-toc-heading-4\" href=\"https:\/\/honigbee.com\/pt\/produto\/shiitake-pilzextrakt-30ml\/#Einfache_tagliche_Anwendung\" >Einfache t\u00e4gliche Anwendung<\/a><\/li><li class='ez-toc-page-1 ez-toc-heading-level-4'><a class=\"ez-toc-link ez-toc-heading-5\" href=\"https:\/\/honigbee.com\/pt\/produto\/shiitake-pilzextrakt-30ml\/#Zutaten_Inhaltsstoffe\" >Zutaten &amp; Inhaltsstoffe<\/a><\/li><li class='ez-toc-page-1 ez-toc-heading-level-4'><a class=\"ez-toc-link ez-toc-heading-6\" href=\"https:\/\/honigbee.com\/pt\/produto\/shiitake-pilzextrakt-30ml\/#Produktdetails\" >Detalhes do produto<\/a><\/li><li class='ez-toc-page-1 ez-toc-heading-level-4'><a class=\"ez-toc-link ez-toc-heading-7\" href=\"https:\/\/honigbee.com\/pt\/produto\/shiitake-pilzextrakt-30ml\/#Weitere_Inspiration_entdecken\" >Weitere Inspiration entdecken<\/a><\/li><\/ul><\/nav><\/div>\n<h4 data-start=\"516\" data-end=\"571\"><span class=\"ez-toc-section\" id=\"Shiitake_Pilzextrakt_30ml_fur_naturliche_Vitalitat\"><\/span>Shiitake Pilzextrakt 30ml f\u00fcr nat\u00fcrliche Vitalit\u00e4t<span class=\"ez-toc-section-end\"><\/span><\/h4>\n<p data-start=\"573\" data-end=\"843\">Der Shiitake Pilzextrakt 30ml kombiniert hochwertige Pilzextrakte mit moderner Verarbeitung f\u00fcr eine einfache t\u00e4gliche Anwendung. Die konzentrierte Formel wird aus dem Fruchtk\u00f6rper des Shiitake-Pilzes hergestellt und eignet sich ideal f\u00fcr eine bewusste Wellness-Routine.<\/p>\n<hr data-start=\"845\" data-end=\"848\" \/>\n<h4 data-start=\"850\" data-end=\"889\"><span class=\"ez-toc-section\" id=\"Hochkonzentrierte_Vitalpilz_Formel\"><\/span>Hochkonzentrierte Vitalpilz Formel<span class=\"ez-toc-section-end\"><\/span><\/h4>\n<p data-start=\"891\" data-end=\"1085\">Mit einem 20:1 Extraktverh\u00e4ltnis liefert der Extrakt eine besonders konzentrierte Zusammensetzung. Jeder Milliliter enth\u00e4lt 200 mg Extrakt und entspricht etwa 4000 mg getrocknetem Shiitake-Pilz.<\/p>\n<hr data-start=\"1087\" data-end=\"1090\" \/>\n<h4 data-start=\"1092\" data-end=\"1124\"><span class=\"ez-toc-section\" id=\"Premium_Qualitat_Reinheit\"><\/span>Premium Qualit\u00e4t &amp; Reinheit<span class=\"ez-toc-section-end\"><\/span><\/h4>\n<p data-start=\"1126\" data-end=\"1334\">Der Shiitake Pilzextrakt 30ml wird ohne k\u00fcnstliche Zusatzstoffe oder unn\u00f6tige F\u00fcllstoffe hergestellt. Die Rezeptur enth\u00e4lt ausschlie\u00dflich sorgf\u00e4ltig ausgew\u00e4hlte Inhaltsstoffe und wird zus\u00e4tzlich laborgepr\u00fcft.<\/p>\n<hr data-start=\"1336\" data-end=\"1339\" \/>\n<h4 data-start=\"1341\" data-end=\"1373\"><span class=\"ez-toc-section\" id=\"Einfache_tagliche_Anwendung\"><\/span>Einfache t\u00e4gliche Anwendung<span class=\"ez-toc-section-end\"><\/span><\/h4>\n<p data-start=\"1375\" data-end=\"1529\">Die fl\u00fcssige Form erm\u00f6glicht eine unkomplizierte Dosierung im Alltag. Ideal f\u00fcr alle, die Vitalpilze einfach in ihre t\u00e4gliche Routine integrieren m\u00f6chten.<\/p>\n<hr data-start=\"1531\" data-end=\"1534\" \/>\n<h4 data-start=\"1536\" data-end=\"1564\"><span class=\"ez-toc-section\" id=\"Zutaten_Inhaltsstoffe\"><\/span>Zutaten &amp; Inhaltsstoffe<span class=\"ez-toc-section-end\"><\/span><\/h4>\n<ul data-start=\"1566\" data-end=\"1692\">\n<li data-section-id=\"467jve\" data-start=\"1566\" data-end=\"1590\">Destilliertes Wasser<\/li>\n<li data-section-id=\"jdcsce\" data-start=\"1591\" data-end=\"1616\">Pflanzliches Glycerin<\/li>\n<li data-section-id=\"1dovmlv\" data-start=\"1617\" data-end=\"1657\">Shiitake Fruchtk\u00f6rper Extrakt (20:1)<\/li>\n<li data-section-id=\"1j6h54y\" data-start=\"1658\" data-end=\"1675\">Zitronens\u00e4ure<\/li>\n<li data-section-id=\"1c2shvq\" data-start=\"1676\" data-end=\"1692\">Kaliumsorbat<\/li>\n<\/ul>\n<hr data-start=\"1694\" data-end=\"1697\" \/>\n<h4 data-start=\"1699\" data-end=\"1718\"><span class=\"ez-toc-section\" id=\"Produktdetails\"><\/span>Detalhes do produto<span class=\"ez-toc-section-end\"><\/span><\/h4>\n<ul data-start=\"1720\" data-end=\"1931\">\n<li data-section-id=\"llwfty\" data-start=\"1720\" data-end=\"1737\">Inhalt: 30 ml<\/li>\n<li data-section-id=\"zmg70f\" data-start=\"1738\" data-end=\"1765\">Extraktverh\u00e4ltnis: 20:1<\/li>\n<li data-section-id=\"1mbtxk9\" data-start=\"1766\" data-end=\"1796\">200 mg Extrakt pro Portion<\/li>\n<li data-section-id=\"1fbk1ut\" data-start=\"1797\" data-end=\"1837\">Entspricht 4000 mg getrocknetem Pilz<\/li>\n<li data-section-id=\"n3n62y\" data-start=\"1838\" data-end=\"1866\">30 Portionen pro Flasche<\/li>\n<li data-section-id=\"14u36pk\" data-start=\"1867\" data-end=\"1905\">Mit nat\u00fcrlichem Beta-Glucan-Gehalt<\/li>\n<li data-section-id=\"ew5oj1\" data-start=\"1906\" data-end=\"1931\">Fl\u00fcssiger Pilzextrak<\/li>\n<\/ul>\n<hr data-start=\"2147\" data-end=\"2150\" \/>\n<h4 data-start=\"413\" data-end=\"449\"><span class=\"ez-toc-section\" id=\"Weitere_Inspiration_entdecken\"><\/span>Weitere Inspiration entdecken<span class=\"ez-toc-section-end\"><\/span><\/h4>\n<p data-start=\"450\" data-end=\"582\">Suchen Sie weitere besondere Produkte? Entdecken Sie zus\u00e4tzliche Highlights in unserem Sortiment oder besuchen Sie unsere Partnerprojekte:<\/p>\n<ul data-start=\"584\" data-end=\"920\">\n<li><a href=\"https:\/\/matvana.com\/shop\/\" target=\"_blank\" rel=\"noopener\">Stilvolle Wohn- &amp; Geschenkideen bei Matvana entdecken<\/a><\/li>\n<li data-start=\"657\" data-end=\"783\">\n<p data-start=\"659\" data-end=\"783\"><a href=\"https:\/\/honigbee.com\/pt\/shop\/\">Nat\u00fcrliche Produkte bei Honigbee ansehen<br \/>\n<\/a><\/p>\n<\/li>\n<li><a href=\"https:\/\/saphirsmaragd.com\/shop\/\" target=\"_blank\" rel=\"noopener\">Edelsteine &amp; Schmuckst\u00fccke bei Saphir &amp; Smaragd entdecken<\/a><\/li>\n<\/ul>","protected":false},"excerpt":{"rendered":"<p data-start=\"219\" data-end=\"386\"><em>Shiitake Pilzextrakt 30ml mit 20:1 Extraktverh\u00e4ltnis und nat\u00fcrlichem Beta-Glucan-Gehalt. Hochwertiger Vitalpilz Extrakt zur Unterst\u00fctzung von Wohlbefinden und Balance.<\/em><\/p>","protected":false},"featured_media":45621,"comment_status":"open","ping_status":"closed","template":"","meta":{"_glsr_average":0,"_glsr_ranking":0,"_glsr_reviews":0},"product_brand":[],"product_cat":[1545],"product_tag":[],"class_list":{"0":"post-45616","1":"product","2":"type-product","3":"status-publish","4":"has-post-thumbnail","6":"product_cat-mushroom-extrakte","8":"first","9":"instock","10":"shipping-taxable","11":"purchasable","12":"product-type-simple","13":"add-to-wishlist-before_image"},"jetpack_sharing_enabled":true,"_links":{"self":[{"href":"https:\/\/honigbee.com\/pt\/wp-json\/wp\/v2\/product\/45616","targetHints":{"allow":["GET"]}}],"collection":[{"href":"https:\/\/honigbee.com\/pt\/wp-json\/wp\/v2\/product"}],"about":[{"href":"https:\/\/honigbee.com\/pt\/wp-json\/wp\/v2\/types\/product"}],"replies":[{"embeddable":true,"href":"https:\/\/honigbee.com\/pt\/wp-json\/wp\/v2\/comments?post=45616"}],"version-history":[{"count":1,"href":"https:\/\/honigbee.com\/pt\/wp-json\/wp\/v2\/product\/45616\/revisions"}],"predecessor-version":[{"id":45622,"href":"https:\/\/honigbee.com\/pt\/wp-json\/wp\/v2\/product\/45616\/revisions\/45622"}],"wp:featuredmedia":[{"embeddable":true,"href":"https:\/\/honigbee.com\/pt\/wp-json\/wp\/v2\/media\/45621"}],"wp:attachment":[{"href":"https:\/\/honigbee.com\/pt\/wp-json\/wp\/v2\/media?parent=45616"}],"wp:term":[{"taxonomy":"product_brand","embeddable":true,"href":"https:\/\/honigbee.com\/pt\/wp-json\/wp\/v2\/product_brand?post=45616"},{"taxonomy":"product_cat","embeddable":true,"href":"https:\/\/honigbee.com\/pt\/wp-json\/wp\/v2\/product_cat?post=45616"},{"taxonomy":"product_tag","embeddable":true,"href":"https:\/\/honigbee.com\/pt\/wp-json\/wp\/v2\/product_tag?post=45616"}],"curies":[{"name":"wp","href":"https:\/\/api.w.org\/{rel}","templated":true}]}}