{"id":13761,"date":"2025-01-05T18:17:22","date_gmt":"2025-01-05T18:17:22","guid":{"rendered":"https:\/\/honigbee.com\/?post_type=product&#038;p=13761"},"modified":"2026-03-10T20:44:20","modified_gmt":"2026-03-10T20:44:20","slug":"120-multivitamin-kapseln","status":"publish","type":"product","link":"https:\/\/honigbee.com\/ro\/produs\/120-multivitamin-kapseln\/","title":{"rendered":"120 Multivitamin Kapseln Vegane Vitamin Komplex Kapseln A\u2013K"},"content":{"rendered":"<div id=\"ez-toc-container\" class=\"ez-toc-v2_0_83 counter-hierarchy ez-toc-counter ez-toc-grey ez-toc-container-direction\">\n<div class=\"ez-toc-title-container\">\n<p class=\"ez-toc-title\" style=\"cursor:inherit\">Cuprins<\/p>\n<span class=\"ez-toc-title-toggle\"><a href=\"#\" class=\"ez-toc-pull-right ez-toc-btn ez-toc-btn-xs ez-toc-btn-default ez-toc-toggle\" aria-label=\"Comutare Cuprins\"><span class=\"ez-toc-js-icon-con\"><span class=\"\"><span class=\"eztoc-hide\" style=\"display:none;\">Comutare<\/span><span class=\"ez-toc-icon-toggle-span\"><svg style=\"fill: #999;color:#999\" xmlns=\"http:\/\/www.w3.org\/2000\/svg\" class=\"list-377408\" width=\"20px\" height=\"20px\" viewbox=\"0 0 24 24\" fill=\"none\"><path d=\"M6 6H4v2h2V6zm14 0H8v2h12V6zM4 11h2v2H4v-2zm16 0H8v2h12v-2zM4 16h2v2H4v-2zm16 0H8v2h12v-2z\" fill=\"currentColor\"><\/path><\/svg><svg style=\"fill: #999;color:#999\" class=\"arrow-unsorted-368013\" xmlns=\"http:\/\/www.w3.org\/2000\/svg\" width=\"10px\" height=\"10px\" viewbox=\"0 0 24 24\" version=\"1.2\" baseprofile=\"tiny\"><path d=\"M18.2 9.3l-6.2-6.3-6.2 6.3c-.2.2-.3.4-.3.7s.1.5.3.7c.2.2.4.3.7.3h11c.3 0 .5-.1.7-.3.2-.2.3-.5.3-.7s-.1-.5-.3-.7zM5.8 14.7l6.2 6.3 6.2-6.3c.2-.2.3-.5.3-.7s-.1-.5-.3-.7c-.2-.2-.4-.3-.7-.3h-11c-.3 0-.5.1-.7.3-.2.2-.3.5-.3.7s.1.5.3.7z\"\/><\/svg><\/span><\/span><\/span><\/a><\/span><\/div>\n<nav><ul class='ez-toc-list ez-toc-list-level-1' ><li class='ez-toc-page-1 ez-toc-heading-level-4'><a class=\"ez-toc-link ez-toc-heading-1\" href=\"https:\/\/honigbee.com\/ro\/produs\/120-multivitamin-kapseln\/#Produktvorteile\" >Avantajele produsului<\/a><\/li><li class='ez-toc-page-1 ez-toc-heading-level-4'><a class=\"ez-toc-link ez-toc-heading-2\" href=\"https:\/\/honigbee.com\/ro\/produs\/120-multivitamin-kapseln\/#Enthaltene_Vitamine\" >Enthaltene Vitamine<\/a><\/li><li class='ez-toc-page-1 ez-toc-heading-level-4'><a class=\"ez-toc-link ez-toc-heading-3\" href=\"https:\/\/honigbee.com\/ro\/produs\/120-multivitamin-kapseln\/#Anwendung\" >Aplica\u021bie<\/a><\/li><li class='ez-toc-page-1 ez-toc-heading-level-4'><a class=\"ez-toc-link ez-toc-heading-4\" href=\"https:\/\/honigbee.com\/ro\/produs\/120-multivitamin-kapseln\/#Produktdetails\" >Detalii produs<\/a><\/li><li class='ez-toc-page-1 ez-toc-heading-level-4'><a class=\"ez-toc-link ez-toc-heading-5\" href=\"https:\/\/honigbee.com\/ro\/produs\/120-multivitamin-kapseln\/#Lagerung\" >depozitare<\/a><\/li><li class='ez-toc-page-1 ez-toc-heading-level-4'><a class=\"ez-toc-link ez-toc-heading-6\" href=\"https:\/\/honigbee.com\/ro\/produs\/120-multivitamin-kapseln\/#Hinweis\" >Observa<\/a><\/li><li class='ez-toc-page-1 ez-toc-heading-level-4'><a class=\"ez-toc-link ez-toc-heading-7\" href=\"https:\/\/honigbee.com\/ro\/produs\/120-multivitamin-kapseln\/#Weitere_Inspiration_entdecken\" >Weitere Inspiration entdecken<\/a><\/li><\/ul><\/nav><\/div>\n<p data-start=\"628\" data-end=\"874\">Cel\/Cea\/Cei\/Cele <strong data-start=\"632\" data-end=\"656\">Multivitamin Kapseln<\/strong> enthalten eine Kombination aus verschiedenen Vitaminen von A bis K. Die Kapseln eignen sich zur Erg\u00e4nzung einer ausgewogenen Ern\u00e4hrung und liefern verschiedene wichtige Mikron\u00e4hrstoffe in einer praktischen Kapselform.<\/p>\n<p data-start=\"876\" data-end=\"1003\">Die enthaltenen Vitamine geh\u00f6ren zu den essenziellen N\u00e4hrstoffen, die regelm\u00e4\u00dfig \u00fcber die Ern\u00e4hrung aufgenommen werden sollten.<\/p>\n<hr data-start=\"1005\" data-end=\"1008\" \/>\n<h4 data-start=\"1010\" data-end=\"1030\"><span class=\"ez-toc-section\" id=\"Produktvorteile\"><\/span>Avantajele produsului<span class=\"ez-toc-section-end\"><\/span><\/h4>\n<p data-start=\"1032\" data-end=\"1244\">\u2022 120 vegane Multivitamin Kapseln<br data-start=\"1065\" data-end=\"1068\" \/>\u2022 Kombination aus Vitaminen von A bis K<br data-start=\"1107\" data-end=\"1110\" \/>\u2022 Hochdosierte Mikron\u00e4hrstoffkombination<br data-start=\"1150\" data-end=\"1153\" \/>\u2022 Vegan und ohne unn\u00f6tige Zusatzstoffe<br data-start=\"1191\" data-end=\"1194\" \/>\u2022 Geeignet zur t\u00e4glichen Erg\u00e4nzung der Ern\u00e4hrung<\/p>\n<hr data-start=\"1246\" data-end=\"1249\" \/>\n<h4 data-start=\"1251\" data-end=\"1275\"><span class=\"ez-toc-section\" id=\"Enthaltene_Vitamine\"><\/span>Enthaltene Vitamine<span class=\"ez-toc-section-end\"><\/span><\/h4>\n<p data-start=\"1277\" data-end=\"1351\">Die enthaltenen Vitamine tragen zu verschiedenen Funktionen im K\u00f6rper bei:<\/p>\n<p data-start=\"1353\" data-end=\"1716\">\u2022 Vitamin A tr\u00e4gt zum Erhalt normaler Sehkraft bei<br data-start=\"1403\" data-end=\"1406\" \/>\u2022 Vitamin B-Vitamine tragen zum normalen Energiestoffwechsel bei<br data-start=\"1470\" data-end=\"1473\" \/>\u2022 Vitamin C tr\u00e4gt zu einer normalen Funktion des Immunsystems bei<br data-start=\"1538\" data-end=\"1541\" \/>\u2022 Vitamin D tr\u00e4gt zum Erhalt normaler Knochen bei<br data-start=\"1590\" data-end=\"1593\" \/>\u2022 Vitamin E tr\u00e4gt zum Schutz der Zellen vor oxidativem Stress bei<br data-start=\"1658\" data-end=\"1661\" \/>\u2022 Vitamin K tr\u00e4gt zu einer normalen Blutgerinnung bei<\/p>\n<hr data-start=\"1718\" data-end=\"1721\" \/>\n<h4 data-start=\"1723\" data-end=\"1737\"><span class=\"ez-toc-section\" id=\"Anwendung\"><\/span>Aplica\u021bie<span class=\"ez-toc-section-end\"><\/span><\/h4>\n<p data-start=\"1739\" data-end=\"1825\">Zilnic <strong data-start=\"1747\" data-end=\"1759\">1 Kapsel<\/strong> mit ausreichend Wasser einnehmen, vorzugsweise zu einer Mahlzeit.<\/p>\n<p data-start=\"1827\" data-end=\"1889\">Die empfohlene Verzehrmenge sollte nicht \u00fcberschritten werden.<\/p>\n<hr data-start=\"1891\" data-end=\"1894\" \/>\n<h4 data-start=\"1896\" data-end=\"1915\"><span class=\"ez-toc-section\" id=\"Produktdetails\"><\/span>Detalii produs<span class=\"ez-toc-section-end\"><\/span><\/h4>\n<p data-start=\"1917\" data-end=\"1940\">Cuprins: <strong data-start=\"1925\" data-end=\"1940\">120 Kapseln<\/strong><\/p>\n<p data-start=\"1942\" data-end=\"1964\">Form\u0103: Capsule vegane<\/p>\n<p data-start=\"1966\" data-end=\"2063\">Enthaltene Vitamine:<br data-start=\"1986\" data-end=\"1989\" \/>Vitamin A, Vitamin B-Komplex, Vitamin C, Vitamin D, Vitamin E, Vitamin K<\/p>\n<p data-start=\"2065\" data-end=\"2116\">Zutaten: Vitamin-Komplex, pflanzliche Kapselh\u00fclle<\/p>\n<p data-start=\"2118\" data-end=\"2167\">Vegan, glutenfrei und ohne unn\u00f6tige Zusatzstoffe.<\/p>\n<hr data-start=\"2169\" data-end=\"2172\" \/>\n<h4 data-start=\"2174\" data-end=\"2187\"><span class=\"ez-toc-section\" id=\"Lagerung\"><\/span>depozitare<span class=\"ez-toc-section-end\"><\/span><\/h4>\n<p data-start=\"2189\" data-end=\"2281\">K\u00fchl, trocken und lichtgesch\u00fctzt lagern.<br data-start=\"2229\" data-end=\"2232\" \/>Au\u00dferhalb der Reichweite von Kindern aufbewahren.<\/p>\n<hr data-start=\"2283\" data-end=\"2286\" \/>\n<h4 data-start=\"2288\" data-end=\"2300\"><span class=\"ez-toc-section\" id=\"Hinweis\"><\/span>Observa<span class=\"ez-toc-section-end\"><\/span><\/h4>\n<p data-start=\"2302\" data-end=\"2454\" data-is-last-node=\"\" data-is-only-node=\"\">Nahrungserg\u00e4nzungsmittel sollten nicht als Ersatz f\u00fcr eine abwechslungsreiche und ausgewogene Ern\u00e4hrung sowie eine gesunde Lebensweise verwendet werden.<\/p>\n<hr data-start=\"2237\" data-end=\"2240\" \/>\n<h4 data-start=\"413\" data-end=\"449\"><span class=\"ez-toc-section\" id=\"Weitere_Inspiration_entdecken\"><\/span>Weitere Inspiration entdecken<span class=\"ez-toc-section-end\"><\/span><\/h4>\n<p data-start=\"450\" data-end=\"582\">Du suchst weitere besondere Produkte? Entdecke zus\u00e4tzliche Highlights in unserem Sortiment oder st\u00f6bere in unseren Partnerprojekten:<\/p>\n<ul data-start=\"584\" data-end=\"920\">\n<li data-start=\"584\" data-end=\"656\"><a href=\"https:\/\/honigbee.com\/ro\/shop\/\">Weitere Naturprodukte bei Honigbee entdecken<\/a><\/li>\n<li data-start=\"657\" data-end=\"783\">\n<p data-start=\"659\" data-end=\"783\"><a href=\"https:\/\/matvana.com\/shop\/\" target=\"_blank\" rel=\"noopener\">Stilvolle Wohnideen bei Matvana ansehen<\/a><\/p>\n<\/li>\n<li data-start=\"784\" data-end=\"920\">\n<p data-start=\"786\" data-end=\"920\"><a href=\"https:\/\/saphirsmaragd.com\/shop\/\" target=\"_blank\" rel=\"noopener\">Edelsteine &amp; Schmuck bei Saphir &amp; Smaragd ansehen<\/a><\/p>\n<\/li>\n<\/ul>\n<hr data-start=\"1931\" data-end=\"1934\" \/>\n<p>Produktbilder dienen der Veranschaulichung. Verpackungsdesign kann abweichen.<\/p>","protected":false},"excerpt":{"rendered":"<p data-start=\"384\" data-end=\"524\"><em>Multivitamin Kapseln mit Vitaminen von A bis K. 120 vegane Kapseln zur t\u00e4glichen Erg\u00e4nzung der Ern\u00e4hrung mit wichtigen Mikron\u00e4hrstoffen.<\/em><\/p>","protected":false},"featured_media":43625,"comment_status":"open","ping_status":"closed","template":"","meta":{"_glsr_average":0,"_glsr_ranking":0,"_glsr_reviews":0},"product_brand":[],"product_cat":[405],"product_tag":[],"class_list":{"0":"post-13761","1":"product","2":"type-product","3":"status-publish","4":"has-post-thumbnail","6":"product_cat-multivitamine","8":"first","9":"instock","10":"shipping-taxable","11":"purchasable","12":"product-type-simple","13":"add-to-wishlist-before_image"},"jetpack_sharing_enabled":true,"_links":{"self":[{"href":"https:\/\/honigbee.com\/ro\/wp-json\/wp\/v2\/product\/13761","targetHints":{"allow":["GET"]}}],"collection":[{"href":"https:\/\/honigbee.com\/ro\/wp-json\/wp\/v2\/product"}],"about":[{"href":"https:\/\/honigbee.com\/ro\/wp-json\/wp\/v2\/types\/product"}],"replies":[{"embeddable":true,"href":"https:\/\/honigbee.com\/ro\/wp-json\/wp\/v2\/comments?post=13761"}],"version-history":[{"count":3,"href":"https:\/\/honigbee.com\/ro\/wp-json\/wp\/v2\/product\/13761\/revisions"}],"predecessor-version":[{"id":43626,"href":"https:\/\/honigbee.com\/ro\/wp-json\/wp\/v2\/product\/13761\/revisions\/43626"}],"wp:featuredmedia":[{"embeddable":true,"href":"https:\/\/honigbee.com\/ro\/wp-json\/wp\/v2\/media\/43625"}],"wp:attachment":[{"href":"https:\/\/honigbee.com\/ro\/wp-json\/wp\/v2\/media?parent=13761"}],"wp:term":[{"taxonomy":"product_brand","embeddable":true,"href":"https:\/\/honigbee.com\/ro\/wp-json\/wp\/v2\/product_brand?post=13761"},{"taxonomy":"product_cat","embeddable":true,"href":"https:\/\/honigbee.com\/ro\/wp-json\/wp\/v2\/product_cat?post=13761"},{"taxonomy":"product_tag","embeddable":true,"href":"https:\/\/honigbee.com\/ro\/wp-json\/wp\/v2\/product_tag?post=13761"}],"curies":[{"name":"wp","href":"https:\/\/api.w.org\/{rel}","templated":true}]}}