{"id":27458,"date":"2025-07-06T14:31:05","date_gmt":"2025-07-06T14:31:05","guid":{"rendered":"https:\/\/honigbee.com\/?post_type=product&#038;p=27458"},"modified":"2026-02-28T20:13:50","modified_gmt":"2026-02-28T20:13:50","slug":"colomba-mandel-750g","status":"publish","type":"product","link":"https:\/\/honigbee.com\/ro\/produs\/colomba-mandel-750g\/","title":{"rendered":"750g Colomba Mandel \u2013 Italienischer Osterkuchen mit Mandelglasur und ganzen Mandeln"},"content":{"rendered":"<div id=\"ez-toc-container\" class=\"ez-toc-v2_0_83 counter-hierarchy ez-toc-counter ez-toc-grey ez-toc-container-direction\">\n<div class=\"ez-toc-title-container\">\n<p class=\"ez-toc-title\" style=\"cursor:inherit\">Cuprins<\/p>\n<span class=\"ez-toc-title-toggle\"><a href=\"#\" class=\"ez-toc-pull-right ez-toc-btn ez-toc-btn-xs ez-toc-btn-default ez-toc-toggle\" aria-label=\"Comutare Cuprins\"><span class=\"ez-toc-js-icon-con\"><span class=\"\"><span class=\"eztoc-hide\" style=\"display:none;\">Comutare<\/span><span class=\"ez-toc-icon-toggle-span\"><svg style=\"fill: #999;color:#999\" xmlns=\"http:\/\/www.w3.org\/2000\/svg\" class=\"list-377408\" width=\"20px\" height=\"20px\" viewbox=\"0 0 24 24\" fill=\"none\"><path d=\"M6 6H4v2h2V6zm14 0H8v2h12V6zM4 11h2v2H4v-2zm16 0H8v2h12v-2zM4 16h2v2H4v-2zm16 0H8v2h12v-2z\" fill=\"currentColor\"><\/path><\/svg><svg style=\"fill: #999;color:#999\" class=\"arrow-unsorted-368013\" xmlns=\"http:\/\/www.w3.org\/2000\/svg\" width=\"10px\" height=\"10px\" viewbox=\"0 0 24 24\" version=\"1.2\" baseprofile=\"tiny\"><path d=\"M18.2 9.3l-6.2-6.3-6.2 6.3c-.2.2-.3.4-.3.7s.1.5.3.7c.2.2.4.3.7.3h11c.3 0 .5-.1.7-.3.2-.2.3-.5.3-.7s-.1-.5-.3-.7zM5.8 14.7l6.2 6.3 6.2-6.3c.2-.2.3-.5.3-.7s-.1-.5-.3-.7c-.2-.2-.4-.3-.7-.3h-11c-.3 0-.5.1-.7.3-.2.2-.3.5-.3.7s.1.5.3.7z\"\/><\/svg><\/span><\/span><\/span><\/a><\/span><\/div>\n<nav><ul class='ez-toc-list ez-toc-list-level-1' ><li class='ez-toc-page-1 ez-toc-heading-level-4'><a class=\"ez-toc-link ez-toc-heading-1\" href=\"https:\/\/honigbee.com\/ro\/produs\/colomba-mandel-750g\/#Produktmerkmale\" >Caracteristicile produsului<\/a><\/li><li class='ez-toc-page-1 ez-toc-heading-level-4'><a class=\"ez-toc-link ez-toc-heading-2\" href=\"https:\/\/honigbee.com\/ro\/produs\/colomba-mandel-750g\/#Geschmack_Konsistenz\" >Gust \u0219i Consisten\u021b\u0103<\/a><\/li><li class='ez-toc-page-1 ez-toc-heading-level-4'><a class=\"ez-toc-link ez-toc-heading-3\" href=\"https:\/\/honigbee.com\/ro\/produs\/colomba-mandel-750g\/#Verwendung\" >utilizare<\/a><\/li><li class='ez-toc-page-1 ez-toc-heading-level-4'><a class=\"ez-toc-link ez-toc-heading-4\" href=\"https:\/\/honigbee.com\/ro\/produs\/colomba-mandel-750g\/#Produktdetails\" >Detalii produs<\/a><\/li><li class='ez-toc-page-1 ez-toc-heading-level-4'><a class=\"ez-toc-link ez-toc-heading-5\" href=\"https:\/\/honigbee.com\/ro\/produs\/colomba-mandel-750g\/#Lagerung\" >depozitare<\/a><\/li><li class='ez-toc-page-1 ez-toc-heading-level-4'><a class=\"ez-toc-link ez-toc-heading-6\" href=\"https:\/\/honigbee.com\/ro\/produs\/colomba-mandel-750g\/#Weitere_Inspiration_entdecken\" >Weitere Inspiration entdecken<\/a><\/li><\/ul><\/nav><\/div>\n<p data-start=\"801\" data-end=\"1009\">Cel\/Cea\/Cei\/Cele <strong data-start=\"805\" data-end=\"828\">Colomba-Mandel 750g<\/strong> ist ein traditionelles italienisches Ostergeb\u00e4ck in charakteristischer Taubenform. Der luftige Hefeteig wird mit einer s\u00fc\u00dfen Mandelglasur \u00fcberzogen und mit ganzen Mandeln bestreut.<\/p>\n<p data-start=\"1011\" data-end=\"1130\">Die Kombination aus weichem Teig und knuspriger Mandelkruste sorgt f\u00fcr ein ausgewogenes Geschmacks- und Texturerlebnis.<\/p>\n<hr data-start=\"1132\" data-end=\"1135\" \/>\n<h4 data-start=\"1137\" data-end=\"1157\"><span class=\"ez-toc-section\" id=\"Produktmerkmale\"><\/span>Caracteristicile produsului<span class=\"ez-toc-section-end\"><\/span><\/h4>\n<p data-start=\"1159\" data-end=\"1335\">Colomba Mandel 750g<br data-start=\"1178\" data-end=\"1181\" \/>Hefeteig mit nat\u00fcrlicher G\u00e4rung<br data-start=\"1212\" data-end=\"1215\" \/>\u00dcberzogen mit Mandelglasur<br data-start=\"1241\" data-end=\"1244\" \/>Bestreut mit ganzen Mandeln<br data-start=\"1271\" data-end=\"1274\" \/>Typisches italienisches Ostergeb\u00e4ck<br data-start=\"1309\" data-end=\"1312\" \/>Dekorative Verpackung<\/p>\n<hr data-start=\"1337\" data-end=\"1340\" \/>\n<h4 data-start=\"1342\" data-end=\"1369\"><span class=\"ez-toc-section\" id=\"Geschmack_Konsistenz\"><\/span>Gust \u0219i Consisten\u021b\u0103<span class=\"ez-toc-section-end\"><\/span><\/h4>\n<p data-start=\"1371\" data-end=\"1498\">Luftiger, weicher Hefeteig<br data-start=\"1397\" data-end=\"1400\" \/>Knusprige Mandelkruste<br data-start=\"1422\" data-end=\"1425\" \/>Mild-s\u00fc\u00dfes Mandelaroma<br data-start=\"1447\" data-end=\"1450\" \/>Angenehmer Kontrast zwischen weich und knackig<\/p>\n<hr data-start=\"1500\" data-end=\"1503\" \/>\n<h4 data-start=\"1505\" data-end=\"1520\"><span class=\"ez-toc-section\" id=\"Verwendung\"><\/span>utilizare<span class=\"ez-toc-section-end\"><\/span><\/h4>\n<p data-start=\"1522\" data-end=\"1566\">Cel\/Cea\/Cei\/Cele <strong data-start=\"1526\" data-end=\"1549\">Colomba Mandel 750g<\/strong> potrivit pentru:<\/p>\n<p data-start=\"1568\" data-end=\"1643\">\u2022 Osterfeiertage<br data-start=\"1584\" data-end=\"1587\" \/>\u2022 Als Dessert<br data-start=\"1600\" data-end=\"1603\" \/>\u2022 Zum Kaffee oder Tee<br data-start=\"1624\" data-end=\"1627\" \/>\u2022 Als Geschenk<\/p>\n<p data-start=\"1645\" data-end=\"1693\">Servierfertig \u2013 direkt anschneiden und genie\u00dfen.<\/p>\n<hr data-start=\"1695\" data-end=\"1698\" \/>\n<h4 data-start=\"1700\" data-end=\"1719\"><span class=\"ez-toc-section\" id=\"Produktdetails\"><\/span>Detalii produs<span class=\"ez-toc-section-end\"><\/span><\/h4>\n<p data-start=\"1721\" data-end=\"1897\">Produktname: Colomba Mandel 750g<br data-start=\"1753\" data-end=\"1756\" \/>Inhalt: 750 g<br data-start=\"1769\" data-end=\"1772\" \/>Geb\u00e4ckform: Taubenform<br data-start=\"1794\" data-end=\"1797\" \/>Glasur: Mandelglasur<br data-start=\"1817\" data-end=\"1820\" \/>Topping: Ganze Mandeln<br data-start=\"1842\" data-end=\"1845\" \/>Origine: Italia<br data-start=\"1862\" data-end=\"1865\" \/>Verpackung: Geschenkverpackung<\/p>\n<hr data-start=\"1899\" data-end=\"1902\" \/>\n<h4 data-start=\"1904\" data-end=\"1917\"><span class=\"ez-toc-section\" id=\"Lagerung\"><\/span>depozitare<span class=\"ez-toc-section-end\"><\/span><\/h4>\n<p data-start=\"1919\" data-end=\"2021\">Trocken, k\u00fchl und lichtgesch\u00fctzt lagern. Nach dem \u00d6ffnen luftdicht verschlie\u00dfen und zeitnah verzehren.<\/p>\n<hr data-start=\"1683\" data-end=\"1686\" \/>\n<h4 data-start=\"413\" data-end=\"449\"><span class=\"ez-toc-section\" id=\"Weitere_Inspiration_entdecken\"><\/span>Weitere Inspiration entdecken<span class=\"ez-toc-section-end\"><\/span><\/h4>\n<p data-start=\"450\" data-end=\"582\">Du suchst weitere besondere Produkte? Entdecke zus\u00e4tzliche Highlights in unserem Sortiment oder st\u00f6bere in unseren Partnerprojekten:<\/p>\n<ul data-start=\"584\" data-end=\"920\">\n<li data-start=\"584\" data-end=\"656\"><a href=\"https:\/\/honigbee.com\/ro\/shop\/\">Weitere Naturprodukte bei Honigbee entdecken<\/a><\/li>\n<li data-start=\"657\" data-end=\"783\">\n<p data-start=\"659\" data-end=\"783\"><a href=\"https:\/\/matvana.com\/shop\/\" target=\"_blank\" rel=\"noopener\">Stilvolle Wohnideen bei Matvana ansehen<\/a><\/p>\n<\/li>\n<li data-start=\"784\" data-end=\"920\">\n<p data-start=\"786\" data-end=\"920\"><a href=\"https:\/\/saphirsmaragd.com\/shop\/\" target=\"_blank\" rel=\"noopener\">Edelsteine &amp; Schmuck bei Saphir &amp; Smaragd ansehen<\/a><\/p>\n<\/li>\n<\/ul>\n<hr data-start=\"1931\" data-end=\"1934\" \/>\n<p>Produktbilder dienen der Veranschaulichung. Verpackungsdesign kann abweichen.<\/p>","protected":false},"excerpt":{"rendered":"<p data-start=\"553\" data-end=\"707\"><em>Colomba Mandel 750g mit s\u00fc\u00dfer Mandelglasur und ganzen Mandeln. Klassisches italienisches Ostergeb\u00e4ck in Taubenform, ideal f\u00fcr Feiertage oder als Geschenk.<\/em><\/p>","protected":false},"featured_media":43307,"comment_status":"open","ping_status":"closed","template":"","meta":{"_glsr_average":0,"_glsr_ranking":0,"_glsr_reviews":0},"product_brand":[],"product_cat":[1303],"product_tag":[],"class_list":{"0":"post-27458","1":"product","2":"type-product","3":"status-publish","4":"has-post-thumbnail","6":"product_cat-gebaeck-und-kuchen","8":"first","9":"instock","10":"featured","11":"shipping-taxable","12":"purchasable","13":"product-type-simple","14":"add-to-wishlist-before_image"},"jetpack_sharing_enabled":true,"_links":{"self":[{"href":"https:\/\/honigbee.com\/ro\/wp-json\/wp\/v2\/product\/27458","targetHints":{"allow":["GET"]}}],"collection":[{"href":"https:\/\/honigbee.com\/ro\/wp-json\/wp\/v2\/product"}],"about":[{"href":"https:\/\/honigbee.com\/ro\/wp-json\/wp\/v2\/types\/product"}],"replies":[{"embeddable":true,"href":"https:\/\/honigbee.com\/ro\/wp-json\/wp\/v2\/comments?post=27458"}],"version-history":[{"count":3,"href":"https:\/\/honigbee.com\/ro\/wp-json\/wp\/v2\/product\/27458\/revisions"}],"predecessor-version":[{"id":43262,"href":"https:\/\/honigbee.com\/ro\/wp-json\/wp\/v2\/product\/27458\/revisions\/43262"}],"wp:featuredmedia":[{"embeddable":true,"href":"https:\/\/honigbee.com\/ro\/wp-json\/wp\/v2\/media\/43307"}],"wp:attachment":[{"href":"https:\/\/honigbee.com\/ro\/wp-json\/wp\/v2\/media?parent=27458"}],"wp:term":[{"taxonomy":"product_brand","embeddable":true,"href":"https:\/\/honigbee.com\/ro\/wp-json\/wp\/v2\/product_brand?post=27458"},{"taxonomy":"product_cat","embeddable":true,"href":"https:\/\/honigbee.com\/ro\/wp-json\/wp\/v2\/product_cat?post=27458"},{"taxonomy":"product_tag","embeddable":true,"href":"https:\/\/honigbee.com\/ro\/wp-json\/wp\/v2\/product_tag?post=27458"}],"curies":[{"name":"wp","href":"https:\/\/api.w.org\/{rel}","templated":true}]}}