{"id":30365,"date":"2025-09-07T09:52:10","date_gmt":"2025-09-07T09:52:10","guid":{"rendered":"https:\/\/honigbee.com\/?post_type=product&#038;p=30365"},"modified":"2026-03-16T19:39:32","modified_gmt":"2026-03-16T19:39:32","slug":"orangenbluetenhonig-aus-marokko-250g","status":"publish","type":"product","link":"https:\/\/honigbee.com\/ro\/produs\/orangenbluetenhonig-aus-marokko-250g\/","title":{"rendered":"250 g miere de flori de portocal din Maroc \u2013 miere u\u0219oar\u0103 cu o arom\u0103 delicat\u0103"},"content":{"rendered":"<div id=\"ez-toc-container\" class=\"ez-toc-v2_0_83 counter-hierarchy ez-toc-counter ez-toc-grey ez-toc-container-direction\">\n<div class=\"ez-toc-title-container\">\n<p class=\"ez-toc-title\" style=\"cursor:inherit\">Cuprins<\/p>\n<span class=\"ez-toc-title-toggle\"><a href=\"#\" class=\"ez-toc-pull-right ez-toc-btn ez-toc-btn-xs ez-toc-btn-default ez-toc-toggle\" aria-label=\"Comutare Cuprins\"><span class=\"ez-toc-js-icon-con\"><span class=\"\"><span class=\"eztoc-hide\" style=\"display:none;\">Comutare<\/span><span class=\"ez-toc-icon-toggle-span\"><svg style=\"fill: #999;color:#999\" xmlns=\"http:\/\/www.w3.org\/2000\/svg\" class=\"list-377408\" width=\"20px\" height=\"20px\" viewbox=\"0 0 24 24\" fill=\"none\"><path d=\"M6 6H4v2h2V6zm14 0H8v2h12V6zM4 11h2v2H4v-2zm16 0H8v2h12v-2zM4 16h2v2H4v-2zm16 0H8v2h12v-2z\" fill=\"currentColor\"><\/path><\/svg><svg style=\"fill: #999;color:#999\" class=\"arrow-unsorted-368013\" xmlns=\"http:\/\/www.w3.org\/2000\/svg\" width=\"10px\" height=\"10px\" viewbox=\"0 0 24 24\" version=\"1.2\" baseprofile=\"tiny\"><path d=\"M18.2 9.3l-6.2-6.3-6.2 6.3c-.2.2-.3.4-.3.7s.1.5.3.7c.2.2.4.3.7.3h11c.3 0 .5-.1.7-.3.2-.2.3-.5.3-.7s-.1-.5-.3-.7zM5.8 14.7l6.2 6.3 6.2-6.3c.2-.2.3-.5.3-.7s-.1-.5-.3-.7c-.2-.2-.4-.3-.7-.3h-11c-.3 0-.5.1-.7.3-.2.2-.3.5-.3.7s.1.5.3.7z\"\/><\/svg><\/span><\/span><\/span><\/a><\/span><\/div>\n<nav><ul class='ez-toc-list ez-toc-list-level-1' ><li class='ez-toc-page-1 ez-toc-heading-level-4'><a class=\"ez-toc-link ez-toc-heading-1\" href=\"https:\/\/honigbee.com\/ro\/produs\/orangenbluetenhonig-aus-marokko-250g\/#250_g_Orangenblutenhonig_aus_Marokko_%E2%80%93_sus_fruchtig_und_aromatisch\" >250 g Orangenbl\u00fctenhonig aus Marokko \u2013 s\u00fc\u00df, fruchtig und aromatisch<\/a><\/li><li class='ez-toc-page-1 ez-toc-heading-level-4'><a class=\"ez-toc-link ez-toc-heading-2\" href=\"https:\/\/honigbee.com\/ro\/produs\/orangenbluetenhonig-aus-marokko-250g\/#Merkmale_Herkunft\" >Caracteristici \u0219i origine<\/a><\/li><li class='ez-toc-page-1 ez-toc-heading-level-4'><a class=\"ez-toc-link ez-toc-heading-3\" href=\"https:\/\/honigbee.com\/ro\/produs\/orangenbluetenhonig-aus-marokko-250g\/#Besonderheiten\" >Caracteristici speciale<\/a><\/li><li class='ez-toc-page-1 ez-toc-heading-level-4'><a class=\"ez-toc-link ez-toc-heading-4\" href=\"https:\/\/honigbee.com\/ro\/produs\/orangenbluetenhonig-aus-marokko-250g\/#Weitere_Inspiration_entdecken\" >Weitere Inspiration entdecken<\/a><\/li><\/ul><\/nav><\/div>\n<h4 data-start=\"860\" data-end=\"934\"><span class=\"ez-toc-section\" id=\"250_g_Orangenblutenhonig_aus_Marokko_%E2%80%93_sus_fruchtig_und_aromatisch\"><\/span>250 g Orangenbl\u00fctenhonig aus Marokko \u2013 s\u00fc\u00df, fruchtig und aromatisch<span class=\"ez-toc-section-end\"><\/span><\/h4>\n<p data-start=\"935\" data-end=\"1166\">Dieser Honig stammt aus den Bl\u00fcten der Orangenb\u00e4ume in Marokko und wird f\u00fcr sein unverwechselbares Aroma gesch\u00e4tzt. Er besitzt eine helle, goldene Farbe, einen s\u00fc\u00dfen Duft und ist reich an nat\u00fcrlichen Vitaminen und Mineralstoffen.<\/p>\n<hr data-start=\"1168\" data-end=\"1171\" \/>\n<h4 data-start=\"1173\" data-end=\"1199\"><span class=\"ez-toc-section\" id=\"Merkmale_Herkunft\"><\/span>Caracteristici \u0219i origine<span class=\"ez-toc-section-end\"><\/span><\/h4>\n<ul data-start=\"1200\" data-end=\"1414\">\n<li data-start=\"1200\" data-end=\"1231\">\n<p data-start=\"1202\" data-end=\"1231\">Produkt: Orangenbl\u00fctenhonig<\/p>\n<\/li>\n<li data-start=\"1232\" data-end=\"1253\">\n<p data-start=\"1234\" data-end=\"1253\">Origine: Maroc<\/p>\n<\/li>\n<li data-start=\"1254\" data-end=\"1278\">\n<p data-start=\"1256\" data-end=\"1278\">Baumart: Orangenbaum<\/p>\n<\/li>\n<li data-start=\"1279\" data-end=\"1334\">\n<p data-start=\"1281\" data-end=\"1334\">Besonderheit: Reich an Vitaminen und Mineralstoffen<\/p>\n<\/li>\n<li data-start=\"1335\" data-end=\"1369\">\n<p data-start=\"1337\" data-end=\"1369\">Geschmack: S\u00fc\u00df, mild, fruchtig<\/p>\n<\/li>\n<li data-start=\"1370\" data-end=\"1397\">\n<p data-start=\"1372\" data-end=\"1397\">Dimensiunea ambalajului: 250 g<\/p>\n<\/li>\n<\/ul>\n<hr data-start=\"1416\" data-end=\"1419\" \/>\n<h4 data-start=\"1421\" data-end=\"1442\"><span class=\"ez-toc-section\" id=\"Besonderheiten\"><\/span>Caracteristici speciale<span class=\"ez-toc-section-end\"><\/span><\/h4>\n<p data-start=\"1443\" data-end=\"1685\">Cel\/Cea\/Cei\/Cele <strong data-start=\"1447\" data-end=\"1487\">250 g Orangenbl\u00fctenhonig aus Marokko<\/strong> ist ideal als nat\u00fcrlicher S\u00fc\u00dfstoff f\u00fcr Tee, Geb\u00e4ck oder Joghurt. Durch seinen mild-fruchtigen Geschmack ist er besonders beliebt bei Kindern und eignet sich hervorragend f\u00fcr den t\u00e4glichen Genuss.<\/p>\n<hr data-start=\"1687\" data-end=\"1690\" \/>\n<h4 data-start=\"413\" data-end=\"449\"><span class=\"ez-toc-section\" id=\"Weitere_Inspiration_entdecken\"><\/span>Weitere Inspiration entdecken<span class=\"ez-toc-section-end\"><\/span><\/h4>\n<p data-start=\"450\" data-end=\"582\">Du suchst weitere besondere Produkte? Entdecke zus\u00e4tzliche Highlights in unserem Sortiment oder st\u00f6bere in unseren Partnerprojekten:<\/p>\n<ul data-start=\"584\" data-end=\"920\">\n<li data-start=\"584\" data-end=\"656\"><a href=\"https:\/\/honigbee.com\/ro\/shop\/\">Weitere Naturprodukte bei Honigbee entdecken<\/a><\/li>\n<li data-start=\"657\" data-end=\"783\">\n<p data-start=\"659\" data-end=\"783\"><a href=\"https:\/\/matvana.com\/shop\/\" target=\"_blank\" rel=\"noopener\">Stilvolle Wohnideen bei Matvana ansehen<\/a><\/p>\n<\/li>\n<li data-start=\"784\" data-end=\"920\">\n<p data-start=\"786\" data-end=\"920\"><a href=\"https:\/\/saphirsmaragd.com\/shop\/\" target=\"_blank\" rel=\"noopener\">Edelsteine &amp; Schmuck bei Saphir &amp; Smaragd ansehen<\/a><\/p>\n<\/li>\n<\/ul>\n<hr data-start=\"1931\" data-end=\"1934\" \/>\n<p>Produktbilder dienen der Veranschaulichung. Verpackungsdesign kann abweichen.<\/p>","protected":false},"excerpt":{"rendered":"<p><em>Der 250 g Orangenbl\u00fctenhonig aus Marokko besticht durch seine goldene Farbe, sein s\u00fc\u00dfes Aroma und seine nat\u00fcrlichen Vitamine. Ein aromatischer Bl\u00fctenhonig, der sowohl pur als auch in Tees und Desserts hervorragend schmeckt.<\/em><\/p>","protected":false},"featured_media":43833,"comment_status":"open","ping_status":"closed","template":"","meta":{"_glsr_average":0,"_glsr_ranking":0,"_glsr_reviews":0},"product_brand":[],"product_cat":[73],"product_tag":[],"class_list":{"0":"post-30365","1":"product","2":"type-product","3":"status-publish","4":"has-post-thumbnail","6":"product_cat-orangenbluetenhonig","8":"first","9":"instock","10":"shipping-taxable","11":"purchasable","12":"product-type-simple","13":"add-to-wishlist-before_image"},"jetpack_sharing_enabled":true,"_links":{"self":[{"href":"https:\/\/honigbee.com\/ro\/wp-json\/wp\/v2\/product\/30365","targetHints":{"allow":["GET"]}}],"collection":[{"href":"https:\/\/honigbee.com\/ro\/wp-json\/wp\/v2\/product"}],"about":[{"href":"https:\/\/honigbee.com\/ro\/wp-json\/wp\/v2\/types\/product"}],"replies":[{"embeddable":true,"href":"https:\/\/honigbee.com\/ro\/wp-json\/wp\/v2\/comments?post=30365"}],"version-history":[{"count":5,"href":"https:\/\/honigbee.com\/ro\/wp-json\/wp\/v2\/product\/30365\/revisions"}],"predecessor-version":[{"id":43856,"href":"https:\/\/honigbee.com\/ro\/wp-json\/wp\/v2\/product\/30365\/revisions\/43856"}],"wp:featuredmedia":[{"embeddable":true,"href":"https:\/\/honigbee.com\/ro\/wp-json\/wp\/v2\/media\/43833"}],"wp:attachment":[{"href":"https:\/\/honigbee.com\/ro\/wp-json\/wp\/v2\/media?parent=30365"}],"wp:term":[{"taxonomy":"product_brand","embeddable":true,"href":"https:\/\/honigbee.com\/ro\/wp-json\/wp\/v2\/product_brand?post=30365"},{"taxonomy":"product_cat","embeddable":true,"href":"https:\/\/honigbee.com\/ro\/wp-json\/wp\/v2\/product_cat?post=30365"},{"taxonomy":"product_tag","embeddable":true,"href":"https:\/\/honigbee.com\/ro\/wp-json\/wp\/v2\/product_tag?post=30365"}],"curies":[{"name":"wp","href":"https:\/\/api.w.org\/{rel}","templated":true}]}}