{"id":13383,"date":"2024-11-29T13:34:09","date_gmt":"2024-11-29T13:34:09","guid":{"rendered":"https:\/\/honigbee.com\/?post_type=product&#038;p=13383"},"modified":"2026-02-28T19:07:12","modified_gmt":"2026-02-28T19:07:12","slug":"1kg-weisse-schokoladendatteln","status":"publish","type":"product","link":"https:\/\/honigbee.com\/sk\/produkt\/1kg-weisse-schokoladendatteln\/","title":{"rendered":"1kg Wei\u00dfe Schokoladendatteln \u2013 Entsteinte Datteln mit cremiger wei\u00dfer Schokolade"},"content":{"rendered":"<div id=\"ez-toc-container\" class=\"ez-toc-v2_0_83 counter-hierarchy ez-toc-counter ez-toc-grey ez-toc-container-direction\">\n<div class=\"ez-toc-title-container\">\n<p class=\"ez-toc-title\" style=\"cursor:inherit\">Obsah<\/p>\n<span class=\"ez-toc-title-toggle\"><a href=\"#\" class=\"ez-toc-pull-right ez-toc-btn ez-toc-btn-xs ez-toc-btn-default ez-toc-toggle\" aria-label=\"Prepn\u00fa\u0165 obsah\"><span class=\"ez-toc-js-icon-con\"><span class=\"\"><span class=\"eztoc-hide\" style=\"display:none;\">Prepn\u00fa\u0165<\/span><span class=\"ez-toc-icon-toggle-span\"><svg style=\"fill: #999;color:#999\" xmlns=\"http:\/\/www.w3.org\/2000\/svg\" class=\"list-377408\" width=\"20px\" height=\"20px\" viewbox=\"0 0 24 24\" fill=\"none\"><path d=\"M6 6H4v2h2V6zm14 0H8v2h12V6zM4 11h2v2H4v-2zm16 0H8v2h12v-2zM4 16h2v2H4v-2zm16 0H8v2h12v-2z\" fill=\"currentColor\"><\/path><\/svg><svg style=\"fill: #999;color:#999\" class=\"arrow-unsorted-368013\" xmlns=\"http:\/\/www.w3.org\/2000\/svg\" width=\"10px\" height=\"10px\" viewbox=\"0 0 24 24\" version=\"1.2\" baseprofile=\"tiny\"><path d=\"M18.2 9.3l-6.2-6.3-6.2 6.3c-.2.2-.3.4-.3.7s.1.5.3.7c.2.2.4.3.7.3h11c.3 0 .5-.1.7-.3.2-.2.3-.5.3-.7s-.1-.5-.3-.7zM5.8 14.7l6.2 6.3 6.2-6.3c.2-.2.3-.5.3-.7s-.1-.5-.3-.7c-.2-.2-.4-.3-.7-.3h-11c-.3 0-.5.1-.7.3-.2.2-.3.5-.3.7s.1.5.3.7z\"\/><\/svg><\/span><\/span><\/span><\/a><\/span><\/div>\n<nav><ul class='ez-toc-list ez-toc-list-level-1' ><li class='ez-toc-page-1 ez-toc-heading-level-4'><a class=\"ez-toc-link ez-toc-heading-1\" href=\"https:\/\/honigbee.com\/sk\/produkt\/1kg-weisse-schokoladendatteln\/#Produktmerkmale\" >Vlastnosti produktu<\/a><\/li><li class='ez-toc-page-1 ez-toc-heading-level-4'><a class=\"ez-toc-link ez-toc-heading-2\" href=\"https:\/\/honigbee.com\/sk\/produkt\/1kg-weisse-schokoladendatteln\/#Geschmack_Konsistenz\" >Chu\u0165 a konzistencia<\/a><\/li><li class='ez-toc-page-1 ez-toc-heading-level-4'><a class=\"ez-toc-link ez-toc-heading-3\" href=\"https:\/\/honigbee.com\/sk\/produkt\/1kg-weisse-schokoladendatteln\/#Verwendung\" >pou\u017eitie<\/a><\/li><li class='ez-toc-page-1 ez-toc-heading-level-4'><a class=\"ez-toc-link ez-toc-heading-4\" href=\"https:\/\/honigbee.com\/sk\/produkt\/1kg-weisse-schokoladendatteln\/#Produktdetails\" >Detaily produktu<\/a><\/li><li class='ez-toc-page-1 ez-toc-heading-level-4'><a class=\"ez-toc-link ez-toc-heading-5\" href=\"https:\/\/honigbee.com\/sk\/produkt\/1kg-weisse-schokoladendatteln\/#Lagerung\" >skladovanie<\/a><\/li><li class='ez-toc-page-1 ez-toc-heading-level-4'><a class=\"ez-toc-link ez-toc-heading-6\" href=\"https:\/\/honigbee.com\/sk\/produkt\/1kg-weisse-schokoladendatteln\/#Produktmerkmale-2\" >Vlastnosti produktu<\/a><\/li><li class='ez-toc-page-1 ez-toc-heading-level-4'><a class=\"ez-toc-link ez-toc-heading-7\" href=\"https:\/\/honigbee.com\/sk\/produkt\/1kg-weisse-schokoladendatteln\/#Geschmack_Konsistenz-2\" >Chu\u0165 a konzistencia<\/a><\/li><li class='ez-toc-page-1 ez-toc-heading-level-4'><a class=\"ez-toc-link ez-toc-heading-8\" href=\"https:\/\/honigbee.com\/sk\/produkt\/1kg-weisse-schokoladendatteln\/#Verwendung-2\" >pou\u017eitie<\/a><\/li><li class='ez-toc-page-1 ez-toc-heading-level-4'><a class=\"ez-toc-link ez-toc-heading-9\" href=\"https:\/\/honigbee.com\/sk\/produkt\/1kg-weisse-schokoladendatteln\/#Produktdetails-2\" >Detaily produktu<\/a><\/li><li class='ez-toc-page-1 ez-toc-heading-level-4'><a class=\"ez-toc-link ez-toc-heading-10\" href=\"https:\/\/honigbee.com\/sk\/produkt\/1kg-weisse-schokoladendatteln\/#Lagerung-2\" >skladovanie<\/a><\/li><\/ul><\/nav><\/div>\n<p data-start=\"825\" data-end=\"1064\">Ten\/T\u00e1\/To <strong data-start=\"829\" data-end=\"861\">1kg Wei\u00dfe Schokoladendatteln<\/strong> bestehen aus entsteinten Datteln, die mit einer H\u00fclle aus wei\u00dfer Schokolade \u00fcberzogen sind. Die Kombination aus fruchtiger Dattels\u00fc\u00dfe und cremiger Schokolade sorgt f\u00fcr ein ausgewogenes Geschmacksprofil.<\/p>\n<p data-start=\"1066\" data-end=\"1152\">Die 1-kg-Packung eignet sich f\u00fcr Vorrat, Events oder als Erg\u00e4nzung f\u00fcr Dessertplatten.<\/p>\n<hr data-start=\"1154\" data-end=\"1157\" \/>\n<h4 data-start=\"1159\" data-end=\"1179\"><span class=\"ez-toc-section\" id=\"Produktmerkmale\"><\/span>Vlastnosti produktu<span class=\"ez-toc-section-end\"><\/span><\/h4>\n<p data-start=\"1181\" data-end=\"1376\">1kg Wei\u00dfe Schokoladendatteln<br data-start=\"1209\" data-end=\"1212\" \/>Entsteinte Datteln<br data-start=\"1230\" data-end=\"1233\" \/>\u00dcberzogen mit wei\u00dfer Schokolade<br data-start=\"1264\" data-end=\"1267\" \/>Ohne zus\u00e4tzliche Konservierungsstoffe<br data-start=\"1304\" data-end=\"1307\" \/>Vegetarisch<br data-start=\"1318\" data-end=\"1321\" \/>Glutenfrei laut Rezeptur<br data-start=\"1345\" data-end=\"1348\" \/>Praktische 1-kg-Verpackung<\/p>\n<hr data-start=\"1378\" data-end=\"1381\" \/>\n<h4 data-start=\"1383\" data-end=\"1410\"><span class=\"ez-toc-section\" id=\"Geschmack_Konsistenz\"><\/span>Chu\u0165 a konzistencia<span class=\"ez-toc-section-end\"><\/span><\/h4>\n<p data-start=\"1412\" data-end=\"1484\">Weiche Dattel<br data-start=\"1425\" data-end=\"1428\" \/>Cremige wei\u00dfe Schokolade<br data-start=\"1452\" data-end=\"1455\" \/>Milde S\u00fc\u00dfe<br data-start=\"1465\" data-end=\"1468\" \/>Saftige Textur<\/p>\n<hr data-start=\"1486\" data-end=\"1489\" \/>\n<h4 data-start=\"1491\" data-end=\"1506\"><span class=\"ez-toc-section\" id=\"Verwendung\"><\/span>pou\u017eitie<span class=\"ez-toc-section-end\"><\/span><\/h4>\n<p data-start=\"1508\" data-end=\"1561\">Ten\/T\u00e1\/To <strong data-start=\"1512\" data-end=\"1544\">1kg Wei\u00dfe Schokoladendatteln<\/strong> Vhodn\u00e9 pre:<\/p>\n<p data-start=\"1563\" data-end=\"1690\">\u2022 Als Snack<br data-start=\"1574\" data-end=\"1577\" \/>\u2022 F\u00fcr Buffets oder Feiern<br data-start=\"1602\" data-end=\"1605\" \/>\u2022 F\u00fcr Dessertplatten<br data-start=\"1625\" data-end=\"1628\" \/>\u2022 Als Backzutat oder Dekoration<br data-start=\"1659\" data-end=\"1662\" \/>\u2022 F\u00fcr Geschenkverpackungen<\/p>\n<p data-start=\"1692\" data-end=\"1739\">Tipp: K\u00fchl lagern und leicht gek\u00fchlt servieren.<\/p>\n<hr data-start=\"1741\" data-end=\"1744\" \/>\n<h4 data-start=\"1746\" data-end=\"1765\"><span class=\"ez-toc-section\" id=\"Produktdetails\"><\/span>Detaily produktu<span class=\"ez-toc-section-end\"><\/span><\/h4>\n<p data-start=\"1767\" data-end=\"2005\">Produktname: 1kg Wei\u00dfe Schokoladendatteln<br data-start=\"1808\" data-end=\"1811\" \/>Obsah: 1 kg<br data-start=\"1823\" data-end=\"1826\" \/>Zutaten: Datteln, Kakaobutter, Vollmilchpulver, Zucker, Emulgator (Sojalecithin), Vanillin<br data-start=\"1916\" data-end=\"1919\" \/>Verarbeitung: In wei\u00dfer Schokolade \u00fcberzogen<br data-start=\"1963\" data-end=\"1966\" \/>Verpackung: Lebensmittelechter Beutel<\/p>\n<hr data-start=\"2007\" data-end=\"2010\" \/>\n<h4 data-start=\"2012\" data-end=\"2025\"><span class=\"ez-toc-section\" id=\"Lagerung\"><\/span>skladovanie<span class=\"ez-toc-section-end\"><\/span><\/h4>\n<p data-start=\"2027\" data-end=\"2121\">K\u00fchl (unter 20 \u00b0C), trocken und lichtgesch\u00fctzt lagern. Nach dem \u00d6ffnen luftdicht verschlie\u00dfen.<\/p>\n<p data-start=\"825\" data-end=\"1064\">Ten\/T\u00e1\/To <strong data-start=\"829\" data-end=\"861\">1kg Wei\u00dfe Schokoladendatteln<\/strong> bestehen aus entsteinten Datteln, die mit einer H\u00fclle aus wei\u00dfer Schokolade \u00fcberzogen sind. Die Kombination aus fruchtiger Dattels\u00fc\u00dfe und cremiger Schokolade sorgt f\u00fcr ein ausgewogenes Geschmacksprofil.<\/p>\n<p data-start=\"1066\" data-end=\"1152\">Die 1-kg-Packung eignet sich f\u00fcr Vorrat, Events oder als Erg\u00e4nzung f\u00fcr Dessertplatten.<\/p>\n<hr data-start=\"1154\" data-end=\"1157\" \/>\n<h4 data-start=\"1159\" data-end=\"1179\"><span class=\"ez-toc-section\" id=\"Produktmerkmale-2\"><\/span>Vlastnosti produktu<span class=\"ez-toc-section-end\"><\/span><\/h4>\n<p data-start=\"1181\" data-end=\"1376\">1kg Wei\u00dfe Schokoladendatteln<br data-start=\"1209\" data-end=\"1212\" \/>Entsteinte Datteln<br data-start=\"1230\" data-end=\"1233\" \/>\u00dcberzogen mit wei\u00dfer Schokolade<br data-start=\"1264\" data-end=\"1267\" \/>Ohne zus\u00e4tzliche Konservierungsstoffe<br data-start=\"1304\" data-end=\"1307\" \/>Vegetarisch<br data-start=\"1318\" data-end=\"1321\" \/>Glutenfrei laut Rezeptur<br data-start=\"1345\" data-end=\"1348\" \/>Praktische 1-kg-Verpackung<\/p>\n<hr data-start=\"1378\" data-end=\"1381\" \/>\n<h4 data-start=\"1383\" data-end=\"1410\"><span class=\"ez-toc-section\" id=\"Geschmack_Konsistenz-2\"><\/span>Chu\u0165 a konzistencia<span class=\"ez-toc-section-end\"><\/span><\/h4>\n<p data-start=\"1412\" data-end=\"1484\">Weiche Dattel<br data-start=\"1425\" data-end=\"1428\" \/>Cremige wei\u00dfe Schokolade<br data-start=\"1452\" data-end=\"1455\" \/>Milde S\u00fc\u00dfe<br data-start=\"1465\" data-end=\"1468\" \/>Saftige Textur<\/p>\n<hr data-start=\"1486\" data-end=\"1489\" \/>\n<h4 data-start=\"1491\" data-end=\"1506\"><span class=\"ez-toc-section\" id=\"Verwendung-2\"><\/span>pou\u017eitie<span class=\"ez-toc-section-end\"><\/span><\/h4>\n<p data-start=\"1508\" data-end=\"1561\">Ten\/T\u00e1\/To <strong data-start=\"1512\" data-end=\"1544\">1kg Wei\u00dfe Schokoladendatteln<\/strong> Vhodn\u00e9 pre:<\/p>\n<p data-start=\"1563\" data-end=\"1690\">\u2022 Als Snack<br data-start=\"1574\" data-end=\"1577\" \/>\u2022 F\u00fcr Buffets oder Feiern<br data-start=\"1602\" data-end=\"1605\" \/>\u2022 F\u00fcr Dessertplatten<br data-start=\"1625\" data-end=\"1628\" \/>\u2022 Als Backzutat oder Dekoration<br data-start=\"1659\" data-end=\"1662\" \/>\u2022 F\u00fcr Geschenkverpackungen<\/p>\n<p data-start=\"1692\" data-end=\"1739\">Tipp: K\u00fchl lagern und leicht gek\u00fchlt servieren.<\/p>\n<hr data-start=\"1741\" data-end=\"1744\" \/>\n<h4 data-start=\"1746\" data-end=\"1765\"><span class=\"ez-toc-section\" id=\"Produktdetails-2\"><\/span>Detaily produktu<span class=\"ez-toc-section-end\"><\/span><\/h4>\n<p data-start=\"1767\" data-end=\"2005\">Produktname: 1kg Wei\u00dfe Schokoladendatteln<br data-start=\"1808\" data-end=\"1811\" \/>Obsah: 1 kg<br data-start=\"1823\" data-end=\"1826\" \/>Zutaten: Datteln, Kakaobutter, Vollmilchpulver, Zucker, Emulgator (Sojalecithin), Vanillin<br data-start=\"1916\" data-end=\"1919\" \/>Verarbeitung: In wei\u00dfer Schokolade \u00fcberzogen<br data-start=\"1963\" data-end=\"1966\" \/>Verpackung: Lebensmittelechter Beutel<\/p>\n<hr data-start=\"2007\" data-end=\"2010\" \/>\n<h4 data-start=\"2012\" data-end=\"2025\"><span class=\"ez-toc-section\" id=\"Lagerung-2\"><\/span>skladovanie<span class=\"ez-toc-section-end\"><\/span><\/h4>\n<p data-start=\"2027\" data-end=\"2121\">K\u00fchl (unter 20 \u00b0C), trocken und lichtgesch\u00fctzt lagern. Nach dem \u00d6ffnen luftdicht verschlie\u00dfen.<\/p>","protected":false},"excerpt":{"rendered":"<p data-start=\"602\" data-end=\"734\"><em>1kg Wei\u00dfe Schokoladendatteln. Entsteinte Datteln mit cremiger wei\u00dfer Schokolade, ideal als Snack, f\u00fcr Desserts oder zum Verschenken.<\/em><\/p>","protected":false},"featured_media":43250,"comment_status":"open","ping_status":"closed","template":"","meta":{"_glsr_average":0,"_glsr_ranking":0,"_glsr_reviews":0},"product_brand":[],"product_cat":[720],"product_tag":[],"class_list":{"0":"post-13383","1":"product","2":"type-product","3":"status-publish","4":"has-post-thumbnail","6":"product_cat-schokoladen-datteln","8":"first","9":"instock","10":"shipping-taxable","11":"purchasable","12":"product-type-simple","13":"add-to-wishlist-before_image"},"jetpack_sharing_enabled":true,"_links":{"self":[{"href":"https:\/\/honigbee.com\/sk\/wp-json\/wp\/v2\/product\/13383","targetHints":{"allow":["GET"]}}],"collection":[{"href":"https:\/\/honigbee.com\/sk\/wp-json\/wp\/v2\/product"}],"about":[{"href":"https:\/\/honigbee.com\/sk\/wp-json\/wp\/v2\/types\/product"}],"replies":[{"embeddable":true,"href":"https:\/\/honigbee.com\/sk\/wp-json\/wp\/v2\/comments?post=13383"}],"version-history":[{"count":3,"href":"https:\/\/honigbee.com\/sk\/wp-json\/wp\/v2\/product\/13383\/revisions"}],"predecessor-version":[{"id":43251,"href":"https:\/\/honigbee.com\/sk\/wp-json\/wp\/v2\/product\/13383\/revisions\/43251"}],"wp:featuredmedia":[{"embeddable":true,"href":"https:\/\/honigbee.com\/sk\/wp-json\/wp\/v2\/media\/43250"}],"wp:attachment":[{"href":"https:\/\/honigbee.com\/sk\/wp-json\/wp\/v2\/media?parent=13383"}],"wp:term":[{"taxonomy":"product_brand","embeddable":true,"href":"https:\/\/honigbee.com\/sk\/wp-json\/wp\/v2\/product_brand?post=13383"},{"taxonomy":"product_cat","embeddable":true,"href":"https:\/\/honigbee.com\/sk\/wp-json\/wp\/v2\/product_cat?post=13383"},{"taxonomy":"product_tag","embeddable":true,"href":"https:\/\/honigbee.com\/sk\/wp-json\/wp\/v2\/product_tag?post=13383"}],"curies":[{"name":"pracovn\u00fd list","href":"https:\/\/api.w.org\/{rel}","templated":true}]}}