{"id":13662,"date":"2024-12-06T13:49:20","date_gmt":"2024-12-06T13:49:20","guid":{"rendered":"https:\/\/honigbee.com\/?post_type=product&#038;p=13662"},"modified":"2026-02-26T21:43:48","modified_gmt":"2026-02-26T21:43:48","slug":"pistaziencreme-10kg-pistazienpaste-10","status":"publish","type":"product","link":"https:\/\/honigbee.com\/sk\/produkt\/pistaziencreme-10kg-pistazienpaste-10\/","title":{"rendered":"10 kg Pistaziencreme \u2013 Cremige Pistazienpaste 10% f\u00fcr Croissants, Geb\u00e4ck &#038; Desserts"},"content":{"rendered":"<p data-start=\"1256\" data-end=\"1545\">Diese Pistaziencreme enth\u00e4lt 10% echten Pistazienanteil und \u00fcberzeugt durch eine cremige, verarbeitungsfreundliche Textur sowie ihre vielseitigen Einsatzm\u00f6glichkeiten.<br data-start=\"1423\" data-end=\"1426\" \/>Ideal f\u00fcr Croissants, Geb\u00e4ckf\u00fcllungen, Tortencremes, Desserts und professionelle Patisserie-Anwendungen im gro\u00dfen Stil.<\/p>\n<hr data-start=\"1684\" data-end=\"1687\" \/>\n<div id=\"ez-toc-container\" class=\"ez-toc-v2_0_82_2 counter-flat ez-toc-counter ez-toc-grey ez-toc-container-direction\">\n<div class=\"ez-toc-title-container\">\n<p class=\"ez-toc-title\" style=\"cursor:inherit\">Obsah<\/p>\n<span class=\"ez-toc-title-toggle\"><a href=\"#\" class=\"ez-toc-pull-right ez-toc-btn ez-toc-btn-xs ez-toc-btn-default ez-toc-toggle\" aria-label=\"Prepn\u00fa\u0165 obsah\"><span class=\"ez-toc-js-icon-con\"><span class=\"\"><span class=\"eztoc-hide\" style=\"display:none;\">Prepn\u00fa\u0165<\/span><span class=\"ez-toc-icon-toggle-span\"><svg style=\"fill: #999;color:#999\" xmlns=\"http:\/\/www.w3.org\/2000\/svg\" class=\"list-377408\" width=\"20px\" height=\"20px\" viewbox=\"0 0 24 24\" fill=\"none\"><path d=\"M6 6H4v2h2V6zm14 0H8v2h12V6zM4 11h2v2H4v-2zm16 0H8v2h12v-2zM4 16h2v2H4v-2zm16 0H8v2h12v-2z\" fill=\"currentColor\"><\/path><\/svg><svg style=\"fill: #999;color:#999\" class=\"arrow-unsorted-368013\" xmlns=\"http:\/\/www.w3.org\/2000\/svg\" width=\"10px\" height=\"10px\" viewbox=\"0 0 24 24\" version=\"1.2\" baseprofile=\"tiny\"><path d=\"M18.2 9.3l-6.2-6.3-6.2 6.3c-.2.2-.3.4-.3.7s.1.5.3.7c.2.2.4.3.7.3h11c.3 0 .5-.1.7-.3.2-.2.3-.5.3-.7s-.1-.5-.3-.7zM5.8 14.7l6.2 6.3 6.2-6.3c.2-.2.3-.5.3-.7s-.1-.5-.3-.7c-.2-.2-.4-.3-.7-.3h-11c-.3 0-.5.1-.7.3-.2.2-.3.5-.3.7s.1.5.3.7z\"\/><\/svg><\/span><\/span><\/span><\/a><\/span><\/div>\n<nav><ul class='ez-toc-list ez-toc-list-level-1 eztoc-toggle-hide-by-default' ><li class='ez-toc-page-1'><a class=\"ez-toc-link ez-toc-heading-1\" href=\"https:\/\/honigbee.com\/sk\/produkt\/pistaziencreme-10kg-pistazienpaste-10\/#Vorteile_der_Pistaziencreme\" >Vorteile der Pistaziencreme<\/a><\/li><li class='ez-toc-page-1'><a class=\"ez-toc-link ez-toc-heading-2\" href=\"https:\/\/honigbee.com\/sk\/produkt\/pistaziencreme-10kg-pistazienpaste-10\/#Geschmack_Textur\" >Chu\u0165 a text\u00fara<\/a><\/li><li class='ez-toc-page-1'><a class=\"ez-toc-link ez-toc-heading-3\" href=\"https:\/\/honigbee.com\/sk\/produkt\/pistaziencreme-10kg-pistazienpaste-10\/#Zutaten\" >Zlo\u017eenie<\/a><\/li><li class='ez-toc-page-1'><a class=\"ez-toc-link ez-toc-heading-4\" href=\"https:\/\/honigbee.com\/sk\/produkt\/pistaziencreme-10kg-pistazienpaste-10\/#Nahrwerte_pro_100_g\" >Nutri\u010dn\u00e9 hodnoty na 100 g<\/a><\/li><li class='ez-toc-page-1'><a class=\"ez-toc-link ez-toc-heading-5\" href=\"https:\/\/honigbee.com\/sk\/produkt\/pistaziencreme-10kg-pistazienpaste-10\/#Anwendungsideen\" >N\u00e1pady na aplik\u00e1cie<\/a><\/li><li class='ez-toc-page-1'><a class=\"ez-toc-link ez-toc-heading-6\" href=\"https:\/\/honigbee.com\/sk\/produkt\/pistaziencreme-10kg-pistazienpaste-10\/#Lagerung\" >skladovanie<\/a><\/li><li class='ez-toc-page-1'><a class=\"ez-toc-link ez-toc-heading-7\" href=\"https:\/\/honigbee.com\/sk\/produkt\/pistaziencreme-10kg-pistazienpaste-10\/#Weitere_Inspiration_entdecken\" >Weitere Inspiration entdecken<\/a><\/li><\/ul><\/nav><\/div>\n<h4 data-start=\"1689\" data-end=\"1725\"><span class=\"ez-toc-section\" id=\"Vorteile_der_Pistaziencreme\"><\/span><strong data-start=\"1694\" data-end=\"1725\">Vorteile der Pistaziencreme<\/strong><span class=\"ez-toc-section-end\"><\/span><\/h4>\n<ul data-start=\"1726\" data-end=\"1992\">\n<li data-start=\"1726\" data-end=\"1756\">\n<p data-start=\"1728\" data-end=\"1756\">10% echter Pistazienanteil<\/p>\n<\/li>\n<li data-start=\"1757\" data-end=\"1795\">\n<p data-start=\"1759\" data-end=\"1795\">Cremige &amp; streichf\u00e4hige Konsistenz<\/p>\n<\/li>\n<li data-start=\"1796\" data-end=\"1864\">\n<p data-start=\"1798\" data-end=\"1864\">Backstabil und froststabil \u2013 ideal f\u00fcr professionelle Produktion<\/p>\n<\/li>\n<li data-start=\"1865\" data-end=\"1912\">\n<p data-start=\"1867\" data-end=\"1912\">Perfekt f\u00fcr Croissants, Feingeb\u00e4ck &amp; Torten<\/p>\n<\/li>\n<li data-start=\"1913\" data-end=\"1959\">\n<p data-start=\"1915\" data-end=\"1959\">Vielseitig einsetzbar in Konditorei &amp; Caf\u00e9<\/p>\n<\/li>\n<li data-start=\"1960\" data-end=\"1992\">\n<p data-start=\"1962\" data-end=\"1992\">Effiziente 10-kg-Gro\u00dfpackung<\/p>\n<\/li>\n<\/ul>\n<hr data-start=\"1994\" data-end=\"1997\" \/>\n<h4 data-start=\"1999\" data-end=\"2026\"><span class=\"ez-toc-section\" id=\"Geschmack_Textur\"><\/span><strong data-start=\"2004\" data-end=\"2026\">Chu\u0165 a text\u00fara<\/strong><span class=\"ez-toc-section-end\"><\/span><\/h4>\n<p data-start=\"2027\" data-end=\"2155\">Die Pistaziencreme hat einen milden, angenehm nussigen Geschmack und eine leicht streichf\u00e4hige Struktur.<br data-start=\"2131\" data-end=\"2134\" \/>Optimal geeignet f\u00fcr:<\/p>\n<ul data-start=\"2157\" data-end=\"2326\">\n<li data-start=\"2157\" data-end=\"2201\">\n<p data-start=\"2159\" data-end=\"2201\">F\u00fcllungen f\u00fcr Croissants &amp; Plundergeb\u00e4ck<\/p>\n<\/li>\n<li data-start=\"2202\" data-end=\"2231\">\n<p data-start=\"2204\" data-end=\"2231\">Tortencremes &amp; Patisserie<\/p>\n<\/li>\n<li data-start=\"2232\" data-end=\"2259\">\n<p data-start=\"2234\" data-end=\"2259\">Dessertcremes &amp; Mousses<\/p>\n<\/li>\n<li data-start=\"2260\" data-end=\"2289\">\n<p data-start=\"2262\" data-end=\"2289\">Eis, Bowls &amp; Caf\u00e9produkte<\/p>\n<\/li>\n<li data-start=\"2290\" data-end=\"2326\">\n<p data-start=\"2292\" data-end=\"2326\">Feinkost- und B\u00e4ckereiproduktion<\/p>\n<\/li>\n<\/ul>\n<hr data-start=\"2505\" data-end=\"2508\" \/>\n<h4 data-start=\"2510\" data-end=\"2526\"><span class=\"ez-toc-section\" id=\"Zutaten\"><\/span><strong data-start=\"2515\" data-end=\"2526\">Zlo\u017eenie<\/strong><span class=\"ez-toc-section-end\"><\/span><\/h4>\n<p data-start=\"2527\" data-end=\"2702\">Zucker, pflanzliche \u00d6le und Fette (Sonnenblume, Palm\u00f6l), Pistazie 10%, Molkenpulver, Milchpulver, Emulgator: Sojalecithin, Aromen.<br data-start=\"2657\" data-end=\"2660\" \/>Kann Spuren von Schalenfr\u00fcchten enthalten.<\/p>\n<hr data-start=\"2704\" data-end=\"2707\" \/>\n<h4 data-start=\"2709\" data-end=\"2737\"><span class=\"ez-toc-section\" id=\"Nahrwerte_pro_100_g\"><\/span><strong data-start=\"2714\" data-end=\"2737\">Nutri\u010dn\u00e9 hodnoty na 100 g<\/strong><span class=\"ez-toc-section-end\"><\/span><\/h4>\n<ul data-start=\"2738\" data-end=\"2930\">\n<li data-start=\"2738\" data-end=\"2769\">\n<p data-start=\"2740\" data-end=\"2769\">Energie: 2576 kJ \/ 615 kcal<\/p>\n<\/li>\n<li data-start=\"2770\" data-end=\"2822\">\n<p data-start=\"2772\" data-end=\"2822\">Fett: 41 g<br data-start=\"2782\" data-end=\"2785\" \/>\u2013 davon ges\u00e4ttigte Fetts\u00e4uren: 15 g<\/p>\n<\/li>\n<li data-start=\"2823\" data-end=\"2871\">\n<p data-start=\"2825\" data-end=\"2871\">Kohlenhydrate: 56.2 g<br data-start=\"2846\" data-end=\"2849\" \/>\u2013 davon Zucker: 54 g<\/p>\n<\/li>\n<li data-start=\"2872\" data-end=\"2896\">\n<p data-start=\"2874\" data-end=\"2896\">Ballaststoffe: 0.7 g<\/p>\n<\/li>\n<li data-start=\"2897\" data-end=\"2914\">\n<p data-start=\"2899\" data-end=\"2914\">Eiwei\u00df: 6.5 g<\/p>\n<\/li>\n<li data-start=\"2915\" data-end=\"2930\">\n<p data-start=\"2917\" data-end=\"2930\">Salz: 0.3 g<\/p>\n<\/li>\n<\/ul>\n<hr data-start=\"2932\" data-end=\"2935\" \/>\n<h4 data-start=\"2937\" data-end=\"2961\"><span class=\"ez-toc-section\" id=\"Anwendungsideen\"><\/span><strong data-start=\"2942\" data-end=\"2961\">N\u00e1pady na aplik\u00e1cie<\/strong><span class=\"ez-toc-section-end\"><\/span><\/h4>\n<ul data-start=\"2962\" data-end=\"3129\">\n<li data-start=\"2962\" data-end=\"2992\">\n<p data-start=\"2964\" data-end=\"2992\">Croissants &amp; Plundergeb\u00e4ck<\/p>\n<\/li>\n<li data-start=\"2993\" data-end=\"3020\">\n<p data-start=\"2995\" data-end=\"3020\">Torten, Kuchen &amp; Cremes<\/p>\n<\/li>\n<li data-start=\"3021\" data-end=\"3051\">\n<p data-start=\"3023\" data-end=\"3051\">Dessertmassen &amp; Konditorei<\/p>\n<\/li>\n<li data-start=\"3052\" data-end=\"3081\">\n<p data-start=\"3054\" data-end=\"3081\">Eis, Mousses &amp; s\u00fc\u00dfe Bowls<\/p>\n<\/li>\n<li data-start=\"3082\" data-end=\"3129\">\n<p data-start=\"3084\" data-end=\"3129\">Gro\u00dfproduktion in Feinkost, B\u00e4ckerei &amp; Caf\u00e9<\/p>\n<\/li>\n<\/ul>\n<hr data-start=\"3131\" data-end=\"3134\" \/>\n<h4 data-start=\"3136\" data-end=\"3153\"><span class=\"ez-toc-section\" id=\"Lagerung\"><\/span><strong data-start=\"3141\" data-end=\"3153\">skladovanie<\/strong><span class=\"ez-toc-section-end\"><\/span><\/h4>\n<p data-start=\"3154\" data-end=\"3219\">K\u00fchl und trocken lagern. Nach dem \u00d6ffnen gut verschlossen halten.<\/p>\n<hr data-start=\"1683\" data-end=\"1686\" \/>\n<h4 data-start=\"413\" data-end=\"449\"><span class=\"ez-toc-section\" id=\"Weitere_Inspiration_entdecken\"><\/span>Weitere Inspiration entdecken<span class=\"ez-toc-section-end\"><\/span><\/h4>\n<p data-start=\"450\" data-end=\"582\">Du suchst weitere besondere Produkte? Entdecke zus\u00e4tzliche Highlights in unserem Sortiment oder st\u00f6bere in unseren Partnerprojekten:<\/p>\n<ul data-start=\"584\" data-end=\"920\">\n<li data-start=\"584\" data-end=\"656\"><a href=\"https:\/\/honigbee.com\/sk\/shop\/\">Weitere Naturprodukte bei Honigbee entdecken<\/a><\/li>\n<li data-start=\"657\" data-end=\"783\">\n<p data-start=\"659\" data-end=\"783\"><a href=\"https:\/\/matvana.com\/shop\/\" target=\"_blank\" rel=\"noopener\">Stilvolle Wohnideen bei Matvana ansehen<\/a><\/p>\n<\/li>\n<li data-start=\"784\" data-end=\"920\">\n<p data-start=\"786\" data-end=\"920\"><a href=\"https:\/\/saphirsmaragd.com\/shop\/\" target=\"_blank\" rel=\"noopener\">Edelsteine &amp; Schmuck bei Saphir &amp; Smaragd ansehen<\/a><\/p>\n<\/li>\n<\/ul>\n<hr data-start=\"1931\" data-end=\"1934\" \/>\n<p>Produktbilder dienen der Veranschaulichung. Verpackungsdesign kann abweichen.<\/p>","protected":false},"excerpt":{"rendered":"<p data-start=\"659\" data-end=\"829\"><em>Pistaziencreme 10 kg mit 10% Pistazien \u2013 cremige, backstabile Pistazienpaste f\u00fcr Croissants, Geb\u00e4ck, Torten &amp; Desserts. Ideal f\u00fcr Profi-B\u00e4ckereien &amp; Gro\u00dfproduktionen.<\/em><\/p>\n<p class=\"\" data-start=\"3744\" data-end=\"3807\">","protected":false},"featured_media":42872,"comment_status":"open","ping_status":"closed","template":"","meta":{"_glsr_average":0,"_glsr_ranking":0,"_glsr_reviews":0},"product_brand":[],"product_cat":[726],"product_tag":[],"class_list":{"0":"post-13662","1":"product","2":"type-product","3":"status-publish","4":"has-post-thumbnail","6":"product_cat-pistaziencreme","8":"first","9":"instock","10":"shipping-taxable","11":"purchasable","12":"product-type-simple","13":"add-to-wishlist-before_image"},"jetpack_sharing_enabled":true,"_links":{"self":[{"href":"https:\/\/honigbee.com\/sk\/wp-json\/wp\/v2\/product\/13662","targetHints":{"allow":["GET"]}}],"collection":[{"href":"https:\/\/honigbee.com\/sk\/wp-json\/wp\/v2\/product"}],"about":[{"href":"https:\/\/honigbee.com\/sk\/wp-json\/wp\/v2\/types\/product"}],"replies":[{"embeddable":true,"href":"https:\/\/honigbee.com\/sk\/wp-json\/wp\/v2\/comments?post=13662"}],"version-history":[{"count":7,"href":"https:\/\/honigbee.com\/sk\/wp-json\/wp\/v2\/product\/13662\/revisions"}],"predecessor-version":[{"id":42934,"href":"https:\/\/honigbee.com\/sk\/wp-json\/wp\/v2\/product\/13662\/revisions\/42934"}],"wp:featuredmedia":[{"embeddable":true,"href":"https:\/\/honigbee.com\/sk\/wp-json\/wp\/v2\/media\/42872"}],"wp:attachment":[{"href":"https:\/\/honigbee.com\/sk\/wp-json\/wp\/v2\/media?parent=13662"}],"wp:term":[{"taxonomy":"product_brand","embeddable":true,"href":"https:\/\/honigbee.com\/sk\/wp-json\/wp\/v2\/product_brand?post=13662"},{"taxonomy":"product_cat","embeddable":true,"href":"https:\/\/honigbee.com\/sk\/wp-json\/wp\/v2\/product_cat?post=13662"},{"taxonomy":"product_tag","embeddable":true,"href":"https:\/\/honigbee.com\/sk\/wp-json\/wp\/v2\/product_tag?post=13662"}],"curies":[{"name":"pracovn\u00fd list","href":"https:\/\/api.w.org\/{rel}","templated":true}]}}