{"id":16073,"date":"2025-02-05T14:15:41","date_gmt":"2025-02-05T14:15:41","guid":{"rendered":"https:\/\/honigbee.com\/?post_type=product&#038;p=16073"},"modified":"2026-03-13T20:06:02","modified_gmt":"2026-03-13T20:06:02","slug":"400g-madagassischer-litschihonig","status":"publish","type":"product","link":"https:\/\/honigbee.com\/sk\/produkt\/400g-madagassischer-litschihonig\/","title":{"rendered":"Madagassischer Litschihonig 400g &#038; 1kg \u2013 100\u202f% Rohhonig aus Madagaskar \u2013 Fruchtig-S\u00fc\u00df &#038; Cremig"},"content":{"rendered":"<div id=\"ez-toc-container\" class=\"ez-toc-v2_0_83 counter-hierarchy ez-toc-counter ez-toc-grey ez-toc-container-direction\">\n<div class=\"ez-toc-title-container\">\n<p class=\"ez-toc-title\" style=\"cursor:inherit\">Obsah<\/p>\n<span class=\"ez-toc-title-toggle\"><a href=\"#\" class=\"ez-toc-pull-right ez-toc-btn ez-toc-btn-xs ez-toc-btn-default ez-toc-toggle\" aria-label=\"Prepn\u00fa\u0165 obsah\"><span class=\"ez-toc-js-icon-con\"><span class=\"\"><span class=\"eztoc-hide\" style=\"display:none;\">Prepn\u00fa\u0165<\/span><span class=\"ez-toc-icon-toggle-span\"><svg style=\"fill: #999;color:#999\" xmlns=\"http:\/\/www.w3.org\/2000\/svg\" class=\"list-377408\" width=\"20px\" height=\"20px\" viewbox=\"0 0 24 24\" fill=\"none\"><path d=\"M6 6H4v2h2V6zm14 0H8v2h12V6zM4 11h2v2H4v-2zm16 0H8v2h12v-2zM4 16h2v2H4v-2zm16 0H8v2h12v-2z\" fill=\"currentColor\"><\/path><\/svg><svg style=\"fill: #999;color:#999\" class=\"arrow-unsorted-368013\" xmlns=\"http:\/\/www.w3.org\/2000\/svg\" width=\"10px\" height=\"10px\" viewbox=\"0 0 24 24\" version=\"1.2\" baseprofile=\"tiny\"><path d=\"M18.2 9.3l-6.2-6.3-6.2 6.3c-.2.2-.3.4-.3.7s.1.5.3.7c.2.2.4.3.7.3h11c.3 0 .5-.1.7-.3.2-.2.3-.5.3-.7s-.1-.5-.3-.7zM5.8 14.7l6.2 6.3 6.2-6.3c.2-.2.3-.5.3-.7s-.1-.5-.3-.7c-.2-.2-.4-.3-.7-.3h-11c-.3 0-.5.1-.7.3-.2.2-.3.5-.3.7s.1.5.3.7z\"\/><\/svg><\/span><\/span><\/span><\/a><\/span><\/div>\n<nav><ul class='ez-toc-list ez-toc-list-level-1' ><li class='ez-toc-page-1 ez-toc-heading-level-4'><a class=\"ez-toc-link ez-toc-heading-1\" href=\"https:\/\/honigbee.com\/sk\/produkt\/400g-madagassischer-litschihonig\/#Merkmale_Herkunft\" >Charakteristika a p\u00f4vod<\/a><\/li><li class='ez-toc-page-1 ez-toc-heading-level-4'><a class=\"ez-toc-link ez-toc-heading-2\" href=\"https:\/\/honigbee.com\/sk\/produkt\/400g-madagassischer-litschihonig\/#Besonderheiten\" >\u0160peci\u00e1lne funkcie<\/a><\/li><li class='ez-toc-page-1 ez-toc-heading-level-4'><a class=\"ez-toc-link ez-toc-heading-3\" href=\"https:\/\/honigbee.com\/sk\/produkt\/400g-madagassischer-litschihonig\/#Tipp\" >Tip<\/a><\/li><li class='ez-toc-page-1 ez-toc-heading-level-4'><a class=\"ez-toc-link ez-toc-heading-4\" href=\"https:\/\/honigbee.com\/sk\/produkt\/400g-madagassischer-litschihonig\/#Verwendungsmoglichkeiten\" >Mo\u017en\u00e9 vyu\u017eitia<\/a><\/li><li class='ez-toc-page-1 ez-toc-heading-level-4'><a class=\"ez-toc-link ez-toc-heading-5\" href=\"https:\/\/honigbee.com\/sk\/produkt\/400g-madagassischer-litschihonig\/#Lagerung\" >skladovanie<\/a><\/li><li class='ez-toc-page-1 ez-toc-heading-level-4'><a class=\"ez-toc-link ez-toc-heading-6\" href=\"https:\/\/honigbee.com\/sk\/produkt\/400g-madagassischer-litschihonig\/#Weitere_Inspiration_entdecken\" >Weitere Inspiration entdecken<\/a><\/li><\/ul><\/nav><\/div>\n<p data-start=\"406\" data-end=\"635\">Der Madagassischer Litschihonig stammt aus tropischen Waldregionen Madagaskars, wo Bienen den Nektar bl\u00fchender Litschib\u00e4ume sammeln. Dieser naturbelassene Honig wird traditionell geerntet und roh verarbeitet, ohne Erhitzung oder Filtration.<\/p>\n<p data-start=\"637\" data-end=\"817\">Sein besonderes Geschmacksprofil verbindet fruchtige S\u00fc\u00dfe mit einer feinen blumigen Note und einer dezenten S\u00e4ure. Die cremige Konsistenz macht ihn besonders angenehm streichf\u00e4hig.<\/p>\n<hr data-start=\"819\" data-end=\"822\" \/>\n<h4 data-start=\"824\" data-end=\"848\"><span class=\"ez-toc-section\" id=\"Merkmale_Herkunft\"><\/span>Charakteristika a p\u00f4vod<span class=\"ez-toc-section-end\"><\/span><\/h4>\n<p data-start=\"850\" data-end=\"1100\">Sorte: Bl\u00fctenhonig aus Litschibl\u00fcten<br data-start=\"886\" data-end=\"889\" \/>P\u00f4vod: Madagaskar<br data-start=\"909\" data-end=\"912\" \/>Farbe: Hellgold bis bernsteinfarben<br data-start=\"947\" data-end=\"950\" \/>Geschmack: Fruchtig, s\u00fc\u00df und blumig mit dezenter S\u00e4ure<br data-start=\"1004\" data-end=\"1007\" \/>Konsistenz: Cremig, weich und streichf\u00e4hig<br data-start=\"1049\" data-end=\"1052\" \/>Behandlung: Roh, nicht erhitzt und ungefiltert<\/p>\n<hr data-start=\"1102\" data-end=\"1105\" \/>\n<h4 data-start=\"1107\" data-end=\"1126\"><span class=\"ez-toc-section\" id=\"Besonderheiten\"><\/span>\u0160peci\u00e1lne funkcie<span class=\"ez-toc-section-end\"><\/span><\/h4>\n<p data-start=\"1128\" data-end=\"1301\">\u2022 Naturbelassener Bl\u00fctenhonig aus Madagaskar<br data-start=\"1172\" data-end=\"1175\" \/>\u2022 Gewonnen aus Nektar von Litschibl\u00fcten<br data-start=\"1214\" data-end=\"1217\" \/>\u2022 Fruchtiges Aroma mit blumiger Note<br data-start=\"1253\" data-end=\"1256\" \/>\u2022 Ohne Zusatzstoffe und minimal verarbeitet<\/p>\n<hr data-start=\"1303\" data-end=\"1306\" \/>\n<h4 data-start=\"1308\" data-end=\"1317\"><span class=\"ez-toc-section\" id=\"Tipp\"><\/span>Tip<span class=\"ez-toc-section-end\"><\/span><\/h4>\n<p data-start=\"1319\" data-end=\"1480\">Diese Honigsorte eignet sich besonders f\u00fcr alle, die fruchtige und aromatische Honige bevorzugen. Honige aus verschiedenen Bl\u00fcten k\u00f6nnen geschmacklich variieren.<\/p>\n<hr data-start=\"1482\" data-end=\"1485\" \/>\n<h4 data-start=\"1487\" data-end=\"1516\"><span class=\"ez-toc-section\" id=\"Verwendungsmoglichkeiten\"><\/span>Mo\u017en\u00e9 vyu\u017eitia<span class=\"ez-toc-section-end\"><\/span><\/h4>\n<p data-start=\"1518\" data-end=\"1681\">\u2022 Pur direkt vom L\u00f6ffel genie\u00dfen<br data-start=\"1550\" data-end=\"1553\" \/>\u2022 In Tee, Joghurt, Bowls oder Smoothies<br data-start=\"1592\" data-end=\"1595\" \/>\u2022 F\u00fcr Dressings, Desserts oder Backrezepte<br data-start=\"1637\" data-end=\"1640\" \/>\u2022 Als Zutat f\u00fcr verschiedene S\u00fc\u00dfspeisen<\/p>\n<hr data-start=\"1683\" data-end=\"1686\" \/>\n<h4 data-start=\"1688\" data-end=\"1701\"><span class=\"ez-toc-section\" id=\"Lagerung\"><\/span>skladovanie<span class=\"ez-toc-section-end\"><\/span><\/h4>\n<p data-start=\"1703\" data-end=\"1779\">Skladujte na chladnom a suchom mieste mimo dosahu svetla.<br data-start=\"1743\" data-end=\"1746\" \/>Nach dem \u00d6ffnen gut verschlie\u00dfen.<\/p>\n<hr data-start=\"1896\" data-end=\"1899\" \/>\n<h4 data-start=\"413\" data-end=\"449\"><span class=\"ez-toc-section\" id=\"Weitere_Inspiration_entdecken\"><\/span>Weitere Inspiration entdecken<span class=\"ez-toc-section-end\"><\/span><\/h4>\n<p data-start=\"450\" data-end=\"582\">Du suchst weitere besondere Produkte? Entdecke zus\u00e4tzliche Highlights in unserem Sortiment oder st\u00f6bere in unseren Partnerprojekten:<\/p>\n<ul data-start=\"584\" data-end=\"920\">\n<li data-start=\"584\" data-end=\"656\"><a href=\"https:\/\/honigbee.com\/sk\/shop\/\">Weitere Naturprodukte bei Honigbee entdecken<\/a><\/li>\n<li data-start=\"657\" data-end=\"783\">\n<p data-start=\"659\" data-end=\"783\"><a href=\"https:\/\/matvana.com\/shop\/\" target=\"_blank\" rel=\"noopener\">Stilvolle Wohnideen bei Matvana ansehen<\/a><\/p>\n<\/li>\n<li data-start=\"784\" data-end=\"920\">\n<p data-start=\"786\" data-end=\"920\"><a href=\"https:\/\/saphirsmaragd.com\/shop\/\" target=\"_blank\" rel=\"noopener\">Edelsteine &amp; Schmuck bei Saphir &amp; Smaragd ansehen<\/a><\/p>\n<\/li>\n<\/ul>\n<hr data-start=\"1931\" data-end=\"1934\" \/>\n<p>Produktbilder dienen der Veranschaulichung. Verpackungsdesign kann abweichen.<\/p>","protected":false},"excerpt":{"rendered":"<p class=\"\" data-start=\"5762\" data-end=\"6208\"><em>Madagassischer Litschihonig \u2013 Exotisch-fruchtiger Rohhonig aus Madagaskar. Cremig, naturbelassen &amp; antibakteriell. Ideal f\u00fcr Immunsystem &amp; Genussmomente. Jetzt erh\u00e4ltlich in 400g oder 1kg.<\/em><\/p>","protected":false},"featured_media":43727,"comment_status":"open","ping_status":"closed","template":"","meta":{"_glsr_average":0,"_glsr_ranking":0,"_glsr_reviews":0},"product_brand":[],"product_cat":[628],"product_tag":[],"class_list":{"0":"post-16073","1":"product","2":"type-product","3":"status-publish","4":"has-post-thumbnail","6":"product_cat-fruchthonig","8":"first","9":"instock","10":"shipping-taxable","11":"purchasable","12":"product-type-variable","13":"add-to-wishlist-before_image"},"jetpack_sharing_enabled":true,"_links":{"self":[{"href":"https:\/\/honigbee.com\/sk\/wp-json\/wp\/v2\/product\/16073","targetHints":{"allow":["GET"]}}],"collection":[{"href":"https:\/\/honigbee.com\/sk\/wp-json\/wp\/v2\/product"}],"about":[{"href":"https:\/\/honigbee.com\/sk\/wp-json\/wp\/v2\/types\/product"}],"replies":[{"embeddable":true,"href":"https:\/\/honigbee.com\/sk\/wp-json\/wp\/v2\/comments?post=16073"}],"version-history":[{"count":6,"href":"https:\/\/honigbee.com\/sk\/wp-json\/wp\/v2\/product\/16073\/revisions"}],"predecessor-version":[{"id":43728,"href":"https:\/\/honigbee.com\/sk\/wp-json\/wp\/v2\/product\/16073\/revisions\/43728"}],"wp:featuredmedia":[{"embeddable":true,"href":"https:\/\/honigbee.com\/sk\/wp-json\/wp\/v2\/media\/43727"}],"wp:attachment":[{"href":"https:\/\/honigbee.com\/sk\/wp-json\/wp\/v2\/media?parent=16073"}],"wp:term":[{"taxonomy":"product_brand","embeddable":true,"href":"https:\/\/honigbee.com\/sk\/wp-json\/wp\/v2\/product_brand?post=16073"},{"taxonomy":"product_cat","embeddable":true,"href":"https:\/\/honigbee.com\/sk\/wp-json\/wp\/v2\/product_cat?post=16073"},{"taxonomy":"product_tag","embeddable":true,"href":"https:\/\/honigbee.com\/sk\/wp-json\/wp\/v2\/product_tag?post=16073"}],"curies":[{"name":"pracovn\u00fd list","href":"https:\/\/api.w.org\/{rel}","templated":true}]}}