{"id":23433,"date":"2025-05-29T14:17:52","date_gmt":"2025-05-29T14:17:52","guid":{"rendered":"https:\/\/honigbee.com\/?post_type=product&#038;p=23433"},"modified":"2026-02-28T18:43:52","modified_gmt":"2026-02-28T18:43:52","slug":"geraeucherte-mandeln-1kg","status":"publish","type":"product","link":"https:\/\/honigbee.com\/sk\/produkt\/geraeucherte-mandeln-1kg\/","title":{"rendered":"1 kg Ger\u00e4ucherte Mandeln \u2013 Knuspriger Genuss mit Rauch-Aroma"},"content":{"rendered":"<div id=\"ez-toc-container\" class=\"ez-toc-v2_0_83 counter-hierarchy ez-toc-counter ez-toc-grey ez-toc-container-direction\">\n<div class=\"ez-toc-title-container\">\n<p class=\"ez-toc-title\" style=\"cursor:inherit\">Obsah<\/p>\n<span class=\"ez-toc-title-toggle\"><a href=\"#\" class=\"ez-toc-pull-right ez-toc-btn ez-toc-btn-xs ez-toc-btn-default ez-toc-toggle\" aria-label=\"Prepn\u00fa\u0165 obsah\"><span class=\"ez-toc-js-icon-con\"><span class=\"\"><span class=\"eztoc-hide\" style=\"display:none;\">Prepn\u00fa\u0165<\/span><span class=\"ez-toc-icon-toggle-span\"><svg style=\"fill: #999;color:#999\" xmlns=\"http:\/\/www.w3.org\/2000\/svg\" class=\"list-377408\" width=\"20px\" height=\"20px\" viewbox=\"0 0 24 24\" fill=\"none\"><path d=\"M6 6H4v2h2V6zm14 0H8v2h12V6zM4 11h2v2H4v-2zm16 0H8v2h12v-2zM4 16h2v2H4v-2zm16 0H8v2h12v-2z\" fill=\"currentColor\"><\/path><\/svg><svg style=\"fill: #999;color:#999\" class=\"arrow-unsorted-368013\" xmlns=\"http:\/\/www.w3.org\/2000\/svg\" width=\"10px\" height=\"10px\" viewbox=\"0 0 24 24\" version=\"1.2\" baseprofile=\"tiny\"><path d=\"M18.2 9.3l-6.2-6.3-6.2 6.3c-.2.2-.3.4-.3.7s.1.5.3.7c.2.2.4.3.7.3h11c.3 0 .5-.1.7-.3.2-.2.3-.5.3-.7s-.1-.5-.3-.7zM5.8 14.7l6.2 6.3 6.2-6.3c.2-.2.3-.5.3-.7s-.1-.5-.3-.7c-.2-.2-.4-.3-.7-.3h-11c-.3 0-.5.1-.7.3-.2.2-.3.5-.3.7s.1.5.3.7z\"\/><\/svg><\/span><\/span><\/span><\/a><\/span><\/div>\n<nav><ul class='ez-toc-list ez-toc-list-level-1' ><li class='ez-toc-page-1 ez-toc-heading-level-4'><a class=\"ez-toc-link ez-toc-heading-1\" href=\"https:\/\/honigbee.com\/sk\/produkt\/geraeucherte-mandeln-1kg\/#Herkunft_Qualitat\" >P\u00f4vod a kvalita<\/a><\/li><li class='ez-toc-page-1 ez-toc-heading-level-4'><a class=\"ez-toc-link ez-toc-heading-2\" href=\"https:\/\/honigbee.com\/sk\/produkt\/geraeucherte-mandeln-1kg\/#Geschmack_Textur\" >Chu\u0165 a text\u00fara<\/a><\/li><li class='ez-toc-page-1 ez-toc-heading-level-4'><a class=\"ez-toc-link ez-toc-heading-3\" href=\"https:\/\/honigbee.com\/sk\/produkt\/geraeucherte-mandeln-1kg\/#Nahrwerte_Vorteile\" >N\u00e4hrwerte &amp; Vorteile<\/a><\/li><li class='ez-toc-page-1 ez-toc-heading-level-4'><a class=\"ez-toc-link ez-toc-heading-4\" href=\"https:\/\/honigbee.com\/sk\/produkt\/geraeucherte-mandeln-1kg\/#Vielseitige_Verwendung\" >V\u0161estrann\u00e9 pou\u017eitie<\/a><\/li><li class='ez-toc-page-1 ez-toc-heading-level-4'><a class=\"ez-toc-link ez-toc-heading-5\" href=\"https:\/\/honigbee.com\/sk\/produkt\/geraeucherte-mandeln-1kg\/#Nahrwerte_pro_100g\" >Nutri\u010dn\u00e9 hodnoty na 100 g<\/a><\/li><li class='ez-toc-page-1 ez-toc-heading-level-4'><a class=\"ez-toc-link ez-toc-heading-6\" href=\"https:\/\/honigbee.com\/sk\/produkt\/geraeucherte-mandeln-1kg\/#Lagerung_Frische\" >Lagerung &amp; Frische<\/a><\/li><li class='ez-toc-page-1 ez-toc-heading-level-4'><a class=\"ez-toc-link ez-toc-heading-7\" href=\"https:\/\/honigbee.com\/sk\/produkt\/geraeucherte-mandeln-1kg\/#Weitere_Inspiration_entdecken\" >Weitere Inspiration entdecken<\/a><\/li><\/ul><\/nav><\/div>\n<p data-start=\"821\" data-end=\"1128\">Ger\u00e4ucherte-Mandeln 1kg sind ein hochwertiger Snack mit intensivem Aroma und knuspriger Textur. Durch schonendes R\u00f6sten und Veredelung mit nat\u00fcrlicher Rauchnote entsteht ein einzigartiges Geschmackserlebnis. Diese Mandeln eignen sich ideal f\u00fcr Genie\u00dfer, die besonderen Wert auf Qualit\u00e4t und Geschmack legen.<\/p>\n<hr data-start=\"1130\" data-end=\"1133\" \/>\n<h4 data-start=\"1135\" data-end=\"1161\"><span class=\"ez-toc-section\" id=\"Herkunft_Qualitat\"><\/span>P\u00f4vod a kvalita<span class=\"ez-toc-section-end\"><\/span><\/h4>\n<p data-start=\"1163\" data-end=\"1341\">Ger\u00e4ucherte-Mandeln 1kg stammen aus sorgf\u00e4ltig ausgew\u00e4hlten Anbaugebieten und werden schonend verarbeitet, um ihre nat\u00fcrliche Qualit\u00e4t und ihren intensiven Geschmack zu bewahren.<\/p>\n<hr data-start=\"1343\" data-end=\"1346\" \/>\n<h4 data-start=\"1348\" data-end=\"1373\"><span class=\"ez-toc-section\" id=\"Geschmack_Textur\"><\/span>Chu\u0165 a text\u00fara<span class=\"ez-toc-section-end\"><\/span><\/h4>\n<p data-start=\"1375\" data-end=\"1570\">Ger\u00e4ucherte Mandeln 1kg zeichnen sich durch ihren kr\u00e4ftigen, aromatischen Rauchgeschmack und ihre knusprige Konsistenz aus. Diese Kombination macht sie zu einem besonders beliebten Premium-Snack.<\/p>\n<hr data-start=\"1572\" data-end=\"1575\" \/>\n<h4 data-start=\"1577\" data-end=\"1604\"><span class=\"ez-toc-section\" id=\"Nahrwerte_Vorteile\"><\/span>N\u00e4hrwerte &amp; Vorteile<span class=\"ez-toc-section-end\"><\/span><\/h4>\n<p data-start=\"1606\" data-end=\"1682\">Ger\u00e4ucherte Mandeln 1kg bieten zahlreiche ern\u00e4hrungsphysiologische Vorteile:<\/p>\n<ul data-start=\"1684\" data-end=\"1881\">\n<li data-start=\"1684\" data-end=\"1716\">\n<p data-start=\"1686\" data-end=\"1716\">Reich an gesunden Fetts\u00e4uren<\/p>\n<\/li>\n<li data-start=\"1717\" data-end=\"1760\">\n<p data-start=\"1719\" data-end=\"1760\">Nat\u00fcrliche Quelle pflanzlichen Eiwei\u00dfes<\/p>\n<\/li>\n<li data-start=\"1761\" data-end=\"1797\">\n<p data-start=\"1763\" data-end=\"1797\">Enthalten wichtige Mineralstoffe<\/p>\n<\/li>\n<li data-start=\"1798\" data-end=\"1841\">\n<p data-start=\"1800\" data-end=\"1841\">Unterst\u00fctzen eine ausgewogene Ern\u00e4hrung<\/p>\n<\/li>\n<li data-start=\"1842\" data-end=\"1881\">\n<p data-start=\"1844\" data-end=\"1881\">Ideal als gesunde Snack-Alternative<\/p>\n<\/li>\n<\/ul>\n<hr data-start=\"1883\" data-end=\"1886\" \/>\n<h4 data-start=\"1888\" data-end=\"1917\"><span class=\"ez-toc-section\" id=\"Vielseitige_Verwendung\"><\/span>V\u0161estrann\u00e9 pou\u017eitie<span class=\"ez-toc-section-end\"><\/span><\/h4>\n<p data-start=\"1919\" data-end=\"1990\">Ger\u00e4ucherte Mandeln 1kg eignen sich ideal f\u00fcr verschiedene Anwendungen:<\/p>\n<ul data-start=\"1992\" data-end=\"2115\">\n<li data-start=\"1992\" data-end=\"2023\">\n<p data-start=\"1994\" data-end=\"2023\">Als Snack f\u00fcr zwischendurch<\/p>\n<\/li>\n<li data-start=\"2024\" data-end=\"2052\">\n<p data-start=\"2026\" data-end=\"2052\">Als Erg\u00e4nzung zu Salaten<\/p>\n<\/li>\n<li data-start=\"2053\" data-end=\"2083\">\n<p data-start=\"2055\" data-end=\"2083\">Zum Verfeinern von Speisen<\/p>\n<\/li>\n<li data-start=\"2084\" data-end=\"2115\">\n<p data-start=\"2086\" data-end=\"2115\">F\u00fcr besondere Genussmomente<\/p>\n<\/li>\n<\/ul>\n<hr data-start=\"2117\" data-end=\"2120\" \/>\n<h4 data-start=\"2122\" data-end=\"2147\"><span class=\"ez-toc-section\" id=\"Nahrwerte_pro_100g\"><\/span>Nutri\u010dn\u00e9 hodnoty na 100 g<span class=\"ez-toc-section-end\"><\/span><\/h4>\n<ul data-start=\"2149\" data-end=\"2306\">\n<li data-start=\"2149\" data-end=\"2170\">\n<p data-start=\"2151\" data-end=\"2170\">Energie: 579 kcal<\/p>\n<\/li>\n<li data-start=\"2171\" data-end=\"2185\">\n<p data-start=\"2173\" data-end=\"2185\">Tuk: 50 g<\/p>\n<\/li>\n<li data-start=\"2186\" data-end=\"2224\">\n<p data-start=\"2188\" data-end=\"2224\">davon ges\u00e4ttigte Fetts\u00e4uren: 3.8 g<\/p>\n<\/li>\n<li data-start=\"2225\" data-end=\"2248\">\n<p data-start=\"2227\" data-end=\"2248\">Sacharidy: 22 g<\/p>\n<\/li>\n<li data-start=\"2249\" data-end=\"2272\">\n<p data-start=\"2251\" data-end=\"2272\">davon Zucker: 4.4 g<\/p>\n<\/li>\n<li data-start=\"2273\" data-end=\"2289\">\n<p data-start=\"2275\" data-end=\"2289\">Bielkoviny: 21 g<\/p>\n<\/li>\n<li data-start=\"2290\" data-end=\"2306\">\n<p data-start=\"2292\" data-end=\"2306\">Salz: 0.05 g<\/p>\n<\/li>\n<\/ul>\n<hr data-start=\"2308\" data-end=\"2311\" \/>\n<h4 data-start=\"2313\" data-end=\"2338\"><span class=\"ez-toc-section\" id=\"Lagerung_Frische\"><\/span>Lagerung &amp; Frische<span class=\"ez-toc-section-end\"><\/span><\/h4>\n<p data-start=\"2340\" data-end=\"2468\">Lagern Sie ger\u00e4ucherte Mandeln 1kg k\u00fchl, trocken und lichtgesch\u00fctzt, um Frische, Geschmack und Qualit\u00e4t langfristig zu erhalten.<\/p>\n<hr data-start=\"1683\" data-end=\"1686\" \/>\n<h4 data-start=\"413\" data-end=\"449\"><span class=\"ez-toc-section\" id=\"Weitere_Inspiration_entdecken\"><\/span>Weitere Inspiration entdecken<span class=\"ez-toc-section-end\"><\/span><\/h4>\n<p data-start=\"450\" data-end=\"582\">Du suchst weitere besondere Produkte? Entdecke zus\u00e4tzliche Highlights in unserem Sortiment oder st\u00f6bere in unseren Partnerprojekten:<\/p>\n<ul data-start=\"584\" data-end=\"920\">\n<li data-start=\"584\" data-end=\"656\"><a href=\"https:\/\/honigbee.com\/sk\/shop\/\">Weitere Naturprodukte bei Honigbee entdecken<\/a><\/li>\n<li data-start=\"657\" data-end=\"783\">\n<p data-start=\"659\" data-end=\"783\"><a href=\"https:\/\/matvana.com\/shop\/\" target=\"_blank\" rel=\"noopener\">Stilvolle Wohnideen bei Matvana ansehen<\/a><\/p>\n<\/li>\n<li data-start=\"784\" data-end=\"920\">\n<p data-start=\"786\" data-end=\"920\"><a href=\"https:\/\/saphirsmaragd.com\/shop\/\" target=\"_blank\" rel=\"noopener\">Edelsteine &amp; Schmuck bei Saphir &amp; Smaragd ansehen<\/a><\/p>\n<\/li>\n<\/ul>\n<hr data-start=\"1931\" data-end=\"1934\" \/>\n<p>Produktbilder dienen der Veranschaulichung. Verpackungsdesign kann abweichen.<\/p>","protected":false},"excerpt":{"rendered":"<p data-start=\"390\" data-end=\"553\"><em>Ger\u00e4ucherte Mandeln 1kg in Premium Qualit\u00e4t mit intensiver Rauchnote und knuspriger Textur. Ideal als gesunder Snack oder vielseitige Zutat f\u00fcr Ihre Ern\u00e4hrung.<\/em><\/p>","protected":false},"featured_media":42407,"comment_status":"open","ping_status":"closed","template":"","meta":{"_glsr_average":0,"_glsr_ranking":0,"_glsr_reviews":0},"product_brand":[],"product_cat":[633],"product_tag":[],"class_list":{"0":"post-23433","1":"product","2":"type-product","3":"status-publish","4":"has-post-thumbnail","6":"product_cat-mandeln","8":"first","9":"instock","10":"shipping-taxable","11":"purchasable","12":"product-type-simple","13":"add-to-wishlist-before_image"},"jetpack_sharing_enabled":true,"_links":{"self":[{"href":"https:\/\/honigbee.com\/sk\/wp-json\/wp\/v2\/product\/23433","targetHints":{"allow":["GET"]}}],"collection":[{"href":"https:\/\/honigbee.com\/sk\/wp-json\/wp\/v2\/product"}],"about":[{"href":"https:\/\/honigbee.com\/sk\/wp-json\/wp\/v2\/types\/product"}],"replies":[{"embeddable":true,"href":"https:\/\/honigbee.com\/sk\/wp-json\/wp\/v2\/comments?post=23433"}],"version-history":[{"count":5,"href":"https:\/\/honigbee.com\/sk\/wp-json\/wp\/v2\/product\/23433\/revisions"}],"predecessor-version":[{"id":43216,"href":"https:\/\/honigbee.com\/sk\/wp-json\/wp\/v2\/product\/23433\/revisions\/43216"}],"wp:featuredmedia":[{"embeddable":true,"href":"https:\/\/honigbee.com\/sk\/wp-json\/wp\/v2\/media\/42407"}],"wp:attachment":[{"href":"https:\/\/honigbee.com\/sk\/wp-json\/wp\/v2\/media?parent=23433"}],"wp:term":[{"taxonomy":"product_brand","embeddable":true,"href":"https:\/\/honigbee.com\/sk\/wp-json\/wp\/v2\/product_brand?post=23433"},{"taxonomy":"product_cat","embeddable":true,"href":"https:\/\/honigbee.com\/sk\/wp-json\/wp\/v2\/product_cat?post=23433"},{"taxonomy":"product_tag","embeddable":true,"href":"https:\/\/honigbee.com\/sk\/wp-json\/wp\/v2\/product_tag?post=23433"}],"curies":[{"name":"pracovn\u00fd list","href":"https:\/\/api.w.org\/{rel}","templated":true}]}}