{"id":23462,"date":"2025-05-29T14:48:40","date_gmt":"2025-05-29T14:48:40","guid":{"rendered":"https:\/\/honigbee.com\/?post_type=product&#038;p=23462"},"modified":"2026-02-28T18:43:34","modified_gmt":"2026-02-28T18:43:34","slug":"geroestete-ungesalzene-erdnuesse-1kg","status":"publish","type":"product","link":"https:\/\/honigbee.com\/sk\/produkt\/geroestete-ungesalzene-erdnuesse-1kg\/","title":{"rendered":"1 kg Ger\u00f6stete ungesalzene Erdn\u00fcsse \u2013 Nat\u00fcrlicher Premium Snack mit knuspriger Textur"},"content":{"rendered":"<div id=\"ez-toc-container\" class=\"ez-toc-v2_0_83 counter-hierarchy ez-toc-counter ez-toc-grey ez-toc-container-direction\">\n<div class=\"ez-toc-title-container\">\n<p class=\"ez-toc-title\" style=\"cursor:inherit\">Obsah<\/p>\n<span class=\"ez-toc-title-toggle\"><a href=\"#\" class=\"ez-toc-pull-right ez-toc-btn ez-toc-btn-xs ez-toc-btn-default ez-toc-toggle\" aria-label=\"Prepn\u00fa\u0165 obsah\"><span class=\"ez-toc-js-icon-con\"><span class=\"\"><span class=\"eztoc-hide\" style=\"display:none;\">Prepn\u00fa\u0165<\/span><span class=\"ez-toc-icon-toggle-span\"><svg style=\"fill: #999;color:#999\" xmlns=\"http:\/\/www.w3.org\/2000\/svg\" class=\"list-377408\" width=\"20px\" height=\"20px\" viewbox=\"0 0 24 24\" fill=\"none\"><path d=\"M6 6H4v2h2V6zm14 0H8v2h12V6zM4 11h2v2H4v-2zm16 0H8v2h12v-2zM4 16h2v2H4v-2zm16 0H8v2h12v-2z\" fill=\"currentColor\"><\/path><\/svg><svg style=\"fill: #999;color:#999\" class=\"arrow-unsorted-368013\" xmlns=\"http:\/\/www.w3.org\/2000\/svg\" width=\"10px\" height=\"10px\" viewbox=\"0 0 24 24\" version=\"1.2\" baseprofile=\"tiny\"><path d=\"M18.2 9.3l-6.2-6.3-6.2 6.3c-.2.2-.3.4-.3.7s.1.5.3.7c.2.2.4.3.7.3h11c.3 0 .5-.1.7-.3.2-.2.3-.5.3-.7s-.1-.5-.3-.7zM5.8 14.7l6.2 6.3 6.2-6.3c.2-.2.3-.5.3-.7s-.1-.5-.3-.7c-.2-.2-.4-.3-.7-.3h-11c-.3 0-.5.1-.7.3-.2.2-.3.5-.3.7s.1.5.3.7z\"\/><\/svg><\/span><\/span><\/span><\/a><\/span><\/div>\n<nav><ul class='ez-toc-list ez-toc-list-level-1' ><li class='ez-toc-page-1 ez-toc-heading-level-4'><a class=\"ez-toc-link ez-toc-heading-1\" href=\"https:\/\/honigbee.com\/sk\/produkt\/geroestete-ungesalzene-erdnuesse-1kg\/#Herkunft_Qualitat\" >P\u00f4vod a kvalita<\/a><\/li><li class='ez-toc-page-1 ez-toc-heading-level-4'><a class=\"ez-toc-link ez-toc-heading-2\" href=\"https:\/\/honigbee.com\/sk\/produkt\/geroestete-ungesalzene-erdnuesse-1kg\/#Geschmack_Textur\" >Chu\u0165 a text\u00fara<\/a><\/li><li class='ez-toc-page-1 ez-toc-heading-level-4'><a class=\"ez-toc-link ez-toc-heading-3\" href=\"https:\/\/honigbee.com\/sk\/produkt\/geroestete-ungesalzene-erdnuesse-1kg\/#Nahrwerte_Vorteile\" >N\u00e4hrwerte &amp; Vorteile<\/a><\/li><li class='ez-toc-page-1 ez-toc-heading-level-4'><a class=\"ez-toc-link ez-toc-heading-4\" href=\"https:\/\/honigbee.com\/sk\/produkt\/geroestete-ungesalzene-erdnuesse-1kg\/#Vielseitige_Verwendung\" >V\u0161estrann\u00e9 pou\u017eitie<\/a><\/li><li class='ez-toc-page-1 ez-toc-heading-level-4'><a class=\"ez-toc-link ez-toc-heading-5\" href=\"https:\/\/honigbee.com\/sk\/produkt\/geroestete-ungesalzene-erdnuesse-1kg\/#Nahrwerte_pro_100g\" >Nutri\u010dn\u00e9 hodnoty na 100 g<\/a><\/li><li class='ez-toc-page-1 ez-toc-heading-level-4'><a class=\"ez-toc-link ez-toc-heading-6\" href=\"https:\/\/honigbee.com\/sk\/produkt\/geroestete-ungesalzene-erdnuesse-1kg\/#Lagerung_Frische\" >Lagerung &amp; Frische<\/a><\/li><li class='ez-toc-page-1 ez-toc-heading-level-4'><a class=\"ez-toc-link ez-toc-heading-7\" href=\"https:\/\/honigbee.com\/sk\/produkt\/geroestete-ungesalzene-erdnuesse-1kg\/#Weitere_Inspiration_entdecken\" >Weitere Inspiration entdecken<\/a><\/li><\/ul><\/nav><\/div>\n<p data-start=\"832\" data-end=\"1196\">Ger\u00f6stete ungesalzene Erdn\u00fcsse 1kg sind ein hochwertiger und nat\u00fcrlicher Snack mit intensivem Geschmack und wertvollen N\u00e4hrstoffen. Durch schonendes R\u00f6sten ohne Zusatz von Salz bleiben die nat\u00fcrlichen Eigenschaften und der reine Geschmack der Erdn\u00fcsse optimal erhalten. Diese Erdn\u00fcsse eignen sich ideal f\u00fcr gesundheitsbewusste Genie\u00dfer und vielseitige Anwendungen.<\/p>\n<hr data-start=\"1198\" data-end=\"1201\" \/>\n<h4 data-start=\"1203\" data-end=\"1229\"><span class=\"ez-toc-section\" id=\"Herkunft_Qualitat\"><\/span>P\u00f4vod a kvalita<span class=\"ez-toc-section-end\"><\/span><\/h4>\n<p data-start=\"1231\" data-end=\"1412\">Ger\u00f6stete ungesalzene Erdn\u00fcsse 1kg stammen aus ausgew\u00e4hlten Anbaugebieten und werden sorgf\u00e4ltig verarbeitet, um h\u00f6chste Qualit\u00e4t, Frische und nat\u00fcrlichen Geschmack zu gew\u00e4hrleisten.<\/p>\n<hr data-start=\"1414\" data-end=\"1417\" \/>\n<h4 data-start=\"1419\" data-end=\"1444\"><span class=\"ez-toc-section\" id=\"Geschmack_Textur\"><\/span>Chu\u0165 a text\u00fara<span class=\"ez-toc-section-end\"><\/span><\/h4>\n<p data-start=\"1446\" data-end=\"1643\">Ger\u00f6stete ungesalzene Erdn\u00fcsse 1kg zeichnen sich durch ihren intensiven, nat\u00fcrlichen und nussigen Geschmack aus. Ihre knusprige Konsistenz macht sie zu einem idealen Snack f\u00fcr den t\u00e4glichen Genuss.<\/p>\n<hr data-start=\"1645\" data-end=\"1648\" \/>\n<h4 data-start=\"1650\" data-end=\"1677\"><span class=\"ez-toc-section\" id=\"Nahrwerte_Vorteile\"><\/span>N\u00e4hrwerte &amp; Vorteile<span class=\"ez-toc-section-end\"><\/span><\/h4>\n<p data-start=\"1679\" data-end=\"1766\">Ger\u00f6stete ungesalzene Erdn\u00fcsse 1kg bieten zahlreiche ern\u00e4hrungsphysiologische Vorteile:<\/p>\n<ul data-start=\"1768\" data-end=\"1968\">\n<li data-start=\"1768\" data-end=\"1811\">\n<p data-start=\"1770\" data-end=\"1811\">Nat\u00fcrliche Quelle pflanzlichen Eiwei\u00dfes<\/p>\n<\/li>\n<li data-start=\"1812\" data-end=\"1844\">\n<p data-start=\"1814\" data-end=\"1844\">Reich an gesunden Fetts\u00e4uren<\/p>\n<\/li>\n<li data-start=\"1845\" data-end=\"1881\">\n<p data-start=\"1847\" data-end=\"1881\">Enthalten wichtige Mineralstoffe<\/p>\n<\/li>\n<li data-start=\"1882\" data-end=\"1925\">\n<p data-start=\"1884\" data-end=\"1925\">Unterst\u00fctzen eine ausgewogene Ern\u00e4hrung<\/p>\n<\/li>\n<li data-start=\"1926\" data-end=\"1968\">\n<p data-start=\"1928\" data-end=\"1968\">Ideal als nat\u00fcrliche Snack-Alternative<\/p>\n<\/li>\n<\/ul>\n<hr data-start=\"1970\" data-end=\"1973\" \/>\n<h4 data-start=\"1975\" data-end=\"2004\"><span class=\"ez-toc-section\" id=\"Vielseitige_Verwendung\"><\/span>V\u0161estrann\u00e9 pou\u017eitie<span class=\"ez-toc-section-end\"><\/span><\/h4>\n<p data-start=\"2006\" data-end=\"2088\">Ger\u00f6stete ungesalzene Erdn\u00fcsse 1kg eignen sich ideal f\u00fcr verschiedene Anwendungen:<\/p>\n<ul data-start=\"2090\" data-end=\"2247\">\n<li data-start=\"2090\" data-end=\"2130\">\n<p data-start=\"2092\" data-end=\"2130\">Als gesunder Snack f\u00fcr zwischendurch<\/p>\n<\/li>\n<li data-start=\"2131\" data-end=\"2168\">\n<p data-start=\"2133\" data-end=\"2168\">Als Zutat f\u00fcr Speisen und Rezepte<\/p>\n<\/li>\n<li data-start=\"2169\" data-end=\"2199\">\n<p data-start=\"2171\" data-end=\"2199\">Zum Verfeinern von Salaten<\/p>\n<\/li>\n<li data-start=\"2200\" data-end=\"2247\">\n<p data-start=\"2202\" data-end=\"2247\">F\u00fcr eine bewusste und ausgewogene Ern\u00e4hrung<\/p>\n<\/li>\n<\/ul>\n<hr data-start=\"2249\" data-end=\"2252\" \/>\n<h4 data-start=\"2254\" data-end=\"2279\"><span class=\"ez-toc-section\" id=\"Nahrwerte_pro_100g\"><\/span>Nutri\u010dn\u00e9 hodnoty na 100 g<span class=\"ez-toc-section-end\"><\/span><\/h4>\n<ul data-start=\"2281\" data-end=\"2436\">\n<li data-start=\"2281\" data-end=\"2302\">\n<p data-start=\"2283\" data-end=\"2302\">Energie: 567 kcal<\/p>\n<\/li>\n<li data-start=\"2303\" data-end=\"2317\">\n<p data-start=\"2305\" data-end=\"2317\">Tuk: 49 g<\/p>\n<\/li>\n<li data-start=\"2318\" data-end=\"2356\">\n<p data-start=\"2320\" data-end=\"2356\">davon ges\u00e4ttigte Fetts\u00e4uren: 6.8 g<\/p>\n<\/li>\n<li data-start=\"2357\" data-end=\"2380\">\n<p data-start=\"2359\" data-end=\"2380\">Kohlenhydrate: 16 g<\/p>\n<\/li>\n<li data-start=\"2381\" data-end=\"2402\">\n<p data-start=\"2383\" data-end=\"2402\">davon Zucker: 4 g<\/p>\n<\/li>\n<li data-start=\"2403\" data-end=\"2419\">\n<p data-start=\"2405\" data-end=\"2419\">Bielkoviny: 26 g<\/p>\n<\/li>\n<li data-start=\"2420\" data-end=\"2436\">\n<p data-start=\"2422\" data-end=\"2436\">Salz: 0.01 g<\/p>\n<\/li>\n<\/ul>\n<hr data-start=\"2438\" data-end=\"2441\" \/>\n<h4 data-start=\"2443\" data-end=\"2468\"><span class=\"ez-toc-section\" id=\"Lagerung_Frische\"><\/span>Lagerung &amp; Frische<span class=\"ez-toc-section-end\"><\/span><\/h4>\n<p data-start=\"2470\" data-end=\"2609\">Lagern Sie ger\u00f6stete ungesalzene Erdn\u00fcsse 1kg k\u00fchl, trocken und lichtgesch\u00fctzt, um Frische, Geschmack und Qualit\u00e4t langfristig zu erhalten.<\/p>\n<hr data-start=\"1683\" data-end=\"1686\" \/>\n<h4 data-start=\"413\" data-end=\"449\"><span class=\"ez-toc-section\" id=\"Weitere_Inspiration_entdecken\"><\/span>Weitere Inspiration entdecken<span class=\"ez-toc-section-end\"><\/span><\/h4>\n<p data-start=\"450\" data-end=\"582\">Du suchst weitere besondere Produkte? Entdecke zus\u00e4tzliche Highlights in unserem Sortiment oder st\u00f6bere in unseren Partnerprojekten:<\/p>\n<ul data-start=\"584\" data-end=\"920\">\n<li data-start=\"584\" data-end=\"656\"><a href=\"https:\/\/honigbee.com\/sk\/shop\/\">Weitere Naturprodukte bei Honigbee entdecken<\/a><\/li>\n<li data-start=\"657\" data-end=\"783\">\n<p data-start=\"659\" data-end=\"783\"><a href=\"https:\/\/matvana.com\/shop\/\" target=\"_blank\" rel=\"noopener\">Stilvolle Wohnideen bei Matvana ansehen<\/a><\/p>\n<\/li>\n<li data-start=\"784\" data-end=\"920\">\n<p data-start=\"786\" data-end=\"920\"><a href=\"https:\/\/saphirsmaragd.com\/shop\/\" target=\"_blank\" rel=\"noopener\">Edelsteine &amp; Schmuck bei Saphir &amp; Smaragd ansehen<\/a><\/p>\n<\/li>\n<\/ul>\n<hr data-start=\"1931\" data-end=\"1934\" \/>\n<p>Produktbilder dienen der Veranschaulichung. Verpackungsdesign kann abweichen.<\/p>","protected":false},"excerpt":{"rendered":"<p data-start=\"405\" data-end=\"561\"><em>Ger\u00f6stete ungesalzene Erdn\u00fcsse 1kg in Premium Qualit\u00e4t mit nat\u00fcrlichem Geschmack und knuspriger Textur. Ideal als gesunder Snack oder vielseitige Zutat.<\/em><\/p>","protected":false},"featured_media":42398,"comment_status":"open","ping_status":"closed","template":"","meta":{"_glsr_average":0,"_glsr_ranking":0,"_glsr_reviews":0},"product_brand":[],"product_cat":[1176],"product_tag":[],"class_list":{"0":"post-23462","1":"product","2":"type-product","3":"status-publish","4":"has-post-thumbnail","6":"product_cat-erdnuesse","8":"first","9":"instock","10":"shipping-taxable","11":"purchasable","12":"product-type-simple","13":"add-to-wishlist-before_image"},"jetpack_sharing_enabled":true,"_links":{"self":[{"href":"https:\/\/honigbee.com\/sk\/wp-json\/wp\/v2\/product\/23462","targetHints":{"allow":["GET"]}}],"collection":[{"href":"https:\/\/honigbee.com\/sk\/wp-json\/wp\/v2\/product"}],"about":[{"href":"https:\/\/honigbee.com\/sk\/wp-json\/wp\/v2\/types\/product"}],"replies":[{"embeddable":true,"href":"https:\/\/honigbee.com\/sk\/wp-json\/wp\/v2\/comments?post=23462"}],"version-history":[{"count":5,"href":"https:\/\/honigbee.com\/sk\/wp-json\/wp\/v2\/product\/23462\/revisions"}],"predecessor-version":[{"id":43212,"href":"https:\/\/honigbee.com\/sk\/wp-json\/wp\/v2\/product\/23462\/revisions\/43212"}],"wp:featuredmedia":[{"embeddable":true,"href":"https:\/\/honigbee.com\/sk\/wp-json\/wp\/v2\/media\/42398"}],"wp:attachment":[{"href":"https:\/\/honigbee.com\/sk\/wp-json\/wp\/v2\/media?parent=23462"}],"wp:term":[{"taxonomy":"product_brand","embeddable":true,"href":"https:\/\/honigbee.com\/sk\/wp-json\/wp\/v2\/product_brand?post=23462"},{"taxonomy":"product_cat","embeddable":true,"href":"https:\/\/honigbee.com\/sk\/wp-json\/wp\/v2\/product_cat?post=23462"},{"taxonomy":"product_tag","embeddable":true,"href":"https:\/\/honigbee.com\/sk\/wp-json\/wp\/v2\/product_tag?post=23462"}],"curies":[{"name":"pracovn\u00fd list","href":"https:\/\/api.w.org\/{rel}","templated":true}]}}