{"id":23564,"date":"2025-05-30T12:47:38","date_gmt":"2025-05-30T12:47:38","guid":{"rendered":"https:\/\/honigbee.com\/?post_type=product&#038;p=23564"},"modified":"2026-02-28T18:23:28","modified_gmt":"2026-02-28T18:23:28","slug":"1kg-gemischte-nuesse-mit-preiselbeeren","status":"publish","type":"product","link":"https:\/\/honigbee.com\/sk\/produkt\/1kg-gemischte-nuesse-mit-preiselbeeren\/","title":{"rendered":"1 kg Gemischte N\u00fcsse mit Preiselbeeren \u2013 Knackige Nussmischung"},"content":{"rendered":"<div id=\"ez-toc-container\" class=\"ez-toc-v2_0_83 counter-hierarchy ez-toc-counter ez-toc-grey ez-toc-container-direction\">\n<div class=\"ez-toc-title-container\">\n<p class=\"ez-toc-title\" style=\"cursor:inherit\">Obsah<\/p>\n<span class=\"ez-toc-title-toggle\"><a href=\"#\" class=\"ez-toc-pull-right ez-toc-btn ez-toc-btn-xs ez-toc-btn-default ez-toc-toggle\" aria-label=\"Prepn\u00fa\u0165 obsah\"><span class=\"ez-toc-js-icon-con\"><span class=\"\"><span class=\"eztoc-hide\" style=\"display:none;\">Prepn\u00fa\u0165<\/span><span class=\"ez-toc-icon-toggle-span\"><svg style=\"fill: #999;color:#999\" xmlns=\"http:\/\/www.w3.org\/2000\/svg\" class=\"list-377408\" width=\"20px\" height=\"20px\" viewbox=\"0 0 24 24\" fill=\"none\"><path d=\"M6 6H4v2h2V6zm14 0H8v2h12V6zM4 11h2v2H4v-2zm16 0H8v2h12v-2zM4 16h2v2H4v-2zm16 0H8v2h12v-2z\" fill=\"currentColor\"><\/path><\/svg><svg style=\"fill: #999;color:#999\" class=\"arrow-unsorted-368013\" xmlns=\"http:\/\/www.w3.org\/2000\/svg\" width=\"10px\" height=\"10px\" viewbox=\"0 0 24 24\" version=\"1.2\" baseprofile=\"tiny\"><path d=\"M18.2 9.3l-6.2-6.3-6.2 6.3c-.2.2-.3.4-.3.7s.1.5.3.7c.2.2.4.3.7.3h11c.3 0 .5-.1.7-.3.2-.2.3-.5.3-.7s-.1-.5-.3-.7zM5.8 14.7l6.2 6.3 6.2-6.3c.2-.2.3-.5.3-.7s-.1-.5-.3-.7c-.2-.2-.4-.3-.7-.3h-11c-.3 0-.5.1-.7.3-.2.2-.3.5-.3.7s.1.5.3.7z\"\/><\/svg><\/span><\/span><\/span><\/a><\/span><\/div>\n<nav><ul class='ez-toc-list ez-toc-list-level-1' ><li class='ez-toc-page-1 ez-toc-heading-level-4'><a class=\"ez-toc-link ez-toc-heading-1\" href=\"https:\/\/honigbee.com\/sk\/produkt\/1kg-gemischte-nuesse-mit-preiselbeeren\/#1_kg_Gemischte_Nusse_mit_Preiselbeeren_%E2%80%93_fruchtig_und_knusprig\" >1 kg Gemischte N\u00fcsse mit Preiselbeeren \u2013 fruchtig und knusprig<\/a><\/li><li class='ez-toc-page-1 ez-toc-heading-level-4'><a class=\"ez-toc-link ez-toc-heading-2\" href=\"https:\/\/honigbee.com\/sk\/produkt\/1kg-gemischte-nuesse-mit-preiselbeeren\/#Eigenschaften\" >Charakteristiky<\/a><\/li><li class='ez-toc-page-1 ez-toc-heading-level-4'><a class=\"ez-toc-link ez-toc-heading-3\" href=\"https:\/\/honigbee.com\/sk\/produkt\/1kg-gemischte-nuesse-mit-preiselbeeren\/#Verwendung\" >pou\u017eitie<\/a><\/li><li class='ez-toc-page-1 ez-toc-heading-level-4'><a class=\"ez-toc-link ez-toc-heading-4\" href=\"https:\/\/honigbee.com\/sk\/produkt\/1kg-gemischte-nuesse-mit-preiselbeeren\/#Produktdetails\" >Detaily produktu<\/a><\/li><li class='ez-toc-page-1 ez-toc-heading-level-4'><a class=\"ez-toc-link ez-toc-heading-5\" href=\"https:\/\/honigbee.com\/sk\/produkt\/1kg-gemischte-nuesse-mit-preiselbeeren\/#Weitere_Inspiration_entdecken\" >Weitere Inspiration entdecken<\/a><\/li><\/ul><\/nav><\/div>\n<h4 data-start=\"410\" data-end=\"477\"><span class=\"ez-toc-section\" id=\"1_kg_Gemischte_Nusse_mit_Preiselbeeren_%E2%80%93_fruchtig_und_knusprig\"><\/span>1 kg Gemischte N\u00fcsse mit Preiselbeeren \u2013 fruchtig und knusprig<span class=\"ez-toc-section-end\"><\/span><\/h4>\n<p data-start=\"479\" data-end=\"716\">Diese Mischung kombiniert ausgew\u00e4hlte N\u00fcsse mit fruchtigen Preiselbeeren zu einem harmonischen Geschmackserlebnis. Die knackige Textur der N\u00fcsse trifft auf die leicht s\u00e4uerliche Note der Beeren und sorgt f\u00fcr eine ausgewogene Kombination.<\/p>\n<p data-start=\"718\" data-end=\"809\">Die praktische 1 kg Vorratspackung eignet sich ideal f\u00fcr zuhause, das B\u00fcro oder zum Teilen.<\/p>\n<hr data-start=\"811\" data-end=\"814\" \/>\n<h4 data-start=\"816\" data-end=\"834\"><span class=\"ez-toc-section\" id=\"Eigenschaften\"><\/span>Charakteristiky<span class=\"ez-toc-section-end\"><\/span><\/h4>\n<p data-start=\"836\" data-end=\"1008\">\u2022 Mischung aus verschiedenen N\u00fcssen und Preiselbeeren<br data-start=\"889\" data-end=\"892\" \/>\u2022 Knackige Konsistenz<br data-start=\"913\" data-end=\"916\" \/>\u2022 Fruchtig-nussiger Geschmack<br data-start=\"945\" data-end=\"948\" \/>\u2022 Ideal als Snack oder Topping<br data-start=\"978\" data-end=\"981\" \/>\u2022 Praktische 1 kg Packung<\/p>\n<hr data-start=\"1010\" data-end=\"1013\" \/>\n<h4 data-start=\"1015\" data-end=\"1030\"><span class=\"ez-toc-section\" id=\"Verwendung\"><\/span>pou\u017eitie<span class=\"ez-toc-section-end\"><\/span><\/h4>\n<p data-start=\"1032\" data-end=\"1198\">Die Mischung eignet sich hervorragend als Snack f\u00fcr zwischendurch. Sie passt auch gut zu M\u00fcsli, Joghurt oder Salaten und kann als Zutat in Backwaren verwendet werden.<\/p>\n<hr data-start=\"1200\" data-end=\"1203\" \/>\n<h4 data-start=\"1205\" data-end=\"1224\"><span class=\"ez-toc-section\" id=\"Produktdetails\"><\/span>Detaily produktu<span class=\"ez-toc-section-end\"><\/span><\/h4>\n<p data-start=\"1226\" data-end=\"1397\">Obsah: 1 kg<br data-start=\"1238\" data-end=\"1241\" \/>Zutaten: Mandeln, Cashewkerne, Haseln\u00fcsse, Pekann\u00fcsse, Preiselbeeren, Pflanzen\u00f6l<br data-start=\"1321\" data-end=\"1324\" \/>Kann Spuren von Erdn\u00fcssen, anderen Schalenfr\u00fcchten und Sesam enthalten.<\/p>\n<hr data-start=\"1683\" data-end=\"1686\" \/>\n<h4 data-start=\"413\" data-end=\"449\"><span class=\"ez-toc-section\" id=\"Weitere_Inspiration_entdecken\"><\/span>Weitere Inspiration entdecken<span class=\"ez-toc-section-end\"><\/span><\/h4>\n<p data-start=\"450\" data-end=\"582\">Du suchst weitere besondere Produkte? Entdecke zus\u00e4tzliche Highlights in unserem Sortiment oder st\u00f6bere in unseren Partnerprojekten:<\/p>\n<ul data-start=\"584\" data-end=\"920\">\n<li data-start=\"584\" data-end=\"656\"><a href=\"https:\/\/honigbee.com\/sk\/shop\/\">Weitere Naturprodukte bei Honigbee entdecken<\/a><\/li>\n<li data-start=\"657\" data-end=\"783\">\n<p data-start=\"659\" data-end=\"783\"><a href=\"https:\/\/matvana.com\/shop\/\" target=\"_blank\" rel=\"noopener\">Stilvolle Wohnideen bei Matvana ansehen<\/a><\/p>\n<\/li>\n<li data-start=\"784\" data-end=\"920\">\n<p data-start=\"786\" data-end=\"920\"><a href=\"https:\/\/saphirsmaragd.com\/shop\/\" target=\"_blank\" rel=\"noopener\">Edelsteine &amp; Schmuck bei Saphir &amp; Smaragd ansehen<\/a><\/p>\n<\/li>\n<\/ul>\n<hr data-start=\"1931\" data-end=\"1934\" \/>\n<p>Produktbilder dienen der Veranschaulichung. Verpackungsdesign kann abweichen.<\/p>","protected":false},"excerpt":{"rendered":"<p data-start=\"1432\" data-end=\"1574\"><em>1 kg Gemischte N\u00fcsse mit Preiselbeeren \u2013 knackige Nussmischung mit fruchtiger Note. Ideal als Snack oder zum Verfeinern von M\u00fcsli und Speisen.<\/em><\/p>","protected":false},"featured_media":42150,"comment_status":"open","ping_status":"closed","template":"","meta":{"_glsr_average":0,"_glsr_ranking":0,"_glsr_reviews":0},"product_brand":[],"product_cat":[1175],"product_tag":[],"class_list":{"0":"post-23564","1":"product","2":"type-product","3":"status-publish","4":"has-post-thumbnail","6":"product_cat-nussmischung","8":"first","9":"instock","10":"shipping-taxable","11":"purchasable","12":"product-type-simple","13":"add-to-wishlist-before_image"},"jetpack_sharing_enabled":true,"_links":{"self":[{"href":"https:\/\/honigbee.com\/sk\/wp-json\/wp\/v2\/product\/23564","targetHints":{"allow":["GET"]}}],"collection":[{"href":"https:\/\/honigbee.com\/sk\/wp-json\/wp\/v2\/product"}],"about":[{"href":"https:\/\/honigbee.com\/sk\/wp-json\/wp\/v2\/types\/product"}],"replies":[{"embeddable":true,"href":"https:\/\/honigbee.com\/sk\/wp-json\/wp\/v2\/comments?post=23564"}],"version-history":[{"count":4,"href":"https:\/\/honigbee.com\/sk\/wp-json\/wp\/v2\/product\/23564\/revisions"}],"predecessor-version":[{"id":43147,"href":"https:\/\/honigbee.com\/sk\/wp-json\/wp\/v2\/product\/23564\/revisions\/43147"}],"wp:featuredmedia":[{"embeddable":true,"href":"https:\/\/honigbee.com\/sk\/wp-json\/wp\/v2\/media\/42150"}],"wp:attachment":[{"href":"https:\/\/honigbee.com\/sk\/wp-json\/wp\/v2\/media?parent=23564"}],"wp:term":[{"taxonomy":"product_brand","embeddable":true,"href":"https:\/\/honigbee.com\/sk\/wp-json\/wp\/v2\/product_brand?post=23564"},{"taxonomy":"product_cat","embeddable":true,"href":"https:\/\/honigbee.com\/sk\/wp-json\/wp\/v2\/product_cat?post=23564"},{"taxonomy":"product_tag","embeddable":true,"href":"https:\/\/honigbee.com\/sk\/wp-json\/wp\/v2\/product_tag?post=23564"}],"curies":[{"name":"pracovn\u00fd list","href":"https:\/\/api.w.org\/{rel}","templated":true}]}}