{"id":23592,"date":"2025-05-30T18:14:45","date_gmt":"2025-05-30T18:14:45","guid":{"rendered":"https:\/\/honigbee.com\/?post_type=product&#038;p=23592"},"modified":"2026-03-01T14:10:58","modified_gmt":"2026-03-01T14:10:58","slug":"kuerbiskerne-geschaelt","status":"publish","type":"product","link":"https:\/\/honigbee.com\/sk\/produkt\/kuerbiskerne-geschaelt\/","title":{"rendered":"K\u00fcrbiskerne gesch\u00e4lt \u2013 naturbelassene gesch\u00e4lte K\u00fcrbiskerne proteinreich"},"content":{"rendered":"<p data-start=\"721\" data-end=\"893\">K\u00fcrbiskerne gesch\u00e4lt sind aromatische, naturbelassene Kerne mit leicht nussigem Geschmack. Sie eignen sich ideal als Snack sowie f\u00fcr zahlreiche s\u00fc\u00dfe und herzhafte Gerichte.<\/p>\n<hr data-start=\"895\" data-end=\"898\" \/>\n<div id=\"ez-toc-container\" class=\"ez-toc-v2_0_82_2 counter-flat ez-toc-counter ez-toc-grey ez-toc-container-direction\">\n<div class=\"ez-toc-title-container\">\n<p class=\"ez-toc-title\" style=\"cursor:inherit\">Obsah<\/p>\n<span class=\"ez-toc-title-toggle\"><a href=\"#\" class=\"ez-toc-pull-right ez-toc-btn ez-toc-btn-xs ez-toc-btn-default ez-toc-toggle\" aria-label=\"Prepn\u00fa\u0165 obsah\"><span class=\"ez-toc-js-icon-con\"><span class=\"\"><span class=\"eztoc-hide\" style=\"display:none;\">Prepn\u00fa\u0165<\/span><span class=\"ez-toc-icon-toggle-span\"><svg style=\"fill: #999;color:#999\" xmlns=\"http:\/\/www.w3.org\/2000\/svg\" class=\"list-377408\" width=\"20px\" height=\"20px\" viewbox=\"0 0 24 24\" fill=\"none\"><path d=\"M6 6H4v2h2V6zm14 0H8v2h12V6zM4 11h2v2H4v-2zm16 0H8v2h12v-2zM4 16h2v2H4v-2zm16 0H8v2h12v-2z\" fill=\"currentColor\"><\/path><\/svg><svg style=\"fill: #999;color:#999\" class=\"arrow-unsorted-368013\" xmlns=\"http:\/\/www.w3.org\/2000\/svg\" width=\"10px\" height=\"10px\" viewbox=\"0 0 24 24\" version=\"1.2\" baseprofile=\"tiny\"><path d=\"M18.2 9.3l-6.2-6.3-6.2 6.3c-.2.2-.3.4-.3.7s.1.5.3.7c.2.2.4.3.7.3h11c.3 0 .5-.1.7-.3.2-.2.3-.5.3-.7s-.1-.5-.3-.7zM5.8 14.7l6.2 6.3 6.2-6.3c.2-.2.3-.5.3-.7s-.1-.5-.3-.7c-.2-.2-.4-.3-.7-.3h-11c-.3 0-.5.1-.7.3-.2.2-.3.5-.3.7s.1.5.3.7z\"\/><\/svg><\/span><\/span><\/span><\/a><\/span><\/div>\n<nav><ul class='ez-toc-list ez-toc-list-level-1 eztoc-toggle-hide-by-default' ><li class='ez-toc-page-1'><a class=\"ez-toc-link ez-toc-heading-1\" href=\"https:\/\/honigbee.com\/sk\/produkt\/kuerbiskerne-geschaelt\/#Verwendung_von_geschalte_Kurbiskerne\" >Verwendung von gesch\u00e4lte K\u00fcrbiskerne<\/a><\/li><li class='ez-toc-page-1'><a class=\"ez-toc-link ez-toc-heading-2\" href=\"https:\/\/honigbee.com\/sk\/produkt\/kuerbiskerne-geschaelt\/#Produktdetails\" >Detaily produktu<\/a><\/li><li class='ez-toc-page-1'><a class=\"ez-toc-link ez-toc-heading-3\" href=\"https:\/\/honigbee.com\/sk\/produkt\/kuerbiskerne-geschaelt\/#Zutaten\" >Zlo\u017eenie<\/a><\/li><li class='ez-toc-page-1'><a class=\"ez-toc-link ez-toc-heading-4\" href=\"https:\/\/honigbee.com\/sk\/produkt\/kuerbiskerne-geschaelt\/#Lagerung\" >skladovanie<\/a><\/li><li class='ez-toc-page-1'><a class=\"ez-toc-link ez-toc-heading-5\" href=\"https:\/\/honigbee.com\/sk\/produkt\/kuerbiskerne-geschaelt\/#Weitere_Inspiration_entdecken\" >Weitere Inspiration entdecken<\/a><\/li><\/ul><\/nav><\/div>\n<h4 data-start=\"900\" data-end=\"941\"><span class=\"ez-toc-section\" id=\"Verwendung_von_geschalte_Kurbiskerne\"><\/span>Verwendung von gesch\u00e4lte K\u00fcrbiskerne<span class=\"ez-toc-section-end\"><\/span><\/h4>\n<ul data-start=\"942\" data-end=\"1104\">\n<li data-start=\"942\" data-end=\"978\">\n<p data-start=\"944\" data-end=\"978\">Als Topping f\u00fcr Salate und Bowls<\/p>\n<\/li>\n<li data-start=\"979\" data-end=\"1006\">\n<p data-start=\"981\" data-end=\"1006\">F\u00fcr M\u00fcsli und Fr\u00fchst\u00fcck<\/p>\n<\/li>\n<li data-start=\"1007\" data-end=\"1044\">\n<p data-start=\"1009\" data-end=\"1044\">Zum Backen von Brot oder Br\u00f6tchen<\/p>\n<\/li>\n<li data-start=\"1045\" data-end=\"1086\">\n<p data-start=\"1047\" data-end=\"1086\">In Aufl\u00e4ufen und herzhaften Gerichten<\/p>\n<\/li>\n<li data-start=\"1087\" data-end=\"1104\">\n<p data-start=\"1089\" data-end=\"1104\">\u010cist\u00e9 ako desiata<\/p>\n<\/li>\n<\/ul>\n<hr data-start=\"1106\" data-end=\"1109\" \/>\n<h4 data-start=\"1111\" data-end=\"1130\"><span class=\"ez-toc-section\" id=\"Produktdetails\"><\/span>Detaily produktu<span class=\"ez-toc-section-end\"><\/span><\/h4>\n<ul data-start=\"1131\" data-end=\"1236\">\n<li data-start=\"1131\" data-end=\"1167\">\n<p data-start=\"1133\" data-end=\"1167\">100 % naturbelassene K\u00fcrbiskerne<\/p>\n<\/li>\n<li data-start=\"1168\" data-end=\"1184\">\n<p data-start=\"1170\" data-end=\"1184\">Proteinreich<\/p>\n<\/li>\n<li data-start=\"1185\" data-end=\"1210\">\n<p data-start=\"1187\" data-end=\"1210\">Aromatisch und nussig<\/p>\n<\/li>\n<li data-start=\"1211\" data-end=\"1236\">\n<p data-start=\"1213\" data-end=\"1236\">V\u0161estrann\u00fd<\/p>\n<\/li>\n<\/ul>\n<hr data-start=\"1238\" data-end=\"1241\" \/>\n<h4 data-start=\"1243\" data-end=\"1255\"><span class=\"ez-toc-section\" id=\"Zutaten\"><\/span>Zlo\u017eenie<span class=\"ez-toc-section-end\"><\/span><\/h4>\n<p data-start=\"1256\" data-end=\"1282\">100 % K\u00fcrbiskerne gesch\u00e4lt<\/p>\n<hr data-start=\"1284\" data-end=\"1287\" \/>\n<h4 data-start=\"1289\" data-end=\"1302\"><span class=\"ez-toc-section\" id=\"Lagerung\"><\/span>skladovanie<span class=\"ez-toc-section-end\"><\/span><\/h4>\n<p data-start=\"1303\" data-end=\"1377\">K\u00fchl, trocken und lichtgesch\u00fctzt lagern. Nach dem \u00d6ffnen gut verschlie\u00dfen.<\/p>\n<hr data-start=\"1284\" data-end=\"1287\" \/>\n<h4 data-start=\"413\" data-end=\"449\"><span class=\"ez-toc-section\" id=\"Weitere_Inspiration_entdecken\"><\/span>Weitere Inspiration entdecken<span class=\"ez-toc-section-end\"><\/span><\/h4>\n<p data-start=\"450\" data-end=\"582\">Du suchst weitere besondere Produkte? Entdecke zus\u00e4tzliche Highlights in unserem Sortiment oder st\u00f6bere in unseren Partnerprojekten:<\/p>\n<ul data-start=\"584\" data-end=\"920\">\n<li data-start=\"584\" data-end=\"656\"><a href=\"https:\/\/honigbee.com\/sk\/shop\/\">Weitere Naturprodukte bei Honigbee entdecken<\/a><\/li>\n<li data-start=\"657\" data-end=\"783\">\n<p data-start=\"659\" data-end=\"783\"><a href=\"https:\/\/matvana.com\/shop\/\" target=\"_blank\" rel=\"noopener\">Stilvolle Wohnideen bei Matvana ansehen<\/a><\/p>\n<\/li>\n<li data-start=\"784\" data-end=\"920\">\n<p data-start=\"786\" data-end=\"920\"><a href=\"https:\/\/saphirsmaragd.com\/shop\/\" target=\"_blank\" rel=\"noopener\">Edelsteine &amp; Schmuck bei Saphir &amp; Smaragd ansehen<\/a><\/p>\n<\/li>\n<\/ul>\n<hr data-start=\"1931\" data-end=\"1934\" \/>\n<p>Produktbilder dienen der Veranschaulichung. Verpackungsdesign kann abweichen.<\/p>","protected":false},"excerpt":{"rendered":"<p data-start=\"315\" data-end=\"456\"><em>1 kg K\u00fcrbiskerne gesch\u00e4lt, reich an Magnesium, Eisen und L-Tryptophan. Ideal als Snack oder zum Kochen und Backen. Umweltfreundlich verpackt.<\/em><\/p>","protected":false},"featured_media":43364,"comment_status":"open","ping_status":"closed","template":"","meta":{"_glsr_average":0,"_glsr_ranking":0,"_glsr_reviews":0},"product_brand":[],"product_cat":[731],"product_tag":[],"class_list":{"0":"post-23592","1":"product","2":"type-product","3":"status-publish","4":"has-post-thumbnail","6":"product_cat-kuerbiskerne","8":"first","9":"instock","10":"shipping-taxable","11":"purchasable","12":"product-type-variable","13":"add-to-wishlist-before_image"},"jetpack_sharing_enabled":true,"_links":{"self":[{"href":"https:\/\/honigbee.com\/sk\/wp-json\/wp\/v2\/product\/23592","targetHints":{"allow":["GET"]}}],"collection":[{"href":"https:\/\/honigbee.com\/sk\/wp-json\/wp\/v2\/product"}],"about":[{"href":"https:\/\/honigbee.com\/sk\/wp-json\/wp\/v2\/types\/product"}],"replies":[{"embeddable":true,"href":"https:\/\/honigbee.com\/sk\/wp-json\/wp\/v2\/comments?post=23592"}],"version-history":[{"count":3,"href":"https:\/\/honigbee.com\/sk\/wp-json\/wp\/v2\/product\/23592\/revisions"}],"predecessor-version":[{"id":43368,"href":"https:\/\/honigbee.com\/sk\/wp-json\/wp\/v2\/product\/23592\/revisions\/43368"}],"wp:featuredmedia":[{"embeddable":true,"href":"https:\/\/honigbee.com\/sk\/wp-json\/wp\/v2\/media\/43364"}],"wp:attachment":[{"href":"https:\/\/honigbee.com\/sk\/wp-json\/wp\/v2\/media?parent=23592"}],"wp:term":[{"taxonomy":"product_brand","embeddable":true,"href":"https:\/\/honigbee.com\/sk\/wp-json\/wp\/v2\/product_brand?post=23592"},{"taxonomy":"product_cat","embeddable":true,"href":"https:\/\/honigbee.com\/sk\/wp-json\/wp\/v2\/product_cat?post=23592"},{"taxonomy":"product_tag","embeddable":true,"href":"https:\/\/honigbee.com\/sk\/wp-json\/wp\/v2\/product_tag?post=23592"}],"curies":[{"name":"pracovn\u00fd list","href":"https:\/\/api.w.org\/{rel}","templated":true}]}}