{"id":2379,"date":"2024-08-19T11:58:10","date_gmt":"2024-08-19T11:58:10","guid":{"rendered":"https:\/\/honigbee.com\/?post_type=product&#038;p=2379"},"modified":"2026-03-13T18:41:50","modified_gmt":"2026-03-13T18:41:50","slug":"400g-honig-mit-zimt-und-sesam","status":"publish","type":"product","link":"https:\/\/honigbee.com\/sk\/produkt\/400g-honig-mit-zimt-und-sesam\/","title":{"rendered":"400g Honig mit Zimt und Sesam \u2013 Roher Bl\u00fctenhonig mit Ceylon-Zimt &#038; ger\u00f6stetem Sesam"},"content":{"rendered":"<div id=\"ez-toc-container\" class=\"ez-toc-v2_0_83 counter-hierarchy ez-toc-counter ez-toc-grey ez-toc-container-direction\">\n<div class=\"ez-toc-title-container\">\n<p class=\"ez-toc-title\" style=\"cursor:inherit\">Obsah<\/p>\n<span class=\"ez-toc-title-toggle\"><a href=\"#\" class=\"ez-toc-pull-right ez-toc-btn ez-toc-btn-xs ez-toc-btn-default ez-toc-toggle\" aria-label=\"Prepn\u00fa\u0165 obsah\"><span class=\"ez-toc-js-icon-con\"><span class=\"\"><span class=\"eztoc-hide\" style=\"display:none;\">Prepn\u00fa\u0165<\/span><span class=\"ez-toc-icon-toggle-span\"><svg style=\"fill: #999;color:#999\" xmlns=\"http:\/\/www.w3.org\/2000\/svg\" class=\"list-377408\" width=\"20px\" height=\"20px\" viewbox=\"0 0 24 24\" fill=\"none\"><path d=\"M6 6H4v2h2V6zm14 0H8v2h12V6zM4 11h2v2H4v-2zm16 0H8v2h12v-2zM4 16h2v2H4v-2zm16 0H8v2h12v-2z\" fill=\"currentColor\"><\/path><\/svg><svg style=\"fill: #999;color:#999\" class=\"arrow-unsorted-368013\" xmlns=\"http:\/\/www.w3.org\/2000\/svg\" width=\"10px\" height=\"10px\" viewbox=\"0 0 24 24\" version=\"1.2\" baseprofile=\"tiny\"><path d=\"M18.2 9.3l-6.2-6.3-6.2 6.3c-.2.2-.3.4-.3.7s.1.5.3.7c.2.2.4.3.7.3h11c.3 0 .5-.1.7-.3.2-.2.3-.5.3-.7s-.1-.5-.3-.7zM5.8 14.7l6.2 6.3 6.2-6.3c.2-.2.3-.5.3-.7s-.1-.5-.3-.7c-.2-.2-.4-.3-.7-.3h-11c-.3 0-.5.1-.7.3-.2.2-.3.5-.3.7s.1.5.3.7z\"\/><\/svg><\/span><\/span><\/span><\/a><\/span><\/div>\n<nav><ul class='ez-toc-list ez-toc-list-level-1' ><li class='ez-toc-page-1 ez-toc-heading-level-4'><a class=\"ez-toc-link ez-toc-heading-1\" href=\"https:\/\/honigbee.com\/sk\/produkt\/400g-honig-mit-zimt-und-sesam\/#Merkmale_Herkunft\" >Charakteristika a p\u00f4vod<\/a><\/li><li class='ez-toc-page-1 ez-toc-heading-level-4'><a class=\"ez-toc-link ez-toc-heading-2\" href=\"https:\/\/honigbee.com\/sk\/produkt\/400g-honig-mit-zimt-und-sesam\/#Besonderheiten\" >\u0160peci\u00e1lne funkcie<\/a><\/li><li class='ez-toc-page-1 ez-toc-heading-level-4'><a class=\"ez-toc-link ez-toc-heading-3\" href=\"https:\/\/honigbee.com\/sk\/produkt\/400g-honig-mit-zimt-und-sesam\/#Tipp\" >Tip<\/a><\/li><li class='ez-toc-page-1 ez-toc-heading-level-4'><a class=\"ez-toc-link ez-toc-heading-4\" href=\"https:\/\/honigbee.com\/sk\/produkt\/400g-honig-mit-zimt-und-sesam\/#Verwendungsmoglichkeiten\" >Mo\u017en\u00e9 vyu\u017eitia<\/a><\/li><li class='ez-toc-page-1 ez-toc-heading-level-4'><a class=\"ez-toc-link ez-toc-heading-5\" href=\"https:\/\/honigbee.com\/sk\/produkt\/400g-honig-mit-zimt-und-sesam\/#Lagerung\" >skladovanie<\/a><\/li><li class='ez-toc-page-1 ez-toc-heading-level-4'><a class=\"ez-toc-link ez-toc-heading-6\" href=\"https:\/\/honigbee.com\/sk\/produkt\/400g-honig-mit-zimt-und-sesam\/#Weitere_Inspiration_entdecken\" >Weitere Inspiration entdecken<\/a><\/li><\/ul><\/nav><\/div>\n<p data-start=\"457\" data-end=\"684\">Ten\/T\u00e1\/To <strong data-start=\"461\" data-end=\"489\">Honig mit Zimt und Sesam<\/strong> kombiniert rohen Bl\u00fctenhonig mit hochwertigem Ceylon-Zimt und ger\u00f6steten Sesamsamen. Diese besondere Mischung vereint nat\u00fcrliche S\u00fc\u00dfe mit einer warmen Gew\u00fcrznote und einem leicht nussigen Aroma.<\/p>\n<p data-start=\"686\" data-end=\"854\">Die cremige Konsistenz und die sichtbaren Zutaten sorgen f\u00fcr ein ausgewogenes Geschmacksprofil und vielseitige Verwendungsm\u00f6glichkeiten in s\u00fc\u00dfen und herzhaften Speisen.<\/p>\n<hr data-start=\"856\" data-end=\"859\" \/>\n<h4 data-start=\"861\" data-end=\"885\"><span class=\"ez-toc-section\" id=\"Merkmale_Herkunft\"><\/span>Charakteristika a p\u00f4vod<span class=\"ez-toc-section-end\"><\/span><\/h4>\n<p data-start=\"887\" data-end=\"1248\">Zutaten: Roher Bl\u00fctenhonig, Ceylon-Zimt, ger\u00f6stete Sesamsamen<br data-start=\"948\" data-end=\"951\" \/>Herkunft Honig: Je nach Ernte, z. B. Griechenland oder Osteuropa<br data-start=\"1015\" data-end=\"1018\" \/>Herkunft Zimt: Ceylon (Sri Lanka)<br data-start=\"1051\" data-end=\"1054\" \/>Farbe: Goldbraun mit sichtbaren Zutaten<br data-start=\"1093\" data-end=\"1096\" \/>Geschmack: S\u00fc\u00df, w\u00fcrzig mit nussiger Note<br data-start=\"1136\" data-end=\"1139\" \/>Konsistenz: Cremig mit Sesamst\u00fccken, leicht k\u00f6rnig<br data-start=\"1189\" data-end=\"1192\" \/>Behandlung: Roh, nicht erhitzt und nicht pasteurisiert<\/p>\n<hr data-start=\"1250\" data-end=\"1253\" \/>\n<h4 data-start=\"1255\" data-end=\"1274\"><span class=\"ez-toc-section\" id=\"Besonderheiten\"><\/span>\u0160peci\u00e1lne funkcie<span class=\"ez-toc-section-end\"><\/span><\/h4>\n<p data-start=\"1276\" data-end=\"1480\">\u2022 Naturbelassene Kombination aus Honig, Zimt und Sesam<br data-start=\"1330\" data-end=\"1333\" \/>\u2022 Mit echtem Ceylon-Zimt und ger\u00f6steten Sesamsamen<br data-start=\"1383\" data-end=\"1386\" \/>\u2022 Ohne Zusatzstoffe und minimal verarbeitet<br data-start=\"1429\" data-end=\"1432\" \/>\u2022 Cremige Textur mit leicht nussigem Geschmack<\/p>\n<hr data-start=\"1482\" data-end=\"1485\" \/>\n<h4 data-start=\"1487\" data-end=\"1496\"><span class=\"ez-toc-section\" id=\"Tipp\"><\/span>Tip<span class=\"ez-toc-section-end\"><\/span><\/h4>\n<p data-start=\"1498\" data-end=\"1710\">Diese Honig-Fusion eignet sich besonders gut als aromatische Erg\u00e4nzung f\u00fcr verschiedene Fr\u00fchst\u00fccksgerichte oder Desserts. Die Kombination aus Honig, Gew\u00fcrzen und Sesam sorgt f\u00fcr ein vielseitiges Geschmacksprofil.<\/p>\n<hr data-start=\"1712\" data-end=\"1715\" \/>\n<h4 data-start=\"1717\" data-end=\"1746\"><span class=\"ez-toc-section\" id=\"Verwendungsmoglichkeiten\"><\/span>Mo\u017en\u00e9 vyu\u017eitia<span class=\"ez-toc-section-end\"><\/span><\/h4>\n<p data-start=\"1748\" data-end=\"1947\">\u2022 Auf Brot, Croissants oder Pancakes<br data-start=\"1784\" data-end=\"1787\" \/>\u2022 In M\u00fcsli, Porridge oder Joghurt<br data-start=\"1820\" data-end=\"1823\" \/>\u2022 Als Zutat f\u00fcr Desserts oder Chai<br data-start=\"1857\" data-end=\"1860\" \/>\u2022 In warmer Milch oder pflanzlichen Getr\u00e4nken (unter 40 \u00b0C)<br data-start=\"1919\" data-end=\"1922\" \/>\u2022 Pur direkt vom L\u00f6ffel<\/p>\n<hr data-start=\"1949\" data-end=\"1952\" \/>\n<h4 data-start=\"1954\" data-end=\"1967\"><span class=\"ez-toc-section\" id=\"Lagerung\"><\/span>skladovanie<span class=\"ez-toc-section-end\"><\/span><\/h4>\n<p data-start=\"1969\" data-end=\"2045\">Skladujte na chladnom a suchom mieste mimo dosahu svetla.<br data-start=\"2009\" data-end=\"2012\" \/>Nach dem \u00d6ffnen gut verschlie\u00dfen.<\/p>\n<hr data-start=\"1896\" data-end=\"1899\" \/>\n<h4 data-start=\"413\" data-end=\"449\"><span class=\"ez-toc-section\" id=\"Weitere_Inspiration_entdecken\"><\/span>Weitere Inspiration entdecken<span class=\"ez-toc-section-end\"><\/span><\/h4>\n<p data-start=\"450\" data-end=\"582\">Du suchst weitere besondere Produkte? Entdecke zus\u00e4tzliche Highlights in unserem Sortiment oder st\u00f6bere in unseren Partnerprojekten:<\/p>\n<ul data-start=\"584\" data-end=\"920\">\n<li data-start=\"584\" data-end=\"656\"><a href=\"https:\/\/honigbee.com\/sk\/shop\/\">Weitere Naturprodukte bei Honigbee entdecken<\/a><\/li>\n<li data-start=\"657\" data-end=\"783\">\n<p data-start=\"659\" data-end=\"783\"><a href=\"https:\/\/matvana.com\/shop\/\" target=\"_blank\" rel=\"noopener\">Stilvolle Wohnideen bei Matvana ansehen<\/a><\/p>\n<\/li>\n<li data-start=\"784\" data-end=\"920\">\n<p data-start=\"786\" data-end=\"920\"><a href=\"https:\/\/saphirsmaragd.com\/shop\/\" target=\"_blank\" rel=\"noopener\">Edelsteine &amp; Schmuck bei Saphir &amp; Smaragd ansehen<\/a><\/p>\n<\/li>\n<\/ul>\n<hr data-start=\"1931\" data-end=\"1934\" \/>\n<p>Produktbilder dienen der Veranschaulichung. Verpackungsdesign kann abweichen.<\/p>","protected":false},"excerpt":{"rendered":"<p data-start=\"167\" data-end=\"318\"><em>400g Honig mit Zimt und Sesam aus rohem Bl\u00fctenhonig mit Ceylon-Zimt und ger\u00f6steten Sesamsamen. Aromatische Honig-Fusion mit w\u00fcrziger und nussiger Note.<\/em><\/p>\n<p class=\"\" data-start=\"3592\" data-end=\"3655\">","protected":false},"featured_media":43696,"comment_status":"open","ping_status":"closed","template":"","meta":{"_glsr_average":0,"_glsr_ranking":0,"_glsr_reviews":0},"product_brand":[],"product_cat":[306],"product_tag":[],"class_list":{"0":"post-2379","1":"product","2":"type-product","3":"status-publish","4":"has-post-thumbnail","6":"product_cat-aromatisierter-honig","8":"first","9":"instock","10":"shipping-taxable","11":"purchasable","12":"product-type-simple","13":"add-to-wishlist-before_image"},"jetpack_sharing_enabled":true,"_links":{"self":[{"href":"https:\/\/honigbee.com\/sk\/wp-json\/wp\/v2\/product\/2379","targetHints":{"allow":["GET"]}}],"collection":[{"href":"https:\/\/honigbee.com\/sk\/wp-json\/wp\/v2\/product"}],"about":[{"href":"https:\/\/honigbee.com\/sk\/wp-json\/wp\/v2\/types\/product"}],"replies":[{"embeddable":true,"href":"https:\/\/honigbee.com\/sk\/wp-json\/wp\/v2\/comments?post=2379"}],"version-history":[{"count":5,"href":"https:\/\/honigbee.com\/sk\/wp-json\/wp\/v2\/product\/2379\/revisions"}],"predecessor-version":[{"id":43697,"href":"https:\/\/honigbee.com\/sk\/wp-json\/wp\/v2\/product\/2379\/revisions\/43697"}],"wp:featuredmedia":[{"embeddable":true,"href":"https:\/\/honigbee.com\/sk\/wp-json\/wp\/v2\/media\/43696"}],"wp:attachment":[{"href":"https:\/\/honigbee.com\/sk\/wp-json\/wp\/v2\/media?parent=2379"}],"wp:term":[{"taxonomy":"product_brand","embeddable":true,"href":"https:\/\/honigbee.com\/sk\/wp-json\/wp\/v2\/product_brand?post=2379"},{"taxonomy":"product_cat","embeddable":true,"href":"https:\/\/honigbee.com\/sk\/wp-json\/wp\/v2\/product_cat?post=2379"},{"taxonomy":"product_tag","embeddable":true,"href":"https:\/\/honigbee.com\/sk\/wp-json\/wp\/v2\/product_tag?post=2379"}],"curies":[{"name":"pracovn\u00fd list","href":"https:\/\/api.w.org\/{rel}","templated":true}]}}