{"id":24891,"date":"2025-06-09T08:05:18","date_gmt":"2025-06-09T08:05:18","guid":{"rendered":"https:\/\/honigbee.com\/?post_type=product&#038;p=24891"},"modified":"2026-03-10T17:54:40","modified_gmt":"2026-03-10T17:54:40","slug":"folsaeure-tabletten-400","status":"publish","type":"product","link":"https:\/\/honigbee.com\/sk\/produkt\/folsaeure-tabletten-400\/","title":{"rendered":"400 Tabletten Fols\u00e4ure Tabletten 400 mcg vegan hochdosiert"},"content":{"rendered":"<div id=\"ez-toc-container\" class=\"ez-toc-v2_0_83 counter-hierarchy ez-toc-counter ez-toc-grey ez-toc-container-direction\">\n<div class=\"ez-toc-title-container\">\n<p class=\"ez-toc-title\" style=\"cursor:inherit\">Obsah<\/p>\n<span class=\"ez-toc-title-toggle\"><a href=\"#\" class=\"ez-toc-pull-right ez-toc-btn ez-toc-btn-xs ez-toc-btn-default ez-toc-toggle\" aria-label=\"Prepn\u00fa\u0165 obsah\"><span class=\"ez-toc-js-icon-con\"><span class=\"\"><span class=\"eztoc-hide\" style=\"display:none;\">Prepn\u00fa\u0165<\/span><span class=\"ez-toc-icon-toggle-span\"><svg style=\"fill: #999;color:#999\" xmlns=\"http:\/\/www.w3.org\/2000\/svg\" class=\"list-377408\" width=\"20px\" height=\"20px\" viewbox=\"0 0 24 24\" fill=\"none\"><path d=\"M6 6H4v2h2V6zm14 0H8v2h12V6zM4 11h2v2H4v-2zm16 0H8v2h12v-2zM4 16h2v2H4v-2zm16 0H8v2h12v-2z\" fill=\"currentColor\"><\/path><\/svg><svg style=\"fill: #999;color:#999\" class=\"arrow-unsorted-368013\" xmlns=\"http:\/\/www.w3.org\/2000\/svg\" width=\"10px\" height=\"10px\" viewbox=\"0 0 24 24\" version=\"1.2\" baseprofile=\"tiny\"><path d=\"M18.2 9.3l-6.2-6.3-6.2 6.3c-.2.2-.3.4-.3.7s.1.5.3.7c.2.2.4.3.7.3h11c.3 0 .5-.1.7-.3.2-.2.3-.5.3-.7s-.1-.5-.3-.7zM5.8 14.7l6.2 6.3 6.2-6.3c.2-.2.3-.5.3-.7s-.1-.5-.3-.7c-.2-.2-.4-.3-.7-.3h-11c-.3 0-.5.1-.7.3-.2.2-.3.5-.3.7s.1.5.3.7z\"\/><\/svg><\/span><\/span><\/span><\/a><\/span><\/div>\n<nav><ul class='ez-toc-list ez-toc-list-level-1' ><li class='ez-toc-page-1 ez-toc-heading-level-4'><a class=\"ez-toc-link ez-toc-heading-1\" href=\"https:\/\/honigbee.com\/sk\/produkt\/folsaeure-tabletten-400\/#Produktvorteile\" >V\u00fdhody produktu<\/a><\/li><li class='ez-toc-page-1 ez-toc-heading-level-4'><a class=\"ez-toc-link ez-toc-heading-2\" href=\"https:\/\/honigbee.com\/sk\/produkt\/folsaeure-tabletten-400\/#Anwendung\" >Aplik\u00e1cia<\/a><\/li><li class='ez-toc-page-1 ez-toc-heading-level-4'><a class=\"ez-toc-link ez-toc-heading-3\" href=\"https:\/\/honigbee.com\/sk\/produkt\/folsaeure-tabletten-400\/#Eigenschaften_von_Folsaure\" >Eigenschaften von Fols\u00e4ure<\/a><\/li><li class='ez-toc-page-1 ez-toc-heading-level-4'><a class=\"ez-toc-link ez-toc-heading-4\" href=\"https:\/\/honigbee.com\/sk\/produkt\/folsaeure-tabletten-400\/#Produktdetails\" >Detaily produktu<\/a><\/li><li class='ez-toc-page-1 ez-toc-heading-level-4'><a class=\"ez-toc-link ez-toc-heading-5\" href=\"https:\/\/honigbee.com\/sk\/produkt\/folsaeure-tabletten-400\/#Lagerung\" >skladovanie<\/a><\/li><li class='ez-toc-page-1 ez-toc-heading-level-4'><a class=\"ez-toc-link ez-toc-heading-6\" href=\"https:\/\/honigbee.com\/sk\/produkt\/folsaeure-tabletten-400\/#Hinweis\" >Ozn\u00e1menie<\/a><\/li><li class='ez-toc-page-1 ez-toc-heading-level-4'><a class=\"ez-toc-link ez-toc-heading-7\" href=\"https:\/\/honigbee.com\/sk\/produkt\/folsaeure-tabletten-400\/#Weitere_Inspiration_entdecken\" >Weitere Inspiration entdecken<\/a><\/li><\/ul><\/nav><\/div>\n<p data-start=\"635\" data-end=\"827\">Ten\/T\u00e1\/To <strong data-start=\"639\" data-end=\"661\">Tablety kyseliny listovej<\/strong> enthalten 400 mcg Fols\u00e4ure (Vitamin B9) pro Tablette. Fols\u00e4ure geh\u00f6rt zur Gruppe der B-Vitamine und wird h\u00e4ufig zur Erg\u00e4nzung einer ausgewogenen Ern\u00e4hrung verwendet.<\/p>\n<p data-start=\"829\" data-end=\"954\">Folat tr\u00e4gt zu verschiedenen Funktionen im K\u00f6rper bei, darunter die Zellteilung sowie die normale Bildung von Blutk\u00f6rperchen.<\/p>\n<hr data-start=\"956\" data-end=\"959\" \/>\n<h4 data-start=\"961\" data-end=\"981\"><span class=\"ez-toc-section\" id=\"Produktvorteile\"><\/span>V\u00fdhody produktu<span class=\"ez-toc-section-end\"><\/span><\/h4>\n<p data-start=\"983\" data-end=\"1168\">\u2022 400 vegane Fols\u00e4ure Tabletten<br data-start=\"1014\" data-end=\"1017\" \/>\u2022 400 mcg Fols\u00e4ure pro Tablette<br data-start=\"1048\" data-end=\"1051\" \/>\u2022 Hochdosierte Rezeptur<br data-start=\"1074\" data-end=\"1077\" \/>\u2022 Vegan und ohne unn\u00f6tige Zusatzstoffe<br data-start=\"1115\" data-end=\"1118\" \/>\u2022 Geeignet zur t\u00e4glichen Erg\u00e4nzung der Ern\u00e4hrung<\/p>\n<hr data-start=\"1170\" data-end=\"1173\" \/>\n<h4 data-start=\"1175\" data-end=\"1189\"><span class=\"ez-toc-section\" id=\"Anwendung\"><\/span>Aplik\u00e1cia<span class=\"ez-toc-section-end\"><\/span><\/h4>\n<p data-start=\"1191\" data-end=\"1336\">Die Tabletten k\u00f6nnen t\u00e4glich entsprechend der empfohlenen Verzehrmenge mit ausreichend Wasser eingenommen werden, vorzugsweise zu einer Mahlzeit.<\/p>\n<hr data-start=\"1338\" data-end=\"1341\" \/>\n<h4 data-start=\"1343\" data-end=\"1374\"><span class=\"ez-toc-section\" id=\"Eigenschaften_von_Folsaure\"><\/span>Eigenschaften von Fols\u00e4ure<span class=\"ez-toc-section-end\"><\/span><\/h4>\n<p data-start=\"1376\" data-end=\"1395\">Folat tr\u00e4gt bei zu:<\/p>\n<p data-start=\"1397\" data-end=\"1532\">\u2022 normaler Blutbildung<br data-start=\"1419\" data-end=\"1422\" \/>\u2022 normaler Funktion des Immunsystems<br data-start=\"1458\" data-end=\"1461\" \/>\u2022 Verringerung von M\u00fcdigkeit und Ersch\u00f6pfung<br data-start=\"1505\" data-end=\"1508\" \/>\u2022 normaler Zellteilung<\/p>\n<hr data-start=\"1534\" data-end=\"1537\" \/>\n<h4 data-start=\"1539\" data-end=\"1558\"><span class=\"ez-toc-section\" id=\"Produktdetails\"><\/span>Detaily produktu<span class=\"ez-toc-section-end\"><\/span><\/h4>\n<p data-start=\"1560\" data-end=\"1585\">Obsah: <strong data-start=\"1568\" data-end=\"1585\">400 Tabletten<\/strong><\/p>\n<p data-start=\"1587\" data-end=\"1609\">Forma: Veg\u00e1nske tablety<\/p>\n<p data-start=\"1611\" data-end=\"1666\">Dosierung pro Tablette:<br data-start=\"1634\" data-end=\"1637\" \/>400 mcg Fols\u00e4ure (Vitamin B9)<\/p>\n<p data-start=\"1668\" data-end=\"1713\">Zutaten: Fols\u00e4ure, pflanzliche Tablettenbasis<\/p>\n<p data-start=\"1715\" data-end=\"1752\">Vegan und ohne unn\u00f6tige Zusatzstoffe.<\/p>\n<hr data-start=\"1754\" data-end=\"1757\" \/>\n<h4 data-start=\"1759\" data-end=\"1772\"><span class=\"ez-toc-section\" id=\"Lagerung\"><\/span>skladovanie<span class=\"ez-toc-section-end\"><\/span><\/h4>\n<p data-start=\"1774\" data-end=\"1866\">Skladujte na chladnom a suchom mieste mimo dosahu svetla.<br data-start=\"1814\" data-end=\"1817\" \/>Au\u00dferhalb der Reichweite von Kindern aufbewahren.<\/p>\n<hr data-start=\"1868\" data-end=\"1871\" \/>\n<h4 data-start=\"1873\" data-end=\"1885\"><span class=\"ez-toc-section\" id=\"Hinweis\"><\/span>Ozn\u00e1menie<span class=\"ez-toc-section-end\"><\/span><\/h4>\n<p data-start=\"1887\" data-end=\"2039\">Nahrungserg\u00e4nzungsmittel sollten nicht als Ersatz f\u00fcr eine abwechslungsreiche und ausgewogene Ern\u00e4hrung sowie eine gesunde Lebensweise verwendet werden.<\/p>\n<hr data-start=\"1868\" data-end=\"1871\" \/>\n<h4 data-start=\"413\" data-end=\"449\"><span class=\"ez-toc-section\" id=\"Weitere_Inspiration_entdecken\"><\/span>Weitere Inspiration entdecken<span class=\"ez-toc-section-end\"><\/span><\/h4>\n<p data-start=\"450\" data-end=\"582\">Du suchst weitere besondere Produkte? Entdecke zus\u00e4tzliche Highlights in unserem Sortiment oder st\u00f6bere in unseren Partnerprojekten:<\/p>\n<ul data-start=\"584\" data-end=\"920\">\n<li data-start=\"584\" data-end=\"656\"><a href=\"https:\/\/honigbee.com\/sk\/shop\/\">Weitere Naturprodukte bei Honigbee entdecken<\/a><\/li>\n<li data-start=\"657\" data-end=\"783\">\n<p data-start=\"659\" data-end=\"783\"><a href=\"https:\/\/matvana.com\/shop\/\" target=\"_blank\" rel=\"noopener\">Stilvolle Wohnideen bei Matvana ansehen<\/a><\/p>\n<\/li>\n<li data-start=\"784\" data-end=\"920\">\n<p data-start=\"786\" data-end=\"920\"><a href=\"https:\/\/saphirsmaragd.com\/shop\/\" target=\"_blank\" rel=\"noopener\">Edelsteine &amp; Schmuck bei Saphir &amp; Smaragd ansehen<\/a><\/p>\n<\/li>\n<\/ul>\n<hr data-start=\"1931\" data-end=\"1934\" \/>\n<p>Produktbilder dienen der Veranschaulichung. Verpackungsdesign kann abweichen.<\/p>","protected":false},"excerpt":{"rendered":"<p data-start=\"391\" data-end=\"534\"><em>Fols\u00e4ure Tabletten mit 400 mcg pro Tablette. 400 vegane Tabletten hochdosiert \u2013 ideal zur t\u00e4glichen Erg\u00e4nzung der Ern\u00e4hrung mit Vitamin B9.<\/em><\/p>\n<p data-start=\"480\" data-end=\"515\">","protected":false},"featured_media":43591,"comment_status":"open","ping_status":"closed","template":"","meta":{"_glsr_average":0,"_glsr_ranking":0,"_glsr_reviews":0},"product_brand":[],"product_cat":[1020],"product_tag":[],"class_list":{"0":"post-24891","1":"product","2":"type-product","3":"status-publish","4":"has-post-thumbnail","6":"product_cat-vitamin-b9-folsaeure","8":"first","9":"instock","10":"shipping-taxable","11":"purchasable","12":"product-type-simple","13":"add-to-wishlist-before_image"},"jetpack_sharing_enabled":true,"_links":{"self":[{"href":"https:\/\/honigbee.com\/sk\/wp-json\/wp\/v2\/product\/24891","targetHints":{"allow":["GET"]}}],"collection":[{"href":"https:\/\/honigbee.com\/sk\/wp-json\/wp\/v2\/product"}],"about":[{"href":"https:\/\/honigbee.com\/sk\/wp-json\/wp\/v2\/types\/product"}],"replies":[{"embeddable":true,"href":"https:\/\/honigbee.com\/sk\/wp-json\/wp\/v2\/comments?post=24891"}],"version-history":[{"count":3,"href":"https:\/\/honigbee.com\/sk\/wp-json\/wp\/v2\/product\/24891\/revisions"}],"predecessor-version":[{"id":43592,"href":"https:\/\/honigbee.com\/sk\/wp-json\/wp\/v2\/product\/24891\/revisions\/43592"}],"wp:featuredmedia":[{"embeddable":true,"href":"https:\/\/honigbee.com\/sk\/wp-json\/wp\/v2\/media\/43591"}],"wp:attachment":[{"href":"https:\/\/honigbee.com\/sk\/wp-json\/wp\/v2\/media?parent=24891"}],"wp:term":[{"taxonomy":"product_brand","embeddable":true,"href":"https:\/\/honigbee.com\/sk\/wp-json\/wp\/v2\/product_brand?post=24891"},{"taxonomy":"product_cat","embeddable":true,"href":"https:\/\/honigbee.com\/sk\/wp-json\/wp\/v2\/product_cat?post=24891"},{"taxonomy":"product_tag","embeddable":true,"href":"https:\/\/honigbee.com\/sk\/wp-json\/wp\/v2\/product_tag?post=24891"}],"curies":[{"name":"pracovn\u00fd list","href":"https:\/\/api.w.org\/{rel}","templated":true}]}}