{"id":30375,"date":"2025-09-07T10:01:32","date_gmt":"2025-09-07T10:01:32","guid":{"rendered":"https:\/\/honigbee.com\/?post_type=product&#038;p=30375"},"modified":"2026-03-16T19:13:29","modified_gmt":"2026-03-16T19:13:29","slug":"sidr-honig-aus-dem-punjab-250g","status":"publish","type":"product","link":"https:\/\/honigbee.com\/sk\/produkt\/sidr-honig-aus-dem-punjab-250g\/","title":{"rendered":"250 g medu Sidr z Pand\u017e\u00e1bu \u2013 aromatick\u00fd med z jujuby z Pakistanu"},"content":{"rendered":"<div id=\"ez-toc-container\" class=\"ez-toc-v2_0_83 counter-hierarchy ez-toc-counter ez-toc-grey ez-toc-container-direction\">\n<div class=\"ez-toc-title-container\">\n<p class=\"ez-toc-title\" style=\"cursor:inherit\">Obsah<\/p>\n<span class=\"ez-toc-title-toggle\"><a href=\"#\" class=\"ez-toc-pull-right ez-toc-btn ez-toc-btn-xs ez-toc-btn-default ez-toc-toggle\" aria-label=\"Prepn\u00fa\u0165 obsah\"><span class=\"ez-toc-js-icon-con\"><span class=\"\"><span class=\"eztoc-hide\" style=\"display:none;\">Prepn\u00fa\u0165<\/span><span class=\"ez-toc-icon-toggle-span\"><svg style=\"fill: #999;color:#999\" xmlns=\"http:\/\/www.w3.org\/2000\/svg\" class=\"list-377408\" width=\"20px\" height=\"20px\" viewbox=\"0 0 24 24\" fill=\"none\"><path d=\"M6 6H4v2h2V6zm14 0H8v2h12V6zM4 11h2v2H4v-2zm16 0H8v2h12v-2zM4 16h2v2H4v-2zm16 0H8v2h12v-2z\" fill=\"currentColor\"><\/path><\/svg><svg style=\"fill: #999;color:#999\" class=\"arrow-unsorted-368013\" xmlns=\"http:\/\/www.w3.org\/2000\/svg\" width=\"10px\" height=\"10px\" viewbox=\"0 0 24 24\" version=\"1.2\" baseprofile=\"tiny\"><path d=\"M18.2 9.3l-6.2-6.3-6.2 6.3c-.2.2-.3.4-.3.7s.1.5.3.7c.2.2.4.3.7.3h11c.3 0 .5-.1.7-.3.2-.2.3-.5.3-.7s-.1-.5-.3-.7zM5.8 14.7l6.2 6.3 6.2-6.3c.2-.2.3-.5.3-.7s-.1-.5-.3-.7c-.2-.2-.4-.3-.7-.3h-11c-.3 0-.5.1-.7.3-.2.2-.3.5-.3.7s.1.5.3.7z\"\/><\/svg><\/span><\/span><\/span><\/a><\/span><\/div>\n<nav><ul class='ez-toc-list ez-toc-list-level-1' ><li class='ez-toc-page-1 ez-toc-heading-level-4'><a class=\"ez-toc-link ez-toc-heading-1\" href=\"https:\/\/honigbee.com\/sk\/produkt\/sidr-honig-aus-dem-punjab-250g\/#250_g_Sidr_Honig_aus_dem_Punjab_%E2%80%93_reichhaltig_und_wohltuend\" >250 g Sidr Honig aus dem Punjab \u2013 reichhaltig und wohltuend<\/a><\/li><li class='ez-toc-page-1 ez-toc-heading-level-4'><a class=\"ez-toc-link ez-toc-heading-2\" href=\"https:\/\/honigbee.com\/sk\/produkt\/sidr-honig-aus-dem-punjab-250g\/#Merkmale_Herkunft\" >Charakteristika a p\u00f4vod<\/a><\/li><li class='ez-toc-page-1 ez-toc-heading-level-4'><a class=\"ez-toc-link ez-toc-heading-3\" href=\"https:\/\/honigbee.com\/sk\/produkt\/sidr-honig-aus-dem-punjab-250g\/#Besonderheiten\" >\u0160peci\u00e1lne funkcie<\/a><\/li><li class='ez-toc-page-1 ez-toc-heading-level-4'><a class=\"ez-toc-link ez-toc-heading-4\" href=\"https:\/\/honigbee.com\/sk\/produkt\/sidr-honig-aus-dem-punjab-250g\/#Weitere_Inspiration_entdecken\" >Weitere Inspiration entdecken<\/a><\/li><\/ul><\/nav><\/div>\n<h4 data-start=\"857\" data-end=\"923\"><span class=\"ez-toc-section\" id=\"250_g_Sidr_Honig_aus_dem_Punjab_%E2%80%93_reichhaltig_und_wohltuend\"><\/span>250 g Sidr Honig aus dem Punjab \u2013 reichhaltig und wohltuend<span class=\"ez-toc-section-end\"><\/span><\/h4>\n<p data-start=\"924\" data-end=\"1200\">Dieser Honig wird in der Region Punjab (Pakistan) geerntet und stammt aus den Bl\u00fcten des Sidr-Baumes (Ziziphus). Er ist bekannt f\u00fcr sein reiches Aroma, seine goldene Farbe und seine hohe Reinheit. In der traditionellen Heilkunde wird Sidr Honig seit Jahrhunderten gesch\u00e4tzt.<\/p>\n<hr data-start=\"1202\" data-end=\"1205\" \/>\n<h4 data-start=\"1207\" data-end=\"1233\"><span class=\"ez-toc-section\" id=\"Merkmale_Herkunft\"><\/span>Charakteristika a p\u00f4vod<span class=\"ez-toc-section-end\"><\/span><\/h4>\n<ul data-start=\"1234\" data-end=\"1479\">\n<li data-start=\"1234\" data-end=\"1271\">\n<p data-start=\"1236\" data-end=\"1271\">Produkt: Sidr Honig (Jujubehonig)<\/p>\n<\/li>\n<li data-start=\"1272\" data-end=\"1309\">\n<p data-start=\"1274\" data-end=\"1309\">Herkunft: Pakistan, Region Punjab<\/p>\n<\/li>\n<li data-start=\"1310\" data-end=\"1343\">\n<p data-start=\"1312\" data-end=\"1343\">Baumart: Sidr-Baum (Ziziphus)<\/p>\n<\/li>\n<li data-start=\"1344\" data-end=\"1386\">\n<p data-start=\"1346\" data-end=\"1386\">Besonderheit: Traditioneller Heilhonig<\/p>\n<\/li>\n<li data-start=\"1387\" data-end=\"1434\">\n<p data-start=\"1389\" data-end=\"1434\">Geschmack: Aromatisch, s\u00fc\u00dflich, reichhaltig<\/p>\n<\/li>\n<li data-start=\"1435\" data-end=\"1462\">\n<p data-start=\"1437\" data-end=\"1462\">Ve\u013ekos\u0165 balenia: 250 g<\/p>\n<\/li>\n<\/ul>\n<hr data-start=\"1481\" data-end=\"1484\" \/>\n<h4 data-start=\"1486\" data-end=\"1507\"><span class=\"ez-toc-section\" id=\"Besonderheiten\"><\/span>\u0160peci\u00e1lne funkcie<span class=\"ez-toc-section-end\"><\/span><\/h4>\n<p data-start=\"1508\" data-end=\"1779\">Ten\/T\u00e1\/To <strong data-start=\"1512\" data-end=\"1547\">250 g Sidr Honig aus dem Punjab<\/strong> ist reich an Mineralstoffen, Eisen und Vitaminen. Er wird traditionell als Naturmittel zur St\u00e4rkung des Immunsystems, f\u00fcr die Verdauung und als Energiespender eingesetzt. Ein besonderer Honig f\u00fcr Genie\u00dfer und Gesundheitsbewusste.<\/p>\n<hr data-start=\"1781\" data-end=\"1784\" \/>\n<h4 data-start=\"413\" data-end=\"449\"><span class=\"ez-toc-section\" id=\"Weitere_Inspiration_entdecken\"><\/span>Weitere Inspiration entdecken<span class=\"ez-toc-section-end\"><\/span><\/h4>\n<p data-start=\"450\" data-end=\"582\">Du suchst weitere besondere Produkte? Entdecke zus\u00e4tzliche Highlights in unserem Sortiment oder st\u00f6bere in unseren Partnerprojekten:<\/p>\n<ul data-start=\"584\" data-end=\"920\">\n<li data-start=\"584\" data-end=\"656\"><a href=\"https:\/\/honigbee.com\/sk\/shop\/\">Weitere Naturprodukte bei Honigbee entdecken<\/a><\/li>\n<li data-start=\"657\" data-end=\"783\">\n<p data-start=\"659\" data-end=\"783\"><a href=\"https:\/\/matvana.com\/shop\/\" target=\"_blank\" rel=\"noopener\">Stilvolle Wohnideen bei Matvana ansehen<\/a><\/p>\n<\/li>\n<li data-start=\"784\" data-end=\"920\">\n<p data-start=\"786\" data-end=\"920\"><a href=\"https:\/\/saphirsmaragd.com\/shop\/\" target=\"_blank\" rel=\"noopener\">Edelsteine &amp; Schmuck bei Saphir &amp; Smaragd ansehen<\/a><\/p>\n<\/li>\n<\/ul>\n<hr data-start=\"1931\" data-end=\"1934\" \/>\n<p>Produktbilder dienen der Veranschaulichung. Verpackungsdesign kann abweichen.<\/p>","protected":false},"excerpt":{"rendered":"<p data-start=\"477\" data-end=\"737\"><em>Der 250 g Sidr Honig aus dem Punjab stammt aus Pakistan und wird aus dem Nektar des Sidr-Baumes gewonnen. Er \u00fcberzeugt durch sein aromatisches Aroma, seinen hohen N\u00e4hrstoffgehalt und gilt als traditioneller Heilhonig.<\/em><\/p>\n<p data-start=\"739\" data-end=\"826\">","protected":false},"featured_media":43838,"comment_status":"open","ping_status":"closed","template":"","meta":{"_glsr_average":0,"_glsr_ranking":0,"_glsr_reviews":0},"product_brand":[],"product_cat":[69],"product_tag":[],"class_list":{"0":"post-30375","1":"product","2":"type-product","3":"status-publish","4":"has-post-thumbnail","6":"product_cat-sidr-honig","8":"first","9":"instock","10":"shipping-taxable","11":"purchasable","12":"product-type-simple","13":"add-to-wishlist-before_image"},"jetpack_sharing_enabled":true,"_links":{"self":[{"href":"https:\/\/honigbee.com\/sk\/wp-json\/wp\/v2\/product\/30375","targetHints":{"allow":["GET"]}}],"collection":[{"href":"https:\/\/honigbee.com\/sk\/wp-json\/wp\/v2\/product"}],"about":[{"href":"https:\/\/honigbee.com\/sk\/wp-json\/wp\/v2\/types\/product"}],"replies":[{"embeddable":true,"href":"https:\/\/honigbee.com\/sk\/wp-json\/wp\/v2\/comments?post=30375"}],"version-history":[{"count":3,"href":"https:\/\/honigbee.com\/sk\/wp-json\/wp\/v2\/product\/30375\/revisions"}],"predecessor-version":[{"id":43839,"href":"https:\/\/honigbee.com\/sk\/wp-json\/wp\/v2\/product\/30375\/revisions\/43839"}],"wp:featuredmedia":[{"embeddable":true,"href":"https:\/\/honigbee.com\/sk\/wp-json\/wp\/v2\/media\/43838"}],"wp:attachment":[{"href":"https:\/\/honigbee.com\/sk\/wp-json\/wp\/v2\/media?parent=30375"}],"wp:term":[{"taxonomy":"product_brand","embeddable":true,"href":"https:\/\/honigbee.com\/sk\/wp-json\/wp\/v2\/product_brand?post=30375"},{"taxonomy":"product_cat","embeddable":true,"href":"https:\/\/honigbee.com\/sk\/wp-json\/wp\/v2\/product_cat?post=30375"},{"taxonomy":"product_tag","embeddable":true,"href":"https:\/\/honigbee.com\/sk\/wp-json\/wp\/v2\/product_tag?post=30375"}],"curies":[{"name":"pracovn\u00fd list","href":"https:\/\/api.w.org\/{rel}","templated":true}]}}