{"id":43947,"date":"2026-05-08T13:08:37","date_gmt":"2026-05-08T13:08:37","guid":{"rendered":"https:\/\/honigbee.com\/?post_type=product&#038;p=43947"},"modified":"2026-05-08T13:09:11","modified_gmt":"2026-05-08T13:09:11","slug":"chakra-kristallkerze-kronenchakra-sojawachs-kerze-mit-kristallen-17h-8-5x5-cm-0-36-kg","status":"publish","type":"product","link":"https:\/\/honigbee.com\/sk\/produkt\/chakra-kristallkerze-kronenchakra-sojawachs-kerze-mit-kristallen-17h-8-5x5-cm-0-36-kg\/","title":{"rendered":"Chakra Kristallkerze Kronenchakra \u2013 Sojawachs Kerze mit Kristallen, 17h, 8.5\u00d75 cm, 0.36 kg"},"content":{"rendered":"<div id=\"ez-toc-container\" class=\"ez-toc-v2_0_83 counter-hierarchy ez-toc-counter ez-toc-grey ez-toc-container-direction\">\n<div class=\"ez-toc-title-container\">\n<p class=\"ez-toc-title\" style=\"cursor:inherit\">Obsah<\/p>\n<span class=\"ez-toc-title-toggle\"><a href=\"#\" class=\"ez-toc-pull-right ez-toc-btn ez-toc-btn-xs ez-toc-btn-default ez-toc-toggle\" aria-label=\"Prepn\u00fa\u0165 obsah\"><span class=\"ez-toc-js-icon-con\"><span class=\"\"><span class=\"eztoc-hide\" style=\"display:none;\">Prepn\u00fa\u0165<\/span><span class=\"ez-toc-icon-toggle-span\"><svg style=\"fill: #999;color:#999\" xmlns=\"http:\/\/www.w3.org\/2000\/svg\" class=\"list-377408\" width=\"20px\" height=\"20px\" viewbox=\"0 0 24 24\" fill=\"none\"><path d=\"M6 6H4v2h2V6zm14 0H8v2h12V6zM4 11h2v2H4v-2zm16 0H8v2h12v-2zM4 16h2v2H4v-2zm16 0H8v2h12v-2z\" fill=\"currentColor\"><\/path><\/svg><svg style=\"fill: #999;color:#999\" class=\"arrow-unsorted-368013\" xmlns=\"http:\/\/www.w3.org\/2000\/svg\" width=\"10px\" height=\"10px\" viewbox=\"0 0 24 24\" version=\"1.2\" baseprofile=\"tiny\"><path d=\"M18.2 9.3l-6.2-6.3-6.2 6.3c-.2.2-.3.4-.3.7s.1.5.3.7c.2.2.4.3.7.3h11c.3 0 .5-.1.7-.3.2-.2.3-.5.3-.7s-.1-.5-.3-.7zM5.8 14.7l6.2 6.3 6.2-6.3c.2-.2.3-.5.3-.7s-.1-.5-.3-.7c-.2-.2-.4-.3-.7-.3h-11c-.3 0-.5.1-.7.3-.2.2-.3.5-.3.7s.1.5.3.7z\"\/><\/svg><\/span><\/span><\/span><\/a><\/span><\/div>\n<nav><ul class='ez-toc-list ez-toc-list-level-1' ><li class='ez-toc-page-1 ez-toc-heading-level-4'><a class=\"ez-toc-link ez-toc-heading-1\" href=\"https:\/\/honigbee.com\/sk\/produkt\/chakra-kristallkerze-kronenchakra-sojawachs-kerze-mit-kristallen-17h-8-5x5-cm-0-36-kg\/#Stilvolle_Atmosphare_mit_der_Chakra_Kristallkerze_Kronenchakra\" >Stilvolle Atmosph\u00e4re mit der Chakra Kristallkerze Kronenchakra<\/a><\/li><li class='ez-toc-page-1 ez-toc-heading-level-4'><a class=\"ez-toc-link ez-toc-heading-2\" href=\"https:\/\/honigbee.com\/sk\/produkt\/chakra-kristallkerze-kronenchakra-sojawachs-kerze-mit-kristallen-17h-8-5x5-cm-0-36-kg\/#Naturliche_Materialien_gleichmasiger_Abbrand\" >Nat\u00fcrliche Materialien &amp; gleichm\u00e4\u00dfiger Abbrand<\/a><\/li><li class='ez-toc-page-1 ez-toc-heading-level-4'><a class=\"ez-toc-link ez-toc-heading-3\" href=\"https:\/\/honigbee.com\/sk\/produkt\/chakra-kristallkerze-kronenchakra-sojawachs-kerze-mit-kristallen-17h-8-5x5-cm-0-36-kg\/#Einzigartiges_Design_mit_echten_Kristallen\" >Einzigartiges Design mit echten Kristallen<\/a><\/li><li class='ez-toc-page-1 ez-toc-heading-level-4'><a class=\"ez-toc-link ez-toc-heading-4\" href=\"https:\/\/honigbee.com\/sk\/produkt\/chakra-kristallkerze-kronenchakra-sojawachs-kerze-mit-kristallen-17h-8-5x5-cm-0-36-kg\/#Fur_eine_frische_und_ruhige_Atmosphare\" >F\u00fcr eine frische und ruhige Atmosph\u00e4re<\/a><\/li><li class='ez-toc-page-1 ez-toc-heading-level-4'><a class=\"ez-toc-link ez-toc-heading-5\" href=\"https:\/\/honigbee.com\/sk\/produkt\/chakra-kristallkerze-kronenchakra-sojawachs-kerze-mit-kristallen-17h-8-5x5-cm-0-36-kg\/#Praktisch_wiederverwendbar\" >Praktisch &amp; wiederverwendbar<\/a><\/li><li class='ez-toc-page-1 ez-toc-heading-level-4'><a class=\"ez-toc-link ez-toc-heading-6\" href=\"https:\/\/honigbee.com\/sk\/produkt\/chakra-kristallkerze-kronenchakra-sojawachs-kerze-mit-kristallen-17h-8-5x5-cm-0-36-kg\/#Produktdetails\" >Detaily produktu<\/a><\/li><li class='ez-toc-page-1 ez-toc-heading-level-4'><a class=\"ez-toc-link ez-toc-heading-7\" href=\"https:\/\/honigbee.com\/sk\/produkt\/chakra-kristallkerze-kronenchakra-sojawachs-kerze-mit-kristallen-17h-8-5x5-cm-0-36-kg\/#Weitere_Inspiration_entdecken\" >Weitere Inspiration entdecken<\/a><\/li><\/ul><\/nav><\/div>\n<h4 data-start=\"921\" data-end=\"990\"><span class=\"ez-toc-section\" id=\"Stilvolle_Atmosphare_mit_der_Chakra_Kristallkerze_Kronenchakra\"><\/span>Stilvolle Atmosph\u00e4re mit der Chakra Kristallkerze Kronenchakra<span class=\"ez-toc-section-end\"><\/span><\/h4>\n<p data-start=\"991\" data-end=\"1206\">Die Chakra Kristallkerze Kronenchakra bringt Leichtigkeit und eine klare, ruhige Stimmung in Ihr Zuhause. Mit ihrer modernen Optik und nat\u00fcrlichen Materialien ist sie ein elegantes Dekorationselement f\u00fcr jeden Raum.<\/p>\n<hr data-start=\"1208\" data-end=\"1211\" \/>\n<h4 data-start=\"1213\" data-end=\"1266\"><span class=\"ez-toc-section\" id=\"Naturliche_Materialien_gleichmasiger_Abbrand\"><\/span>Nat\u00fcrliche Materialien &amp; gleichm\u00e4\u00dfiger Abbrand<span class=\"ez-toc-section-end\"><\/span><\/h4>\n<p data-start=\"1267\" data-end=\"1457\">Gefertigt aus hochwertigem Sojawachs sorgt die Kerze f\u00fcr ein sauberes und gleichm\u00e4\u00dfiges Abbrennen. Die Kombination aus Sojawachs, Duft und Glas macht sie zu einem langlebigen Wohnaccessoire.<\/p>\n<p data-start=\"1459\" data-end=\"1544\">Mit einer Brenndauer von ca. 17 Stunden eignet sie sich ideal f\u00fcr entspannte Momente.<\/p>\n<hr data-start=\"1546\" data-end=\"1549\" \/>\n<h4 data-start=\"1551\" data-end=\"1600\"><span class=\"ez-toc-section\" id=\"Einzigartiges_Design_mit_echten_Kristallen\"><\/span>Einzigartiges Design mit echten Kristallen<span class=\"ez-toc-section-end\"><\/span><\/h4>\n<p data-start=\"1601\" data-end=\"1749\">Diese Kerze enth\u00e4lt Celestin und Selenit, die ihr eine helle und edle Optik verleihen. Die nat\u00fcrlichen Strukturen machen jede Kerze zu einem Unikat.<\/p>\n<hr data-start=\"1751\" data-end=\"1754\" \/>\n<h4 data-start=\"1756\" data-end=\"1801\"><span class=\"ez-toc-section\" id=\"Fur_eine_frische_und_ruhige_Atmosphare\"><\/span>F\u00fcr eine frische und ruhige Atmosph\u00e4re<span class=\"ez-toc-section-end\"><\/span><\/h4>\n<p data-start=\"1802\" data-end=\"1900\">Der Duft \u201eOcean Breeze\u201c sorgt f\u00fcr eine leichte und angenehme Stimmung und eignet sich ideal f\u00fcr:<\/p>\n<ul data-start=\"1901\" data-end=\"2009\">\n<li data-section-id=\"v5zl54\" data-start=\"1901\" data-end=\"1931\">Entspannte Abende zu Hause<\/li>\n<li data-section-id=\"46pmc9\" data-start=\"1932\" data-end=\"1952\">Ruhige Wohnr\u00e4ume<\/li>\n<li data-section-id=\"1n7h1nw\" data-start=\"1953\" data-end=\"1984\">Klare, frische Raumstimmung<\/li>\n<li data-section-id=\"lmjckc\" data-start=\"1985\" data-end=\"2009\">Stilvolle Dekoration<\/li>\n<\/ul>\n<hr data-start=\"2011\" data-end=\"2014\" \/>\n<h4 data-start=\"2016\" data-end=\"2051\"><span class=\"ez-toc-section\" id=\"Praktisch_wiederverwendbar\"><\/span>Praktisch &amp; wiederverwendbar<span class=\"ez-toc-section-end\"><\/span><\/h4>\n<p data-start=\"2052\" data-end=\"2188\">Nach dem Abbrennen kann das Glas weiterverwendet werden. Die enthaltenen Kristalle lassen sich ebenfalls als dekorative Elemente nutzen.<\/p>\n<hr data-start=\"2190\" data-end=\"2193\" \/>\n<h4 data-start=\"2195\" data-end=\"2216\"><span class=\"ez-toc-section\" id=\"Produktdetails\"><\/span>Detaily produktu<span class=\"ez-toc-section-end\"><\/span><\/h4>\n<p data-start=\"2217\" data-end=\"2434\">Material: Sojawachs, Duft, Glas<br data-start=\"2248\" data-end=\"2251\" \/>Steine: Celestin, Selenit<br data-start=\"2276\" data-end=\"2279\" \/>Brenndauer: ca. 17 Stunden<br data-start=\"2305\" data-end=\"2308\" \/>Ma\u00dfe: 8.5 x 5 cm<br data-start=\"2324\" data-end=\"2327\" \/>Gewicht (Netto): 0.36 kg<br data-start=\"2351\" data-end=\"2354\" \/>Versandgewicht: 0.36 kg<br data-start=\"2377\" data-end=\"2380\" \/>SKU: chkcc-07<br data-start=\"2393\" data-end=\"2396\" \/>EAN: 5056368333385<br data-start=\"2414\" data-end=\"2417\" \/>Herkunft: China<\/p>\n<hr data-start=\"2147\" data-end=\"2150\" \/>\n<h4 data-start=\"413\" data-end=\"449\"><span class=\"ez-toc-section\" id=\"Weitere_Inspiration_entdecken\"><\/span>Weitere Inspiration entdecken<span class=\"ez-toc-section-end\"><\/span><\/h4>\n<p data-start=\"450\" data-end=\"582\">Suchen Sie weitere besondere Produkte? Entdecken Sie zus\u00e4tzliche Highlights in unserem Sortiment oder besuchen Sie unsere Partnerprojekte:<\/p>\n<ul data-start=\"584\" data-end=\"920\">\n<li><a href=\"https:\/\/matvana.com\/shop\/\" target=\"_blank\" rel=\"noopener\">Stilvolle Wohn- &amp; Geschenkideen bei Matvana entdecken<\/a><\/li>\n<li data-start=\"657\" data-end=\"783\">\n<p data-start=\"659\" data-end=\"783\"><a href=\"https:\/\/honigbee.com\/sk\/shop\/\">Nat\u00fcrliche Produkte bei Honigbee ansehen<br \/>\n<\/a><\/p>\n<\/li>\n<li><a href=\"https:\/\/saphirsmaragd.com\/shop\/\" target=\"_blank\" rel=\"noopener\">Edelsteine &amp; Schmuckst\u00fccke bei Saphir &amp; Smaragd entdecken<\/a><\/li>\n<\/ul>","protected":false},"excerpt":{"rendered":"<p data-start=\"492\" data-end=\"639\"><em>Chakra Kristallkerze Kronenchakra aus Sojawachs mit Celestin &amp; Selenit. 17h Brenndauer, 8.5\u00d75 cm kompakt f\u00fcr eine frische und stilvolle Atmosph\u00e4re.<\/em><\/p>","protected":false},"featured_media":43977,"comment_status":"open","ping_status":"closed","template":"","meta":{"_glsr_average":0,"_glsr_ranking":0,"_glsr_reviews":0},"product_brand":[],"product_cat":[1534],"product_tag":[],"class_list":{"0":"post-43947","1":"product","2":"type-product","3":"status-publish","4":"has-post-thumbnail","6":"product_cat-chakra-kerzen","8":"first","9":"instock","10":"shipping-taxable","11":"purchasable","12":"product-type-simple","13":"add-to-wishlist-before_image"},"jetpack_sharing_enabled":true,"_links":{"self":[{"href":"https:\/\/honigbee.com\/sk\/wp-json\/wp\/v2\/product\/43947","targetHints":{"allow":["GET"]}}],"collection":[{"href":"https:\/\/honigbee.com\/sk\/wp-json\/wp\/v2\/product"}],"about":[{"href":"https:\/\/honigbee.com\/sk\/wp-json\/wp\/v2\/types\/product"}],"replies":[{"embeddable":true,"href":"https:\/\/honigbee.com\/sk\/wp-json\/wp\/v2\/comments?post=43947"}],"version-history":[{"count":1,"href":"https:\/\/honigbee.com\/sk\/wp-json\/wp\/v2\/product\/43947\/revisions"}],"predecessor-version":[{"id":43978,"href":"https:\/\/honigbee.com\/sk\/wp-json\/wp\/v2\/product\/43947\/revisions\/43978"}],"wp:featuredmedia":[{"embeddable":true,"href":"https:\/\/honigbee.com\/sk\/wp-json\/wp\/v2\/media\/43977"}],"wp:attachment":[{"href":"https:\/\/honigbee.com\/sk\/wp-json\/wp\/v2\/media?parent=43947"}],"wp:term":[{"taxonomy":"product_brand","embeddable":true,"href":"https:\/\/honigbee.com\/sk\/wp-json\/wp\/v2\/product_brand?post=43947"},{"taxonomy":"product_cat","embeddable":true,"href":"https:\/\/honigbee.com\/sk\/wp-json\/wp\/v2\/product_cat?post=43947"},{"taxonomy":"product_tag","embeddable":true,"href":"https:\/\/honigbee.com\/sk\/wp-json\/wp\/v2\/product_tag?post=43947"}],"curies":[{"name":"pracovn\u00fd list","href":"https:\/\/api.w.org\/{rel}","templated":true}]}}