{"id":44076,"date":"2026-05-08T13:12:19","date_gmt":"2026-05-08T13:12:19","guid":{"rendered":"https:\/\/honigbee.com\/?post_type=product&#038;p=44076"},"modified":"2026-05-08T13:19:40","modified_gmt":"2026-05-08T13:19:40","slug":"gothic-garden-duftkerze-ancient-witch-purification-candle-salbei-pfefferminze-ritualkerze-24-9x5x6-8-cm-40-50h","status":"publish","type":"product","link":"https:\/\/honigbee.com\/sk\/produkt\/gothic-garden-duftkerze-ancient-witch-purification-candle-salbei-pfefferminze-ritualkerze-24-9x5x6-8-cm-40-50h\/","title":{"rendered":"Gothic Garden Duftkerze Ancient Witch Purification Candle Salbei &#038; Pfefferminze Ritualkerze 24.9x5x6.8 cm 40\u201350h"},"content":{"rendered":"<div id=\"ez-toc-container\" class=\"ez-toc-v2_0_83 counter-hierarchy ez-toc-counter ez-toc-grey ez-toc-container-direction\">\n<div class=\"ez-toc-title-container\">\n<p class=\"ez-toc-title\" style=\"cursor:inherit\">Obsah<\/p>\n<span class=\"ez-toc-title-toggle\"><a href=\"#\" class=\"ez-toc-pull-right ez-toc-btn ez-toc-btn-xs ez-toc-btn-default ez-toc-toggle\" aria-label=\"Prepn\u00fa\u0165 obsah\"><span class=\"ez-toc-js-icon-con\"><span class=\"\"><span class=\"eztoc-hide\" style=\"display:none;\">Prepn\u00fa\u0165<\/span><span class=\"ez-toc-icon-toggle-span\"><svg style=\"fill: #999;color:#999\" xmlns=\"http:\/\/www.w3.org\/2000\/svg\" class=\"list-377408\" width=\"20px\" height=\"20px\" viewbox=\"0 0 24 24\" fill=\"none\"><path d=\"M6 6H4v2h2V6zm14 0H8v2h12V6zM4 11h2v2H4v-2zm16 0H8v2h12v-2zM4 16h2v2H4v-2zm16 0H8v2h12v-2z\" fill=\"currentColor\"><\/path><\/svg><svg style=\"fill: #999;color:#999\" class=\"arrow-unsorted-368013\" xmlns=\"http:\/\/www.w3.org\/2000\/svg\" width=\"10px\" height=\"10px\" viewbox=\"0 0 24 24\" version=\"1.2\" baseprofile=\"tiny\"><path d=\"M18.2 9.3l-6.2-6.3-6.2 6.3c-.2.2-.3.4-.3.7s.1.5.3.7c.2.2.4.3.7.3h11c.3 0 .5-.1.7-.3.2-.2.3-.5.3-.7s-.1-.5-.3-.7zM5.8 14.7l6.2 6.3 6.2-6.3c.2-.2.3-.5.3-.7s-.1-.5-.3-.7c-.2-.2-.4-.3-.7-.3h-11c-.3 0-.5.1-.7.3-.2.2-.3.5-.3.7s.1.5.3.7z\"\/><\/svg><\/span><\/span><\/span><\/a><\/span><\/div>\n<nav><ul class='ez-toc-list ez-toc-list-level-1' ><li class='ez-toc-page-1 ez-toc-heading-level-4'><a class=\"ez-toc-link ez-toc-heading-1\" href=\"https:\/\/honigbee.com\/sk\/produkt\/gothic-garden-duftkerze-ancient-witch-purification-candle-salbei-pfefferminze-ritualkerze-24-9x5x6-8-cm-40-50h\/#Gothic_Garden_Duftkerze_fur_Reinigung_und_neue_Energie\" >Gothic Garden Duftkerze f\u00fcr Reinigung und neue Energie<\/a><\/li><li class='ez-toc-page-1 ez-toc-heading-level-4'><a class=\"ez-toc-link ez-toc-heading-2\" href=\"https:\/\/honigbee.com\/sk\/produkt\/gothic-garden-duftkerze-ancient-witch-purification-candle-salbei-pfefferminze-ritualkerze-24-9x5x6-8-cm-40-50h\/#Duftprofil_und_Wirkung\" >Duftprofil und Wirkung<\/a><\/li><li class='ez-toc-page-1 ez-toc-heading-level-4'><a class=\"ez-toc-link ez-toc-heading-3\" href=\"https:\/\/honigbee.com\/sk\/produkt\/gothic-garden-duftkerze-ancient-witch-purification-candle-salbei-pfefferminze-ritualkerze-24-9x5x6-8-cm-40-50h\/#Symbolik_und_Bedeutung\" >Symbolik und Bedeutung<\/a><\/li><li class='ez-toc-page-1 ez-toc-heading-level-4'><a class=\"ez-toc-link ez-toc-heading-4\" href=\"https:\/\/honigbee.com\/sk\/produkt\/gothic-garden-duftkerze-ancient-witch-purification-candle-salbei-pfefferminze-ritualkerze-24-9x5x6-8-cm-40-50h\/#Hochwertige_Verarbeitung\" >Hochwertige Verarbeitung<\/a><\/li><li class='ez-toc-page-1 ez-toc-heading-level-4'><a class=\"ez-toc-link ez-toc-heading-5\" href=\"https:\/\/honigbee.com\/sk\/produkt\/gothic-garden-duftkerze-ancient-witch-purification-candle-salbei-pfefferminze-ritualkerze-24-9x5x6-8-cm-40-50h\/#Produktdetails\" >Detaily produktu<\/a><\/li><li class='ez-toc-page-1 ez-toc-heading-level-4'><a class=\"ez-toc-link ez-toc-heading-6\" href=\"https:\/\/honigbee.com\/sk\/produkt\/gothic-garden-duftkerze-ancient-witch-purification-candle-salbei-pfefferminze-ritualkerze-24-9x5x6-8-cm-40-50h\/#Weitere_Inspiration_entdecken\" >Weitere Inspiration entdecken<\/a><\/li><\/ul><\/nav><\/div>\n<h4 data-start=\"686\" data-end=\"747\"><span class=\"ez-toc-section\" id=\"Gothic_Garden_Duftkerze_fur_Reinigung_und_neue_Energie\"><\/span>Gothic Garden Duftkerze f\u00fcr Reinigung und neue Energie<span class=\"ez-toc-section-end\"><\/span><\/h4>\n<p data-start=\"748\" data-end=\"950\">Die Gothic Garden Duftkerze wurde f\u00fcr spirituelle Reinigung und innere Erneuerung entwickelt. Ihr kraftvoller Duft unterst\u00fctzt Sie dabei, negative Energien loszulassen und Raum f\u00fcr Klarheit zu schaffen.<\/p>\n<hr data-start=\"952\" data-end=\"955\" \/>\n<h4 data-start=\"957\" data-end=\"986\"><span class=\"ez-toc-section\" id=\"Duftprofil_und_Wirkung\"><\/span>Duftprofil und Wirkung<span class=\"ez-toc-section-end\"><\/span><\/h4>\n<p data-start=\"987\" data-end=\"1176\">Die Kombination aus Salbei und Pfefferminze wirkt frisch, kl\u00e4rend und belebend. Diese Duftmischung eignet sich ideal f\u00fcr Rituale, Meditation oder zur energetischen Reinigung Ihres Zuhauses.<\/p>\n<hr data-start=\"1178\" data-end=\"1181\" \/>\n<h4 data-start=\"1183\" data-end=\"1212\"><span class=\"ez-toc-section\" id=\"Symbolik_und_Bedeutung\"><\/span>Symbolik und Bedeutung<span class=\"ez-toc-section-end\"><\/span><\/h4>\n<p data-start=\"1213\" data-end=\"1380\">Das Design mit Totenkopf und Rosen steht f\u00fcr Transformation, Loslassen und Neubeginn. Die Kerze unterst\u00fctzt symbolisch den \u00dcbergang von alten Mustern zu neuer Energie.<\/p>\n<hr data-start=\"1382\" data-end=\"1385\" \/>\n<h4 data-start=\"1387\" data-end=\"1418\"><span class=\"ez-toc-section\" id=\"Hochwertige_Verarbeitung\"><\/span>Hochwertige Verarbeitung<span class=\"ez-toc-section-end\"><\/span><\/h4>\n<p data-start=\"1419\" data-end=\"1552\">Gefertigt aus Sojawachs und veredelt mit Duft\u00f6len, sorgt die Kerze f\u00fcr ein gleichm\u00e4\u00dfiges Abbrennen und eine intensive Duftentfaltung.<\/p>\n<hr data-start=\"1554\" data-end=\"1557\" \/>\n<h4 data-start=\"1559\" data-end=\"1580\"><span class=\"ez-toc-section\" id=\"Produktdetails\"><\/span>Detaily produktu<span class=\"ez-toc-section-end\"><\/span><\/h4>\n<p data-start=\"1581\" data-end=\"1690\">Material: Sojawachs<br data-start=\"1600\" data-end=\"1603\" \/>Duft: Salbei &amp; Pfefferminze<br data-start=\"1630\" data-end=\"1633\" \/>Brenndauer: ca. 40\u201350 Stunden<br data-start=\"1662\" data-end=\"1665\" \/>Ma\u00dfe: 24.9 x 5 x 6.8 cm<\/p>\n<p data-start=\"1692\" data-end=\"1709\">Herkunft: China<\/p>\n<hr data-start=\"2312\" data-end=\"2315\" \/>\n<h4 data-start=\"413\" data-end=\"449\"><span class=\"ez-toc-section\" id=\"Weitere_Inspiration_entdecken\"><\/span>Weitere Inspiration entdecken<span class=\"ez-toc-section-end\"><\/span><\/h4>\n<p data-start=\"450\" data-end=\"582\">Suchen Sie weitere besondere Produkte? Entdecken Sie zus\u00e4tzliche Highlights in unserem Sortiment oder besuchen Sie unsere Partnerprojekte:<\/p>\n<ul data-start=\"584\" data-end=\"920\">\n<li><a href=\"https:\/\/matvana.com\/shop\/\" target=\"_blank\" rel=\"noopener\">Stilvolle Wohn- &amp; Geschenkideen bei Matvana entdecken<\/a><\/li>\n<li data-start=\"657\" data-end=\"783\">\n<p data-start=\"659\" data-end=\"783\"><a href=\"https:\/\/honigbee.com\/sk\/shop\/\">Nat\u00fcrliche Produkte bei Honigbee ansehen<br \/>\n<\/a><\/p>\n<\/li>\n<li><a href=\"https:\/\/saphirsmaragd.com\/shop\/\" target=\"_blank\" rel=\"noopener\">Edelsteine &amp; Schmuckst\u00fccke bei Saphir &amp; Smaragd entdecken<\/a><\/li>\n<\/ul>","protected":false},"excerpt":{"rendered":"<p data-start=\"372\" data-end=\"513\"><em>Gothic Garden Duftkerze mit Salbei &amp; Pfefferminze f\u00fcr Reinigung und neue Energie. Ritualkerze im Glas \u2013 24.9x5x6.8 cm, ca. 40\u201350h Brenndauer.<\/em><\/p>","protected":false},"featured_media":44294,"comment_status":"open","ping_status":"closed","template":"","meta":{"_glsr_average":0,"_glsr_ranking":0,"_glsr_reviews":0},"product_brand":[],"product_cat":[1535,1538,1537],"product_tag":[],"class_list":{"0":"post-44076","1":"product","2":"type-product","3":"status-publish","4":"has-post-thumbnail","6":"product_cat-duftkerzen","7":"product_cat-geschenkkerzen","8":"product_cat-ritualkerzen","10":"first","11":"instock","12":"shipping-taxable","13":"purchasable","14":"product-type-simple","15":"add-to-wishlist-before_image"},"jetpack_sharing_enabled":true,"_links":{"self":[{"href":"https:\/\/honigbee.com\/sk\/wp-json\/wp\/v2\/product\/44076","targetHints":{"allow":["GET"]}}],"collection":[{"href":"https:\/\/honigbee.com\/sk\/wp-json\/wp\/v2\/product"}],"about":[{"href":"https:\/\/honigbee.com\/sk\/wp-json\/wp\/v2\/types\/product"}],"replies":[{"embeddable":true,"href":"https:\/\/honigbee.com\/sk\/wp-json\/wp\/v2\/comments?post=44076"}],"version-history":[{"count":1,"href":"https:\/\/honigbee.com\/sk\/wp-json\/wp\/v2\/product\/44076\/revisions"}],"predecessor-version":[{"id":44295,"href":"https:\/\/honigbee.com\/sk\/wp-json\/wp\/v2\/product\/44076\/revisions\/44295"}],"wp:featuredmedia":[{"embeddable":true,"href":"https:\/\/honigbee.com\/sk\/wp-json\/wp\/v2\/media\/44294"}],"wp:attachment":[{"href":"https:\/\/honigbee.com\/sk\/wp-json\/wp\/v2\/media?parent=44076"}],"wp:term":[{"taxonomy":"product_brand","embeddable":true,"href":"https:\/\/honigbee.com\/sk\/wp-json\/wp\/v2\/product_brand?post=44076"},{"taxonomy":"product_cat","embeddable":true,"href":"https:\/\/honigbee.com\/sk\/wp-json\/wp\/v2\/product_cat?post=44076"},{"taxonomy":"product_tag","embeddable":true,"href":"https:\/\/honigbee.com\/sk\/wp-json\/wp\/v2\/product_tag?post=44076"}],"curies":[{"name":"pracovn\u00fd list","href":"https:\/\/api.w.org\/{rel}","templated":true}]}}