{"id":45350,"date":"2026-05-08T13:51:02","date_gmt":"2026-05-08T13:51:02","guid":{"rendered":"https:\/\/honigbee.com\/?post_type=product&#038;p=45350"},"modified":"2026-05-08T13:55:55","modified_gmt":"2026-05-08T13:55:55","slug":"duftkerze-dose-moonstone-kleine-sojawachs-kerze-mit-warmem-holz-amber-duft-metall-dose-200-ml","status":"publish","type":"product","link":"https:\/\/honigbee.com\/sk\/produkt\/duftkerze-dose-moonstone-kleine-sojawachs-kerze-mit-warmem-holz-amber-duft-metall-dose-200-ml\/","title":{"rendered":"Duftkerze Dose Moonstone \u2013 Kleine Sojawachs Kerze mit warmem Holz &#038; Amber Duft, Metall Dose 200 ml"},"content":{"rendered":"<div id=\"ez-toc-container\" class=\"ez-toc-v2_0_83 counter-hierarchy ez-toc-counter ez-toc-grey ez-toc-container-direction\">\n<div class=\"ez-toc-title-container\">\n<p class=\"ez-toc-title\" style=\"cursor:inherit\">Obsah<\/p>\n<span class=\"ez-toc-title-toggle\"><a href=\"#\" class=\"ez-toc-pull-right ez-toc-btn ez-toc-btn-xs ez-toc-btn-default ez-toc-toggle\" aria-label=\"Prepn\u00fa\u0165 obsah\"><span class=\"ez-toc-js-icon-con\"><span class=\"\"><span class=\"eztoc-hide\" style=\"display:none;\">Prepn\u00fa\u0165<\/span><span class=\"ez-toc-icon-toggle-span\"><svg style=\"fill: #999;color:#999\" xmlns=\"http:\/\/www.w3.org\/2000\/svg\" class=\"list-377408\" width=\"20px\" height=\"20px\" viewbox=\"0 0 24 24\" fill=\"none\"><path d=\"M6 6H4v2h2V6zm14 0H8v2h12V6zM4 11h2v2H4v-2zm16 0H8v2h12v-2zM4 16h2v2H4v-2zm16 0H8v2h12v-2z\" fill=\"currentColor\"><\/path><\/svg><svg style=\"fill: #999;color:#999\" class=\"arrow-unsorted-368013\" xmlns=\"http:\/\/www.w3.org\/2000\/svg\" width=\"10px\" height=\"10px\" viewbox=\"0 0 24 24\" version=\"1.2\" baseprofile=\"tiny\"><path d=\"M18.2 9.3l-6.2-6.3-6.2 6.3c-.2.2-.3.4-.3.7s.1.5.3.7c.2.2.4.3.7.3h11c.3 0 .5-.1.7-.3.2-.2.3-.5.3-.7s-.1-.5-.3-.7zM5.8 14.7l6.2 6.3 6.2-6.3c.2-.2.3-.5.3-.7s-.1-.5-.3-.7c-.2-.2-.4-.3-.7-.3h-11c-.3 0-.5.1-.7.3-.2.2-.3.5-.3.7s.1.5.3.7z\"\/><\/svg><\/span><\/span><\/span><\/a><\/span><\/div>\n<nav><ul class='ez-toc-list ez-toc-list-level-1' ><li class='ez-toc-page-1 ez-toc-heading-level-4'><a class=\"ez-toc-link ez-toc-heading-1\" href=\"https:\/\/honigbee.com\/sk\/produkt\/duftkerze-dose-moonstone-kleine-sojawachs-kerze-mit-warmem-holz-amber-duft-metall-dose-200-ml\/#Duftkerze_Dose_Moonstone_fur_eine_warme_moderne_Atmosphare\" >Duftkerze Dose Moonstone f\u00fcr eine warme &amp; moderne Atmosph\u00e4re<\/a><\/li><li class='ez-toc-page-1 ez-toc-heading-level-4'><a class=\"ez-toc-link ez-toc-heading-2\" href=\"https:\/\/honigbee.com\/sk\/produkt\/duftkerze-dose-moonstone-kleine-sojawachs-kerze-mit-warmem-holz-amber-duft-metall-dose-200-ml\/#Kompakt_vielseitig_einsetzbar\" >Kompakt &amp; vielseitig einsetzbar<\/a><\/li><li class='ez-toc-page-1 ez-toc-heading-level-4'><a class=\"ez-toc-link ez-toc-heading-3\" href=\"https:\/\/honigbee.com\/sk\/produkt\/duftkerze-dose-moonstone-kleine-sojawachs-kerze-mit-warmem-holz-amber-duft-metall-dose-200-ml\/#Sojawachs_fur_saubere_langanhaltende_Verbrennung\" >Sojawachs f\u00fcr saubere &amp; langanhaltende Verbrennung<\/a><\/li><li class='ez-toc-page-1 ez-toc-heading-level-4'><a class=\"ez-toc-link ez-toc-heading-4\" href=\"https:\/\/honigbee.com\/sk\/produkt\/duftkerze-dose-moonstone-kleine-sojawachs-kerze-mit-warmem-holz-amber-duft-metall-dose-200-ml\/#Praktische_Metall_Dose_%E2%80%93_wiederverwendbar\" >Praktische Metall Dose \u2013 wiederverwendbar<\/a><\/li><li class='ez-toc-page-1 ez-toc-heading-level-4'><a class=\"ez-toc-link ez-toc-heading-5\" href=\"https:\/\/honigbee.com\/sk\/produkt\/duftkerze-dose-moonstone-kleine-sojawachs-kerze-mit-warmem-holz-amber-duft-metall-dose-200-ml\/#Intensiver_Duft_mit_frischen_holzigen_Noten\" >Intensiver Duft mit frischen &amp; holzigen Noten<\/a><\/li><li class='ez-toc-page-1 ez-toc-heading-level-4'><a class=\"ez-toc-link ez-toc-heading-6\" href=\"https:\/\/honigbee.com\/sk\/produkt\/duftkerze-dose-moonstone-kleine-sojawachs-kerze-mit-warmem-holz-amber-duft-metall-dose-200-ml\/#Perfekt_als_Geschenk_oder_stilvolle_Erganzung\" >Perfekt als Geschenk oder stilvolle Erg\u00e4nzung<\/a><\/li><li class='ez-toc-page-1 ez-toc-heading-level-4'><a class=\"ez-toc-link ez-toc-heading-7\" href=\"https:\/\/honigbee.com\/sk\/produkt\/duftkerze-dose-moonstone-kleine-sojawachs-kerze-mit-warmem-holz-amber-duft-metall-dose-200-ml\/#Produktdetails\" >Detaily produktu<\/a><\/li><li class='ez-toc-page-1 ez-toc-heading-level-4'><a class=\"ez-toc-link ez-toc-heading-8\" href=\"https:\/\/honigbee.com\/sk\/produkt\/duftkerze-dose-moonstone-kleine-sojawachs-kerze-mit-warmem-holz-amber-duft-metall-dose-200-ml\/#Weitere_Inspiration_entdecken\" >Weitere Inspiration entdecken<\/a><\/li><\/ul><\/nav><\/div>\n<h4 data-start=\"731\" data-end=\"800\"><span class=\"ez-toc-section\" id=\"Duftkerze_Dose_Moonstone_fur_eine_warme_moderne_Atmosphare\"><\/span><span role=\"text\"><strong data-start=\"736\" data-end=\"800\">Duftkerze Dose Moonstone f\u00fcr eine warme &amp; moderne Atmosph\u00e4re<\/strong><\/span><span class=\"ez-toc-section-end\"><\/span><\/h4>\n<p data-start=\"801\" data-end=\"942\">Die Duftkerze Dose Moonstone kombiniert frische und holzige Noten und sorgt f\u00fcr eine intensive, elegante Raumstimmung mit modernem Charakter.<\/p>\n<hr data-start=\"944\" data-end=\"947\" \/>\n<h4 data-start=\"949\" data-end=\"989\"><span class=\"ez-toc-section\" id=\"Kompakt_vielseitig_einsetzbar\"><\/span><span role=\"text\"><strong data-start=\"954\" data-end=\"989\">Kompakt &amp; vielseitig einsetzbar<\/strong><\/span><span class=\"ez-toc-section-end\"><\/span><\/h4>\n<p data-start=\"990\" data-end=\"1108\">Dank ihres handlichen Formats eignet sich diese Kerze ideal f\u00fcr kleine R\u00e4ume, Reisen oder als stilvolles Deko-Element.<\/p>\n<hr data-start=\"1110\" data-end=\"1113\" \/>\n<h4 data-start=\"1115\" data-end=\"1174\"><span class=\"ez-toc-section\" id=\"Sojawachs_fur_saubere_langanhaltende_Verbrennung\"><\/span><span role=\"text\"><strong data-start=\"1120\" data-end=\"1174\">Sojawachs f\u00fcr saubere &amp; langanhaltende Verbrennung<\/strong><\/span><span class=\"ez-toc-section-end\"><\/span><\/h4>\n<p data-start=\"1175\" data-end=\"1317\">Hergestellt aus hochwertigem Sojawachs brennt die Kerze gleichm\u00e4\u00dfig und sorgt f\u00fcr eine langanhaltende Duftentfaltung bei minimaler Ru\u00dfbildung.<\/p>\n<hr data-start=\"1319\" data-end=\"1322\" \/>\n<h4 data-start=\"1324\" data-end=\"1374\"><span class=\"ez-toc-section\" id=\"Praktische_Metall_Dose_%E2%80%93_wiederverwendbar\"><\/span><span role=\"text\"><strong data-start=\"1329\" data-end=\"1374\">Praktische Metall Dose \u2013 wiederverwendbar<\/strong><\/span><span class=\"ez-toc-section-end\"><\/span><\/h4>\n<p data-start=\"1375\" data-end=\"1480\">Die stabile Dose sch\u00fctzt die Kerze optimal und kann nach dem Abbrennen vielseitig weiterverwendet werden.<\/p>\n<hr data-start=\"1482\" data-end=\"1485\" \/>\n<h4 data-start=\"1487\" data-end=\"1541\"><span class=\"ez-toc-section\" id=\"Intensiver_Duft_mit_frischen_holzigen_Noten\"><\/span><span role=\"text\"><strong data-start=\"1492\" data-end=\"1541\">Intensiver Duft mit frischen &amp; holzigen Noten<\/strong><\/span><span class=\"ez-toc-section-end\"><\/span><\/h4>\n<p data-start=\"1542\" data-end=\"1643\">Moonstone \u00fcberzeugt mit einer modernen Duftkomposition aus fruchtigen, w\u00fcrzigen und warmen Elementen.<\/p>\n<p data-start=\"1645\" data-end=\"1787\">Duftnoten:<br data-start=\"1655\" data-end=\"1658\" \/>Kopfnote: Rote Grapefruit, Zitrone, Cranberry<br data-start=\"1703\" data-end=\"1706\" \/>Herznote: Roter Salbei, Lavendel, Safran<br data-start=\"1746\" data-end=\"1749\" \/>Basisnote: Zedernholz, Amber, Kaffee<\/p>\n<hr data-start=\"1789\" data-end=\"1792\" \/>\n<h4 data-start=\"1794\" data-end=\"1848\"><span class=\"ez-toc-section\" id=\"Perfekt_als_Geschenk_oder_stilvolle_Erganzung\"><\/span><span role=\"text\"><strong data-start=\"1799\" data-end=\"1848\">Perfekt als Geschenk oder stilvolle Erg\u00e4nzung<\/strong><\/span><span class=\"ez-toc-section-end\"><\/span><\/h4>\n<p data-start=\"1849\" data-end=\"1943\">Ideal als Geschenk oder f\u00fcr alle, die eine markante und elegante Duftnote im Zuhause sch\u00e4tzen.<\/p>\n<hr data-start=\"1945\" data-end=\"1948\" \/>\n<h4 data-start=\"1950\" data-end=\"1973\"><span class=\"ez-toc-section\" id=\"Produktdetails\"><\/span><span role=\"text\"><strong data-start=\"1955\" data-end=\"1973\">Detaily produktu<\/strong><\/span><span class=\"ez-toc-section-end\"><\/span><\/h4>\n<p data-start=\"1974\" data-end=\"2171\">Material: Sojawachs<br data-start=\"1993\" data-end=\"1996\" \/>Beh\u00e4lter: Metall Dose<br data-start=\"2017\" data-end=\"2020\" \/>Duft: Moonstone<br data-start=\"2035\" data-end=\"2038\" \/>F\u00fcllmenge: ca. 200 ml<br data-start=\"2059\" data-end=\"2062\" \/>Brenndauer: ca. 20\u201330 Stunden<br data-start=\"2091\" data-end=\"2094\" \/>Farbe: Wei\u00df<br data-start=\"2105\" data-end=\"2108\" \/>Gewicht: ca. 0.22 kg<br data-start=\"2128\" data-end=\"2131\" \/>Ma\u00dfe: ca. 7.5 \u00d7 6 cm<br data-start=\"2151\" data-end=\"2154\" \/>Herkunft: China<\/p>\n<hr data-start=\"2147\" data-end=\"2150\" \/>\n<h4 data-start=\"413\" data-end=\"449\"><span class=\"ez-toc-section\" id=\"Weitere_Inspiration_entdecken\"><\/span>Weitere Inspiration entdecken<span class=\"ez-toc-section-end\"><\/span><\/h4>\n<p data-start=\"450\" data-end=\"582\">Suchen Sie weitere besondere Produkte? Entdecken Sie zus\u00e4tzliche Highlights in unserem Sortiment oder besuchen Sie unsere Partnerprojekte:<\/p>\n<ul data-start=\"584\" data-end=\"920\">\n<li><a href=\"https:\/\/matvana.com\/shop\/\" target=\"_blank\" rel=\"noopener\">Stilvolle Wohn- &amp; Geschenkideen bei Matvana entdecken<\/a><\/li>\n<li data-start=\"657\" data-end=\"783\">\n<p data-start=\"659\" data-end=\"783\"><a href=\"https:\/\/honigbee.com\/sk\/shop\/\">Nat\u00fcrliche Produkte bei Honigbee ansehen<br \/>\n<\/a><\/p>\n<\/li>\n<li><a href=\"https:\/\/saphirsmaragd.com\/shop\/\" target=\"_blank\" rel=\"noopener\">Edelsteine &amp; Schmuckst\u00fccke bei Saphir &amp; Smaragd entdecken<\/a><\/li>\n<\/ul>","protected":false},"excerpt":{"rendered":"<p data-start=\"409\" data-end=\"554\"><em>Duftkerze Dose Moonstone mit warmem Duft aus Holz, Amber und Grapefruit. Kompakte Sojawachs Kerze in Metall Dose \u2013 intensiv, modern und stilvoll.<\/em><\/p>","protected":false},"featured_media":45480,"comment_status":"open","ping_status":"closed","template":"","meta":{"_glsr_average":0,"_glsr_ranking":0,"_glsr_reviews":0},"product_brand":[],"product_cat":[1535,1538],"product_tag":[],"class_list":{"0":"post-45350","1":"product","2":"type-product","3":"status-publish","4":"has-post-thumbnail","6":"product_cat-duftkerzen","7":"product_cat-geschenkkerzen","9":"first","10":"instock","11":"shipping-taxable","12":"purchasable","13":"product-type-simple","14":"add-to-wishlist-before_image"},"jetpack_sharing_enabled":true,"_links":{"self":[{"href":"https:\/\/honigbee.com\/sk\/wp-json\/wp\/v2\/product\/45350","targetHints":{"allow":["GET"]}}],"collection":[{"href":"https:\/\/honigbee.com\/sk\/wp-json\/wp\/v2\/product"}],"about":[{"href":"https:\/\/honigbee.com\/sk\/wp-json\/wp\/v2\/types\/product"}],"replies":[{"embeddable":true,"href":"https:\/\/honigbee.com\/sk\/wp-json\/wp\/v2\/comments?post=45350"}],"version-history":[{"count":1,"href":"https:\/\/honigbee.com\/sk\/wp-json\/wp\/v2\/product\/45350\/revisions"}],"predecessor-version":[{"id":45481,"href":"https:\/\/honigbee.com\/sk\/wp-json\/wp\/v2\/product\/45350\/revisions\/45481"}],"wp:featuredmedia":[{"embeddable":true,"href":"https:\/\/honigbee.com\/sk\/wp-json\/wp\/v2\/media\/45480"}],"wp:attachment":[{"href":"https:\/\/honigbee.com\/sk\/wp-json\/wp\/v2\/media?parent=45350"}],"wp:term":[{"taxonomy":"product_brand","embeddable":true,"href":"https:\/\/honigbee.com\/sk\/wp-json\/wp\/v2\/product_brand?post=45350"},{"taxonomy":"product_cat","embeddable":true,"href":"https:\/\/honigbee.com\/sk\/wp-json\/wp\/v2\/product_cat?post=45350"},{"taxonomy":"product_tag","embeddable":true,"href":"https:\/\/honigbee.com\/sk\/wp-json\/wp\/v2\/product_tag?post=45350"}],"curies":[{"name":"pracovn\u00fd list","href":"https:\/\/api.w.org\/{rel}","templated":true}]}}