{"id":45359,"date":"2026-05-08T13:51:25","date_gmt":"2026-05-08T13:51:25","guid":{"rendered":"https:\/\/honigbee.com\/?post_type=product&#038;p=45359"},"modified":"2026-05-08T13:56:02","modified_gmt":"2026-05-08T13:56:02","slug":"duftkerze-dose-pfingstrose-kleine-sojawachs-kerze-mit-floralem-duft-metall-dose-200-ml","status":"publish","type":"product","link":"https:\/\/honigbee.com\/sk\/produkt\/duftkerze-dose-pfingstrose-kleine-sojawachs-kerze-mit-floralem-duft-metall-dose-200-ml\/","title":{"rendered":"Duftkerze Dose Pfingstrose \u2013 Kleine Sojawachs Kerze mit floralem Duft, Metall Dose 200 ml"},"content":{"rendered":"<div id=\"ez-toc-container\" class=\"ez-toc-v2_0_83 counter-hierarchy ez-toc-counter ez-toc-grey ez-toc-container-direction\">\n<div class=\"ez-toc-title-container\">\n<p class=\"ez-toc-title\" style=\"cursor:inherit\">Obsah<\/p>\n<span class=\"ez-toc-title-toggle\"><a href=\"#\" class=\"ez-toc-pull-right ez-toc-btn ez-toc-btn-xs ez-toc-btn-default ez-toc-toggle\" aria-label=\"Prepn\u00fa\u0165 obsah\"><span class=\"ez-toc-js-icon-con\"><span class=\"\"><span class=\"eztoc-hide\" style=\"display:none;\">Prepn\u00fa\u0165<\/span><span class=\"ez-toc-icon-toggle-span\"><svg style=\"fill: #999;color:#999\" xmlns=\"http:\/\/www.w3.org\/2000\/svg\" class=\"list-377408\" width=\"20px\" height=\"20px\" viewbox=\"0 0 24 24\" fill=\"none\"><path d=\"M6 6H4v2h2V6zm14 0H8v2h12V6zM4 11h2v2H4v-2zm16 0H8v2h12v-2zM4 16h2v2H4v-2zm16 0H8v2h12v-2z\" fill=\"currentColor\"><\/path><\/svg><svg style=\"fill: #999;color:#999\" class=\"arrow-unsorted-368013\" xmlns=\"http:\/\/www.w3.org\/2000\/svg\" width=\"10px\" height=\"10px\" viewbox=\"0 0 24 24\" version=\"1.2\" baseprofile=\"tiny\"><path d=\"M18.2 9.3l-6.2-6.3-6.2 6.3c-.2.2-.3.4-.3.7s.1.5.3.7c.2.2.4.3.7.3h11c.3 0 .5-.1.7-.3.2-.2.3-.5.3-.7s-.1-.5-.3-.7zM5.8 14.7l6.2 6.3 6.2-6.3c.2-.2.3-.5.3-.7s-.1-.5-.3-.7c-.2-.2-.4-.3-.7-.3h-11c-.3 0-.5.1-.7.3-.2.2-.3.5-.3.7s.1.5.3.7z\"\/><\/svg><\/span><\/span><\/span><\/a><\/span><\/div>\n<nav><ul class='ez-toc-list ez-toc-list-level-1' ><li class='ez-toc-page-1 ez-toc-heading-level-4'><a class=\"ez-toc-link ez-toc-heading-1\" href=\"https:\/\/honigbee.com\/sk\/produkt\/duftkerze-dose-pfingstrose-kleine-sojawachs-kerze-mit-floralem-duft-metall-dose-200-ml\/#Duftkerze_Dose_Pfingstrose_fur_eine_romantische_Atmosphare\" >Duftkerze Dose Pfingstrose f\u00fcr eine romantische Atmosph\u00e4re<\/a><\/li><li class='ez-toc-page-1 ez-toc-heading-level-4'><a class=\"ez-toc-link ez-toc-heading-2\" href=\"https:\/\/honigbee.com\/sk\/produkt\/duftkerze-dose-pfingstrose-kleine-sojawachs-kerze-mit-floralem-duft-metall-dose-200-ml\/#Kompakt_perfekt_fur_jeden_Raum\" >Kompakt &amp; perfekt f\u00fcr jeden Raum<\/a><\/li><li class='ez-toc-page-1 ez-toc-heading-level-4'><a class=\"ez-toc-link ez-toc-heading-3\" href=\"https:\/\/honigbee.com\/sk\/produkt\/duftkerze-dose-pfingstrose-kleine-sojawachs-kerze-mit-floralem-duft-metall-dose-200-ml\/#Sojawachs_fur_eine_saubere_Verbrennung\" >Sojawachs f\u00fcr eine saubere Verbrennung<\/a><\/li><li class='ez-toc-page-1 ez-toc-heading-level-4'><a class=\"ez-toc-link ez-toc-heading-4\" href=\"https:\/\/honigbee.com\/sk\/produkt\/duftkerze-dose-pfingstrose-kleine-sojawachs-kerze-mit-floralem-duft-metall-dose-200-ml\/#Wiederverwendbare_Metall_Dose\" >Wiederverwendbare Metall Dose<\/a><\/li><li class='ez-toc-page-1 ez-toc-heading-level-4'><a class=\"ez-toc-link ez-toc-heading-5\" href=\"https:\/\/honigbee.com\/sk\/produkt\/duftkerze-dose-pfingstrose-kleine-sojawachs-kerze-mit-floralem-duft-metall-dose-200-ml\/#Floraler_Duft_mit_eleganter_Note\" >Floraler Duft mit eleganter Note<\/a><\/li><li class='ez-toc-page-1 ez-toc-heading-level-4'><a class=\"ez-toc-link ez-toc-heading-6\" href=\"https:\/\/honigbee.com\/sk\/produkt\/duftkerze-dose-pfingstrose-kleine-sojawachs-kerze-mit-floralem-duft-metall-dose-200-ml\/#Perfekt_als_Geschenkidee\" >Perfekt als Geschenkidee<\/a><\/li><li class='ez-toc-page-1 ez-toc-heading-level-4'><a class=\"ez-toc-link ez-toc-heading-7\" href=\"https:\/\/honigbee.com\/sk\/produkt\/duftkerze-dose-pfingstrose-kleine-sojawachs-kerze-mit-floralem-duft-metall-dose-200-ml\/#Produktdetails\" >Detaily produktu<\/a><\/li><li class='ez-toc-page-1 ez-toc-heading-level-4'><a class=\"ez-toc-link ez-toc-heading-8\" href=\"https:\/\/honigbee.com\/sk\/produkt\/duftkerze-dose-pfingstrose-kleine-sojawachs-kerze-mit-floralem-duft-metall-dose-200-ml\/#Weitere_Inspiration_entdecken\" >Weitere Inspiration entdecken<\/a><\/li><\/ul><\/nav><\/div>\n<h4 data-start=\"748\" data-end=\"815\"><span class=\"ez-toc-section\" id=\"Duftkerze_Dose_Pfingstrose_fur_eine_romantische_Atmosphare\"><\/span><span role=\"text\"><strong data-start=\"753\" data-end=\"815\">Duftkerze Dose Pfingstrose f\u00fcr eine romantische Atmosph\u00e4re<\/strong><\/span><span class=\"ez-toc-section-end\"><\/span><\/h4>\n<p data-start=\"816\" data-end=\"963\">Die Duftkerze Dose Pfingstrose verzaubert mit einem eleganten, floralen Duft und schafft eine warme und stilvolle Wohlf\u00fchlatmosph\u00e4re in jedem Raum.<\/p>\n<hr data-start=\"965\" data-end=\"968\" \/>\n<h4 data-start=\"970\" data-end=\"1011\"><span class=\"ez-toc-section\" id=\"Kompakt_perfekt_fur_jeden_Raum\"><\/span><span role=\"text\"><strong data-start=\"975\" data-end=\"1011\">Kompakt &amp; perfekt f\u00fcr jeden Raum<\/strong><\/span><span class=\"ez-toc-section-end\"><\/span><\/h4>\n<p data-start=\"1012\" data-end=\"1144\">Durch das handliche Design eignet sich diese Kerze ideal f\u00fcr Schlafzimmer, Badezimmer oder als dekoratives Highlight im Wohnbereich.<\/p>\n<hr data-start=\"1146\" data-end=\"1149\" \/>\n<h4 data-start=\"1151\" data-end=\"1198\"><span class=\"ez-toc-section\" id=\"Sojawachs_fur_eine_saubere_Verbrennung\"><\/span><span role=\"text\"><strong data-start=\"1156\" data-end=\"1198\">Sojawachs f\u00fcr eine saubere Verbrennung<\/strong><\/span><span class=\"ez-toc-section-end\"><\/span><\/h4>\n<p data-start=\"1199\" data-end=\"1330\">Gefertigt aus hochwertigem Sojawachs sorgt die Kerze f\u00fcr eine gleichm\u00e4\u00dfige, langanhaltende Duftentfaltung mit minimaler Ru\u00dfbildung.<\/p>\n<hr data-start=\"1332\" data-end=\"1335\" \/>\n<h4 data-start=\"1337\" data-end=\"1375\"><span class=\"ez-toc-section\" id=\"Wiederverwendbare_Metall_Dose\"><\/span><span role=\"text\"><strong data-start=\"1342\" data-end=\"1375\">Wiederverwendbare Metall Dose<\/strong><\/span><span class=\"ez-toc-section-end\"><\/span><\/h4>\n<p data-start=\"1376\" data-end=\"1472\">Die stabile Dose sch\u00fctzt die Kerze und kann nach dem Abbrennen praktisch weiterverwendet werden.<\/p>\n<hr data-start=\"1474\" data-end=\"1477\" \/>\n<h4 data-start=\"1479\" data-end=\"1520\"><span class=\"ez-toc-section\" id=\"Floraler_Duft_mit_eleganter_Note\"><\/span><span role=\"text\"><strong data-start=\"1484\" data-end=\"1520\">Floraler Duft mit eleganter Note<\/strong><\/span><span class=\"ez-toc-section-end\"><\/span><\/h4>\n<p data-start=\"1521\" data-end=\"1616\">Pressed Peonie \u00fcberzeugt mit einer harmonischen Kombination aus blumigen und weichen Duftnoten.<\/p>\n<p data-start=\"1618\" data-end=\"1736\">Duftnoten:<br data-start=\"1628\" data-end=\"1631\" \/>Kopfnote: Bergamotte<br data-start=\"1651\" data-end=\"1654\" \/>Herznote: Gr\u00fcnes Blatt, Jasmin<br data-start=\"1684\" data-end=\"1687\" \/>Basisnote: Wei\u00dfer Moschus, Vetiver, Pfingstrose<\/p>\n<hr data-start=\"1738\" data-end=\"1741\" \/>\n<h4 data-start=\"1743\" data-end=\"1776\"><span class=\"ez-toc-section\" id=\"Perfekt_als_Geschenkidee\"><\/span><span role=\"text\"><strong data-start=\"1748\" data-end=\"1776\">Perfekt als Geschenkidee<\/strong><\/span><span class=\"ez-toc-section-end\"><\/span><\/h4>\n<p data-start=\"1777\" data-end=\"1863\">Ideal als Geschenk f\u00fcr besondere Anl\u00e4sse oder als stilvolle Erg\u00e4nzung f\u00fcr Ihr Zuhause.<\/p>\n<hr data-start=\"1865\" data-end=\"1868\" \/>\n<h4 data-start=\"1870\" data-end=\"1893\"><span class=\"ez-toc-section\" id=\"Produktdetails\"><\/span><span role=\"text\"><strong data-start=\"1875\" data-end=\"1893\">Detaily produktu<\/strong><\/span><span class=\"ez-toc-section-end\"><\/span><\/h4>\n<p data-start=\"1894\" data-end=\"2093\">Material: Sojawachs<br data-start=\"1913\" data-end=\"1916\" \/>Beh\u00e4lter: Metall Dose<br data-start=\"1937\" data-end=\"1940\" \/>Duft: Pfingstrose<br data-start=\"1957\" data-end=\"1960\" \/>F\u00fcllmenge: ca. 200 ml<br data-start=\"1981\" data-end=\"1984\" \/>Brenndauer: ca. 20\u201330 Stunden<br data-start=\"2013\" data-end=\"2016\" \/>Farbe: Wei\u00df<br data-start=\"2027\" data-end=\"2030\" \/>Gewicht: ca. 0.22 kg<br data-start=\"2050\" data-end=\"2053\" \/>Ma\u00dfe: ca. 7.5 \u00d7 6 cm<br data-start=\"2073\" data-end=\"2076\" \/>Herkunft: China<\/p>\n<hr data-start=\"2147\" data-end=\"2150\" \/>\n<h4 data-start=\"413\" data-end=\"449\"><span class=\"ez-toc-section\" id=\"Weitere_Inspiration_entdecken\"><\/span>Weitere Inspiration entdecken<span class=\"ez-toc-section-end\"><\/span><\/h4>\n<p data-start=\"450\" data-end=\"582\">Suchen Sie weitere besondere Produkte? Entdecken Sie zus\u00e4tzliche Highlights in unserem Sortiment oder besuchen Sie unsere Partnerprojekte:<\/p>\n<ul data-start=\"584\" data-end=\"920\">\n<li><a href=\"https:\/\/matvana.com\/shop\/\" target=\"_blank\" rel=\"noopener\">Stilvolle Wohn- &amp; Geschenkideen bei Matvana entdecken<\/a><\/li>\n<li data-start=\"657\" data-end=\"783\">\n<p data-start=\"659\" data-end=\"783\"><a href=\"https:\/\/honigbee.com\/sk\/shop\/\">Nat\u00fcrliche Produkte bei Honigbee ansehen<br \/>\n<\/a><\/p>\n<\/li>\n<li><a href=\"https:\/\/saphirsmaragd.com\/shop\/\" target=\"_blank\" rel=\"noopener\">Edelsteine &amp; Schmuckst\u00fccke bei Saphir &amp; Smaragd entdecken<\/a><\/li>\n<\/ul>","protected":false},"excerpt":{"rendered":"<p data-start=\"424\" data-end=\"578\"><em>Duftkerze Dose Pfingstrose mit elegantem floralem Duft aus Pfingstrose, Jasmin und Moschus. Kompakte Sojawachs Kerze \u2013 perfekt f\u00fcr romantische Atmosph\u00e4re.<\/em><\/p>","protected":false},"featured_media":45482,"comment_status":"open","ping_status":"closed","template":"","meta":{"_glsr_average":0,"_glsr_ranking":0,"_glsr_reviews":0},"product_brand":[],"product_cat":[1535,1538],"product_tag":[],"class_list":{"0":"post-45359","1":"product","2":"type-product","3":"status-publish","4":"has-post-thumbnail","6":"product_cat-duftkerzen","7":"product_cat-geschenkkerzen","9":"first","10":"instock","11":"shipping-taxable","12":"purchasable","13":"product-type-simple","14":"add-to-wishlist-before_image"},"jetpack_sharing_enabled":true,"_links":{"self":[{"href":"https:\/\/honigbee.com\/sk\/wp-json\/wp\/v2\/product\/45359","targetHints":{"allow":["GET"]}}],"collection":[{"href":"https:\/\/honigbee.com\/sk\/wp-json\/wp\/v2\/product"}],"about":[{"href":"https:\/\/honigbee.com\/sk\/wp-json\/wp\/v2\/types\/product"}],"replies":[{"embeddable":true,"href":"https:\/\/honigbee.com\/sk\/wp-json\/wp\/v2\/comments?post=45359"}],"version-history":[{"count":1,"href":"https:\/\/honigbee.com\/sk\/wp-json\/wp\/v2\/product\/45359\/revisions"}],"predecessor-version":[{"id":45483,"href":"https:\/\/honigbee.com\/sk\/wp-json\/wp\/v2\/product\/45359\/revisions\/45483"}],"wp:featuredmedia":[{"embeddable":true,"href":"https:\/\/honigbee.com\/sk\/wp-json\/wp\/v2\/media\/45482"}],"wp:attachment":[{"href":"https:\/\/honigbee.com\/sk\/wp-json\/wp\/v2\/media?parent=45359"}],"wp:term":[{"taxonomy":"product_brand","embeddable":true,"href":"https:\/\/honigbee.com\/sk\/wp-json\/wp\/v2\/product_brand?post=45359"},{"taxonomy":"product_cat","embeddable":true,"href":"https:\/\/honigbee.com\/sk\/wp-json\/wp\/v2\/product_cat?post=45359"},{"taxonomy":"product_tag","embeddable":true,"href":"https:\/\/honigbee.com\/sk\/wp-json\/wp\/v2\/product_tag?post=45359"}],"curies":[{"name":"pracovn\u00fd list","href":"https:\/\/api.w.org\/{rel}","templated":true}]}}