{"id":13390,"date":"2024-11-29T13:34:11","date_gmt":"2024-11-29T13:34:11","guid":{"rendered":"https:\/\/honigbee.com\/?post_type=product&#038;p=13390"},"modified":"2026-02-28T19:03:02","modified_gmt":"2026-02-28T19:03:02","slug":"1-kg-tomoor-ajwa-datteln","status":"publish","type":"product","link":"https:\/\/honigbee.com\/sl\/izdelek\/1-kg-tomoor-ajwa-datteln\/","title":{"rendered":"1kg Ajwa Datteln \u2013 Naturbelassene Datteln aus Medina"},"content":{"rendered":"<div id=\"ez-toc-container\" class=\"ez-toc-v2_0_83 counter-hierarchy ez-toc-counter ez-toc-grey ez-toc-container-direction\">\n<div class=\"ez-toc-title-container\">\n<p class=\"ez-toc-title\" style=\"cursor:inherit\">Kazalo vsebine<\/p>\n<span class=\"ez-toc-title-toggle\"><a href=\"#\" class=\"ez-toc-pull-right ez-toc-btn ez-toc-btn-xs ez-toc-btn-default ez-toc-toggle\" aria-label=\"Preklopi kazalo vsebine\"><span class=\"ez-toc-js-icon-con\"><span class=\"\"><span class=\"eztoc-hide\" style=\"display:none;\">Preklopi<\/span><span class=\"ez-toc-icon-toggle-span\"><svg style=\"fill: #999;color:#999\" xmlns=\"http:\/\/www.w3.org\/2000\/svg\" class=\"list-377408\" width=\"20px\" height=\"20px\" viewbox=\"0 0 24 24\" fill=\"none\"><path d=\"M6 6H4v2h2V6zm14 0H8v2h12V6zM4 11h2v2H4v-2zm16 0H8v2h12v-2zM4 16h2v2H4v-2zm16 0H8v2h12v-2z\" fill=\"currentColor\"><\/path><\/svg><svg style=\"fill: #999;color:#999\" class=\"arrow-unsorted-368013\" xmlns=\"http:\/\/www.w3.org\/2000\/svg\" width=\"10px\" height=\"10px\" viewbox=\"0 0 24 24\" version=\"1.2\" baseprofile=\"tiny\"><path d=\"M18.2 9.3l-6.2-6.3-6.2 6.3c-.2.2-.3.4-.3.7s.1.5.3.7c.2.2.4.3.7.3h11c.3 0 .5-.1.7-.3.2-.2.3-.5.3-.7s-.1-.5-.3-.7zM5.8 14.7l6.2 6.3 6.2-6.3c.2-.2.3-.5.3-.7s-.1-.5-.3-.7c-.2-.2-.4-.3-.7-.3h-11c-.3 0-.5.1-.7.3-.2.2-.3.5-.3.7s.1.5.3.7z\"\/><\/svg><\/span><\/span><\/span><\/a><\/span><\/div>\n<nav><ul class='ez-toc-list ez-toc-list-level-1' ><li class='ez-toc-page-1 ez-toc-heading-level-4'><a class=\"ez-toc-link ez-toc-heading-1\" href=\"https:\/\/honigbee.com\/sl\/izdelek\/1-kg-tomoor-ajwa-datteln\/#Produktmerkmale\" >Zna\u010dilnosti izdelka<\/a><\/li><li class='ez-toc-page-1 ez-toc-heading-level-4'><a class=\"ez-toc-link ez-toc-heading-2\" href=\"https:\/\/honigbee.com\/sl\/izdelek\/1-kg-tomoor-ajwa-datteln\/#Geschmack_Konsistenz\" >Okus in konsistenca<\/a><\/li><li class='ez-toc-page-1 ez-toc-heading-level-4'><a class=\"ez-toc-link ez-toc-heading-3\" href=\"https:\/\/honigbee.com\/sl\/izdelek\/1-kg-tomoor-ajwa-datteln\/#Verwendung\" >uporaba<\/a><\/li><li class='ez-toc-page-1 ez-toc-heading-level-4'><a class=\"ez-toc-link ez-toc-heading-4\" href=\"https:\/\/honigbee.com\/sl\/izdelek\/1-kg-tomoor-ajwa-datteln\/#Produktdetails\" >Podrobnosti o izdelku<\/a><\/li><li class='ez-toc-page-1 ez-toc-heading-level-4'><a class=\"ez-toc-link ez-toc-heading-5\" href=\"https:\/\/honigbee.com\/sl\/izdelek\/1-kg-tomoor-ajwa-datteln\/#Lagerung\" >shranjevanje<\/a><\/li><li class='ez-toc-page-1 ez-toc-heading-level-4'><a class=\"ez-toc-link ez-toc-heading-6\" href=\"https:\/\/honigbee.com\/sl\/izdelek\/1-kg-tomoor-ajwa-datteln\/#Weitere_Inspiration_entdecken\" >Weitere Inspiration entdecken<\/a><\/li><\/ul><\/nav><\/div>\n<p data-start=\"765\" data-end=\"910\">The <strong data-start=\"769\" data-end=\"789\">1kg Ajwa-Datteln<\/strong> stammen aus der Region Medina in Saudi-Arabien. Sie sind naturbelassen verarbeitet, ungeschwefelt und ohne Zuckerzusatz.<\/p>\n<p data-start=\"912\" data-end=\"1013\">Die Datteln zeichnen sich durch ihren mild-s\u00fc\u00dfen Geschmack und ihre weiche, angenehme Konsistenz aus.<\/p>\n<hr data-start=\"1015\" data-end=\"1018\" \/>\n<h4 data-start=\"1020\" data-end=\"1040\"><span class=\"ez-toc-section\" id=\"Produktmerkmale\"><\/span>Zna\u010dilnosti izdelka<span class=\"ez-toc-section-end\"><\/span><\/h4>\n<p data-start=\"1042\" data-end=\"1202\">Herkunft: Medina, Saudi-Arabien<br data-start=\"1093\" data-end=\"1096\" \/>Naravno<br data-start=\"1109\" data-end=\"1112\" \/>Brez dodanega sladkorja<br data-start=\"1129\" data-end=\"1132\" \/>Nicht geschwefelt<br data-start=\"1149\" data-end=\"1152\" \/>Brez konzervansov<br data-start=\"1177\" data-end=\"1180\" \/>Vegansko in brez glutena<\/p>\n<hr data-start=\"1204\" data-end=\"1207\" \/>\n<h4 data-start=\"1209\" data-end=\"1236\"><span class=\"ez-toc-section\" id=\"Geschmack_Konsistenz\"><\/span>Okus in konsistenca<span class=\"ez-toc-section-end\"><\/span><\/h4>\n<p data-start=\"1238\" data-end=\"1332\">Mild-s\u00fc\u00df<br data-start=\"1246\" data-end=\"1249\" \/>Leicht fruchtige Note<br data-start=\"1270\" data-end=\"1273\" \/>Weich und nicht klebrig<br data-start=\"1296\" data-end=\"1299\" \/>Dunkelbraune bis schwarze Farbe<\/p>\n<hr data-start=\"1334\" data-end=\"1337\" \/>\n<h4 data-start=\"1339\" data-end=\"1354\"><span class=\"ez-toc-section\" id=\"Verwendung\"><\/span>uporaba<span class=\"ez-toc-section-end\"><\/span><\/h4>\n<p data-start=\"1356\" data-end=\"1397\">The <strong data-start=\"1360\" data-end=\"1380\">1kg Ajwa Datteln<\/strong> eignen sich f\u00fcr:<\/p>\n<p data-start=\"1399\" data-end=\"1527\">\u2022 Pur als Snack<br data-start=\"1414\" data-end=\"1417\" \/>\u2022 Gef\u00fcllt mit N\u00fcssen<br data-start=\"1437\" data-end=\"1440\" \/>\u2022 In Smoothies oder M\u00fcslis<br data-start=\"1466\" data-end=\"1469\" \/>\u2022 F\u00fcr Backrezepte<br data-start=\"1486\" data-end=\"1489\" \/>\u2022 In s\u00fc\u00dfen oder herzhaften Gerichten<\/p>\n<p data-start=\"1529\" data-end=\"1562\">Hinweis: Naturprodukt \u2013 mit Kern.<\/p>\n<hr data-start=\"1564\" data-end=\"1567\" \/>\n<h4 data-start=\"1569\" data-end=\"1588\"><span class=\"ez-toc-section\" id=\"Produktdetails\"><\/span>Podrobnosti o izdelku<span class=\"ez-toc-section-end\"><\/span><\/h4>\n<p data-start=\"1590\" data-end=\"1759\">Produktname: 1kg Ajwa Datteln<br data-start=\"1619\" data-end=\"1622\" \/>Vsebina: 1 kg<br data-start=\"1634\" data-end=\"1637\" \/>Sorte: Ajwa<br data-start=\"1648\" data-end=\"1651\" \/>Herkunft: Medina, Saudi-Arabien<br data-start=\"1682\" data-end=\"1685\" \/>Qualit\u00e4t: Naturbelassen, nicht geschwefelt<br data-start=\"1727\" data-end=\"1730\" \/>Verpackung: Beutel oder Box<\/p>\n<hr data-start=\"1761\" data-end=\"1764\" \/>\n<h4 data-start=\"1766\" data-end=\"1779\"><span class=\"ez-toc-section\" id=\"Lagerung\"><\/span>shranjevanje<span class=\"ez-toc-section-end\"><\/span><\/h4>\n<p data-start=\"1781\" data-end=\"1898\">K\u00fchl, trocken und lichtgesch\u00fctzt lagern. Nach dem \u00d6ffnen luftdicht verschlie\u00dfen. Optional im K\u00fchlschrank aufbewahren.<\/p>\n<hr data-start=\"1683\" data-end=\"1686\" \/>\n<h4 data-start=\"413\" data-end=\"449\"><span class=\"ez-toc-section\" id=\"Weitere_Inspiration_entdecken\"><\/span>Weitere Inspiration entdecken<span class=\"ez-toc-section-end\"><\/span><\/h4>\n<p data-start=\"450\" data-end=\"582\">Du suchst weitere besondere Produkte? Entdecke zus\u00e4tzliche Highlights in unserem Sortiment oder st\u00f6bere in unseren Partnerprojekten:<\/p>\n<ul data-start=\"584\" data-end=\"920\">\n<li data-start=\"584\" data-end=\"656\"><a href=\"https:\/\/honigbee.com\/sl\/shop\/\">Weitere Naturprodukte bei Honigbee entdecken<\/a><\/li>\n<li data-start=\"657\" data-end=\"783\">\n<p data-start=\"659\" data-end=\"783\"><a href=\"https:\/\/matvana.com\/shop\/\" target=\"_blank\" rel=\"noopener\">Stilvolle Wohnideen bei Matvana ansehen<\/a><\/p>\n<\/li>\n<li data-start=\"784\" data-end=\"920\">\n<p data-start=\"786\" data-end=\"920\"><a href=\"https:\/\/saphirsmaragd.com\/shop\/\" target=\"_blank\" rel=\"noopener\">Edelsteine &amp; Schmuck bei Saphir &amp; Smaragd ansehen<\/a><\/p>\n<\/li>\n<\/ul>\n<hr data-start=\"1931\" data-end=\"1934\" \/>\n<p>Produktbilder dienen der Veranschaulichung. Verpackungsdesign kann abweichen.<\/p>","protected":false},"excerpt":{"rendered":"<p data-start=\"580\" data-end=\"702\"><em>1kg Ajwa Datteln aus Medina naturbelassen und ungeschwefelt. Mild-s\u00fc\u00df im Geschmack und ideal zum Snacken oder f\u00fcr Rezepte.<\/em><\/p>\n<p class=\"\" data-start=\"3411\" data-end=\"3464\">","protected":false},"featured_media":43234,"comment_status":"open","ping_status":"closed","template":"","meta":{"_glsr_average":0,"_glsr_ranking":0,"_glsr_reviews":0},"product_brand":[],"product_cat":[722],"product_tag":[],"class_list":{"0":"post-13390","1":"product","2":"type-product","3":"status-publish","4":"has-post-thumbnail","6":"product_cat-ajwa-datteln","8":"first","9":"instock","10":"shipping-taxable","11":"purchasable","12":"product-type-simple","13":"add-to-wishlist-before_image"},"jetpack_sharing_enabled":true,"_links":{"self":[{"href":"https:\/\/honigbee.com\/sl\/wp-json\/wp\/v2\/product\/13390","targetHints":{"allow":["GET"]}}],"collection":[{"href":"https:\/\/honigbee.com\/sl\/wp-json\/wp\/v2\/product"}],"about":[{"href":"https:\/\/honigbee.com\/sl\/wp-json\/wp\/v2\/types\/product"}],"replies":[{"embeddable":true,"href":"https:\/\/honigbee.com\/sl\/wp-json\/wp\/v2\/comments?post=13390"}],"version-history":[{"count":3,"href":"https:\/\/honigbee.com\/sl\/wp-json\/wp\/v2\/product\/13390\/revisions"}],"predecessor-version":[{"id":43245,"href":"https:\/\/honigbee.com\/sl\/wp-json\/wp\/v2\/product\/13390\/revisions\/43245"}],"wp:featuredmedia":[{"embeddable":true,"href":"https:\/\/honigbee.com\/sl\/wp-json\/wp\/v2\/media\/43234"}],"wp:attachment":[{"href":"https:\/\/honigbee.com\/sl\/wp-json\/wp\/v2\/media?parent=13390"}],"wp:term":[{"taxonomy":"product_brand","embeddable":true,"href":"https:\/\/honigbee.com\/sl\/wp-json\/wp\/v2\/product_brand?post=13390"},{"taxonomy":"product_cat","embeddable":true,"href":"https:\/\/honigbee.com\/sl\/wp-json\/wp\/v2\/product_cat?post=13390"},{"taxonomy":"product_tag","embeddable":true,"href":"https:\/\/honigbee.com\/sl\/wp-json\/wp\/v2\/product_tag?post=13390"}],"curies":[{"name":"delovni list","href":"https:\/\/api.w.org\/{rel}","templated":true}]}}