{"id":23492,"date":"2025-05-29T15:36:53","date_gmt":"2025-05-29T15:36:53","guid":{"rendered":"https:\/\/honigbee.com\/?post_type=product&#038;p=23492"},"modified":"2026-03-09T18:03:24","modified_gmt":"2026-03-09T18:03:24","slug":"kokosnuss-scheiben-natural-smileys-500g","status":"publish","type":"product","link":"https:\/\/honigbee.com\/sl\/izdelek\/kokosnuss-scheiben-natural-smileys-500g\/","title":{"rendered":"500g Kokosnuss Scheiben Smileys \u2013 Getrocknete Kokoschips aus Sri Lanka"},"content":{"rendered":"<div id=\"ez-toc-container\" class=\"ez-toc-v2_0_83 counter-hierarchy ez-toc-counter ez-toc-grey ez-toc-container-direction\">\n<div class=\"ez-toc-title-container\">\n<p class=\"ez-toc-title\" style=\"cursor:inherit\">Kazalo vsebine<\/p>\n<span class=\"ez-toc-title-toggle\"><a href=\"#\" class=\"ez-toc-pull-right ez-toc-btn ez-toc-btn-xs ez-toc-btn-default ez-toc-toggle\" aria-label=\"Preklopi kazalo vsebine\"><span class=\"ez-toc-js-icon-con\"><span class=\"\"><span class=\"eztoc-hide\" style=\"display:none;\">Preklopi<\/span><span class=\"ez-toc-icon-toggle-span\"><svg style=\"fill: #999;color:#999\" xmlns=\"http:\/\/www.w3.org\/2000\/svg\" class=\"list-377408\" width=\"20px\" height=\"20px\" viewbox=\"0 0 24 24\" fill=\"none\"><path d=\"M6 6H4v2h2V6zm14 0H8v2h12V6zM4 11h2v2H4v-2zm16 0H8v2h12v-2zM4 16h2v2H4v-2zm16 0H8v2h12v-2z\" fill=\"currentColor\"><\/path><\/svg><svg style=\"fill: #999;color:#999\" class=\"arrow-unsorted-368013\" xmlns=\"http:\/\/www.w3.org\/2000\/svg\" width=\"10px\" height=\"10px\" viewbox=\"0 0 24 24\" version=\"1.2\" baseprofile=\"tiny\"><path d=\"M18.2 9.3l-6.2-6.3-6.2 6.3c-.2.2-.3.4-.3.7s.1.5.3.7c.2.2.4.3.7.3h11c.3 0 .5-.1.7-.3.2-.2.3-.5.3-.7s-.1-.5-.3-.7zM5.8 14.7l6.2 6.3 6.2-6.3c.2-.2.3-.5.3-.7s-.1-.5-.3-.7c-.2-.2-.4-.3-.7-.3h-11c-.3 0-.5.1-.7.3-.2.2-.3.5-.3.7s.1.5.3.7z\"\/><\/svg><\/span><\/span><\/span><\/a><\/span><\/div>\n<nav><ul class='ez-toc-list ez-toc-list-level-1' ><li class='ez-toc-page-1 ez-toc-heading-level-4'><a class=\"ez-toc-link ez-toc-heading-1\" href=\"https:\/\/honigbee.com\/sl\/izdelek\/kokosnuss-scheiben-natural-smileys-500g\/#Produktmerkmale\" >Zna\u010dilnosti izdelka<\/a><\/li><li class='ez-toc-page-1 ez-toc-heading-level-4'><a class=\"ez-toc-link ez-toc-heading-2\" href=\"https:\/\/honigbee.com\/sl\/izdelek\/kokosnuss-scheiben-natural-smileys-500g\/#Geschmack_Konsistenz\" >Okus in konsistenca<\/a><\/li><li class='ez-toc-page-1 ez-toc-heading-level-4'><a class=\"ez-toc-link ez-toc-heading-3\" href=\"https:\/\/honigbee.com\/sl\/izdelek\/kokosnuss-scheiben-natural-smileys-500g\/#Verwendung\" >uporaba<\/a><\/li><li class='ez-toc-page-1 ez-toc-heading-level-4'><a class=\"ez-toc-link ez-toc-heading-4\" href=\"https:\/\/honigbee.com\/sl\/izdelek\/kokosnuss-scheiben-natural-smileys-500g\/#Nahrwerte_pro_100_g\" >Hranilne vrednosti (na 100 g)<\/a><\/li><li class='ez-toc-page-1 ez-toc-heading-level-4'><a class=\"ez-toc-link ez-toc-heading-5\" href=\"https:\/\/honigbee.com\/sl\/izdelek\/kokosnuss-scheiben-natural-smileys-500g\/#Produktdetails\" >Podrobnosti o izdelku<\/a><\/li><li class='ez-toc-page-1 ez-toc-heading-level-4'><a class=\"ez-toc-link ez-toc-heading-6\" href=\"https:\/\/honigbee.com\/sl\/izdelek\/kokosnuss-scheiben-natural-smileys-500g\/#Lagerung\" >shranjevanje<\/a><\/li><li class='ez-toc-page-1 ez-toc-heading-level-4'><a class=\"ez-toc-link ez-toc-heading-7\" href=\"https:\/\/honigbee.com\/sl\/izdelek\/kokosnuss-scheiben-natural-smileys-500g\/#Weitere_Inspiration_entdecken\" >Weitere Inspiration entdecken<\/a><\/li><\/ul><\/nav><\/div>\n<p data-start=\"648\" data-end=\"827\">The <strong data-start=\"652\" data-end=\"687\">500g Kokosnuss Scheiben Smileys<\/strong> bestehen aus d\u00fcnn geschnittenem Fruchtfleisch der Kokosnuss, das schonend getrocknet wird. Dadurch bleibt das typische Kokosaroma erhalten.<\/p>\n<p data-start=\"829\" data-end=\"942\">Die Kokoschips werden in Scheiben geschnitten und eignen sich als Snack sowie als Zutat f\u00fcr verschiedene Rezepte.<\/p>\n<hr data-start=\"944\" data-end=\"947\" \/>\n<h4 data-start=\"949\" data-end=\"969\"><span class=\"ez-toc-section\" id=\"Produktmerkmale\"><\/span>Zna\u010dilnosti izdelka<span class=\"ez-toc-section-end\"><\/span><\/h4>\n<p data-start=\"971\" data-end=\"1156\">500g Kokosnuss Scheiben Smileys<br data-start=\"1002\" data-end=\"1005\" \/>Getrocknete Kokoschips<br data-start=\"1027\" data-end=\"1030\" \/>Izvor: \u0160rilanka<br data-start=\"1049\" data-end=\"1052\" \/>Vegansko in brez glutena<br data-start=\"1072\" data-end=\"1075\" \/>Brez dodanega sladkorja<br data-start=\"1092\" data-end=\"1095\" \/>Brez konzervansov<br data-start=\"1120\" data-end=\"1123\" \/>Embala\u017ea, ki jo je mogo\u010de ponovno zapreti<\/p>\n<hr data-start=\"1158\" data-end=\"1161\" \/>\n<h4 data-start=\"1163\" data-end=\"1190\"><span class=\"ez-toc-section\" id=\"Geschmack_Konsistenz\"><\/span>Okus in konsistenca<span class=\"ez-toc-section-end\"><\/span><\/h4>\n<p data-start=\"1192\" data-end=\"1266\">Typisches Kokosaroma<br data-start=\"1212\" data-end=\"1215\" \/>Leicht s\u00fc\u00dflicher Geschmack<br data-start=\"1241\" data-end=\"1244\" \/>Knusprige Kokoschips<\/p>\n<hr data-start=\"1268\" data-end=\"1271\" \/>\n<h4 data-start=\"1273\" data-end=\"1288\"><span class=\"ez-toc-section\" id=\"Verwendung\"><\/span>uporaba<span class=\"ez-toc-section-end\"><\/span><\/h4>\n<p data-start=\"1290\" data-end=\"1346\">The <strong data-start=\"1294\" data-end=\"1329\">500g Kokosnuss Scheiben Smileys<\/strong> eignen sich f\u00fcr:<\/p>\n<p data-start=\"1348\" data-end=\"1472\">\u2022 Snack f\u00fcr unterwegs<br data-start=\"1369\" data-end=\"1372\" \/>\u2022 M\u00fcsli oder Porridge<br data-start=\"1393\" data-end=\"1396\" \/>\u2022 Desserts<br data-start=\"1406\" data-end=\"1409\" \/>\u2022 Backrezepte<br data-start=\"1422\" data-end=\"1425\" \/>\u2022 Kombination mit N\u00fcssen oder Trockenfr\u00fcchten<\/p>\n<hr data-start=\"1474\" data-end=\"1477\" \/>\n<h4 data-start=\"1479\" data-end=\"1505\"><span class=\"ez-toc-section\" id=\"Nahrwerte_pro_100_g\"><\/span>Hranilne vrednosti (na 100 g)<span class=\"ez-toc-section-end\"><\/span><\/h4>\n<p data-start=\"1507\" data-end=\"1678\">Energie: 606 kcal<br data-start=\"1524\" data-end=\"1527\" \/>Fett: 64,5 g<br data-start=\"1539\" data-end=\"1542\" \/>davon ges\u00e4ttigte Fetts\u00e4uren: 57,2 g<br data-start=\"1577\" data-end=\"1580\" \/>Kohlenhydrate: 23,7 g<br data-start=\"1601\" data-end=\"1604\" \/>davon Zucker: 7,4 g<br data-start=\"1623\" data-end=\"1626\" \/>Beljakovine: 6,9 g<br data-start=\"1639\" data-end=\"1642\" \/>Vlaknine: 14 g<br data-start=\"1661\" data-end=\"1664\" \/>Sol: 0,98 g<\/p>\n<hr data-start=\"1680\" data-end=\"1683\" \/>\n<h4 data-start=\"1685\" data-end=\"1704\"><span class=\"ez-toc-section\" id=\"Produktdetails\"><\/span>Podrobnosti o izdelku<span class=\"ez-toc-section-end\"><\/span><\/h4>\n<p data-start=\"1706\" data-end=\"1838\">Produktname: 500g Kokosnuss Scheiben Smileys<br data-start=\"1750\" data-end=\"1753\" \/>Vsebina: 500 g<br data-start=\"1766\" data-end=\"1769\" \/>Izvor: \u0160rilanka<br data-start=\"1788\" data-end=\"1791\" \/>Verarbeitung: Getrocknet<br data-start=\"1815\" data-end=\"1818\" \/>Zutaten: Kokosnuss<\/p>\n<hr data-start=\"1840\" data-end=\"1843\" \/>\n<h4 data-start=\"1845\" data-end=\"1858\"><span class=\"ez-toc-section\" id=\"Lagerung\"><\/span>shranjevanje<span class=\"ez-toc-section-end\"><\/span><\/h4>\n<p data-start=\"1860\" data-end=\"1934\" data-is-last-node=\"\" data-is-only-node=\"\">Trocken, k\u00fchl und lichtgesch\u00fctzt lagern. Nach dem \u00d6ffnen gut verschlie\u00dfen.<\/p>\n<hr data-start=\"1840\" data-end=\"1843\" \/>\n<h4 data-start=\"413\" data-end=\"449\"><span class=\"ez-toc-section\" id=\"Weitere_Inspiration_entdecken\"><\/span>Weitere Inspiration entdecken<span class=\"ez-toc-section-end\"><\/span><\/h4>\n<p data-start=\"450\" data-end=\"582\">Du suchst weitere besondere Produkte? Entdecke zus\u00e4tzliche Highlights in unserem Sortiment oder st\u00f6bere in unseren Partnerprojekten:<\/p>\n<ul data-start=\"584\" data-end=\"920\">\n<li data-start=\"584\" data-end=\"656\"><a href=\"https:\/\/honigbee.com\/sl\/shop\/\">Weitere Naturprodukte bei Honigbee entdecken<\/a><\/li>\n<li data-start=\"657\" data-end=\"783\">\n<p data-start=\"659\" data-end=\"783\"><a href=\"https:\/\/matvana.com\/shop\/\" target=\"_blank\" rel=\"noopener\">Stilvolle Wohnideen bei Matvana ansehen<\/a><\/p>\n<\/li>\n<li data-start=\"784\" data-end=\"920\">\n<p data-start=\"786\" data-end=\"920\"><a href=\"https:\/\/saphirsmaragd.com\/shop\/\" target=\"_blank\" rel=\"noopener\">Edelsteine &amp; Schmuck bei Saphir &amp; Smaragd ansehen<\/a><\/p>\n<\/li>\n<\/ul>\n<hr data-start=\"1931\" data-end=\"1934\" \/>\n<p>Produktbilder dienen der Veranschaulichung. Verpackungsdesign kann abweichen.<\/p>","protected":false},"excerpt":{"rendered":"<p data-start=\"412\" data-end=\"567\"><em>500g Kokosnuss Scheiben Smileys aus Sri Lanka. Getrocknete Kokoschips mit nat\u00fcrlichem Kokosgeschmack, ideal als Snack, f\u00fcr M\u00fcsli, Desserts und Backrezepte.<\/em><\/p>","protected":false},"featured_media":43477,"comment_status":"open","ping_status":"closed","template":"","meta":{"_glsr_average":0,"_glsr_ranking":0,"_glsr_reviews":0},"product_brand":[],"product_cat":[695],"product_tag":[],"class_list":{"0":"post-23492","1":"product","2":"type-product","3":"status-publish","4":"has-post-thumbnail","6":"product_cat-getrocknete-kokosnuss","8":"first","9":"instock","10":"virtual","11":"purchasable","12":"product-type-simple","13":"add-to-wishlist-before_image"},"jetpack_sharing_enabled":true,"_links":{"self":[{"href":"https:\/\/honigbee.com\/sl\/wp-json\/wp\/v2\/product\/23492","targetHints":{"allow":["GET"]}}],"collection":[{"href":"https:\/\/honigbee.com\/sl\/wp-json\/wp\/v2\/product"}],"about":[{"href":"https:\/\/honigbee.com\/sl\/wp-json\/wp\/v2\/types\/product"}],"replies":[{"embeddable":true,"href":"https:\/\/honigbee.com\/sl\/wp-json\/wp\/v2\/comments?post=23492"}],"version-history":[{"count":3,"href":"https:\/\/honigbee.com\/sl\/wp-json\/wp\/v2\/product\/23492\/revisions"}],"predecessor-version":[{"id":43478,"href":"https:\/\/honigbee.com\/sl\/wp-json\/wp\/v2\/product\/23492\/revisions\/43478"}],"wp:featuredmedia":[{"embeddable":true,"href":"https:\/\/honigbee.com\/sl\/wp-json\/wp\/v2\/media\/43477"}],"wp:attachment":[{"href":"https:\/\/honigbee.com\/sl\/wp-json\/wp\/v2\/media?parent=23492"}],"wp:term":[{"taxonomy":"product_brand","embeddable":true,"href":"https:\/\/honigbee.com\/sl\/wp-json\/wp\/v2\/product_brand?post=23492"},{"taxonomy":"product_cat","embeddable":true,"href":"https:\/\/honigbee.com\/sl\/wp-json\/wp\/v2\/product_cat?post=23492"},{"taxonomy":"product_tag","embeddable":true,"href":"https:\/\/honigbee.com\/sl\/wp-json\/wp\/v2\/product_tag?post=23492"}],"curies":[{"name":"delovni list","href":"https:\/\/api.w.org\/{rel}","templated":true}]}}