{"id":23583,"date":"2025-05-30T12:59:03","date_gmt":"2025-05-30T12:59:03","guid":{"rendered":"https:\/\/honigbee.com\/?post_type=product&#038;p=23583"},"modified":"2026-02-28T18:21:56","modified_gmt":"2026-02-28T18:21:56","slug":"1-kg-mischung-aus-fein-gesalzenen-nuessen","status":"publish","type":"product","link":"https:\/\/honigbee.com\/sl\/izdelek\/1-kg-mischung-aus-fein-gesalzenen-nuessen\/","title":{"rendered":"1 kg me\u0161anice fino soljenih ore\u0161\u010dkov \u2013 pra\u017eenih, veganskih, vsestranskih"},"content":{"rendered":"<div id=\"ez-toc-container\" class=\"ez-toc-v2_0_83 counter-hierarchy ez-toc-counter ez-toc-grey ez-toc-container-direction\">\n<div class=\"ez-toc-title-container\">\n<p class=\"ez-toc-title\" style=\"cursor:inherit\">Kazalo vsebine<\/p>\n<span class=\"ez-toc-title-toggle\"><a href=\"#\" class=\"ez-toc-pull-right ez-toc-btn ez-toc-btn-xs ez-toc-btn-default ez-toc-toggle\" aria-label=\"Preklopi kazalo vsebine\"><span class=\"ez-toc-js-icon-con\"><span class=\"\"><span class=\"eztoc-hide\" style=\"display:none;\">Preklopi<\/span><span class=\"ez-toc-icon-toggle-span\"><svg style=\"fill: #999;color:#999\" xmlns=\"http:\/\/www.w3.org\/2000\/svg\" class=\"list-377408\" width=\"20px\" height=\"20px\" viewbox=\"0 0 24 24\" fill=\"none\"><path d=\"M6 6H4v2h2V6zm14 0H8v2h12V6zM4 11h2v2H4v-2zm16 0H8v2h12v-2zM4 16h2v2H4v-2zm16 0H8v2h12v-2z\" fill=\"currentColor\"><\/path><\/svg><svg style=\"fill: #999;color:#999\" class=\"arrow-unsorted-368013\" xmlns=\"http:\/\/www.w3.org\/2000\/svg\" width=\"10px\" height=\"10px\" viewbox=\"0 0 24 24\" version=\"1.2\" baseprofile=\"tiny\"><path d=\"M18.2 9.3l-6.2-6.3-6.2 6.3c-.2.2-.3.4-.3.7s.1.5.3.7c.2.2.4.3.7.3h11c.3 0 .5-.1.7-.3.2-.2.3-.5.3-.7s-.1-.5-.3-.7zM5.8 14.7l6.2 6.3 6.2-6.3c.2-.2.3-.5.3-.7s-.1-.5-.3-.7c-.2-.2-.4-.3-.7-.3h-11c-.3 0-.5.1-.7.3-.2.2-.3.5-.3.7s.1.5.3.7z\"\/><\/svg><\/span><\/span><\/span><\/a><\/span><\/div>\n<nav><ul class='ez-toc-list ez-toc-list-level-1' ><li class='ez-toc-page-1 ez-toc-heading-level-4'><a class=\"ez-toc-link ez-toc-heading-1\" href=\"https:\/\/honigbee.com\/sl\/izdelek\/1-kg-mischung-aus-fein-gesalzenen-nuessen\/#Vorteile_der_Mischung_aus_fein_gesalzenen_Nussen\" >Prednosti me\u0161anice fino soljenih ore\u0161\u010dkov<\/a><\/li><li class='ez-toc-page-1 ez-toc-heading-level-4'><a class=\"ez-toc-link ez-toc-heading-2\" href=\"https:\/\/honigbee.com\/sl\/izdelek\/1-kg-mischung-aus-fein-gesalzenen-nuessen\/#Nahrstoffreiche_Mandeln_Cashews_Erdnusse_und_Pekannusse\" >Hranljivi mandlji, indijski ore\u0161\u010dki, ara\u0161idi in pekan orehi<\/a><\/li><li class='ez-toc-page-1 ez-toc-heading-level-4'><a class=\"ez-toc-link ez-toc-heading-3\" href=\"https:\/\/honigbee.com\/sl\/izdelek\/1-kg-mischung-aus-fein-gesalzenen-nuessen\/#Anwendungsmoglichkeiten_der_fein_gesalzenen_Nussmischung\" >Mo\u017ene uporabe fino soljene me\u0161anice ore\u0161\u010dkov<\/a><\/li><li class='ez-toc-page-1 ez-toc-heading-level-4'><a class=\"ez-toc-link ez-toc-heading-4\" href=\"https:\/\/honigbee.com\/sl\/izdelek\/1-kg-mischung-aus-fein-gesalzenen-nuessen\/#Produktdetails_im_Uberblick\" >Podrobnosti o izdelku na prvi pogled<\/a><\/li><li class='ez-toc-page-1 ez-toc-heading-level-4'><a class=\"ez-toc-link ez-toc-heading-5\" href=\"https:\/\/honigbee.com\/sl\/izdelek\/1-kg-mischung-aus-fein-gesalzenen-nuessen\/#Lagerungshinweise\" >Navodila za shranjevanje<\/a><\/li><li class='ez-toc-page-1 ez-toc-heading-level-4'><a class=\"ez-toc-link ez-toc-heading-6\" href=\"https:\/\/honigbee.com\/sl\/izdelek\/1-kg-mischung-aus-fein-gesalzenen-nuessen\/#Weitere_Inspiration_entdecken\" >Weitere Inspiration entdecken<\/a><\/li><\/ul><\/nav><\/div>\n<p data-start=\"754\" data-end=\"1154\">The <strong data-start=\"758\" data-end=\"797\">Me\u0161anica fino soljenih ore\u0161\u010dkov<\/strong> Bery Jones je idealna alternativa mastnim \u010dipsom in neokusnim krekerjem. Ta me\u0161anica pra\u017eenih mandljev, indijskih ore\u0161\u010dkov, pekanov in ara\u0161idov je okusen prigrizek k pivu in vinu ali vsestranska sestavina v kuhinji. Pred uporabo je priporo\u010dljivo, da ore\u0161\u010dke na kratko sperete z vodo, da odstranite odve\u010dno sol.<\/p>\n<hr data-start=\"1156\" data-end=\"1159\" \/>\n<h4 data-start=\"1161\" data-end=\"1213\"><span class=\"ez-toc-section\" id=\"Vorteile_der_Mischung_aus_fein_gesalzenen_Nussen\"><\/span>Prednosti me\u0161anice fino soljenih ore\u0161\u010dkov<span class=\"ez-toc-section-end\"><\/span><\/h4>\n<ul data-start=\"1215\" data-end=\"1481\">\n<li data-start=\"1215\" data-end=\"1262\">\n<p data-start=\"1217\" data-end=\"1262\">Bogato s pomembnimi vitamini in minerali<\/p>\n<\/li>\n<li data-start=\"1263\" data-end=\"1327\">\n<p data-start=\"1265\" data-end=\"1327\">Vsestranski kot prigrizek in sestavina v \u017ee pripravljenih jedeh<\/p>\n<\/li>\n<li data-start=\"1328\" data-end=\"1382\">\n<p data-start=\"1330\" data-end=\"1382\">Okolju prijazna embala\u017ea, ki jo je mogo\u010de ponovno zapreti<\/p>\n<\/li>\n<li data-start=\"1383\" data-end=\"1427\">\n<p data-start=\"1385\" data-end=\"1427\">Idealno kot dodatek za juhe ali solate<\/p>\n<\/li>\n<li data-start=\"1428\" data-end=\"1481\">\n<p data-start=\"1430\" data-end=\"1481\">Vsebuje mandlje, indijske ore\u0161\u010dke, pekan orehe in ara\u0161ide<\/p>\n<\/li>\n<\/ul>\n<hr data-start=\"1483\" data-end=\"1486\" \/>\n<h4 data-start=\"1488\" data-end=\"1549\"><span class=\"ez-toc-section\" id=\"Nahrstoffreiche_Mandeln_Cashews_Erdnusse_und_Pekannusse\"><\/span>Hranljivi mandlji, indijski ore\u0161\u010dki, ara\u0161idi in pekan orehi<span class=\"ez-toc-section-end\"><\/span><\/h4>\n<p data-start=\"1551\" data-end=\"1927\">Mandlji zagotavljajo pomembne minerale, kot so magnezij, kalcij in cink, ter antioksidante za zdravje ko\u017ee in srca. Indijski ore\u0161\u010dki so bogati z magnezijem, ki podpira pomembne presnovne procese in izbolj\u0161uje spanec. Ara\u0161idi imajo veliko beljakovin in vlaknin, pekan orehi pa veliko nenasi\u010denih ma\u0161\u010dobnih kislin in antioksidantov, ki spodbujajo zdravje srca.<\/p>\n<hr data-start=\"1929\" data-end=\"1932\" \/>\n<h4 data-start=\"1934\" data-end=\"1994\"><span class=\"ez-toc-section\" id=\"Anwendungsmoglichkeiten_der_fein_gesalzenen_Nussmischung\"><\/span>Mo\u017ene uporabe fino soljene me\u0161anice ore\u0161\u010dkov<span class=\"ez-toc-section-end\"><\/span><\/h4>\n<p data-start=\"1996\" data-end=\"2372\">Ta me\u0161anica ore\u0161\u010dkov je idealna za vse, ki i\u0161\u010dejo bolj zdrave alternative prigrizkom. Odli\u010dno se poda k pivu in vinu, izpopolni kremne omake ali pa dopolni zelenjavne in solatne jedi. Za druge visokokakovostne naravne izdelke priporo\u010damo surovi jemenski med Sidr na <a class=\"\" href=\"https:\/\/honigbee.com\/sl\/izdelek\/roher-jemenitischer-sidr-doani-honig-400g\/\" target=\"_new\" rel=\"noopener\" data-start=\"2273\" data-end=\"2371\">honigbee.com\/sidr-honig<\/a>.<\/p>\n<hr data-start=\"2374\" data-end=\"2377\" \/>\n<h4 data-start=\"2379\" data-end=\"2410\"><span class=\"ez-toc-section\" id=\"Produktdetails_im_Uberblick\"><\/span>Podrobnosti o izdelku na prvi pogled<span class=\"ez-toc-section-end\"><\/span><\/h4>\n<ul data-start=\"2412\" data-end=\"2781\">\n<li data-start=\"2412\" data-end=\"2428\">\n<p data-start=\"2414\" data-end=\"2428\">Vsebina: 1 kg<\/p>\n<\/li>\n<li data-start=\"2429\" data-end=\"2475\">\n<p data-start=\"2431\" data-end=\"2475\">Izvor: Argentina, Slonoko\u0161\u010dena obala, ZDA<\/p>\n<\/li>\n<li data-start=\"2476\" data-end=\"2585\">\n<p data-start=\"2478\" data-end=\"2585\">Hranilne vrednosti na 100 g: 147 kcal, 54,5 g ma\u0161\u010dob, 18,5 g beljakovin, 18,6 g ogljikovih hidratov, 4,7 g sladkorjev, 0,5 g soli<\/p>\n<\/li>\n<li data-start=\"2586\" data-end=\"2649\">\n<p data-start=\"2588\" data-end=\"2649\">Vegansko, brez glutena, brez dodanega sladkorja ali umetnih dodatkov<\/p>\n<\/li>\n<li data-start=\"2650\" data-end=\"2715\">\n<p data-start=\"2652\" data-end=\"2715\">Sestavine: indijski ore\u0161\u010dki, mandlji, ara\u0161idi, pekan orehi, repi\u010dno olje, sol<\/p>\n<\/li>\n<li data-start=\"2716\" data-end=\"2781\">\n<p data-start=\"2718\" data-end=\"2781\">Lahko vsebuje sledi ara\u0161idov, drugih ore\u0161\u010dkov in sezama<\/p>\n<\/li>\n<\/ul>\n<hr data-start=\"2783\" data-end=\"2786\" \/>\n<h4 data-start=\"2788\" data-end=\"2809\"><span class=\"ez-toc-section\" id=\"Lagerungshinweise\"><\/span>Navodila za shranjevanje<span class=\"ez-toc-section-end\"><\/span><\/h4>\n<p data-start=\"2811\" data-end=\"2891\">Hranite na hladnem in suhem mestu, stran od neposredne son\u010dne svetlobe.<\/p>\n<hr data-start=\"2893\" data-end=\"2896\" \/>\n<h4 data-start=\"413\" data-end=\"449\"><span class=\"ez-toc-section\" id=\"Weitere_Inspiration_entdecken\"><\/span>Weitere Inspiration entdecken<span class=\"ez-toc-section-end\"><\/span><\/h4>\n<p data-start=\"450\" data-end=\"582\">Du suchst weitere besondere Produkte? Entdecke zus\u00e4tzliche Highlights in unserem Sortiment oder st\u00f6bere in unseren Partnerprojekten:<\/p>\n<ul data-start=\"584\" data-end=\"920\">\n<li data-start=\"584\" data-end=\"656\"><a href=\"https:\/\/honigbee.com\/sl\/shop\/\">Weitere Naturprodukte bei Honigbee entdecken<\/a><\/li>\n<li data-start=\"657\" data-end=\"783\">\n<p data-start=\"659\" data-end=\"783\"><a href=\"https:\/\/matvana.com\/shop\/\" target=\"_blank\" rel=\"noopener\">Stilvolle Wohnideen bei Matvana ansehen<\/a><\/p>\n<\/li>\n<li data-start=\"784\" data-end=\"920\">\n<p data-start=\"786\" data-end=\"920\"><a href=\"https:\/\/saphirsmaragd.com\/shop\/\" target=\"_blank\" rel=\"noopener\">Edelsteine &amp; Schmuck bei Saphir &amp; Smaragd ansehen<\/a><\/p>\n<\/li>\n<\/ul>\n<hr data-start=\"1931\" data-end=\"1934\" \/>\n<p>Produktbilder dienen der Veranschaulichung. Verpackungsdesign kann abweichen.<\/p>","protected":false},"excerpt":{"rendered":"<p data-start=\"358\" data-end=\"514\"><em>1 kg me\u0161anice fino soljenih ore\u0161\u010dkov z mandlji, indijskimi ore\u0161\u010dki, pekan orehi in ara\u0161idi. Odli\u010dna kot prigrizek ali sestavina, veganska in pakirana na okolju prijazen na\u010din.<\/em><\/p>","protected":false},"featured_media":42136,"comment_status":"open","ping_status":"closed","template":"","meta":{"_glsr_average":0,"_glsr_ranking":0,"_glsr_reviews":0},"product_brand":[],"product_cat":[1175],"product_tag":[],"class_list":{"0":"post-23583","1":"product","2":"type-product","3":"status-publish","4":"has-post-thumbnail","6":"product_cat-nussmischung","8":"first","9":"instock","10":"shipping-taxable","11":"purchasable","12":"product-type-simple","13":"add-to-wishlist-before_image"},"jetpack_sharing_enabled":true,"_links":{"self":[{"href":"https:\/\/honigbee.com\/sl\/wp-json\/wp\/v2\/product\/23583","targetHints":{"allow":["GET"]}}],"collection":[{"href":"https:\/\/honigbee.com\/sl\/wp-json\/wp\/v2\/product"}],"about":[{"href":"https:\/\/honigbee.com\/sl\/wp-json\/wp\/v2\/types\/product"}],"replies":[{"embeddable":true,"href":"https:\/\/honigbee.com\/sl\/wp-json\/wp\/v2\/comments?post=23583"}],"version-history":[{"count":3,"href":"https:\/\/honigbee.com\/sl\/wp-json\/wp\/v2\/product\/23583\/revisions"}],"predecessor-version":[{"id":43143,"href":"https:\/\/honigbee.com\/sl\/wp-json\/wp\/v2\/product\/23583\/revisions\/43143"}],"wp:featuredmedia":[{"embeddable":true,"href":"https:\/\/honigbee.com\/sl\/wp-json\/wp\/v2\/media\/42136"}],"wp:attachment":[{"href":"https:\/\/honigbee.com\/sl\/wp-json\/wp\/v2\/media?parent=23583"}],"wp:term":[{"taxonomy":"product_brand","embeddable":true,"href":"https:\/\/honigbee.com\/sl\/wp-json\/wp\/v2\/product_brand?post=23583"},{"taxonomy":"product_cat","embeddable":true,"href":"https:\/\/honigbee.com\/sl\/wp-json\/wp\/v2\/product_cat?post=23583"},{"taxonomy":"product_tag","embeddable":true,"href":"https:\/\/honigbee.com\/sl\/wp-json\/wp\/v2\/product_tag?post=23583"}],"curies":[{"name":"delovni list","href":"https:\/\/api.w.org\/{rel}","templated":true}]}}