{"id":23641,"date":"2025-05-30T18:49:55","date_gmt":"2025-05-30T18:49:55","guid":{"rendered":"https:\/\/honigbee.com\/?post_type=product&#038;p=23641"},"modified":"2026-03-09T17:51:00","modified_gmt":"2026-03-09T17:51:00","slug":"500g-kapstachelbeere","status":"publish","type":"product","link":"https:\/\/honigbee.com\/sl\/izdelek\/500g-kapstachelbeere\/","title":{"rendered":"500g Getrocknete Kapstachelbeeren \u2013 Physalis aus Peru"},"content":{"rendered":"<div id=\"ez-toc-container\" class=\"ez-toc-v2_0_83 counter-hierarchy ez-toc-counter ez-toc-grey ez-toc-container-direction\">\n<div class=\"ez-toc-title-container\">\n<p class=\"ez-toc-title\" style=\"cursor:inherit\">Kazalo vsebine<\/p>\n<span class=\"ez-toc-title-toggle\"><a href=\"#\" class=\"ez-toc-pull-right ez-toc-btn ez-toc-btn-xs ez-toc-btn-default ez-toc-toggle\" aria-label=\"Preklopi kazalo vsebine\"><span class=\"ez-toc-js-icon-con\"><span class=\"\"><span class=\"eztoc-hide\" style=\"display:none;\">Preklopi<\/span><span class=\"ez-toc-icon-toggle-span\"><svg style=\"fill: #999;color:#999\" xmlns=\"http:\/\/www.w3.org\/2000\/svg\" class=\"list-377408\" width=\"20px\" height=\"20px\" viewbox=\"0 0 24 24\" fill=\"none\"><path d=\"M6 6H4v2h2V6zm14 0H8v2h12V6zM4 11h2v2H4v-2zm16 0H8v2h12v-2zM4 16h2v2H4v-2zm16 0H8v2h12v-2z\" fill=\"currentColor\"><\/path><\/svg><svg style=\"fill: #999;color:#999\" class=\"arrow-unsorted-368013\" xmlns=\"http:\/\/www.w3.org\/2000\/svg\" width=\"10px\" height=\"10px\" viewbox=\"0 0 24 24\" version=\"1.2\" baseprofile=\"tiny\"><path d=\"M18.2 9.3l-6.2-6.3-6.2 6.3c-.2.2-.3.4-.3.7s.1.5.3.7c.2.2.4.3.7.3h11c.3 0 .5-.1.7-.3.2-.2.3-.5.3-.7s-.1-.5-.3-.7zM5.8 14.7l6.2 6.3 6.2-6.3c.2-.2.3-.5.3-.7s-.1-.5-.3-.7c-.2-.2-.4-.3-.7-.3h-11c-.3 0-.5.1-.7.3-.2.2-.3.5-.3.7s.1.5.3.7z\"\/><\/svg><\/span><\/span><\/span><\/a><\/span><\/div>\n<nav><ul class='ez-toc-list ez-toc-list-level-1' ><li class='ez-toc-page-1 ez-toc-heading-level-4'><a class=\"ez-toc-link ez-toc-heading-1\" href=\"https:\/\/honigbee.com\/sl\/izdelek\/500g-kapstachelbeere\/#Produktmerkmale\" >Zna\u010dilnosti izdelka<\/a><\/li><li class='ez-toc-page-1 ez-toc-heading-level-4'><a class=\"ez-toc-link ez-toc-heading-2\" href=\"https:\/\/honigbee.com\/sl\/izdelek\/500g-kapstachelbeere\/#Geschmack_Konsistenz\" >Okus in konsistenca<\/a><\/li><li class='ez-toc-page-1 ez-toc-heading-level-4'><a class=\"ez-toc-link ez-toc-heading-3\" href=\"https:\/\/honigbee.com\/sl\/izdelek\/500g-kapstachelbeere\/#Verwendung\" >uporaba<\/a><\/li><li class='ez-toc-page-1 ez-toc-heading-level-4'><a class=\"ez-toc-link ez-toc-heading-4\" href=\"https:\/\/honigbee.com\/sl\/izdelek\/500g-kapstachelbeere\/#Nahrwerte_pro_100_g\" >Hranilne vrednosti (na 100 g)<\/a><\/li><li class='ez-toc-page-1 ez-toc-heading-level-4'><a class=\"ez-toc-link ez-toc-heading-5\" href=\"https:\/\/honigbee.com\/sl\/izdelek\/500g-kapstachelbeere\/#Produktdetails\" >Podrobnosti o izdelku<\/a><\/li><li class='ez-toc-page-1 ez-toc-heading-level-4'><a class=\"ez-toc-link ez-toc-heading-6\" href=\"https:\/\/honigbee.com\/sl\/izdelek\/500g-kapstachelbeere\/#Lagerung\" >shranjevanje<\/a><\/li><li class='ez-toc-page-1 ez-toc-heading-level-4'><a class=\"ez-toc-link ez-toc-heading-7\" href=\"https:\/\/honigbee.com\/sl\/izdelek\/500g-kapstachelbeere\/#Weitere_Inspiration_entdecken\" >Weitere Inspiration entdecken<\/a><\/li><\/ul><\/nav><\/div>\n<p data-start=\"747\" data-end=\"932\">The <strong data-start=\"751\" data-end=\"788\">500g Getrocknete Kapstachelbeeren<\/strong> bestehen aus schonend getrockneten Fr\u00fcchten der Physalis-Pflanze. Durch die Trocknung bleibt das fruchtig-s\u00e4uerliche Aroma der Beeren erhalten.<\/p>\n<hr data-start=\"1028\" data-end=\"1031\" \/>\n<h4 data-start=\"1033\" data-end=\"1053\"><span class=\"ez-toc-section\" id=\"Produktmerkmale\"><\/span>Zna\u010dilnosti izdelka<span class=\"ez-toc-section-end\"><\/span><\/h4>\n<p data-start=\"1055\" data-end=\"1225\">Physalis aus Peru<br data-start=\"1108\" data-end=\"1111\" \/>Fruchtig-s\u00e4uerlicher Geschmack<br data-start=\"1141\" data-end=\"1144\" \/>100 % Kapstachelbeeren<br data-start=\"1166\" data-end=\"1169\" \/>Vegansko in brez glutena<br data-start=\"1189\" data-end=\"1192\" \/>Embala\u017ea, ki jo je mogo\u010de ponovno zapreti<\/p>\n<hr data-start=\"1227\" data-end=\"1230\" \/>\n<h4 data-start=\"1232\" data-end=\"1259\"><span class=\"ez-toc-section\" id=\"Geschmack_Konsistenz\"><\/span>Okus in konsistenca<span class=\"ez-toc-section-end\"><\/span><\/h4>\n<p data-start=\"1261\" data-end=\"1349\">Fruchtig-s\u00e4uerliches Beerenaroma<br data-start=\"1293\" data-end=\"1296\" \/>Leicht s\u00fc\u00dfe Fruchtnote<br data-start=\"1318\" data-end=\"1321\" \/>Weiche, leicht z\u00e4he Textur<\/p>\n<hr data-start=\"1351\" data-end=\"1354\" \/>\n<h4 data-start=\"1356\" data-end=\"1371\"><span class=\"ez-toc-section\" id=\"Verwendung\"><\/span>uporaba<span class=\"ez-toc-section-end\"><\/span><\/h4>\n<p data-start=\"1433\" data-end=\"1557\">\u2022 Snack f\u00fcr unterwegs<br data-start=\"1454\" data-end=\"1457\" \/>\u2022 M\u00fcsli oder Porridge<br data-start=\"1478\" data-end=\"1481\" \/>\u2022 Backrezepte<br data-start=\"1494\" data-end=\"1497\" \/>\u2022 Desserts<br data-start=\"1507\" data-end=\"1510\" \/>\u2022 Kombination mit N\u00fcssen oder Trockenfr\u00fcchten<\/p>\n<hr data-start=\"1559\" data-end=\"1562\" \/>\n<h4 data-start=\"1564\" data-end=\"1590\"><span class=\"ez-toc-section\" id=\"Nahrwerte_pro_100_g\"><\/span>Hranilne vrednosti (na 100 g)<span class=\"ez-toc-section-end\"><\/span><\/h4>\n<p data-start=\"1592\" data-end=\"1696\">Energie: 338 kcal<br data-start=\"1609\" data-end=\"1612\" \/>Fett: 3,7 g<br data-start=\"1623\" data-end=\"1626\" \/>Kohlenhydrate: 58 g<br data-start=\"1645\" data-end=\"1648\" \/>davon Zucker: 31 g<br data-start=\"1666\" data-end=\"1669\" \/>Eiwei\u00df: 9,9 g<br data-start=\"1682\" data-end=\"1685\" \/>Sol: 0 g<\/p>\n<hr data-start=\"1698\" data-end=\"1701\" \/>\n<h4 data-start=\"1703\" data-end=\"1722\"><span class=\"ez-toc-section\" id=\"Produktdetails\"><\/span>Podrobnosti o izdelku<span class=\"ez-toc-section-end\"><\/span><\/h4>\n<p data-start=\"1724\" data-end=\"1860\">Vsebina: 500 g<br data-start=\"1786\" data-end=\"1789\" \/>Herkunft: Peru<br data-start=\"1803\" data-end=\"1806\" \/>Verarbeitung: Getrocknet<br data-start=\"1830\" data-end=\"1833\" \/>Zutaten: Kapstachelbeeren<\/p>\n<hr data-start=\"1862\" data-end=\"1865\" \/>\n<h4 data-start=\"1867\" data-end=\"1880\"><span class=\"ez-toc-section\" id=\"Lagerung\"><\/span>shranjevanje<span class=\"ez-toc-section-end\"><\/span><\/h4>\n<p data-start=\"1882\" data-end=\"1956\" data-is-last-node=\"\" data-is-only-node=\"\">Trocken, k\u00fchl und lichtgesch\u00fctzt lagern. Nach dem \u00d6ffnen gut verschlie\u00dfen.<\/p>\n<hr data-start=\"1862\" data-end=\"1865\" \/>\n<h4 data-start=\"413\" data-end=\"449\"><span class=\"ez-toc-section\" id=\"Weitere_Inspiration_entdecken\"><\/span>Weitere Inspiration entdecken<span class=\"ez-toc-section-end\"><\/span><\/h4>\n<p data-start=\"450\" data-end=\"582\">Du suchst weitere besondere Produkte? Entdecke zus\u00e4tzliche Highlights in unserem Sortiment oder st\u00f6bere in unseren Partnerprojekten:<\/p>\n<ul data-start=\"584\" data-end=\"920\">\n<li data-start=\"584\" data-end=\"656\"><a href=\"https:\/\/honigbee.com\/sl\/shop\/\">Weitere Naturprodukte bei Honigbee entdecken<\/a><\/li>\n<li data-start=\"657\" data-end=\"783\">\n<p data-start=\"659\" data-end=\"783\"><a href=\"https:\/\/matvana.com\/shop\/\" target=\"_blank\" rel=\"noopener\">Stilvolle Wohnideen bei Matvana ansehen<\/a><\/p>\n<\/li>\n<li data-start=\"784\" data-end=\"920\">\n<p data-start=\"786\" data-end=\"920\"><a href=\"https:\/\/saphirsmaragd.com\/shop\/\" target=\"_blank\" rel=\"noopener\">Edelsteine &amp; Schmuck bei Saphir &amp; Smaragd ansehen<\/a><\/p>\n<\/li>\n<\/ul>\n<hr data-start=\"1931\" data-end=\"1934\" \/>\n<p>Produktbilder dienen der Veranschaulichung. Verpackungsdesign kann abweichen.<\/p>","protected":false},"excerpt":{"rendered":"<p data-start=\"552\" data-end=\"683\"><em>500g getrocknete Kapstachelbeeren (Physalis) aus Peru. Fruchtig-s\u00e4uerlicher Geschmack, ideal als Snack, f\u00fcr M\u00fcsli oder Backrezepte.<\/em><\/p>","protected":false},"featured_media":43465,"comment_status":"open","ping_status":"closed","template":"","meta":{"_glsr_average":0,"_glsr_ranking":0,"_glsr_reviews":0},"product_brand":[],"product_cat":[686],"product_tag":[],"class_list":{"0":"post-23641","1":"product","2":"type-product","3":"status-publish","4":"has-post-thumbnail","6":"product_cat-getrocknete-beeren","8":"first","9":"instock","10":"shipping-taxable","11":"purchasable","12":"product-type-simple","13":"add-to-wishlist-before_image"},"jetpack_sharing_enabled":true,"_links":{"self":[{"href":"https:\/\/honigbee.com\/sl\/wp-json\/wp\/v2\/product\/23641","targetHints":{"allow":["GET"]}}],"collection":[{"href":"https:\/\/honigbee.com\/sl\/wp-json\/wp\/v2\/product"}],"about":[{"href":"https:\/\/honigbee.com\/sl\/wp-json\/wp\/v2\/types\/product"}],"replies":[{"embeddable":true,"href":"https:\/\/honigbee.com\/sl\/wp-json\/wp\/v2\/comments?post=23641"}],"version-history":[{"count":3,"href":"https:\/\/honigbee.com\/sl\/wp-json\/wp\/v2\/product\/23641\/revisions"}],"predecessor-version":[{"id":43466,"href":"https:\/\/honigbee.com\/sl\/wp-json\/wp\/v2\/product\/23641\/revisions\/43466"}],"wp:featuredmedia":[{"embeddable":true,"href":"https:\/\/honigbee.com\/sl\/wp-json\/wp\/v2\/media\/43465"}],"wp:attachment":[{"href":"https:\/\/honigbee.com\/sl\/wp-json\/wp\/v2\/media?parent=23641"}],"wp:term":[{"taxonomy":"product_brand","embeddable":true,"href":"https:\/\/honigbee.com\/sl\/wp-json\/wp\/v2\/product_brand?post=23641"},{"taxonomy":"product_cat","embeddable":true,"href":"https:\/\/honigbee.com\/sl\/wp-json\/wp\/v2\/product_cat?post=23641"},{"taxonomy":"product_tag","embeddable":true,"href":"https:\/\/honigbee.com\/sl\/wp-json\/wp\/v2\/product_tag?post=23641"}],"curies":[{"name":"delovni list","href":"https:\/\/api.w.org\/{rel}","templated":true}]}}