{"id":23651,"date":"2025-05-30T19:02:04","date_gmt":"2025-05-30T19:02:04","guid":{"rendered":"https:\/\/honigbee.com\/?post_type=product&#038;p=23651"},"modified":"2026-03-08T19:46:23","modified_gmt":"2026-03-08T19:46:23","slug":"1kg-getrocknete-feigen","status":"publish","type":"product","link":"https:\/\/honigbee.com\/sl\/izdelek\/1kg-getrocknete-feigen\/","title":{"rendered":"1 kg suhih fig Velikost 2 \u2013 sladke, z nizko vsebnostjo ma\u0161\u010dob, veganske"},"content":{"rendered":"<div id=\"ez-toc-container\" class=\"ez-toc-v2_0_83 counter-hierarchy ez-toc-counter ez-toc-grey ez-toc-container-direction\">\n<div class=\"ez-toc-title-container\">\n<p class=\"ez-toc-title\" style=\"cursor:inherit\">Kazalo vsebine<\/p>\n<span class=\"ez-toc-title-toggle\"><a href=\"#\" class=\"ez-toc-pull-right ez-toc-btn ez-toc-btn-xs ez-toc-btn-default ez-toc-toggle\" aria-label=\"Preklopi kazalo vsebine\"><span class=\"ez-toc-js-icon-con\"><span class=\"\"><span class=\"eztoc-hide\" style=\"display:none;\">Preklopi<\/span><span class=\"ez-toc-icon-toggle-span\"><svg style=\"fill: #999;color:#999\" xmlns=\"http:\/\/www.w3.org\/2000\/svg\" class=\"list-377408\" width=\"20px\" height=\"20px\" viewbox=\"0 0 24 24\" fill=\"none\"><path d=\"M6 6H4v2h2V6zm14 0H8v2h12V6zM4 11h2v2H4v-2zm16 0H8v2h12v-2zM4 16h2v2H4v-2zm16 0H8v2h12v-2z\" fill=\"currentColor\"><\/path><\/svg><svg style=\"fill: #999;color:#999\" class=\"arrow-unsorted-368013\" xmlns=\"http:\/\/www.w3.org\/2000\/svg\" width=\"10px\" height=\"10px\" viewbox=\"0 0 24 24\" version=\"1.2\" baseprofile=\"tiny\"><path d=\"M18.2 9.3l-6.2-6.3-6.2 6.3c-.2.2-.3.4-.3.7s.1.5.3.7c.2.2.4.3.7.3h11c.3 0 .5-.1.7-.3.2-.2.3-.5.3-.7s-.1-.5-.3-.7zM5.8 14.7l6.2 6.3 6.2-6.3c.2-.2.3-.5.3-.7s-.1-.5-.3-.7c-.2-.2-.4-.3-.7-.3h-11c-.3 0-.5.1-.7.3-.2.2-.3.5-.3.7s.1.5.3.7z\"\/><\/svg><\/span><\/span><\/span><\/a><\/span><\/div>\n<nav><ul class='ez-toc-list ez-toc-list-level-1' ><li class='ez-toc-page-1 ez-toc-heading-level-4'><a class=\"ez-toc-link ez-toc-heading-1\" href=\"https:\/\/honigbee.com\/sl\/izdelek\/1kg-getrocknete-feigen\/#Produktmerkmale\" >Zna\u010dilnosti izdelka<\/a><\/li><li class='ez-toc-page-1 ez-toc-heading-level-4'><a class=\"ez-toc-link ez-toc-heading-2\" href=\"https:\/\/honigbee.com\/sl\/izdelek\/1kg-getrocknete-feigen\/#Geschmack_Konsistenz\" >Okus in konsistenca<\/a><\/li><li class='ez-toc-page-1 ez-toc-heading-level-4'><a class=\"ez-toc-link ez-toc-heading-3\" href=\"https:\/\/honigbee.com\/sl\/izdelek\/1kg-getrocknete-feigen\/#Verwendung\" >uporaba<\/a><\/li><li class='ez-toc-page-1 ez-toc-heading-level-4'><a class=\"ez-toc-link ez-toc-heading-4\" href=\"https:\/\/honigbee.com\/sl\/izdelek\/1kg-getrocknete-feigen\/#Nahrwerte_pro_100_g\" >Hranilne vrednosti (na 100 g)<\/a><\/li><li class='ez-toc-page-1 ez-toc-heading-level-4'><a class=\"ez-toc-link ez-toc-heading-5\" href=\"https:\/\/honigbee.com\/sl\/izdelek\/1kg-getrocknete-feigen\/#Produktdetails\" >Podrobnosti o izdelku<\/a><\/li><li class='ez-toc-page-1 ez-toc-heading-level-4'><a class=\"ez-toc-link ez-toc-heading-6\" href=\"https:\/\/honigbee.com\/sl\/izdelek\/1kg-getrocknete-feigen\/#Lagerung\" >shranjevanje<\/a><\/li><li class='ez-toc-page-1 ez-toc-heading-level-4'><a class=\"ez-toc-link ez-toc-heading-7\" href=\"https:\/\/honigbee.com\/sl\/izdelek\/1kg-getrocknete-feigen\/#Weitere_Inspiration_entdecken\" >Weitere Inspiration entdecken<\/a><\/li><\/ul><\/nav><\/div>\n<p data-start=\"762\" data-end=\"931\">The <strong data-start=\"766\" data-end=\"792\">1kg Getrocknete Feigen<\/strong> stammen aus der T\u00fcrkei und werden nach der Ernte schonend getrocknet. Dadurch bleibt das typische s\u00fc\u00df-fruchtige Aroma der Feigen erhalten.<\/p>\n<p data-start=\"933\" data-end=\"1015\">Getrocknete Feigen eignen sich als Snack sowie als Zutat f\u00fcr verschiedene Rezepte.<\/p>\n<hr data-start=\"1017\" data-end=\"1020\" \/>\n<h4 data-start=\"1022\" data-end=\"1042\"><span class=\"ez-toc-section\" id=\"Produktmerkmale\"><\/span>Zna\u010dilnosti izdelka<span class=\"ez-toc-section-end\"><\/span><\/h4>\n<p data-start=\"1044\" data-end=\"1203\">Nat\u00fcrlich getrocknete Feigen<br data-start=\"1097\" data-end=\"1100\" \/>Sladki in sadni okus<br data-start=\"1124\" data-end=\"1127\" \/>Vegansko in brez glutena<br data-start=\"1147\" data-end=\"1150\" \/>Brez dodanega sladkorja<br data-start=\"1167\" data-end=\"1170\" \/>Embala\u017ea, ki jo je mogo\u010de ponovno zapreti<\/p>\n<hr data-start=\"1205\" data-end=\"1208\" \/>\n<h4 data-start=\"1210\" data-end=\"1237\"><span class=\"ez-toc-section\" id=\"Geschmack_Konsistenz\"><\/span>Okus in konsistenca<span class=\"ez-toc-section-end\"><\/span><\/h4>\n<p data-start=\"1239\" data-end=\"1324\">Nat\u00fcrlich s\u00fc\u00dfes Feigenaroma<br data-start=\"1266\" data-end=\"1269\" \/>Fruchtige Geschmacksnote<br data-start=\"1293\" data-end=\"1296\" \/>Weiche, leicht z\u00e4he Textur<\/p>\n<hr data-start=\"1326\" data-end=\"1329\" \/>\n<h4 data-start=\"1331\" data-end=\"1346\"><span class=\"ez-toc-section\" id=\"Verwendung\"><\/span>uporaba<span class=\"ez-toc-section-end\"><\/span><\/h4>\n<p data-start=\"1397\" data-end=\"1510\">\u2022 Snack f\u00fcr unterwegs<br data-start=\"1418\" data-end=\"1421\" \/>\u2022 M\u00fcsli oder Porridge<br data-start=\"1442\" data-end=\"1445\" \/>\u2022 Backrezepte<br data-start=\"1458\" data-end=\"1461\" \/>\u2022 Desserts<br data-start=\"1471\" data-end=\"1474\" \/>\u2022 Kombination mit K\u00e4se oder N\u00fcssen<\/p>\n<hr data-start=\"1512\" data-end=\"1515\" \/>\n<h4 data-start=\"1517\" data-end=\"1543\"><span class=\"ez-toc-section\" id=\"Nahrwerte_pro_100_g\"><\/span>Hranilne vrednosti (na 100 g)<span class=\"ez-toc-section-end\"><\/span><\/h4>\n<p data-start=\"1545\" data-end=\"1647\">Energie: 249 kcal<br data-start=\"1562\" data-end=\"1565\" \/>Fett: 1 g<br data-start=\"1574\" data-end=\"1577\" \/>Kohlenhydrate: 64 g<br data-start=\"1596\" data-end=\"1599\" \/>od tega sladkor: 48 g<br data-start=\"1617\" data-end=\"1620\" \/>Eiwei\u00df: 3,3 g<br data-start=\"1633\" data-end=\"1636\" \/>Sol: 0 g<\/p>\n<hr data-start=\"1649\" data-end=\"1652\" \/>\n<h4 data-start=\"1654\" data-end=\"1673\"><span class=\"ez-toc-section\" id=\"Produktdetails\"><\/span>Podrobnosti o izdelku<span class=\"ez-toc-section-end\"><\/span><\/h4>\n<p data-start=\"1675\" data-end=\"1793\">Vsebina: 1000 g<br data-start=\"1727\" data-end=\"1730\" \/>Izvor: Tur\u010dija<br data-start=\"1746\" data-end=\"1749\" \/>Verarbeitung: Getrocknet<br data-start=\"1773\" data-end=\"1776\" \/>Zutaten: Feigen<\/p>\n<p data-start=\"1795\" data-end=\"1853\">Kann Spuren von Erdn\u00fcssen, Baumn\u00fcssen und Sesam enthalten.<\/p>\n<hr data-start=\"1855\" data-end=\"1858\" \/>\n<h4 data-start=\"1860\" data-end=\"1873\"><span class=\"ez-toc-section\" id=\"Lagerung\"><\/span>shranjevanje<span class=\"ez-toc-section-end\"><\/span><\/h4>\n<p data-start=\"1875\" data-end=\"1949\" data-is-last-node=\"\" data-is-only-node=\"\">Trocken, k\u00fchl und lichtgesch\u00fctzt lagern. Nach dem \u00d6ffnen gut verschlie\u00dfen.<\/p>\n<hr data-start=\"1855\" data-end=\"1858\" \/>\n<h4 data-start=\"413\" data-end=\"449\"><span class=\"ez-toc-section\" id=\"Weitere_Inspiration_entdecken\"><\/span>Weitere Inspiration entdecken<span class=\"ez-toc-section-end\"><\/span><\/h4>\n<p data-start=\"450\" data-end=\"582\">Du suchst weitere besondere Produkte? Entdecke zus\u00e4tzliche Highlights in unserem Sortiment oder st\u00f6bere in unseren Partnerprojekten:<\/p>\n<ul data-start=\"584\" data-end=\"920\">\n<li data-start=\"584\" data-end=\"656\"><a href=\"https:\/\/honigbee.com\/sl\/shop\/\">Weitere Naturprodukte bei Honigbee entdecken<\/a><\/li>\n<li data-start=\"657\" data-end=\"783\">\n<p data-start=\"659\" data-end=\"783\"><a href=\"https:\/\/matvana.com\/shop\/\" target=\"_blank\" rel=\"noopener\">Stilvolle Wohnideen bei Matvana ansehen<\/a><\/p>\n<\/li>\n<li data-start=\"784\" data-end=\"920\">\n<p data-start=\"786\" data-end=\"920\"><a href=\"https:\/\/saphirsmaragd.com\/shop\/\" target=\"_blank\" rel=\"noopener\">Edelsteine &amp; Schmuck bei Saphir &amp; Smaragd ansehen<\/a><\/p>\n<\/li>\n<\/ul>\n<hr data-start=\"1931\" data-end=\"1934\" \/>\n<p>Produktbilder dienen der Veranschaulichung. Verpackungsdesign kann abweichen.<\/p>","protected":false},"excerpt":{"rendered":"<p data-start=\"542\" data-end=\"683\"><em>1kg getrocknete Feigen aus der T\u00fcrkei. Nat\u00fcrlich getrocknet, ohne Zuckerzusatz. Ideal als Snack, f\u00fcr M\u00fcsli, Desserts oder herzhafte Gerichte.<\/em><\/p>","protected":false},"featured_media":43455,"comment_status":"open","ping_status":"closed","template":"","meta":{"_glsr_average":0,"_glsr_ranking":0,"_glsr_reviews":0},"product_brand":[],"product_cat":[676],"product_tag":[],"class_list":{"0":"post-23651","1":"product","2":"type-product","3":"status-publish","4":"has-post-thumbnail","6":"product_cat-getrocknete-feigen","8":"first","9":"instock","10":"shipping-taxable","11":"purchasable","12":"product-type-simple","13":"add-to-wishlist-before_image"},"jetpack_sharing_enabled":true,"_links":{"self":[{"href":"https:\/\/honigbee.com\/sl\/wp-json\/wp\/v2\/product\/23651","targetHints":{"allow":["GET"]}}],"collection":[{"href":"https:\/\/honigbee.com\/sl\/wp-json\/wp\/v2\/product"}],"about":[{"href":"https:\/\/honigbee.com\/sl\/wp-json\/wp\/v2\/types\/product"}],"replies":[{"embeddable":true,"href":"https:\/\/honigbee.com\/sl\/wp-json\/wp\/v2\/comments?post=23651"}],"version-history":[{"count":3,"href":"https:\/\/honigbee.com\/sl\/wp-json\/wp\/v2\/product\/23651\/revisions"}],"predecessor-version":[{"id":43454,"href":"https:\/\/honigbee.com\/sl\/wp-json\/wp\/v2\/product\/23651\/revisions\/43454"}],"wp:featuredmedia":[{"embeddable":true,"href":"https:\/\/honigbee.com\/sl\/wp-json\/wp\/v2\/media\/43455"}],"wp:attachment":[{"href":"https:\/\/honigbee.com\/sl\/wp-json\/wp\/v2\/media?parent=23651"}],"wp:term":[{"taxonomy":"product_brand","embeddable":true,"href":"https:\/\/honigbee.com\/sl\/wp-json\/wp\/v2\/product_brand?post=23651"},{"taxonomy":"product_cat","embeddable":true,"href":"https:\/\/honigbee.com\/sl\/wp-json\/wp\/v2\/product_cat?post=23651"},{"taxonomy":"product_tag","embeddable":true,"href":"https:\/\/honigbee.com\/sl\/wp-json\/wp\/v2\/product_tag?post=23651"}],"curies":[{"name":"delovni list","href":"https:\/\/api.w.org\/{rel}","templated":true}]}}