{"id":23665,"date":"2025-05-30T19:21:31","date_gmt":"2025-05-30T19:21:31","guid":{"rendered":"https:\/\/honigbee.com\/?post_type=product&#038;p=23665"},"modified":"2026-03-08T19:35:05","modified_gmt":"2026-03-08T19:35:05","slug":"500-g-getrocknete-aprikosen","status":"publish","type":"product","link":"https:\/\/honigbee.com\/sl\/izdelek\/500-g-getrocknete-aprikosen\/","title":{"rendered":"500g Getrocknete Aprikosen ungeschwefelt \u2013 Nat\u00fcrlich getrocknete Aprikosen"},"content":{"rendered":"<div id=\"ez-toc-container\" class=\"ez-toc-v2_0_83 counter-hierarchy ez-toc-counter ez-toc-grey ez-toc-container-direction\">\n<div class=\"ez-toc-title-container\">\n<p class=\"ez-toc-title\" style=\"cursor:inherit\">Kazalo vsebine<\/p>\n<span class=\"ez-toc-title-toggle\"><a href=\"#\" class=\"ez-toc-pull-right ez-toc-btn ez-toc-btn-xs ez-toc-btn-default ez-toc-toggle\" aria-label=\"Preklopi kazalo vsebine\"><span class=\"ez-toc-js-icon-con\"><span class=\"\"><span class=\"eztoc-hide\" style=\"display:none;\">Preklopi<\/span><span class=\"ez-toc-icon-toggle-span\"><svg style=\"fill: #999;color:#999\" xmlns=\"http:\/\/www.w3.org\/2000\/svg\" class=\"list-377408\" width=\"20px\" height=\"20px\" viewbox=\"0 0 24 24\" fill=\"none\"><path d=\"M6 6H4v2h2V6zm14 0H8v2h12V6zM4 11h2v2H4v-2zm16 0H8v2h12v-2zM4 16h2v2H4v-2zm16 0H8v2h12v-2z\" fill=\"currentColor\"><\/path><\/svg><svg style=\"fill: #999;color:#999\" class=\"arrow-unsorted-368013\" xmlns=\"http:\/\/www.w3.org\/2000\/svg\" width=\"10px\" height=\"10px\" viewbox=\"0 0 24 24\" version=\"1.2\" baseprofile=\"tiny\"><path d=\"M18.2 9.3l-6.2-6.3-6.2 6.3c-.2.2-.3.4-.3.7s.1.5.3.7c.2.2.4.3.7.3h11c.3 0 .5-.1.7-.3.2-.2.3-.5.3-.7s-.1-.5-.3-.7zM5.8 14.7l6.2 6.3 6.2-6.3c.2-.2.3-.5.3-.7s-.1-.5-.3-.7c-.2-.2-.4-.3-.7-.3h-11c-.3 0-.5.1-.7.3-.2.2-.3.5-.3.7s.1.5.3.7z\"\/><\/svg><\/span><\/span><\/span><\/a><\/span><\/div>\n<nav><ul class='ez-toc-list ez-toc-list-level-1' ><li class='ez-toc-page-1 ez-toc-heading-level-4'><a class=\"ez-toc-link ez-toc-heading-1\" href=\"https:\/\/honigbee.com\/sl\/izdelek\/500-g-getrocknete-aprikosen\/#Produktmerkmale\" >Zna\u010dilnosti izdelka<\/a><\/li><li class='ez-toc-page-1 ez-toc-heading-level-4'><a class=\"ez-toc-link ez-toc-heading-2\" href=\"https:\/\/honigbee.com\/sl\/izdelek\/500-g-getrocknete-aprikosen\/#Geschmack_Konsistenz\" >Okus in konsistenca<\/a><\/li><li class='ez-toc-page-1 ez-toc-heading-level-4'><a class=\"ez-toc-link ez-toc-heading-3\" href=\"https:\/\/honigbee.com\/sl\/izdelek\/500-g-getrocknete-aprikosen\/#Verwendung\" >uporaba<\/a><\/li><li class='ez-toc-page-1 ez-toc-heading-level-4'><a class=\"ez-toc-link ez-toc-heading-4\" href=\"https:\/\/honigbee.com\/sl\/izdelek\/500-g-getrocknete-aprikosen\/#Nahrwerte_pro_100_g\" >Hranilne vrednosti (na 100 g)<\/a><\/li><li class='ez-toc-page-1 ez-toc-heading-level-4'><a class=\"ez-toc-link ez-toc-heading-5\" href=\"https:\/\/honigbee.com\/sl\/izdelek\/500-g-getrocknete-aprikosen\/#Produktdetails\" >Podrobnosti o izdelku<\/a><\/li><li class='ez-toc-page-1 ez-toc-heading-level-4'><a class=\"ez-toc-link ez-toc-heading-6\" href=\"https:\/\/honigbee.com\/sl\/izdelek\/500-g-getrocknete-aprikosen\/#Lagerung\" >shranjevanje<\/a><\/li><li class='ez-toc-page-1 ez-toc-heading-level-4'><a class=\"ez-toc-link ez-toc-heading-7\" href=\"https:\/\/honigbee.com\/sl\/izdelek\/500-g-getrocknete-aprikosen\/#Weitere_Inspiration_entdecken\" >Weitere Inspiration entdecken<\/a><\/li><\/ul><\/nav><\/div>\n<p data-start=\"835\" data-end=\"1078\">The <strong data-start=\"839\" data-end=\"883\">500g Getrocknete Aprikosen ungeschwefelt<\/strong> stammen aus der Region Malatya in der T\u00fcrkei und werden nach der Ernte schonend getrocknet. Ohne Schwefelzusatz behalten sie ihre nat\u00fcrliche braune Farbe sowie das typische s\u00fc\u00df-s\u00e4uerliche Aroma.<\/p>\n<p data-start=\"1080\" data-end=\"1165\">Getrocknete Aprikosen eignen sich als Snack sowie als Zutat f\u00fcr verschiedene Rezepte.<\/p>\n<hr data-start=\"1167\" data-end=\"1170\" \/>\n<h4 data-start=\"1172\" data-end=\"1192\"><span class=\"ez-toc-section\" id=\"Produktmerkmale\"><\/span>Zna\u010dilnosti izdelka<span class=\"ez-toc-section-end\"><\/span><\/h4>\n<p data-start=\"1194\" data-end=\"1385\">500g Getrocknete Aprikosen ungeschwefelt<br data-start=\"1234\" data-end=\"1237\" \/>Nat\u00fcrlich getrocknete Aprikosen<br data-start=\"1268\" data-end=\"1271\" \/>Ohne Schwefelzusatz<br data-start=\"1290\" data-end=\"1293\" \/>Izvor: Tur\u010dija (regija Malatya)<br data-start=\"1326\" data-end=\"1329\" \/>Vegansko in brez glutena<br data-start=\"1349\" data-end=\"1352\" \/>Embala\u017ea, ki jo je mogo\u010de ponovno zapreti<\/p>\n<hr data-start=\"1387\" data-end=\"1390\" \/>\n<h4 data-start=\"1392\" data-end=\"1419\"><span class=\"ez-toc-section\" id=\"Geschmack_Konsistenz\"><\/span>Okus in konsistenca<span class=\"ez-toc-section-end\"><\/span><\/h4>\n<p data-start=\"1421\" data-end=\"1508\">Fruchtig-s\u00fc\u00dfes Aprikosenaroma<br data-start=\"1450\" data-end=\"1453\" \/>Leicht s\u00e4uerliche Note<br data-start=\"1475\" data-end=\"1478\" \/>Weiche, angenehm z\u00e4he Textur<\/p>\n<hr data-start=\"1510\" data-end=\"1513\" \/>\n<h4 data-start=\"1515\" data-end=\"1530\"><span class=\"ez-toc-section\" id=\"Verwendung\"><\/span>uporaba<span class=\"ez-toc-section-end\"><\/span><\/h4>\n<p data-start=\"1599\" data-end=\"1723\">\u2022 Snack f\u00fcr unterwegs<br data-start=\"1620\" data-end=\"1623\" \/>\u2022 M\u00fcsli oder Porridge<br data-start=\"1644\" data-end=\"1647\" \/>\u2022 Backrezepte<br data-start=\"1660\" data-end=\"1663\" \/>\u2022 Desserts<br data-start=\"1673\" data-end=\"1676\" \/>\u2022 Kombination mit N\u00fcssen oder Trockenfr\u00fcchten<\/p>\n<hr data-start=\"1725\" data-end=\"1728\" \/>\n<h4 data-start=\"1730\" data-end=\"1756\"><span class=\"ez-toc-section\" id=\"Nahrwerte_pro_100_g\"><\/span>Hranilne vrednosti (na 100 g)<span class=\"ez-toc-section-end\"><\/span><\/h4>\n<p data-start=\"1758\" data-end=\"1910\">Energie: 241 kcal \/ 1012 kJ<br data-start=\"1785\" data-end=\"1788\" \/>Fett: 0,5 g<br data-start=\"1799\" data-end=\"1802\" \/>davon ges\u00e4ttigte Fetts\u00e4uren: 0,02 g<br data-start=\"1837\" data-end=\"1840\" \/>Ogljikovi hidrati: 62 g<br data-start=\"1859\" data-end=\"1862\" \/>davon Zucker: 53 g<br data-start=\"1880\" data-end=\"1883\" \/>Beljakovine: 3,4 g<br data-start=\"1896\" data-end=\"1899\" \/>Sol: 0 g<\/p>\n<hr data-start=\"1912\" data-end=\"1915\" \/>\n<h4 data-start=\"1917\" data-end=\"1936\"><span class=\"ez-toc-section\" id=\"Produktdetails\"><\/span>Podrobnosti o izdelku<span class=\"ez-toc-section-end\"><\/span><\/h4>\n<p data-start=\"1938\" data-end=\"2103\">Vsebina: 500 g<br data-start=\"2007\" data-end=\"2010\" \/>Izvor: Tur\u010dija (regija Malatya)<br data-start=\"2043\" data-end=\"2046\" \/>Verarbeitung: Nat\u00fcrlich getrocknet<br data-start=\"2080\" data-end=\"2083\" \/>Zutaten: Aprikosen<\/p>\n<p data-start=\"2105\" data-end=\"2163\">Kann Spuren von Erdn\u00fcssen, Baumn\u00fcssen und Sesam enthalten.<\/p>\n<hr data-start=\"2165\" data-end=\"2168\" \/>\n<h4 data-start=\"2170\" data-end=\"2183\"><span class=\"ez-toc-section\" id=\"Lagerung\"><\/span>shranjevanje<span class=\"ez-toc-section-end\"><\/span><\/h4>\n<p data-start=\"2185\" data-end=\"2259\" data-is-last-node=\"\" data-is-only-node=\"\">Trocken, k\u00fchl und lichtgesch\u00fctzt lagern. Nach dem \u00d6ffnen gut verschlie\u00dfen.<\/p>\n<hr data-start=\"2165\" data-end=\"2168\" \/>\n<h4 data-start=\"413\" data-end=\"449\"><span class=\"ez-toc-section\" id=\"Weitere_Inspiration_entdecken\"><\/span>Weitere Inspiration entdecken<span class=\"ez-toc-section-end\"><\/span><\/h4>\n<p data-start=\"450\" data-end=\"582\">Du suchst weitere besondere Produkte? Entdecke zus\u00e4tzliche Highlights in unserem Sortiment oder st\u00f6bere in unseren Partnerprojekten:<\/p>\n<ul data-start=\"584\" data-end=\"920\">\n<li data-start=\"584\" data-end=\"656\"><a href=\"https:\/\/honigbee.com\/sl\/shop\/\">Weitere Naturprodukte bei Honigbee entdecken<\/a><\/li>\n<li data-start=\"657\" data-end=\"783\">\n<p data-start=\"659\" data-end=\"783\"><a href=\"https:\/\/matvana.com\/shop\/\" target=\"_blank\" rel=\"noopener\">Stilvolle Wohnideen bei Matvana ansehen<\/a><\/p>\n<\/li>\n<li data-start=\"784\" data-end=\"920\">\n<p data-start=\"786\" data-end=\"920\"><a href=\"https:\/\/saphirsmaragd.com\/shop\/\" target=\"_blank\" rel=\"noopener\">Edelsteine &amp; Schmuck bei Saphir &amp; Smaragd ansehen<\/a><\/p>\n<\/li>\n<\/ul>\n<hr data-start=\"1931\" data-end=\"1934\" \/>\n<p>Produktbilder dienen der Veranschaulichung. Verpackungsdesign kann abweichen.<\/p>","protected":false},"excerpt":{"rendered":"<p data-start=\"606\" data-end=\"750\"><em>500g getrocknete Aprikosen ungeschwefelt aus der T\u00fcrkei. Nat\u00fcrlich getrocknet, ohne Schwefelzusatz. Ideal als Snack, f\u00fcr M\u00fcsli oder Backrezepte.<\/em><\/p>","protected":false},"featured_media":43448,"comment_status":"open","ping_status":"closed","template":"","meta":{"_glsr_average":0,"_glsr_ranking":0,"_glsr_reviews":0},"product_brand":[],"product_cat":[675],"product_tag":[],"class_list":{"0":"post-23665","1":"product","2":"type-product","3":"status-publish","4":"has-post-thumbnail","6":"product_cat-getrocknete-aprikosen","8":"first","9":"instock","10":"shipping-taxable","11":"purchasable","12":"product-type-simple","13":"add-to-wishlist-before_image"},"jetpack_sharing_enabled":true,"_links":{"self":[{"href":"https:\/\/honigbee.com\/sl\/wp-json\/wp\/v2\/product\/23665","targetHints":{"allow":["GET"]}}],"collection":[{"href":"https:\/\/honigbee.com\/sl\/wp-json\/wp\/v2\/product"}],"about":[{"href":"https:\/\/honigbee.com\/sl\/wp-json\/wp\/v2\/types\/product"}],"replies":[{"embeddable":true,"href":"https:\/\/honigbee.com\/sl\/wp-json\/wp\/v2\/comments?post=23665"}],"version-history":[{"count":3,"href":"https:\/\/honigbee.com\/sl\/wp-json\/wp\/v2\/product\/23665\/revisions"}],"predecessor-version":[{"id":43449,"href":"https:\/\/honigbee.com\/sl\/wp-json\/wp\/v2\/product\/23665\/revisions\/43449"}],"wp:featuredmedia":[{"embeddable":true,"href":"https:\/\/honigbee.com\/sl\/wp-json\/wp\/v2\/media\/43448"}],"wp:attachment":[{"href":"https:\/\/honigbee.com\/sl\/wp-json\/wp\/v2\/media?parent=23665"}],"wp:term":[{"taxonomy":"product_brand","embeddable":true,"href":"https:\/\/honigbee.com\/sl\/wp-json\/wp\/v2\/product_brand?post=23665"},{"taxonomy":"product_cat","embeddable":true,"href":"https:\/\/honigbee.com\/sl\/wp-json\/wp\/v2\/product_cat?post=23665"},{"taxonomy":"product_tag","embeddable":true,"href":"https:\/\/honigbee.com\/sl\/wp-json\/wp\/v2\/product_tag?post=23665"}],"curies":[{"name":"delovni list","href":"https:\/\/api.w.org\/{rel}","templated":true}]}}