{"id":2375,"date":"2024-08-19T11:58:10","date_gmt":"2024-08-19T11:58:10","guid":{"rendered":"https:\/\/honigbee.com\/?post_type=product&#038;p=2375"},"modified":"2026-03-12T20:46:28","modified_gmt":"2026-03-12T20:46:28","slug":"400g-zitronen-ingwer-honig-fusion","status":"publish","type":"product","link":"https:\/\/honigbee.com\/sl\/izdelek\/400g-zitronen-ingwer-honig-fusion\/","title":{"rendered":"400g Zitronen Ingwer Honig Fusion \u2013 Roher Bl\u00fctenhonig mit Zitronenschale &#038; Ingwer"},"content":{"rendered":"<div id=\"ez-toc-container\" class=\"ez-toc-v2_0_83 counter-hierarchy ez-toc-counter ez-toc-grey ez-toc-container-direction\">\n<div class=\"ez-toc-title-container\">\n<p class=\"ez-toc-title\" style=\"cursor:inherit\">Kazalo vsebine<\/p>\n<span class=\"ez-toc-title-toggle\"><a href=\"#\" class=\"ez-toc-pull-right ez-toc-btn ez-toc-btn-xs ez-toc-btn-default ez-toc-toggle\" aria-label=\"Preklopi kazalo vsebine\"><span class=\"ez-toc-js-icon-con\"><span class=\"\"><span class=\"eztoc-hide\" style=\"display:none;\">Preklopi<\/span><span class=\"ez-toc-icon-toggle-span\"><svg style=\"fill: #999;color:#999\" xmlns=\"http:\/\/www.w3.org\/2000\/svg\" class=\"list-377408\" width=\"20px\" height=\"20px\" viewbox=\"0 0 24 24\" fill=\"none\"><path d=\"M6 6H4v2h2V6zm14 0H8v2h12V6zM4 11h2v2H4v-2zm16 0H8v2h12v-2zM4 16h2v2H4v-2zm16 0H8v2h12v-2z\" fill=\"currentColor\"><\/path><\/svg><svg style=\"fill: #999;color:#999\" class=\"arrow-unsorted-368013\" xmlns=\"http:\/\/www.w3.org\/2000\/svg\" width=\"10px\" height=\"10px\" viewbox=\"0 0 24 24\" version=\"1.2\" baseprofile=\"tiny\"><path d=\"M18.2 9.3l-6.2-6.3-6.2 6.3c-.2.2-.3.4-.3.7s.1.5.3.7c.2.2.4.3.7.3h11c.3 0 .5-.1.7-.3.2-.2.3-.5.3-.7s-.1-.5-.3-.7zM5.8 14.7l6.2 6.3 6.2-6.3c.2-.2.3-.5.3-.7s-.1-.5-.3-.7c-.2-.2-.4-.3-.7-.3h-11c-.3 0-.5.1-.7.3-.2.2-.3.5-.3.7s.1.5.3.7z\"\/><\/svg><\/span><\/span><\/span><\/a><\/span><\/div>\n<nav><ul class='ez-toc-list ez-toc-list-level-1' ><li class='ez-toc-page-1 ez-toc-heading-level-4'><a class=\"ez-toc-link ez-toc-heading-1\" href=\"https:\/\/honigbee.com\/sl\/izdelek\/400g-zitronen-ingwer-honig-fusion\/#Merkmale_Herkunft\" >Zna\u010dilnosti in izvor<\/a><\/li><li class='ez-toc-page-1 ez-toc-heading-level-4'><a class=\"ez-toc-link ez-toc-heading-2\" href=\"https:\/\/honigbee.com\/sl\/izdelek\/400g-zitronen-ingwer-honig-fusion\/#Besonderheiten\" >Posebne funkcije<\/a><\/li><li class='ez-toc-page-1 ez-toc-heading-level-4'><a class=\"ez-toc-link ez-toc-heading-3\" href=\"https:\/\/honigbee.com\/sl\/izdelek\/400g-zitronen-ingwer-honig-fusion\/#Tipp\" >Napitnina<\/a><\/li><li class='ez-toc-page-1 ez-toc-heading-level-4'><a class=\"ez-toc-link ez-toc-heading-4\" href=\"https:\/\/honigbee.com\/sl\/izdelek\/400g-zitronen-ingwer-honig-fusion\/#Verwendungsmoglichkeiten\" >Mo\u017ene uporabe<\/a><\/li><li class='ez-toc-page-1 ez-toc-heading-level-4'><a class=\"ez-toc-link ez-toc-heading-5\" href=\"https:\/\/honigbee.com\/sl\/izdelek\/400g-zitronen-ingwer-honig-fusion\/#Lagerung\" >shranjevanje<\/a><\/li><li class='ez-toc-page-1 ez-toc-heading-level-4'><a class=\"ez-toc-link ez-toc-heading-6\" href=\"https:\/\/honigbee.com\/sl\/izdelek\/400g-zitronen-ingwer-honig-fusion\/#Weitere_Inspiration_entdecken\" >Weitere Inspiration entdecken<\/a><\/li><\/ul><\/nav><\/div>\n<p data-start=\"468\" data-end=\"714\">The <strong data-start=\"472\" data-end=\"497\">Zitronen Ingwer Honig<\/strong> kombiniert rohen, naturbelassenen Bl\u00fctenhonig mit fein verarbeiteter Zitronenschale und gemahlenem Ingwer. Diese Honig-Fusion vereint eine angenehme S\u00fc\u00dfe mit frischer Zitrusnote und einer leichten, nat\u00fcrlichen W\u00fcrze.<\/p>\n<p data-start=\"716\" data-end=\"868\">Die cremige Konsistenz und das aromatische Geschmacksprofil machen diese Mischung zu einer vielseitigen Erg\u00e4nzung f\u00fcr verschiedene Speisen und Getr\u00e4nke.<\/p>\n<hr data-start=\"870\" data-end=\"873\" \/>\n<h4 data-start=\"875\" data-end=\"899\"><span class=\"ez-toc-section\" id=\"Merkmale_Herkunft\"><\/span>Zna\u010dilnosti in izvor<span class=\"ez-toc-section-end\"><\/span><\/h4>\n<p data-start=\"901\" data-end=\"1220\">Zutaten: Roher Bl\u00fctenhonig, gemahlene Zitronenschale, gemahlener Ingwer<br data-start=\"972\" data-end=\"975\" \/>Herkunft Honig: Je nach Saison (z. B. Griechenland, Spanien)<br data-start=\"1035\" data-end=\"1038\" \/>Farbe: Goldgelb mit nat\u00fcrlichen Einschl\u00fcssen<br data-start=\"1082\" data-end=\"1085\" \/>Geschmack: S\u00fc\u00df-zitronig, leicht w\u00fcrzig und frisch<br data-start=\"1134\" data-end=\"1137\" \/>Konsistenz: Cremig, dickfl\u00fcssig<br data-start=\"1168\" data-end=\"1171\" \/>Behandlung: Roh, nicht erhitzt, nicht filtriert<\/p>\n<hr data-start=\"1222\" data-end=\"1225\" \/>\n<h4 data-start=\"1227\" data-end=\"1246\"><span class=\"ez-toc-section\" id=\"Besonderheiten\"><\/span>Posebne funkcije<span class=\"ez-toc-section-end\"><\/span><\/h4>\n<p data-start=\"1248\" data-end=\"1470\">\u2022 Roher Bl\u00fctenhonig kombiniert mit echter Zitronenschale und Ingwer<br data-start=\"1315\" data-end=\"1318\" \/>\u2022 Frisch-aromatischer Geschmack mit leichter nat\u00fcrlicher W\u00fcrze<br data-start=\"1380\" data-end=\"1383\" \/>\u2022 100 % naturbelassen ohne Zusatzstoffe<br data-start=\"1422\" data-end=\"1425\" \/>\u2022 Cremige Textur f\u00fcr vielseitige Verwendung<\/p>\n<hr data-start=\"1472\" data-end=\"1475\" \/>\n<h4 data-start=\"1477\" data-end=\"1486\"><span class=\"ez-toc-section\" id=\"Tipp\"><\/span>Napitnina<span class=\"ez-toc-section-end\"><\/span><\/h4>\n<p data-start=\"1488\" data-end=\"1725\">F\u00fcr ein geschmacklich vielschichtiges Erlebnis kann diese Honig-Fusion mit anderen naturbelassenen Honigsorten kombiniert werden. Die milde S\u00fc\u00dfe verschiedener Honigarten harmoniert besonders gut mit der frischen Zitronen- und Ingwernote.<\/p>\n<hr data-start=\"1727\" data-end=\"1730\" \/>\n<h4 data-start=\"1732\" data-end=\"1761\"><span class=\"ez-toc-section\" id=\"Verwendungsmoglichkeiten\"><\/span>Mo\u017ene uporabe<span class=\"ez-toc-section-end\"><\/span><\/h4>\n<p data-start=\"1763\" data-end=\"1937\">\u2022 Pur direkt vom L\u00f6ffel genie\u00dfen<br data-start=\"1795\" data-end=\"1798\" \/>\u2022 In Tee, Milch oder warmem Wasser (unter 40 \u00b0C)<br data-start=\"1846\" data-end=\"1849\" \/>\u2022 Als Topping f\u00fcr Joghurt, Bowls oder Obst<br data-start=\"1891\" data-end=\"1894\" \/>\u2022 F\u00fcr Dressings, Smoothies oder Marinaden<\/p>\n<hr data-start=\"1939\" data-end=\"1942\" \/>\n<h4 data-start=\"1944\" data-end=\"1957\"><span class=\"ez-toc-section\" id=\"Lagerung\"><\/span>shranjevanje<span class=\"ez-toc-section-end\"><\/span><\/h4>\n<p data-start=\"1959\" data-end=\"2035\">Hranite na hladnem in suhem mestu, stran od svetlobe.<br data-start=\"1999\" data-end=\"2002\" \/>Nach dem \u00d6ffnen gut verschlie\u00dfen.<\/p>\n<hr data-start=\"1939\" data-end=\"1942\" \/>\n<h4 data-start=\"413\" data-end=\"449\"><span class=\"ez-toc-section\" id=\"Weitere_Inspiration_entdecken\"><\/span>Weitere Inspiration entdecken<span class=\"ez-toc-section-end\"><\/span><\/h4>\n<p data-start=\"450\" data-end=\"582\">Du suchst weitere besondere Produkte? Entdecke zus\u00e4tzliche Highlights in unserem Sortiment oder st\u00f6bere in unseren Partnerprojekten:<\/p>\n<ul data-start=\"584\" data-end=\"920\">\n<li data-start=\"584\" data-end=\"656\"><a href=\"https:\/\/honigbee.com\/sl\/shop\/\">Weitere Naturprodukte bei Honigbee entdecken<\/a><\/li>\n<li data-start=\"657\" data-end=\"783\">\n<p data-start=\"659\" data-end=\"783\"><a href=\"https:\/\/matvana.com\/shop\/\" target=\"_blank\" rel=\"noopener\">Stilvolle Wohnideen bei Matvana ansehen<\/a><\/p>\n<\/li>\n<li data-start=\"784\" data-end=\"920\">\n<p data-start=\"786\" data-end=\"920\"><a href=\"https:\/\/saphirsmaragd.com\/shop\/\" target=\"_blank\" rel=\"noopener\">Edelsteine &amp; Schmuck bei Saphir &amp; Smaragd ansehen<\/a><\/p>\n<\/li>\n<\/ul>\n<hr data-start=\"1931\" data-end=\"1934\" \/>\n<p>Produktbilder dienen der Veranschaulichung. Verpackungsdesign kann abweichen.<\/p>","protected":false},"excerpt":{"rendered":"<p data-start=\"161\" data-end=\"335\"><em>400g Zitronen Ingwer Honig aus rohem Bl\u00fctenhonig mit gemahlener Zitronenschale und Ingwer. Cremige Honig-Fusion mit frischer, leicht w\u00fcrziger Note f\u00fcr vielseitige Verwendung.<\/em><\/p>\n<p class=\"\" data-start=\"3323\" data-end=\"3396\">","protected":false},"featured_media":43682,"comment_status":"open","ping_status":"closed","template":"","meta":{"_glsr_average":0,"_glsr_ranking":0,"_glsr_reviews":0},"product_brand":[],"product_cat":[85],"product_tag":[],"class_list":{"0":"post-2375","1":"product","2":"type-product","3":"status-publish","4":"has-post-thumbnail","6":"product_cat-waldhonig","8":"first","9":"instock","10":"shipping-taxable","11":"purchasable","12":"product-type-simple","13":"add-to-wishlist-before_image"},"jetpack_sharing_enabled":true,"_links":{"self":[{"href":"https:\/\/honigbee.com\/sl\/wp-json\/wp\/v2\/product\/2375","targetHints":{"allow":["GET"]}}],"collection":[{"href":"https:\/\/honigbee.com\/sl\/wp-json\/wp\/v2\/product"}],"about":[{"href":"https:\/\/honigbee.com\/sl\/wp-json\/wp\/v2\/types\/product"}],"replies":[{"embeddable":true,"href":"https:\/\/honigbee.com\/sl\/wp-json\/wp\/v2\/comments?post=2375"}],"version-history":[{"count":5,"href":"https:\/\/honigbee.com\/sl\/wp-json\/wp\/v2\/product\/2375\/revisions"}],"predecessor-version":[{"id":43680,"href":"https:\/\/honigbee.com\/sl\/wp-json\/wp\/v2\/product\/2375\/revisions\/43680"}],"wp:featuredmedia":[{"embeddable":true,"href":"https:\/\/honigbee.com\/sl\/wp-json\/wp\/v2\/media\/43682"}],"wp:attachment":[{"href":"https:\/\/honigbee.com\/sl\/wp-json\/wp\/v2\/media?parent=2375"}],"wp:term":[{"taxonomy":"product_brand","embeddable":true,"href":"https:\/\/honigbee.com\/sl\/wp-json\/wp\/v2\/product_brand?post=2375"},{"taxonomy":"product_cat","embeddable":true,"href":"https:\/\/honigbee.com\/sl\/wp-json\/wp\/v2\/product_cat?post=2375"},{"taxonomy":"product_tag","embeddable":true,"href":"https:\/\/honigbee.com\/sl\/wp-json\/wp\/v2\/product_tag?post=2375"}],"curies":[{"name":"delovni list","href":"https:\/\/api.w.org\/{rel}","templated":true}]}}