{"id":25171,"date":"2025-06-09T11:42:08","date_gmt":"2025-06-09T11:42:08","guid":{"rendered":"https:\/\/honigbee.com\/?post_type=product&#038;p=25171"},"modified":"2026-03-09T21:03:40","modified_gmt":"2026-03-09T21:03:40","slug":"vitamin-a-tropfen-50ml","status":"publish","type":"product","link":"https:\/\/honigbee.com\/sl\/izdelek\/vitamin-a-tropfen-50ml\/","title":{"rendered":"50 ml Vitamin A Tropfen Hochdosierte Vegan mit Retinylpalmitat"},"content":{"rendered":"<div id=\"ez-toc-container\" class=\"ez-toc-v2_0_83 counter-hierarchy ez-toc-counter ez-toc-grey ez-toc-container-direction\">\n<div class=\"ez-toc-title-container\">\n<p class=\"ez-toc-title\" style=\"cursor:inherit\">Kazalo vsebine<\/p>\n<span class=\"ez-toc-title-toggle\"><a href=\"#\" class=\"ez-toc-pull-right ez-toc-btn ez-toc-btn-xs ez-toc-btn-default ez-toc-toggle\" aria-label=\"Preklopi kazalo vsebine\"><span class=\"ez-toc-js-icon-con\"><span class=\"\"><span class=\"eztoc-hide\" style=\"display:none;\">Preklopi<\/span><span class=\"ez-toc-icon-toggle-span\"><svg style=\"fill: #999;color:#999\" xmlns=\"http:\/\/www.w3.org\/2000\/svg\" class=\"list-377408\" width=\"20px\" height=\"20px\" viewbox=\"0 0 24 24\" fill=\"none\"><path d=\"M6 6H4v2h2V6zm14 0H8v2h12V6zM4 11h2v2H4v-2zm16 0H8v2h12v-2zM4 16h2v2H4v-2zm16 0H8v2h12v-2z\" fill=\"currentColor\"><\/path><\/svg><svg style=\"fill: #999;color:#999\" class=\"arrow-unsorted-368013\" xmlns=\"http:\/\/www.w3.org\/2000\/svg\" width=\"10px\" height=\"10px\" viewbox=\"0 0 24 24\" version=\"1.2\" baseprofile=\"tiny\"><path d=\"M18.2 9.3l-6.2-6.3-6.2 6.3c-.2.2-.3.4-.3.7s.1.5.3.7c.2.2.4.3.7.3h11c.3 0 .5-.1.7-.3.2-.2.3-.5.3-.7s-.1-.5-.3-.7zM5.8 14.7l6.2 6.3 6.2-6.3c.2-.2.3-.5.3-.7s-.1-.5-.3-.7c-.2-.2-.4-.3-.7-.3h-11c-.3 0-.5.1-.7.3-.2.2-.3.5-.3.7s.1.5.3.7z\"\/><\/svg><\/span><\/span><\/span><\/a><\/span><\/div>\n<nav><ul class='ez-toc-list ez-toc-list-level-1' ><li class='ez-toc-page-1 ez-toc-heading-level-4'><a class=\"ez-toc-link ez-toc-heading-1\" href=\"https:\/\/honigbee.com\/sl\/izdelek\/vitamin-a-tropfen-50ml\/#Produktvorteile\" >Prednosti izdelka<\/a><\/li><li class='ez-toc-page-1 ez-toc-heading-level-4'><a class=\"ez-toc-link ez-toc-heading-2\" href=\"https:\/\/honigbee.com\/sl\/izdelek\/vitamin-a-tropfen-50ml\/#Anwendung\" >Uporaba<\/a><\/li><li class='ez-toc-page-1 ez-toc-heading-level-4'><a class=\"ez-toc-link ez-toc-heading-3\" href=\"https:\/\/honigbee.com\/sl\/izdelek\/vitamin-a-tropfen-50ml\/#Eigenschaften_von_Vitamin_A\" >Eigenschaften von Vitamin A<\/a><\/li><li class='ez-toc-page-1 ez-toc-heading-level-4'><a class=\"ez-toc-link ez-toc-heading-4\" href=\"https:\/\/honigbee.com\/sl\/izdelek\/vitamin-a-tropfen-50ml\/#Produktdetails\" >Podrobnosti o izdelku<\/a><\/li><li class='ez-toc-page-1 ez-toc-heading-level-4'><a class=\"ez-toc-link ez-toc-heading-5\" href=\"https:\/\/honigbee.com\/sl\/izdelek\/vitamin-a-tropfen-50ml\/#Lagerung\" >shranjevanje<\/a><\/li><li class='ez-toc-page-1 ez-toc-heading-level-4'><a class=\"ez-toc-link ez-toc-heading-6\" href=\"https:\/\/honigbee.com\/sl\/izdelek\/vitamin-a-tropfen-50ml\/#Hinweis\" >Obvestilo<\/a><\/li><li class='ez-toc-page-1 ez-toc-heading-level-4'><a class=\"ez-toc-link ez-toc-heading-7\" href=\"https:\/\/honigbee.com\/sl\/izdelek\/vitamin-a-tropfen-50ml\/#Weitere_Inspiration_entdecken\" >Weitere Inspiration entdecken<\/a><\/li><\/ul><\/nav><\/div>\n<p data-start=\"614\" data-end=\"778\">The <strong data-start=\"618\" data-end=\"639\">Vitamin A Tropfen<\/strong> enthalten Retinylpalmitat, gel\u00f6st in hochwertigem MCT-\u00d6l aus Kokosnuss. Die fl\u00fcssige Form erm\u00f6glicht eine einfache Dosierung und Aufnahme.<\/p>\n<p data-start=\"780\" data-end=\"950\">Vitamin A tr\u00e4gt zu verschiedenen Funktionen im K\u00f6rper bei, darunter der Erhalt normaler Sehkraft, eine normale Funktion des Immunsystems sowie die Unterst\u00fctzung der Haut.<\/p>\n<hr data-start=\"952\" data-end=\"955\" \/>\n<h4 data-start=\"957\" data-end=\"977\"><span class=\"ez-toc-section\" id=\"Produktvorteile\"><\/span>Prednosti izdelka<span class=\"ez-toc-section-end\"><\/span><\/h4>\n<p data-start=\"979\" data-end=\"1184\">\u2022 50 ml hochdosierte Vitamin A Tropfen<br data-start=\"1017\" data-end=\"1020\" \/>\u2022 Enth\u00e4lt Retinylpalmitat als Vitamin-A-Quelle<br data-start=\"1066\" data-end=\"1069\" \/>\u2022 Gel\u00f6st in hochwertigem MCT-\u00d6l<br data-start=\"1100\" data-end=\"1103\" \/>\u2022 Vegan und ohne unn\u00f6tige Zusatzstoffe<br data-start=\"1141\" data-end=\"1144\" \/>\u2022 Fl\u00fcssige Form f\u00fcr einfache Dosierung<\/p>\n<hr data-start=\"1186\" data-end=\"1189\" \/>\n<h4 data-start=\"1191\" data-end=\"1205\"><span class=\"ez-toc-section\" id=\"Anwendung\"><\/span>Uporaba<span class=\"ez-toc-section-end\"><\/span><\/h4>\n<p data-start=\"1207\" data-end=\"1295\">Die Tropfen k\u00f6nnen t\u00e4glich entsprechend der empfohlenen Verzehrmenge eingenommen werden.<\/p>\n<p data-start=\"1297\" data-end=\"1395\">Die Einnahme erfolgt entweder direkt unter die Zunge oder in Wasser oder andere Getr\u00e4nke gemischt.<\/p>\n<hr data-start=\"1397\" data-end=\"1400\" \/>\n<h4 data-start=\"1402\" data-end=\"1434\"><span class=\"ez-toc-section\" id=\"Eigenschaften_von_Vitamin_A\"><\/span>Eigenschaften von Vitamin A<span class=\"ez-toc-section-end\"><\/span><\/h4>\n<p data-start=\"1436\" data-end=\"1459\">Vitamin A tr\u00e4gt bei zu:<\/p>\n<p data-start=\"1461\" data-end=\"1584\">\u2022 Erhalt normaler Sehkraft<br data-start=\"1487\" data-end=\"1490\" \/>\u2022 Normaler Funktion des Immunsystems<br data-start=\"1526\" data-end=\"1529\" \/>\u2022 Erhalt normaler Haut<br data-start=\"1551\" data-end=\"1554\" \/>\u2022 Normalem Eisenstoffwechsel<\/p>\n<hr data-start=\"1586\" data-end=\"1589\" \/>\n<h4 data-start=\"1591\" data-end=\"1610\"><span class=\"ez-toc-section\" id=\"Produktdetails\"><\/span>Podrobnosti o izdelku<span class=\"ez-toc-section-end\"><\/span><\/h4>\n<p data-start=\"1612\" data-end=\"1629\">Vsebina: <strong data-start=\"1620\" data-end=\"1629\">50 ml<\/strong><\/p>\n<p data-start=\"1631\" data-end=\"1653\">Form: Fl\u00fcssige Tropfen<\/p>\n<p data-start=\"1655\" data-end=\"1693\">Wirkstoff: Retinylpalmitat (Vitamin A)<\/p>\n<p data-start=\"1695\" data-end=\"1725\">Tr\u00e4ger\u00f6l: MCT-\u00d6l aus Kokosnuss<\/p>\n<p data-start=\"1727\" data-end=\"1770\">Vegan und frei von unn\u00f6tigen Zusatzstoffen.<\/p>\n<hr data-start=\"1772\" data-end=\"1775\" \/>\n<h4 data-start=\"1777\" data-end=\"1790\"><span class=\"ez-toc-section\" id=\"Lagerung\"><\/span>shranjevanje<span class=\"ez-toc-section-end\"><\/span><\/h4>\n<p data-start=\"1792\" data-end=\"1921\">Hranite na hladnem in suhem mestu, stran od svetlobe.<br data-start=\"1832\" data-end=\"1835\" \/>Nach dem \u00d6ffnen gut verschlie\u00dfen und au\u00dferhalb der Reichweite von Kindern aufbewahren.<\/p>\n<hr data-start=\"1923\" data-end=\"1926\" \/>\n<h4 data-start=\"1928\" data-end=\"1940\"><span class=\"ez-toc-section\" id=\"Hinweis\"><\/span>Obvestilo<span class=\"ez-toc-section-end\"><\/span><\/h4>\n<p data-start=\"1942\" data-end=\"2094\">Nahrungserg\u00e4nzungsmittel sollten nicht als Ersatz f\u00fcr eine abwechslungsreiche und ausgewogene Ern\u00e4hrung sowie eine gesunde Lebensweise verwendet werden.<\/p>\n<hr data-start=\"1683\" data-end=\"1686\" \/>\n<h4 data-start=\"413\" data-end=\"449\"><span class=\"ez-toc-section\" id=\"Weitere_Inspiration_entdecken\"><\/span>Weitere Inspiration entdecken<span class=\"ez-toc-section-end\"><\/span><\/h4>\n<p data-start=\"450\" data-end=\"582\">Du suchst weitere besondere Produkte? Entdecke zus\u00e4tzliche Highlights in unserem Sortiment oder st\u00f6bere in unseren Partnerprojekten:<\/p>\n<ul data-start=\"584\" data-end=\"920\">\n<li data-start=\"584\" data-end=\"656\"><a href=\"https:\/\/honigbee.com\/sl\/shop\/\">Weitere Naturprodukte bei Honigbee entdecken<\/a><\/li>\n<li data-start=\"657\" data-end=\"783\">\n<p data-start=\"659\" data-end=\"783\"><a href=\"https:\/\/matvana.com\/shop\/\" target=\"_blank\" rel=\"noopener\">Stilvolle Wohnideen bei Matvana ansehen<\/a><\/p>\n<\/li>\n<li data-start=\"784\" data-end=\"920\">\n<p data-start=\"786\" data-end=\"920\"><a href=\"https:\/\/saphirsmaragd.com\/shop\/\" target=\"_blank\" rel=\"noopener\">Edelsteine &amp; Schmuck bei Saphir &amp; Smaragd ansehen<\/a><\/p>\n<\/li>\n<\/ul>\n<hr data-start=\"1931\" data-end=\"1934\" \/>\n<p>Produktbilder dienen der Veranschaulichung. Verpackungsdesign kann abweichen.<\/p>","protected":false},"excerpt":{"rendered":"<p data-start=\"356\" data-end=\"514\"><em>Vitamin A Tropfen 50 ml mit Retinylpalmitat in MCT-\u00d6l. Hochdosiert, vegan und ohne Zusatzstoffe \u2013 ideal zur Unterst\u00fctzung von Haut, Augen und Immunsystem.<\/em><\/p>\n<p data-start=\"455\" data-end=\"489\">","protected":false},"featured_media":43576,"comment_status":"open","ping_status":"closed","template":"","meta":{"_glsr_average":0,"_glsr_ranking":0,"_glsr_reviews":0},"product_brand":[],"product_cat":[971],"product_tag":[],"class_list":{"0":"post-25171","1":"product","2":"type-product","3":"status-publish","4":"has-post-thumbnail","6":"product_cat-vitamin-a","8":"first","9":"instock","10":"shipping-taxable","11":"purchasable","12":"product-type-simple","13":"add-to-wishlist-before_image"},"jetpack_sharing_enabled":true,"_links":{"self":[{"href":"https:\/\/honigbee.com\/sl\/wp-json\/wp\/v2\/product\/25171","targetHints":{"allow":["GET"]}}],"collection":[{"href":"https:\/\/honigbee.com\/sl\/wp-json\/wp\/v2\/product"}],"about":[{"href":"https:\/\/honigbee.com\/sl\/wp-json\/wp\/v2\/types\/product"}],"replies":[{"embeddable":true,"href":"https:\/\/honigbee.com\/sl\/wp-json\/wp\/v2\/comments?post=25171"}],"version-history":[{"count":3,"href":"https:\/\/honigbee.com\/sl\/wp-json\/wp\/v2\/product\/25171\/revisions"}],"predecessor-version":[{"id":43577,"href":"https:\/\/honigbee.com\/sl\/wp-json\/wp\/v2\/product\/25171\/revisions\/43577"}],"wp:featuredmedia":[{"embeddable":true,"href":"https:\/\/honigbee.com\/sl\/wp-json\/wp\/v2\/media\/43576"}],"wp:attachment":[{"href":"https:\/\/honigbee.com\/sl\/wp-json\/wp\/v2\/media?parent=25171"}],"wp:term":[{"taxonomy":"product_brand","embeddable":true,"href":"https:\/\/honigbee.com\/sl\/wp-json\/wp\/v2\/product_brand?post=25171"},{"taxonomy":"product_cat","embeddable":true,"href":"https:\/\/honigbee.com\/sl\/wp-json\/wp\/v2\/product_cat?post=25171"},{"taxonomy":"product_tag","embeddable":true,"href":"https:\/\/honigbee.com\/sl\/wp-json\/wp\/v2\/product_tag?post=25171"}],"curies":[{"name":"delovni list","href":"https:\/\/api.w.org\/{rel}","templated":true}]}}