{"id":30325,"date":"2025-09-05T18:38:50","date_gmt":"2025-09-05T18:38:50","guid":{"rendered":"https:\/\/honigbee.com\/?post_type=product&#038;p=30325"},"modified":"2026-03-16T19:23:47","modified_gmt":"2026-03-16T19:23:47","slug":"weisser-honig-aus-kirgisistan-500g","status":"publish","type":"product","link":"https:\/\/honigbee.com\/sl\/izdelek\/weisser-honig-aus-kirgisistan-500g\/","title":{"rendered":"500 g belega medu iz Kirgizistana \u2013 redek narin\u0161ki med z ne\u017eno aromo"},"content":{"rendered":"<div id=\"ez-toc-container\" class=\"ez-toc-v2_0_83 counter-hierarchy ez-toc-counter ez-toc-grey ez-toc-container-direction\">\n<div class=\"ez-toc-title-container\">\n<p class=\"ez-toc-title\" style=\"cursor:inherit\">Kazalo vsebine<\/p>\n<span class=\"ez-toc-title-toggle\"><a href=\"#\" class=\"ez-toc-pull-right ez-toc-btn ez-toc-btn-xs ez-toc-btn-default ez-toc-toggle\" aria-label=\"Preklopi kazalo vsebine\"><span class=\"ez-toc-js-icon-con\"><span class=\"\"><span class=\"eztoc-hide\" style=\"display:none;\">Preklopi<\/span><span class=\"ez-toc-icon-toggle-span\"><svg style=\"fill: #999;color:#999\" xmlns=\"http:\/\/www.w3.org\/2000\/svg\" class=\"list-377408\" width=\"20px\" height=\"20px\" viewbox=\"0 0 24 24\" fill=\"none\"><path d=\"M6 6H4v2h2V6zm14 0H8v2h12V6zM4 11h2v2H4v-2zm16 0H8v2h12v-2zM4 16h2v2H4v-2zm16 0H8v2h12v-2z\" fill=\"currentColor\"><\/path><\/svg><svg style=\"fill: #999;color:#999\" class=\"arrow-unsorted-368013\" xmlns=\"http:\/\/www.w3.org\/2000\/svg\" width=\"10px\" height=\"10px\" viewbox=\"0 0 24 24\" version=\"1.2\" baseprofile=\"tiny\"><path d=\"M18.2 9.3l-6.2-6.3-6.2 6.3c-.2.2-.3.4-.3.7s.1.5.3.7c.2.2.4.3.7.3h11c.3 0 .5-.1.7-.3.2-.2.3-.5.3-.7s-.1-.5-.3-.7zM5.8 14.7l6.2 6.3 6.2-6.3c.2-.2.3-.5.3-.7s-.1-.5-.3-.7c-.2-.2-.4-.3-.7-.3h-11c-.3 0-.5.1-.7.3-.2.2-.3.5-.3.7s.1.5.3.7z\"\/><\/svg><\/span><\/span><\/span><\/a><\/span><\/div>\n<nav><ul class='ez-toc-list ez-toc-list-level-1' ><li class='ez-toc-page-1 ez-toc-heading-level-4'><a class=\"ez-toc-link ez-toc-heading-1\" href=\"https:\/\/honigbee.com\/sl\/izdelek\/weisser-honig-aus-kirgisistan-500g\/#500_g_Weiser_Honig_aus_Kirgisistan_%E2%80%93_selten_sus_und_besonders\" >500 g Wei\u00dfer Honig aus Kirgisistan \u2013 selten, s\u00fc\u00df und besonders<\/a><\/li><li class='ez-toc-page-1 ez-toc-heading-level-4'><a class=\"ez-toc-link ez-toc-heading-2\" href=\"https:\/\/honigbee.com\/sl\/izdelek\/weisser-honig-aus-kirgisistan-500g\/#Merkmale_Herkunft\" >Zna\u010dilnosti in izvor<\/a><\/li><li class='ez-toc-page-1 ez-toc-heading-level-4'><a class=\"ez-toc-link ez-toc-heading-3\" href=\"https:\/\/honigbee.com\/sl\/izdelek\/weisser-honig-aus-kirgisistan-500g\/#Besonderheiten\" >Posebne funkcije<\/a><\/li><li class='ez-toc-page-1 ez-toc-heading-level-4'><a class=\"ez-toc-link ez-toc-heading-4\" href=\"https:\/\/honigbee.com\/sl\/izdelek\/weisser-honig-aus-kirgisistan-500g\/#Weitere_Inspiration_entdecken\" >Weitere Inspiration entdecken<\/a><\/li><\/ul><\/nav><\/div>\n<h4 data-start=\"860\" data-end=\"929\"><span class=\"ez-toc-section\" id=\"500_g_Weiser_Honig_aus_Kirgisistan_%E2%80%93_selten_sus_und_besonders\"><\/span>500 g Wei\u00dfer Honig aus Kirgisistan \u2013 selten, s\u00fc\u00df und besonders<span class=\"ez-toc-section-end\"><\/span><\/h4>\n<p data-start=\"930\" data-end=\"1220\">Der wei\u00dfe Naryn-Honig aus Kirgisistan ist eine echte Rarit\u00e4t. Er stammt aus dem Jaliloo-Tal, zeichnet sich durch seine helle Farbe und sein s\u00fc\u00dfes, delikates Aroma aus und wird von Kennern hoch gesch\u00e4tzt. Seine ungew\u00f6hnliche Farbe unterscheidet ihn von den klassischen dunklen Honigsorten.<\/p>\n<hr data-start=\"1222\" data-end=\"1225\" \/>\n<h4 data-start=\"1227\" data-end=\"1256\"><span class=\"ez-toc-section\" id=\"Merkmale_Herkunft\"><\/span>Zna\u010dilnosti in izvor<span class=\"ez-toc-section-end\"><\/span><\/h4>\n<ul data-start=\"1257\" data-end=\"1473\">\n<li data-start=\"1257\" data-end=\"1296\">\n<p data-start=\"1259\" data-end=\"1296\">Produkt: Wei\u00dfer Honig (Naryn-Honig)<\/p>\n<\/li>\n<li data-start=\"1297\" data-end=\"1336\">\n<p data-start=\"1299\" data-end=\"1336\">Herkunft: Kirgisistan (Jaliloo-Tal)<\/p>\n<\/li>\n<li data-start=\"1337\" data-end=\"1387\">\n<p data-start=\"1339\" data-end=\"1387\">Besonderheit: Seltene wei\u00dfe Farbe, Delikatesse<\/p>\n<\/li>\n<li data-start=\"1388\" data-end=\"1428\">\n<p data-start=\"1390\" data-end=\"1428\">Geschmack: S\u00fc\u00df, fein, besonders mild<\/p>\n<\/li>\n<li data-start=\"1429\" data-end=\"1456\">\n<p data-start=\"1431\" data-end=\"1456\">Velikost embala\u017ee: 500 g<\/p>\n<\/li>\n<\/ul>\n<hr data-start=\"1475\" data-end=\"1478\" \/>\n<h4 data-start=\"1480\" data-end=\"1504\"><span class=\"ez-toc-section\" id=\"Besonderheiten\"><\/span>Posebne funkcije<span class=\"ez-toc-section-end\"><\/span><\/h4>\n<p data-start=\"1505\" data-end=\"1875\">The <strong data-start=\"1509\" data-end=\"1546\">500 g Wei\u00dfe Honig aus Kirgisistan<\/strong> gilt als nat\u00fcrliches Anti-Aging-Mittel und wird traditionell zur St\u00e4rkung des Immunsystems gesch\u00e4tzt. Er unterst\u00fctzt die Darmflora, wirkt gegen Erm\u00fcdungserscheinungen und \u00fcberzeugt durch seinen unvergleichlich feinen Geschmack. Ein au\u00dfergew\u00f6hnlicher Honig, ideal als Geschenk oder als edle Erg\u00e4nzung der eigenen Honigsammlung.<\/p>\n<hr data-start=\"1683\" data-end=\"1686\" \/>\n<h4 data-start=\"413\" data-end=\"449\"><span class=\"ez-toc-section\" id=\"Weitere_Inspiration_entdecken\"><\/span>Weitere Inspiration entdecken<span class=\"ez-toc-section-end\"><\/span><\/h4>\n<p data-start=\"450\" data-end=\"582\">Du suchst weitere besondere Produkte? Entdecke zus\u00e4tzliche Highlights in unserem Sortiment oder st\u00f6bere in unseren Partnerprojekten:<\/p>\n<ul data-start=\"584\" data-end=\"920\">\n<li data-start=\"584\" data-end=\"656\"><a href=\"https:\/\/honigbee.com\/sl\/shop\/\">Weitere Naturprodukte bei Honigbee entdecken<\/a><\/li>\n<li data-start=\"657\" data-end=\"783\">\n<p data-start=\"659\" data-end=\"783\"><a href=\"https:\/\/matvana.com\/shop\/\" target=\"_blank\" rel=\"noopener\">Stilvolle Wohnideen bei Matvana ansehen<\/a><\/p>\n<\/li>\n<li data-start=\"784\" data-end=\"920\">\n<p data-start=\"786\" data-end=\"920\"><a href=\"https:\/\/saphirsmaragd.com\/shop\/\" target=\"_blank\" rel=\"noopener\">Edelsteine &amp; Schmuck bei Saphir &amp; Smaragd ansehen<\/a><\/p>\n<\/li>\n<\/ul>\n<hr data-start=\"1931\" data-end=\"1934\" \/>\n<p>Produktbilder dienen der Veranschaulichung. Verpackungsdesign kann abweichen.<\/p>","protected":false},"excerpt":{"rendered":"<p data-start=\"480\" data-end=\"747\"><em>Der seltene 500 g Wei\u00dfer Honig aus Kirgisistan, auch Naryn-Honig genannt, begeistert durch seine helle Farbe, sein s\u00fc\u00dfes Aroma und seine besondere Delikatesse. Ein wertvolles Naturprodukt f\u00fcr Feinschmecker und Honigliebhaber.<\/em><\/p>\n<p data-start=\"749\" data-end=\"826\">","protected":false},"featured_media":43847,"comment_status":"open","ping_status":"closed","template":"","meta":{"_glsr_average":0,"_glsr_ranking":0,"_glsr_reviews":0},"product_brand":[],"product_cat":[630],"product_tag":[],"class_list":{"0":"post-30325","1":"product","2":"type-product","3":"status-publish","4":"has-post-thumbnail","6":"product_cat-weisser-honig","8":"first","9":"instock","10":"shipping-taxable","11":"purchasable","12":"product-type-simple","13":"add-to-wishlist-before_image"},"jetpack_sharing_enabled":true,"_links":{"self":[{"href":"https:\/\/honigbee.com\/sl\/wp-json\/wp\/v2\/product\/30325","targetHints":{"allow":["GET"]}}],"collection":[{"href":"https:\/\/honigbee.com\/sl\/wp-json\/wp\/v2\/product"}],"about":[{"href":"https:\/\/honigbee.com\/sl\/wp-json\/wp\/v2\/types\/product"}],"replies":[{"embeddable":true,"href":"https:\/\/honigbee.com\/sl\/wp-json\/wp\/v2\/comments?post=30325"}],"version-history":[{"count":4,"href":"https:\/\/honigbee.com\/sl\/wp-json\/wp\/v2\/product\/30325\/revisions"}],"predecessor-version":[{"id":43848,"href":"https:\/\/honigbee.com\/sl\/wp-json\/wp\/v2\/product\/30325\/revisions\/43848"}],"wp:featuredmedia":[{"embeddable":true,"href":"https:\/\/honigbee.com\/sl\/wp-json\/wp\/v2\/media\/43847"}],"wp:attachment":[{"href":"https:\/\/honigbee.com\/sl\/wp-json\/wp\/v2\/media?parent=30325"}],"wp:term":[{"taxonomy":"product_brand","embeddable":true,"href":"https:\/\/honigbee.com\/sl\/wp-json\/wp\/v2\/product_brand?post=30325"},{"taxonomy":"product_cat","embeddable":true,"href":"https:\/\/honigbee.com\/sl\/wp-json\/wp\/v2\/product_cat?post=30325"},{"taxonomy":"product_tag","embeddable":true,"href":"https:\/\/honigbee.com\/sl\/wp-json\/wp\/v2\/product_tag?post=30325"}],"curies":[{"name":"delovni list","href":"https:\/\/api.w.org\/{rel}","templated":true}]}}