{"id":45441,"date":"2026-05-08T13:54:13","date_gmt":"2026-05-08T13:54:13","guid":{"rendered":"https:\/\/honigbee.com\/?post_type=product&#038;p=45441"},"modified":"2026-05-08T13:57:58","modified_gmt":"2026-05-08T13:57:58","slug":"stumpenkerze-rot-80x250mm-extra-grosse-luxus-deko-kerze-massiv-elegant-hochwertig-ca-120-140h-brenndauer","status":"publish","type":"product","link":"https:\/\/honigbee.com\/sl\/izdelek\/stumpenkerze-rot-80x250mm-extra-grosse-luxus-deko-kerze-massiv-elegant-hochwertig-ca-120-140h-brenndauer\/","title":{"rendered":"Stumpenkerze Rot 80x250mm \u2013 Extra gro\u00dfe Luxus Deko Kerze massiv elegant hochwertig ca. 120\u2013140h Brenndauer"},"content":{"rendered":"<div id=\"ez-toc-container\" class=\"ez-toc-v2_0_83 counter-hierarchy ez-toc-counter ez-toc-grey ez-toc-container-direction\">\n<div class=\"ez-toc-title-container\">\n<p class=\"ez-toc-title\" style=\"cursor:inherit\">Kazalo vsebine<\/p>\n<span class=\"ez-toc-title-toggle\"><a href=\"#\" class=\"ez-toc-pull-right ez-toc-btn ez-toc-btn-xs ez-toc-btn-default ez-toc-toggle\" aria-label=\"Preklopi kazalo vsebine\"><span class=\"ez-toc-js-icon-con\"><span class=\"\"><span class=\"eztoc-hide\" style=\"display:none;\">Preklopi<\/span><span class=\"ez-toc-icon-toggle-span\"><svg style=\"fill: #999;color:#999\" xmlns=\"http:\/\/www.w3.org\/2000\/svg\" class=\"list-377408\" width=\"20px\" height=\"20px\" viewbox=\"0 0 24 24\" fill=\"none\"><path d=\"M6 6H4v2h2V6zm14 0H8v2h12V6zM4 11h2v2H4v-2zm16 0H8v2h12v-2zM4 16h2v2H4v-2zm16 0H8v2h12v-2z\" fill=\"currentColor\"><\/path><\/svg><svg style=\"fill: #999;color:#999\" class=\"arrow-unsorted-368013\" xmlns=\"http:\/\/www.w3.org\/2000\/svg\" width=\"10px\" height=\"10px\" viewbox=\"0 0 24 24\" version=\"1.2\" baseprofile=\"tiny\"><path d=\"M18.2 9.3l-6.2-6.3-6.2 6.3c-.2.2-.3.4-.3.7s.1.5.3.7c.2.2.4.3.7.3h11c.3 0 .5-.1.7-.3.2-.2.3-.5.3-.7s-.1-.5-.3-.7zM5.8 14.7l6.2 6.3 6.2-6.3c.2-.2.3-.5.3-.7s-.1-.5-.3-.7c-.2-.2-.4-.3-.7-.3h-11c-.3 0-.5.1-.7.3-.2.2-.3.5-.3.7s.1.5.3.7z\"\/><\/svg><\/span><\/span><\/span><\/a><\/span><\/div>\n<nav><ul class='ez-toc-list ez-toc-list-level-1' ><li class='ez-toc-page-1 ez-toc-heading-level-4'><a class=\"ez-toc-link ez-toc-heading-1\" href=\"https:\/\/honigbee.com\/sl\/izdelek\/stumpenkerze-rot-80x250mm-extra-grosse-luxus-deko-kerze-massiv-elegant-hochwertig-ca-120-140h-brenndauer\/#Stumpenkerze_Rot_80x250mm_fur_intensive_luxuriose_Atmosphare\" >Stumpenkerze Rot 80x250mm f\u00fcr intensive &amp; luxuri\u00f6se Atmosph\u00e4re<\/a><\/li><li class='ez-toc-page-1 ez-toc-heading-level-4'><a class=\"ez-toc-link ez-toc-heading-2\" href=\"https:\/\/honigbee.com\/sl\/izdelek\/stumpenkerze-rot-80x250mm-extra-grosse-luxus-deko-kerze-massiv-elegant-hochwertig-ca-120-140h-brenndauer\/#Extra_hohes_Format_fur_maximale_Prasenz\" >Extra hohes Format f\u00fcr maximale Pr\u00e4senz<\/a><\/li><li class='ez-toc-page-1 ez-toc-heading-level-4'><a class=\"ez-toc-link ez-toc-heading-3\" href=\"https:\/\/honigbee.com\/sl\/izdelek\/stumpenkerze-rot-80x250mm-extra-grosse-luxus-deko-kerze-massiv-elegant-hochwertig-ca-120-140h-brenndauer\/#Kraftiges_Rot_fur_besondere_Akzente\" >Kr\u00e4ftiges Rot f\u00fcr besondere Akzente<\/a><\/li><li class='ez-toc-page-1 ez-toc-heading-level-4'><a class=\"ez-toc-link ez-toc-heading-4\" href=\"https:\/\/honigbee.com\/sl\/izdelek\/stumpenkerze-rot-80x250mm-extra-grosse-luxus-deko-kerze-massiv-elegant-hochwertig-ca-120-140h-brenndauer\/#Extrem_lange_Brenndauer_fur_nachhaltige_Nutzung\" >Extrem lange Brenndauer f\u00fcr nachhaltige Nutzung<\/a><\/li><li class='ez-toc-page-1 ez-toc-heading-level-4'><a class=\"ez-toc-link ez-toc-heading-5\" href=\"https:\/\/honigbee.com\/sl\/izdelek\/stumpenkerze-rot-80x250mm-extra-grosse-luxus-deko-kerze-massiv-elegant-hochwertig-ca-120-140h-brenndauer\/#Perfekt_fur_Events_Dekoration_Geschenke\" >Perfekt f\u00fcr Events, Dekoration &amp; Geschenke<\/a><\/li><li class='ez-toc-page-1 ez-toc-heading-level-4'><a class=\"ez-toc-link ez-toc-heading-6\" href=\"https:\/\/honigbee.com\/sl\/izdelek\/stumpenkerze-rot-80x250mm-extra-grosse-luxus-deko-kerze-massiv-elegant-hochwertig-ca-120-140h-brenndauer\/#Produktdetails\" >Podrobnosti o izdelku<\/a><\/li><li class='ez-toc-page-1 ez-toc-heading-level-4'><a class=\"ez-toc-link ez-toc-heading-7\" href=\"https:\/\/honigbee.com\/sl\/izdelek\/stumpenkerze-rot-80x250mm-extra-grosse-luxus-deko-kerze-massiv-elegant-hochwertig-ca-120-140h-brenndauer\/#Weitere_Inspiration_entdecken\" >Weitere Inspiration entdecken<\/a><\/li><\/ul><\/nav><\/div>\n<h4 data-start=\"683\" data-end=\"752\"><span class=\"ez-toc-section\" id=\"Stumpenkerze_Rot_80x250mm_fur_intensive_luxuriose_Atmosphare\"><\/span>Stumpenkerze Rot 80x250mm f\u00fcr intensive &amp; luxuri\u00f6se Atmosph\u00e4re<span class=\"ez-toc-section-end\"><\/span><\/h4>\n<p data-start=\"754\" data-end=\"927\">Die Stumpenkerze Rot 80x250mm ist ein beeindruckendes Dekoelement, das durch ihre Gr\u00f6\u00dfe und kr\u00e4ftige Farbe sofort ins Auge f\u00e4llt und eine warme, elegante Stimmung schafft.<\/p>\n<hr data-start=\"929\" data-end=\"932\" \/>\n<h4 data-start=\"934\" data-end=\"980\"><span class=\"ez-toc-section\" id=\"Extra_hohes_Format_fur_maximale_Prasenz\"><\/span>Extra hohes Format f\u00fcr maximale Pr\u00e4senz<span class=\"ez-toc-section-end\"><\/span><\/h4>\n<p data-start=\"982\" data-end=\"1118\">Mit ihrer au\u00dfergew\u00f6hnlichen H\u00f6he eignet sich diese Kerze perfekt als Mittelpunkt auf Esstischen, Events oder stilvollen Wohnbereichen.<\/p>\n<hr data-start=\"1120\" data-end=\"1123\" \/>\n<h4 data-start=\"1125\" data-end=\"1167\"><span class=\"ez-toc-section\" id=\"Kraftiges_Rot_fur_besondere_Akzente\"><\/span>Kr\u00e4ftiges Rot f\u00fcr besondere Akzente<span class=\"ez-toc-section-end\"><\/span><\/h4>\n<p data-start=\"1169\" data-end=\"1289\">Die intensive rote Farbe sorgt f\u00fcr eine luxuri\u00f6se, romantische und festliche Atmosph\u00e4re \u2013 ideal f\u00fcr besondere Anl\u00e4sse.<\/p>\n<hr data-start=\"1291\" data-end=\"1294\" \/>\n<h4 data-start=\"1296\" data-end=\"1350\"><span class=\"ez-toc-section\" id=\"Extrem_lange_Brenndauer_fur_nachhaltige_Nutzung\"><\/span>Extrem lange Brenndauer f\u00fcr nachhaltige Nutzung<span class=\"ez-toc-section-end\"><\/span><\/h4>\n<p data-start=\"1352\" data-end=\"1476\">Dank ihrer massiven Form bietet diese Kerze eine besonders lange Brenndauer und sorgt f\u00fcr viele Stunden gem\u00fctliches Licht.<\/p>\n<hr data-start=\"1478\" data-end=\"1481\" \/>\n<h4 data-start=\"1483\" data-end=\"1532\"><span class=\"ez-toc-section\" id=\"Perfekt_fur_Events_Dekoration_Geschenke\"><\/span>Perfekt f\u00fcr Events, Dekoration &amp; Geschenke<span class=\"ez-toc-section-end\"><\/span><\/h4>\n<p data-start=\"1534\" data-end=\"1629\">Ideal f\u00fcr Hochzeiten, Dinner, Weihnachten oder als hochwertiges Geschenk mit starker Wirkung.<\/p>\n<hr data-start=\"1631\" data-end=\"1634\" \/>\n<h4 data-start=\"1636\" data-end=\"1657\"><span class=\"ez-toc-section\" id=\"Produktdetails\"><\/span>Podrobnosti o izdelku<span class=\"ez-toc-section-end\"><\/span><\/h4>\n<p data-start=\"1659\" data-end=\"1841\"><strong data-start=\"1659\" data-end=\"1672\">Material:<\/strong> Paraffinwachs<br data-start=\"1686\" data-end=\"1689\" \/><strong data-start=\"1689\" data-end=\"1699\">Barva:<\/strong> Rot<br data-start=\"1703\" data-end=\"1706\" \/><strong data-start=\"1706\" data-end=\"1722\">Durchmesser:<\/strong> ca. 7.8 cm<br data-start=\"1733\" data-end=\"1736\" \/><strong data-start=\"1736\" data-end=\"1745\">H\u00f6he:<\/strong> ca. 25 cm<br data-start=\"1755\" data-end=\"1758\" \/><strong data-start=\"1758\" data-end=\"1773\">Brenndauer:<\/strong> ca. 120\u2013140 Stunden<br data-start=\"1793\" data-end=\"1796\" \/><strong data-start=\"1796\" data-end=\"1808\">Te\u017ea:<\/strong> ca. 1 kg<br data-start=\"1817\" data-end=\"1820\" \/><strong data-start=\"1820\" data-end=\"1833\">Izvor:<\/strong> Polen<\/p>\n<hr data-start=\"2147\" data-end=\"2150\" \/>\n<h4 data-start=\"413\" data-end=\"449\"><span class=\"ez-toc-section\" id=\"Weitere_Inspiration_entdecken\"><\/span>Weitere Inspiration entdecken<span class=\"ez-toc-section-end\"><\/span><\/h4>\n<p data-start=\"450\" data-end=\"582\">Suchen Sie weitere besondere Produkte? Entdecken Sie zus\u00e4tzliche Highlights in unserem Sortiment oder besuchen Sie unsere Partnerprojekte:<\/p>\n<ul data-start=\"584\" data-end=\"920\">\n<li><a href=\"https:\/\/matvana.com\/shop\/\" target=\"_blank\" rel=\"noopener\">Stilvolle Wohn- &amp; Geschenkideen bei Matvana entdecken<\/a><\/li>\n<li data-start=\"657\" data-end=\"783\">\n<p data-start=\"659\" data-end=\"783\"><a href=\"https:\/\/honigbee.com\/sl\/shop\/\">Nat\u00fcrliche Produkte bei Honigbee ansehen<br \/>\n<\/a><\/p>\n<\/li>\n<li><a href=\"https:\/\/saphirsmaragd.com\/shop\/\" target=\"_blank\" rel=\"noopener\">Edelsteine &amp; Schmuckst\u00fccke bei Saphir &amp; Smaragd entdecken<\/a><\/li>\n<\/ul>","protected":false},"excerpt":{"rendered":"<p data-start=\"375\" data-end=\"518\"><em>Stumpenkerze Rot 80x250mm in extra gro\u00dfem Format. Hochwertige Luxus Deko Kerze mit sehr langer Brenndauer f\u00fcr stilvolle und elegante Wohnr\u00e4ume.<\/em><\/p>","protected":false},"featured_media":45547,"comment_status":"open","ping_status":"closed","template":"","meta":{"_glsr_average":0,"_glsr_ranking":0,"_glsr_reviews":0},"product_brand":[],"product_cat":[1543,1541],"product_tag":[],"class_list":{"0":"post-45441","1":"product","2":"type-product","3":"status-publish","4":"has-post-thumbnail","6":"product_cat-deko-kerzen","7":"product_cat-stumpenkerzen","9":"first","10":"instock","11":"shipping-taxable","12":"purchasable","13":"product-type-simple","14":"add-to-wishlist-before_image"},"jetpack_sharing_enabled":true,"_links":{"self":[{"href":"https:\/\/honigbee.com\/sl\/wp-json\/wp\/v2\/product\/45441","targetHints":{"allow":["GET"]}}],"collection":[{"href":"https:\/\/honigbee.com\/sl\/wp-json\/wp\/v2\/product"}],"about":[{"href":"https:\/\/honigbee.com\/sl\/wp-json\/wp\/v2\/types\/product"}],"replies":[{"embeddable":true,"href":"https:\/\/honigbee.com\/sl\/wp-json\/wp\/v2\/comments?post=45441"}],"version-history":[{"count":1,"href":"https:\/\/honigbee.com\/sl\/wp-json\/wp\/v2\/product\/45441\/revisions"}],"predecessor-version":[{"id":45548,"href":"https:\/\/honigbee.com\/sl\/wp-json\/wp\/v2\/product\/45441\/revisions\/45548"}],"wp:featuredmedia":[{"embeddable":true,"href":"https:\/\/honigbee.com\/sl\/wp-json\/wp\/v2\/media\/45547"}],"wp:attachment":[{"href":"https:\/\/honigbee.com\/sl\/wp-json\/wp\/v2\/media?parent=45441"}],"wp:term":[{"taxonomy":"product_brand","embeddable":true,"href":"https:\/\/honigbee.com\/sl\/wp-json\/wp\/v2\/product_brand?post=45441"},{"taxonomy":"product_cat","embeddable":true,"href":"https:\/\/honigbee.com\/sl\/wp-json\/wp\/v2\/product_cat?post=45441"},{"taxonomy":"product_tag","embeddable":true,"href":"https:\/\/honigbee.com\/sl\/wp-json\/wp\/v2\/product_tag?post=45441"}],"curies":[{"name":"delovni list","href":"https:\/\/api.w.org\/{rel}","templated":true}]}}