{"id":9376,"date":"2024-10-19T15:37:47","date_gmt":"2024-10-19T15:37:47","guid":{"rendered":"https:\/\/honigbee.com\/?post_type=product&#038;p=9376"},"modified":"2026-03-11T21:28:18","modified_gmt":"2026-03-11T21:28:18","slug":"500-bio-spirulina-chlorella-presslinge","status":"publish","type":"product","link":"https:\/\/honigbee.com\/sl\/izdelek\/500-bio-spirulina-chlorella-presslinge\/","title":{"rendered":"500 Bio Spirulina &#038; Chlorella Presslinge \u2013 Vegane Mikroalgen Tabletten"},"content":{"rendered":"<div id=\"ez-toc-container\" class=\"ez-toc-v2_0_83 counter-hierarchy ez-toc-counter ez-toc-grey ez-toc-container-direction\">\n<div class=\"ez-toc-title-container\">\n<p class=\"ez-toc-title\" style=\"cursor:inherit\">Kazalo vsebine<\/p>\n<span class=\"ez-toc-title-toggle\"><a href=\"#\" class=\"ez-toc-pull-right ez-toc-btn ez-toc-btn-xs ez-toc-btn-default ez-toc-toggle\" aria-label=\"Preklopi kazalo vsebine\"><span class=\"ez-toc-js-icon-con\"><span class=\"\"><span class=\"eztoc-hide\" style=\"display:none;\">Preklopi<\/span><span class=\"ez-toc-icon-toggle-span\"><svg style=\"fill: #999;color:#999\" xmlns=\"http:\/\/www.w3.org\/2000\/svg\" class=\"list-377408\" width=\"20px\" height=\"20px\" viewbox=\"0 0 24 24\" fill=\"none\"><path d=\"M6 6H4v2h2V6zm14 0H8v2h12V6zM4 11h2v2H4v-2zm16 0H8v2h12v-2zM4 16h2v2H4v-2zm16 0H8v2h12v-2z\" fill=\"currentColor\"><\/path><\/svg><svg style=\"fill: #999;color:#999\" class=\"arrow-unsorted-368013\" xmlns=\"http:\/\/www.w3.org\/2000\/svg\" width=\"10px\" height=\"10px\" viewbox=\"0 0 24 24\" version=\"1.2\" baseprofile=\"tiny\"><path d=\"M18.2 9.3l-6.2-6.3-6.2 6.3c-.2.2-.3.4-.3.7s.1.5.3.7c.2.2.4.3.7.3h11c.3 0 .5-.1.7-.3.2-.2.3-.5.3-.7s-.1-.5-.3-.7zM5.8 14.7l6.2 6.3 6.2-6.3c.2-.2.3-.5.3-.7s-.1-.5-.3-.7c-.2-.2-.4-.3-.7-.3h-11c-.3 0-.5.1-.7.3-.2.2-.3.5-.3.7s.1.5.3.7z\"\/><\/svg><\/span><\/span><\/span><\/a><\/span><\/div>\n<nav><ul class='ez-toc-list ez-toc-list-level-1' ><li class='ez-toc-page-1 ez-toc-heading-level-4'><a class=\"ez-toc-link ez-toc-heading-1\" href=\"https:\/\/honigbee.com\/sl\/izdelek\/500-bio-spirulina-chlorella-presslinge\/#Produktvorteile\" >Prednosti izdelka<\/a><\/li><li class='ez-toc-page-1 ez-toc-heading-level-4'><a class=\"ez-toc-link ez-toc-heading-2\" href=\"https:\/\/honigbee.com\/sl\/izdelek\/500-bio-spirulina-chlorella-presslinge\/#Inhaltsstoffe\" >Sestavine<\/a><\/li><li class='ez-toc-page-1 ez-toc-heading-level-4'><a class=\"ez-toc-link ez-toc-heading-3\" href=\"https:\/\/honigbee.com\/sl\/izdelek\/500-bio-spirulina-chlorella-presslinge\/#Anwendung\" >Uporaba<\/a><\/li><li class='ez-toc-page-1 ez-toc-heading-level-4'><a class=\"ez-toc-link ez-toc-heading-4\" href=\"https:\/\/honigbee.com\/sl\/izdelek\/500-bio-spirulina-chlorella-presslinge\/#Produktdetails\" >Podrobnosti o izdelku<\/a><\/li><li class='ez-toc-page-1 ez-toc-heading-level-4'><a class=\"ez-toc-link ez-toc-heading-5\" href=\"https:\/\/honigbee.com\/sl\/izdelek\/500-bio-spirulina-chlorella-presslinge\/#Lagerung\" >shranjevanje<\/a><\/li><li class='ez-toc-page-1 ez-toc-heading-level-4'><a class=\"ez-toc-link ez-toc-heading-6\" href=\"https:\/\/honigbee.com\/sl\/izdelek\/500-bio-spirulina-chlorella-presslinge\/#Hinweis\" >Obvestilo<\/a><\/li><li class='ez-toc-page-1 ez-toc-heading-level-4'><a class=\"ez-toc-link ez-toc-heading-7\" href=\"https:\/\/honigbee.com\/sl\/izdelek\/500-bio-spirulina-chlorella-presslinge\/#Weitere_Inspiration_entdecken\" >Weitere Inspiration entdecken<\/a><\/li><\/ul><\/nav><\/div>\n<p data-start=\"610\" data-end=\"876\">The <strong data-start=\"614\" data-end=\"654\">Bio Spirulina &amp; Chlorella Presslinge<\/strong> bestehen aus einer Kombination von Spirulina (<em data-start=\"701\" data-end=\"724\">Arthrospira platensis<\/em>) und Chlorella (<em data-start=\"741\" data-end=\"761\">Chlorella vulgaris<\/em>). Beide Mikroalgen stammen aus kontrolliert biologischem Anbau und werden ohne Zusatzstoffe zu Tabletten gepresst.<\/p>\n<p data-start=\"878\" data-end=\"1023\">Die Presslinge enthalten ausschlie\u00dflich Spirulina und Chlorella und werden ohne F\u00fcllstoffe, Bindemittel oder k\u00fcnstliche Zusatzstoffe hergestellt.<\/p>\n<hr data-start=\"1025\" data-end=\"1028\" \/>\n<h4 data-start=\"1030\" data-end=\"1050\"><span class=\"ez-toc-section\" id=\"Produktvorteile\"><\/span>Prednosti izdelka<span class=\"ez-toc-section-end\"><\/span><\/h4>\n<p data-start=\"1052\" data-end=\"1263\">\u2022 500 Spirulina &amp; Chlorella Presslinge<br data-start=\"1090\" data-end=\"1093\" \/>\u2022 100 % Mikroalgen aus biologischem Anbau<br data-start=\"1134\" data-end=\"1137\" \/>\u2022 Ohne F\u00fcllstoffe, Bindemittel oder Zusatzstoffe<br data-start=\"1185\" data-end=\"1188\" \/>\u2022 Vegan und glutenfrei<br data-start=\"1210\" data-end=\"1213\" \/>\u2022 Geeignet zur Erg\u00e4nzung der t\u00e4glichen Ern\u00e4hrung<\/p>\n<hr data-start=\"1265\" data-end=\"1268\" \/>\n<h4 data-start=\"1270\" data-end=\"1288\"><span class=\"ez-toc-section\" id=\"Inhaltsstoffe\"><\/span>Sestavine<span class=\"ez-toc-section-end\"><\/span><\/h4>\n<p data-start=\"1290\" data-end=\"1340\">Die Presslinge bestehen aus einer Kombination von:<\/p>\n<p data-start=\"1342\" data-end=\"1446\"><strong data-start=\"1342\" data-end=\"1379\">Spirulina (Arthrospira platensis)<\/strong><br data-start=\"1379\" data-end=\"1382\" \/>Eine Mikroalge, die in Nahrungserg\u00e4nzungsmitteln verwendet wird.<\/p>\n<p data-start=\"1448\" data-end=\"1590\"><strong data-start=\"1448\" data-end=\"1482\">Chlorella (Chlorella vulgaris)<\/strong><br data-start=\"1482\" data-end=\"1485\" \/>Eine weitere Mikroalge, die h\u00e4ufig als Bestandteil pflanzlicher Nahrungserg\u00e4nzungsmittel eingesetzt wird.<\/p>\n<hr data-start=\"1592\" data-end=\"1595\" \/>\n<h4 data-start=\"1597\" data-end=\"1611\"><span class=\"ez-toc-section\" id=\"Anwendung\"><\/span>Uporaba<span class=\"ez-toc-section-end\"><\/span><\/h4>\n<p data-start=\"1613\" data-end=\"1727\">Priporo\u010deni vnos:<br data-start=\"1631\" data-end=\"1634\" \/>Dnevno <strong data-start=\"1642\" data-end=\"1661\">6\u201310 Presslinge<\/strong> Vzemite z zadostno koli\u010dino vode, po mo\u017enosti med obroki.<\/p>\n<p data-start=\"1729\" data-end=\"1800\">Die empfohlene t\u00e4gliche Verzehrmenge sollte nicht \u00fcberschritten werden.<\/p>\n<hr data-start=\"1802\" data-end=\"1805\" \/>\n<h4 data-start=\"1807\" data-end=\"1826\"><span class=\"ez-toc-section\" id=\"Produktdetails\"><\/span>Podrobnosti o izdelku<span class=\"ez-toc-section-end\"><\/span><\/h4>\n<p data-start=\"1828\" data-end=\"1854\">Vsebina: <strong data-start=\"1836\" data-end=\"1854\">500 Presslinge<\/strong><\/p>\n<p data-start=\"1856\" data-end=\"1884\">Form: Mikroalgen-Tabletten<\/p>\n<p data-start=\"1886\" data-end=\"1937\">Sestavine:<br data-start=\"1894\" data-end=\"1897\" \/>50 % Bio Spirulina, 50 % Bio Chlorella<\/p>\n<p data-start=\"1939\" data-end=\"2001\">Zna\u010dilnosti:<br data-start=\"1953\" data-end=\"1956\" \/>Bio, vegan, glutenfrei und ohne Zusatzstoffe.<\/p>\n<hr data-start=\"2003\" data-end=\"2006\" \/>\n<h4 data-start=\"2008\" data-end=\"2021\"><span class=\"ez-toc-section\" id=\"Lagerung\"><\/span>shranjevanje<span class=\"ez-toc-section-end\"><\/span><\/h4>\n<p data-start=\"2023\" data-end=\"2099\">Hranite na hladnem in suhem mestu, stran od svetlobe.<br data-start=\"2063\" data-end=\"2066\" \/>Nach dem \u00d6ffnen gut verschlie\u00dfen.<\/p>\n<hr data-start=\"2101\" data-end=\"2104\" \/>\n<h4 data-start=\"2106\" data-end=\"2118\"><span class=\"ez-toc-section\" id=\"Hinweis\"><\/span>Obvestilo<span class=\"ez-toc-section-end\"><\/span><\/h4>\n<p data-start=\"2120\" data-end=\"2272\" data-is-last-node=\"\" data-is-only-node=\"\">Nahrungserg\u00e4nzungsmittel sollten nicht als Ersatz f\u00fcr eine abwechslungsreiche und ausgewogene Ern\u00e4hrung sowie eine gesunde Lebensweise verwendet werden.<\/p>\n<hr data-start=\"2101\" data-end=\"2104\" \/>\n<h4 data-start=\"413\" data-end=\"449\"><span class=\"ez-toc-section\" id=\"Weitere_Inspiration_entdecken\"><\/span>Weitere Inspiration entdecken<span class=\"ez-toc-section-end\"><\/span><\/h4>\n<p data-start=\"450\" data-end=\"582\">Du suchst weitere besondere Produkte? Entdecke zus\u00e4tzliche Highlights in unserem Sortiment oder st\u00f6bere in unseren Partnerprojekten:<\/p>\n<ul data-start=\"584\" data-end=\"920\">\n<li data-start=\"584\" data-end=\"656\"><a href=\"https:\/\/honigbee.com\/sl\/shop\/\">Weitere Naturprodukte bei Honigbee entdecken<\/a><\/li>\n<li data-start=\"657\" data-end=\"783\">\n<p data-start=\"659\" data-end=\"783\"><a href=\"https:\/\/matvana.com\/shop\/\" target=\"_blank\" rel=\"noopener\">Stilvolle Wohnideen bei Matvana ansehen<\/a><\/p>\n<\/li>\n<li data-start=\"784\" data-end=\"920\">\n<p data-start=\"786\" data-end=\"920\"><a href=\"https:\/\/saphirsmaragd.com\/shop\/\" target=\"_blank\" rel=\"noopener\">Edelsteine &amp; Schmuck bei Saphir &amp; Smaragd ansehen<\/a><\/p>\n<\/li>\n<\/ul>\n<hr data-start=\"1931\" data-end=\"1934\" \/>\n<p>Produktbilder dienen der Veranschaulichung. Verpackungsdesign kann abweichen.<\/p>","protected":false},"excerpt":{"rendered":"<p data-start=\"326\" data-end=\"489\"><em>Bio Spirulina &amp; Chlorella Presslinge mit 100 % Mikroalgen aus biologischem Anbau. 500 vegane Tabletten ohne Zusatzstoffe zur Erg\u00e4nzung der t\u00e4glichen Ern\u00e4hrung.<\/em><\/p>\n<p class=\"\" data-start=\"3702\" data-end=\"3782\">","protected":false},"featured_media":43661,"comment_status":"open","ping_status":"closed","template":"","meta":{"_glsr_average":0,"_glsr_ranking":0,"_glsr_reviews":0},"product_brand":[],"product_cat":[371,390],"product_tag":[],"class_list":{"0":"post-9376","1":"product","2":"type-product","3":"status-publish","4":"has-post-thumbnail","6":"product_cat-chlorella","7":"product_cat-spirulina","9":"first","10":"instock","11":"shipping-taxable","12":"purchasable","13":"product-type-simple","14":"add-to-wishlist-before_image"},"jetpack_sharing_enabled":true,"_links":{"self":[{"href":"https:\/\/honigbee.com\/sl\/wp-json\/wp\/v2\/product\/9376","targetHints":{"allow":["GET"]}}],"collection":[{"href":"https:\/\/honigbee.com\/sl\/wp-json\/wp\/v2\/product"}],"about":[{"href":"https:\/\/honigbee.com\/sl\/wp-json\/wp\/v2\/types\/product"}],"replies":[{"embeddable":true,"href":"https:\/\/honigbee.com\/sl\/wp-json\/wp\/v2\/comments?post=9376"}],"version-history":[{"count":3,"href":"https:\/\/honigbee.com\/sl\/wp-json\/wp\/v2\/product\/9376\/revisions"}],"predecessor-version":[{"id":43662,"href":"https:\/\/honigbee.com\/sl\/wp-json\/wp\/v2\/product\/9376\/revisions\/43662"}],"wp:featuredmedia":[{"embeddable":true,"href":"https:\/\/honigbee.com\/sl\/wp-json\/wp\/v2\/media\/43661"}],"wp:attachment":[{"href":"https:\/\/honigbee.com\/sl\/wp-json\/wp\/v2\/media?parent=9376"}],"wp:term":[{"taxonomy":"product_brand","embeddable":true,"href":"https:\/\/honigbee.com\/sl\/wp-json\/wp\/v2\/product_brand?post=9376"},{"taxonomy":"product_cat","embeddable":true,"href":"https:\/\/honigbee.com\/sl\/wp-json\/wp\/v2\/product_cat?post=9376"},{"taxonomy":"product_tag","embeddable":true,"href":"https:\/\/honigbee.com\/sl\/wp-json\/wp\/v2\/product_tag?post=9376"}],"curies":[{"name":"delovni list","href":"https:\/\/api.w.org\/{rel}","templated":true}]}}