{"id":16075,"date":"2025-02-05T14:15:41","date_gmt":"2025-02-05T14:15:41","guid":{"rendered":"https:\/\/honigbee.com\/?post_type=product&#038;p=16075"},"modified":"2026-03-13T20:11:40","modified_gmt":"2026-03-13T20:11:40","slug":"400g-gingerbread-honig-fusion","status":"publish","type":"product","link":"https:\/\/honigbee.com\/sv\/produkt\/400g-gingerbread-honig-fusion\/","title":{"rendered":"400g Gingerbread Honig Fusion \u2013 Roher Honig mit winterlichen Gew\u00fcrzen"},"content":{"rendered":"<div id=\"ez-toc-container\" class=\"ez-toc-v2_0_83 counter-hierarchy ez-toc-counter ez-toc-grey ez-toc-container-direction\">\n<div class=\"ez-toc-title-container\">\n<p class=\"ez-toc-title\" style=\"cursor:inherit\">Inneh\u00e5llsf\u00f6rteckning<\/p>\n<span class=\"ez-toc-title-toggle\"><a href=\"#\" class=\"ez-toc-pull-right ez-toc-btn ez-toc-btn-xs ez-toc-btn-default ez-toc-toggle\" aria-label=\"V\u00e4xla inneh\u00e5llsf\u00f6rteckning\"><span class=\"ez-toc-js-icon-con\"><span class=\"\"><span class=\"eztoc-hide\" style=\"display:none;\">V\u00e4xla<\/span><span class=\"ez-toc-icon-toggle-span\"><svg style=\"fill: #999;color:#999\" xmlns=\"http:\/\/www.w3.org\/2000\/svg\" class=\"list-377408\" width=\"20px\" height=\"20px\" viewbox=\"0 0 24 24\" fill=\"none\"><path d=\"M6 6H4v2h2V6zm14 0H8v2h12V6zM4 11h2v2H4v-2zm16 0H8v2h12v-2zM4 16h2v2H4v-2zm16 0H8v2h12v-2z\" fill=\"currentColor\"><\/path><\/svg><svg style=\"fill: #999;color:#999\" class=\"arrow-unsorted-368013\" xmlns=\"http:\/\/www.w3.org\/2000\/svg\" width=\"10px\" height=\"10px\" viewbox=\"0 0 24 24\" version=\"1.2\" baseprofile=\"tiny\"><path d=\"M18.2 9.3l-6.2-6.3-6.2 6.3c-.2.2-.3.4-.3.7s.1.5.3.7c.2.2.4.3.7.3h11c.3 0 .5-.1.7-.3.2-.2.3-.5.3-.7s-.1-.5-.3-.7zM5.8 14.7l6.2 6.3 6.2-6.3c.2-.2.3-.5.3-.7s-.1-.5-.3-.7c-.2-.2-.4-.3-.7-.3h-11c-.3 0-.5.1-.7.3-.2.2-.3.5-.3.7s.1.5.3.7z\"\/><\/svg><\/span><\/span><\/span><\/a><\/span><\/div>\n<nav><ul class='ez-toc-list ez-toc-list-level-1' ><li class='ez-toc-page-1 ez-toc-heading-level-4'><a class=\"ez-toc-link ez-toc-heading-1\" href=\"https:\/\/honigbee.com\/sv\/produkt\/400g-gingerbread-honig-fusion\/#Merkmale_Herkunft\" >Egenskaper och ursprung<\/a><\/li><li class='ez-toc-page-1 ez-toc-heading-level-4'><a class=\"ez-toc-link ez-toc-heading-2\" href=\"https:\/\/honigbee.com\/sv\/produkt\/400g-gingerbread-honig-fusion\/#Besonderheiten\" >Specialfunktioner<\/a><\/li><li class='ez-toc-page-1 ez-toc-heading-level-4'><a class=\"ez-toc-link ez-toc-heading-3\" href=\"https:\/\/honigbee.com\/sv\/produkt\/400g-gingerbread-honig-fusion\/#Tipp\" >Dricks<\/a><\/li><li class='ez-toc-page-1 ez-toc-heading-level-4'><a class=\"ez-toc-link ez-toc-heading-4\" href=\"https:\/\/honigbee.com\/sv\/produkt\/400g-gingerbread-honig-fusion\/#Verwendungsmoglichkeiten\" >M\u00f6jliga anv\u00e4ndningsomr\u00e5den<\/a><\/li><li class='ez-toc-page-1 ez-toc-heading-level-4'><a class=\"ez-toc-link ez-toc-heading-5\" href=\"https:\/\/honigbee.com\/sv\/produkt\/400g-gingerbread-honig-fusion\/#Lagerung\" >lagring<\/a><\/li><li class='ez-toc-page-1 ez-toc-heading-level-4'><a class=\"ez-toc-link ez-toc-heading-6\" href=\"https:\/\/honigbee.com\/sv\/produkt\/400g-gingerbread-honig-fusion\/#Weitere_Inspiration_entdecken\" >Weitere Inspiration entdecken<\/a><\/li><\/ul><\/nav><\/div>\n<p data-start=\"451\" data-end=\"685\">De <strong data-start=\"455\" data-end=\"476\">Gingerbread Honig<\/strong> kombiniert naturbelassenen Rohhonig mit einer traditionellen Gew\u00fcrzmischung aus Zimt, Ingwer, Nelken, Muskat und Kardamom. Diese besondere Honig-Fusion vereint nat\u00fcrliche S\u00fc\u00dfe mit einer warmen, w\u00fcrzigen Note.<\/p>\n<p data-start=\"687\" data-end=\"808\">Der Honig wird roh verarbeitet, nicht erhitzt und nicht filtriert, wodurch sein urspr\u00fcnglicher Charakter erhalten bleibt.<\/p>\n<hr data-start=\"810\" data-end=\"813\" \/>\n<h4 data-start=\"815\" data-end=\"839\"><span class=\"ez-toc-section\" id=\"Merkmale_Herkunft\"><\/span>Egenskaper och ursprung<span class=\"ez-toc-section-end\"><\/span><\/h4>\n<p data-start=\"841\" data-end=\"1151\">Zutaten: Roher Bl\u00fctenhonig, Zimt, Ingwer, Nelken, Muskat und Kardamom<br data-start=\"910\" data-end=\"913\" \/>Herkunft Honig: Europ\u00e4ische Imkereien (z. B. Griechenland oder Spanien)<br data-start=\"984\" data-end=\"987\" \/>Farbe: Goldbraun bis zimtfarben<br data-start=\"1018\" data-end=\"1021\" \/>Geschmack: S\u00fc\u00df mit warmer Gew\u00fcrznote<br data-start=\"1057\" data-end=\"1060\" \/>Konsistenz: Fein-cremig und streichf\u00e4hig<br data-start=\"1100\" data-end=\"1103\" \/>Behandlung: Roh, nicht erhitzt und ungefiltert<\/p>\n<hr data-start=\"1153\" data-end=\"1156\" \/>\n<h4 data-start=\"1158\" data-end=\"1177\"><span class=\"ez-toc-section\" id=\"Besonderheiten\"><\/span>Specialfunktioner<span class=\"ez-toc-section-end\"><\/span><\/h4>\n<p data-start=\"1179\" data-end=\"1388\">\u2022 Naturbelassener Rohhonig mit winterlicher Gew\u00fcrzmischung<br data-start=\"1237\" data-end=\"1240\" \/>\u2022 Harmonische Kombination aus S\u00fc\u00dfe und Gew\u00fcrzaromen<br data-start=\"1291\" data-end=\"1294\" \/>\u2022 Ohne Zusatzstoffe oder k\u00fcnstliche Aromen<br data-start=\"1336\" data-end=\"1339\" \/>\u2022 Cremige Konsistenz f\u00fcr vielseitige Verwendung<\/p>\n<hr data-start=\"1390\" data-end=\"1393\" \/>\n<h4 data-start=\"1395\" data-end=\"1404\"><span class=\"ez-toc-section\" id=\"Tipp\"><\/span>Dricks<span class=\"ez-toc-section-end\"><\/span><\/h4>\n<p data-start=\"1406\" data-end=\"1561\">Diese Honig-Fusion eignet sich besonders f\u00fcr saisonale Rezepte und warme Getr\u00e4nke und kann gut mit verschiedenen Desserts oder Backwaren kombiniert werden.<\/p>\n<hr data-start=\"1563\" data-end=\"1566\" \/>\n<h4 data-start=\"1568\" data-end=\"1597\"><span class=\"ez-toc-section\" id=\"Verwendungsmoglichkeiten\"><\/span>M\u00f6jliga anv\u00e4ndningsomr\u00e5den<span class=\"ez-toc-section-end\"><\/span><\/h4>\n<p data-start=\"1599\" data-end=\"1770\">\u2022 Pur direkt vom L\u00f6ffel genie\u00dfen<br data-start=\"1631\" data-end=\"1634\" \/>\u2022 In Tee oder warmen Getr\u00e4nken (unter 40 \u00b0C)<br data-start=\"1678\" data-end=\"1681\" \/>\u2022 Als Aufstrich auf Brot, Croissants oder Pancakes<br data-start=\"1731\" data-end=\"1734\" \/>\u2022 F\u00fcr Geb\u00e4ck, Kuchen oder Desserts<\/p>\n<hr data-start=\"1772\" data-end=\"1775\" \/>\n<h4 data-start=\"1777\" data-end=\"1790\"><span class=\"ez-toc-section\" id=\"Lagerung\"><\/span>lagring<span class=\"ez-toc-section-end\"><\/span><\/h4>\n<p data-start=\"1792\" data-end=\"1868\">F\u00f6rvara svalt och torrt, skyddat fr\u00e5n ljus.<br data-start=\"1832\" data-end=\"1835\" \/>Nach dem \u00d6ffnen gut verschlie\u00dfen.<\/p>\n<hr data-start=\"1896\" data-end=\"1899\" \/>\n<h4 data-start=\"413\" data-end=\"449\"><span class=\"ez-toc-section\" id=\"Weitere_Inspiration_entdecken\"><\/span>Weitere Inspiration entdecken<span class=\"ez-toc-section-end\"><\/span><\/h4>\n<p data-start=\"450\" data-end=\"582\">Du suchst weitere besondere Produkte? Entdecke zus\u00e4tzliche Highlights in unserem Sortiment oder st\u00f6bere in unseren Partnerprojekten:<\/p>\n<ul data-start=\"584\" data-end=\"920\">\n<li data-start=\"584\" data-end=\"656\"><a href=\"https:\/\/honigbee.com\/sv\/shop\/\">Weitere Naturprodukte bei Honigbee entdecken<\/a><\/li>\n<li data-start=\"657\" data-end=\"783\">\n<p data-start=\"659\" data-end=\"783\"><a href=\"https:\/\/matvana.com\/shop\/\" target=\"_blank\" rel=\"noopener\">Stilvolle Wohnideen bei Matvana ansehen<\/a><\/p>\n<\/li>\n<li data-start=\"784\" data-end=\"920\">\n<p data-start=\"786\" data-end=\"920\"><a href=\"https:\/\/saphirsmaragd.com\/shop\/\" target=\"_blank\" rel=\"noopener\">Edelsteine &amp; Schmuck bei Saphir &amp; Smaragd ansehen<\/a><\/p>\n<\/li>\n<\/ul>\n<hr data-start=\"1931\" data-end=\"1934\" \/>\n<p>Produktbilder dienen der Veranschaulichung. Verpackungsdesign kann abweichen.<\/p>","protected":false},"excerpt":{"rendered":"<p data-start=\"145\" data-end=\"310\"><em>400g Gingerbread Honig aus rohem Bl\u00fctenhonig mit winterlichen Gew\u00fcrzen wie Zimt, Ingwer, Nelken, Muskat und Kardamom. Aromatische Honig-Fusion mit warmer Gew\u00fcrznote.<\/em><\/p>","protected":false},"featured_media":43732,"comment_status":"open","ping_status":"closed","template":"","meta":{"_glsr_average":0,"_glsr_ranking":0,"_glsr_reviews":0},"product_brand":[],"product_cat":[306],"product_tag":[],"class_list":{"0":"post-16075","1":"product","2":"type-product","3":"status-publish","4":"has-post-thumbnail","6":"product_cat-aromatisierter-honig","8":"first","9":"instock","10":"shipping-taxable","11":"purchasable","12":"product-type-simple","13":"add-to-wishlist-before_image"},"jetpack_sharing_enabled":true,"_links":{"self":[{"href":"https:\/\/honigbee.com\/sv\/wp-json\/wp\/v2\/product\/16075","targetHints":{"allow":["GET"]}}],"collection":[{"href":"https:\/\/honigbee.com\/sv\/wp-json\/wp\/v2\/product"}],"about":[{"href":"https:\/\/honigbee.com\/sv\/wp-json\/wp\/v2\/types\/product"}],"replies":[{"embeddable":true,"href":"https:\/\/honigbee.com\/sv\/wp-json\/wp\/v2\/comments?post=16075"}],"version-history":[{"count":4,"href":"https:\/\/honigbee.com\/sv\/wp-json\/wp\/v2\/product\/16075\/revisions"}],"predecessor-version":[{"id":29274,"href":"https:\/\/honigbee.com\/sv\/wp-json\/wp\/v2\/product\/16075\/revisions\/29274"}],"wp:featuredmedia":[{"embeddable":true,"href":"https:\/\/honigbee.com\/sv\/wp-json\/wp\/v2\/media\/43732"}],"wp:attachment":[{"href":"https:\/\/honigbee.com\/sv\/wp-json\/wp\/v2\/media?parent=16075"}],"wp:term":[{"taxonomy":"product_brand","embeddable":true,"href":"https:\/\/honigbee.com\/sv\/wp-json\/wp\/v2\/product_brand?post=16075"},{"taxonomy":"product_cat","embeddable":true,"href":"https:\/\/honigbee.com\/sv\/wp-json\/wp\/v2\/product_cat?post=16075"},{"taxonomy":"product_tag","embeddable":true,"href":"https:\/\/honigbee.com\/sv\/wp-json\/wp\/v2\/product_tag?post=16075"}],"curies":[{"name":"wp","href":"https:\/\/api.w.org\/{rel}","templated":true}]}}